{"id":10309,"date":"2023-03-21T12:04:52","date_gmt":"2023-03-21T12:04:52","guid":{"rendered":"https:\/\/simvic.co.uk\/?page_id=10309"},"modified":"2023-03-21T12:05:00","modified_gmt":"2023-03-21T12:05:00","slug":"zalvario-drozles-2022","status":"publish","type":"page","link":"https:\/\/simvic.co.uk\/lt\/zalvario-drozles-2022\/","title":{"rendered":"\u017dALVARIO DRO\u017dL\u0116S 2022"},"content":{"rendered":"\t\t<div data-elementor-type=\"wp-page\" data-elementor-id=\"10309\" class=\"elementor elementor-10309\" data-elementor-settings=\"{&quot;ha_cmc_init_switcher&quot;:&quot;no&quot;}\" data-elementor-post-type=\"page\">\n\t\t\t\t\t\t<section class=\"elementor-section elementor-top-section elementor-element elementor-element-7746f96 elementor-section-boxed elementor-section-height-default elementor-section-height-default\" data-id=\"7746f96\" data-element_type=\"section\" data-e-type=\"section\" data-settings=\"{&quot;_ha_eqh_enable&quot;:false}\">\n\t\t\t\t\t\t<div class=\"elementor-container elementor-column-gap-default\">\n\t\t\t\t\t<div class=\"elementor-column elementor-col-100 elementor-top-column elementor-element elementor-element-2592e9b0\" data-id=\"2592e9b0\" data-element_type=\"column\" data-e-type=\"column\">\n\t\t\t<div class=\"elementor-widget-wrap elementor-element-populated\">\n\t\t\t\t\t\t<div class=\"elementor-element elementor-element-16e5f51 elementor-widget elementor-widget-ha-bar-chart happy-addon ha-bar-chart\" data-id=\"16e5f51\" data-element_type=\"widget\" data-e-type=\"widget\" data-settings=\"{&quot;chart_animation_duration&quot;:0}\" data-widget_type=\"ha-bar-chart.default\">\n\t\t\t\t<div class=\"elementor-widget-container\">\n\t\t\t\t\t\t\t<div class=\"ha-bar-chart-container\" data-settings=\"{&quot;type&quot;:&quot;bar&quot;,&quot;data&quot;:{&quot;labels&quot;:[&quot;Jan&quot;,&quot; Feb&quot;,&quot; Mar&quot;,&quot; Apr&quot;,&quot; May&quot;,&quot; Jun&quot;,&quot; Jul&quot;,&quot; Aug&quot;,&quot; Sep&quot;,&quot; Oct&quot;,&quot; Nov&quot;,&quot; Dec&quot;],&quot;datasets&quot;:[{&quot;label&quot;:&quot;BRASS SWARF MONTHLY SCRAP PRICE CHART 2022&quot;,&quot;data&quot;:[&quot;3150&quot;,&quot;3250&quot;,&quot;3350&quot;,&quot;3450&quot;,&quot;3300&quot;,&quot;3000&quot;,&quot;2800&quot;,&quot;2900&quot;,&quot;3000&quot;,&quot;3000&quot;,&quot;3000&quot;],&quot;background_color&quot;:&quot;#3F00FFF5&quot;,&quot;background_hover_color&quot;:&quot;#FFF900&quot;,&quot;border_color&quot;:&quot;#602edc&quot;,&quot;border_hover_color&quot;:&quot;#FFF900&quot;,&quot;_id&quot;:&quot;867a7c5&quot;,&quot;backgroundColor&quot;:&quot;#3F00FFF5&quot;,&quot;hoverBackgroundColor&quot;:&quot;#FFF900&quot;,&quot;borderColor&quot;:&quot;#602edc&quot;,&quot;hoverBorderColor&quot;:&quot;#FFF900&quot;,&quot;borderWidth&quot;:1}]},&quot;options&quot;:{&quot;title&quot;:{&quot;display&quot;:false,&quot;text&quot;:null,&quot;fontFamily&quot;:&quot;auto&quot;,&quot;fontSize&quot;:18,&quot;fontStyle&quot;:&quot; &quot;,&quot;fontColor&quot;:&quot;#222&quot;},&quot;tooltips&quot;:{&quot;enabled&quot;:true,&quot;backgroundColor&quot;:&quot;rgba(0, 0, 0, .7)&quot;,&quot;borderWidth&quot;:0,&quot;borderColor&quot;:&quot;rgba(0, 0, 0, 0.1)&quot;,&quot;titleFontFamily&quot;:&quot;auto&quot;,&quot;titleFontSize&quot;:12,&quot;titleFontStyle&quot;:&quot; &quot;,&quot;titleFontColor&quot;:&quot;#fff&quot;,&quot;bodyFontFamily&quot;:&quot;auto&quot;,&quot;bodyFontSize&quot;:11,&quot;bodyFontStyle&quot;:&quot; &quot;,&quot;bodyFontColor&quot;:&quot;#f7f7f7&quot;,&quot;cornerRadius&quot;:6,&quot;xPadding&quot;:6,&quot;yPadding&quot;:6,&quot;caretSize&quot;:5,&quot;mode&quot;:&quot;nearest&quot;},&quot;legend&quot;:{&quot;display&quot;:true,&quot;position&quot;:&quot;top&quot;,&quot;reverse&quot;:false,&quot;labels&quot;:{&quot;boxWidth&quot;:45,&quot;fontFamily&quot;:&quot;auto&quot;,&quot;fontSize&quot;:12,&quot;fontStyle&quot;:&quot; &quot;,&quot;fontColor&quot;:&quot;#222&quot;}},&quot;animation&quot;:{&quot;easing&quot;:&quot;linear&quot;,&quot;duration&quot;:0},&quot;layout&quot;:{&quot;padding&quot;:{&quot;top&quot;:&quot;&quot;,&quot;right&quot;:&quot;&quot;,&quot;bottom&quot;:&quot;&quot;,&quot;left&quot;:&quot;&quot;}},&quot;maintainAspectRatio&quot;:false,&quot;scales&quot;:{&quot;xAxes&quot;:[{&quot;ticks&quot;:{&quot;display&quot;:true,&quot;beginAtZero&quot;:true,&quot;max&quot;:3450,&quot;stepSize&quot;:345,&quot;fontFamily&quot;:&quot;auto&quot;,&quot;fontSize&quot;:12,&quot;fontStyle&quot;:&quot; &quot;,&quot;fontColor&quot;:&quot;#222&quot;,&quot;padding&quot;:10},&quot;gridLines&quot;:[],&quot;barPercentage&quot;:0.8,&quot;categoryPercentage&quot;:0.85}],&quot;yAxes&quot;:[{&quot;ticks&quot;:{&quot;display&quot;:true,&quot;beginAtZero&quot;:true,&quot;max&quot;:3450,&quot;stepSize&quot;:345,&quot;fontFamily&quot;:&quot;auto&quot;,&quot;fontSize&quot;:12,&quot;fontStyle&quot;:&quot; &quot;,&quot;fontColor&quot;:&quot;#222&quot;,&quot;padding&quot;:10},&quot;gridLines&quot;:{&quot;drawBorder&quot;:false,&quot;color&quot;:&quot;#eeeeee&quot;},&quot;barPercentage&quot;:0.8,&quot;categoryPercentage&quot;:0.85}]}}}\">\n\n\t\t\t<canvas id=\"ha-bar-chart\" role=\"img\"><\/canvas>\n\n\t\t<\/div>\n\n\t\t\t\t\t<\/div>\n\t\t\t\t<\/div>\n\t\t\t\t\t<\/div>\n\t\t<\/div>\n\t\t\t\t\t<\/div>\n\t\t<\/section>\n\t\t\t\t<\/div>\n\t\t","protected":false},"excerpt":{"rendered":"","protected":false},"author":20,"featured_media":0,"parent":0,"menu_order":0,"comment_status":"closed","ping_status":"closed","template":"","meta":{"om_disable_all_campaigns":false,"inline_featured_image":false,"_monsterinsights_skip_tracking":false,"_monsterinsights_sitenote_active":false,"_monsterinsights_sitenote_note":"","_monsterinsights_sitenote_category":0,"footnotes":""},"class_list":["post-10309","page","type-page","status-publish","hentry"],"_links":{"self":[{"href":"https:\/\/simvic.co.uk\/lt\/wp-json\/wp\/v2\/pages\/10309","targetHints":{"allow":["GET"]}}],"collection":[{"href":"https:\/\/simvic.co.uk\/lt\/wp-json\/wp\/v2\/pages"}],"about":[{"href":"https:\/\/simvic.co.uk\/lt\/wp-json\/wp\/v2\/types\/page"}],"author":[{"embeddable":true,"href":"https:\/\/simvic.co.uk\/lt\/wp-json\/wp\/v2\/users\/20"}],"replies":[{"embeddable":true,"href":"https:\/\/simvic.co.uk\/lt\/wp-json\/wp\/v2\/comments?post=10309"}],"version-history":[{"count":0,"href":"https:\/\/simvic.co.uk\/lt\/wp-json\/wp\/v2\/pages\/10309\/revisions"}],"wp:attachment":[{"href":"https:\/\/simvic.co.uk\/lt\/wp-json\/wp\/v2\/media?parent=10309"}],"curies":[{"name":"wp","href":"https:\/\/api.w.org\/{rel}","templated":true}]}}