{"id":10534,"date":"2023-03-25T10:49:49","date_gmt":"2023-03-25T10:49:49","guid":{"rendered":"https:\/\/simvic.co.uk\/?page_id=10534"},"modified":"2023-03-25T11:10:50","modified_gmt":"2023-03-25T11:10:50","slug":"covid-19-update-from-simvic","status":"publish","type":"page","link":"https:\/\/simvic.co.uk\/lt\/covid-19-update-from-simvic\/","title":{"rendered":"covid-19-update-from-Simvic"},"content":{"rendered":"<div data-elementor-type=\"wp-page\" data-elementor-id=\"10534\" class=\"elementor elementor-10534\" data-elementor-settings=\"{&quot;ha_cmc_init_switcher&quot;:&quot;no&quot;}\" data-elementor-post-type=\"page\">\n\t\t\t\t\t\t<section class=\"elementor-section elementor-top-section elementor-element elementor-element-ed2f085 elementor-section-boxed elementor-section-height-default elementor-section-height-default\" data-id=\"ed2f085\" data-element_type=\"section\" data-e-type=\"section\" data-settings=\"{&quot;_ha_eqh_enable&quot;:false}\">\n\t\t\t\t\t\t<div class=\"elementor-container elementor-column-gap-default\">\n\t\t\t\t\t<div class=\"elementor-column elementor-col-100 elementor-top-column elementor-element elementor-element-657c9a0\" data-id=\"657c9a0\" data-element_type=\"column\" data-e-type=\"column\">\n\t\t\t<div class=\"elementor-widget-wrap elementor-element-populated\">\n\t\t\t\t\t\t<div class=\"elementor-element elementor-element-01cfd7d elementor-widget elementor-widget-heading\" data-id=\"01cfd7d\" data-element_type=\"widget\" data-e-type=\"widget\" data-widget_type=\"heading.default\">\n\t\t\t\t<div class=\"elementor-widget-container\">\n\t\t\t\t\t<h1 class=\"elementor-heading-title elementor-size-default\">\nAtidaryta kaip \u012fprastai. Skaitykite m\u016bs\u0173 COVID saugumo priemones \u010dia<\/h1>\t\t\t\t<\/div>\n\t\t\t\t<\/div>\n\t\t\t\t\t<\/div>\n\t\t<\/div>\n\t\t\t\t\t<\/div>\n\t\t<\/section>\n\t\t\t\t<section class=\"elementor-section elementor-top-section elementor-element elementor-element-44858d8 elementor-section-boxed elementor-section-height-default elementor-section-height-default\" data-id=\"44858d8\" data-element_type=\"section\" data-e-type=\"section\" data-settings=\"{&quot;background_background&quot;:&quot;classic&quot;,&quot;_ha_eqh_enable&quot;:false}\">\n\t\t\t\t\t\t<div class=\"elementor-container elementor-column-gap-default\">\n\t\t\t\t\t<div class=\"elementor-column elementor-col-100 elementor-top-column elementor-element elementor-element-da90883\" data-id=\"da90883\" data-element_type=\"column\" data-e-type=\"column\">\n\t\t\t<div class=\"elementor-widget-wrap elementor-element-populated\">\n\t\t\t\t\t\t<div class=\"elementor-element elementor-element-4adf713 elementor-widget elementor-widget-heading\" data-id=\"4adf713\" data-element_type=\"widget\" data-e-type=\"widget\" data-widget_type=\"heading.default\">\n\t\t\t\t<div class=\"elementor-widget-container\">\n\t\t\t\t\t<p class=\"elementor-heading-title elementor-size-default\">Metalo lau\u017eas pas mus jau \u0161iandien!\n<\/p>\t\t\t\t<\/div>\n\t\t\t\t<\/div>\n\t\t\t\t<div class=\"elementor-element elementor-element-8f74679 elementor-widget elementor-widget-heading\" data-id=\"8f74679\" data-element_type=\"widget\" data-e-type=\"widget\" data-widget_type=\"heading.default\">\n\t\t\t\t<div class=\"elementor-widget-container\">\n\t\t\t\t\t<h6 class=\"elementor-heading-title elementor-size-default\">Geriausios metalo lau\u017eo kainos.<\/h6>\t\t\t\t<\/div>\n\t\t\t\t<\/div>\n\t\t\t\t<div class=\"elementor-element elementor-element-1477b15 elementor-widget elementor-widget-heading\" data-id=\"1477b15\" data-element_type=\"widget\" data-e-type=\"widget\" data-widget_type=\"heading.default\">\n\t\t\t\t<div class=\"elementor-widget-container\">\n\t\t\t\t\t<p class=\"elementor-heading-title elementor-size-default\">Skambinkite mums telefonu: 077 6363 0404<\/p>\t\t\t\t<\/div>\n\t\t\t\t<\/div>\n\t\t\t\t\t<\/div>\n\t\t<\/div>\n\t\t\t\t\t<\/div>\n\t\t<\/section>\n\t\t\t\t<section class=\"elementor-section elementor-top-section elementor-element elementor-element-b8478c8 elementor-section-boxed elementor-section-height-default elementor-section-height-default\" data-id=\"b8478c8\" data-element_type=\"section\" data-e-type=\"section\" data-settings=\"{&quot;_ha_eqh_enable&quot;:false}\">\n\t\t\t\t\t\t<div class=\"elementor-container elementor-column-gap-default\">\n\t\t\t\t\t<div class=\"elementor-column elementor-col-100 elementor-top-column elementor-element elementor-element-e07e089\" data-id=\"e07e089\" data-element_type=\"column\" data-e-type=\"column\">\n\t\t\t<div class=\"elementor-widget-wrap elementor-element-populated\">\n\t\t\t\t\t\t<div class=\"elementor-element elementor-element-7995d04 elementor-widget elementor-widget-spacer\" data-id=\"7995d04\" data-element_type=\"widget\" data-e-type=\"widget\" data-widget_type=\"spacer.default\">\n\t\t\t\t<div class=\"elementor-widget-container\">\n\t\t\t\t\t\t\t<div class=\"elementor-spacer\">\n\t\t\t<div class=\"elementor-spacer-inner\"><\/div>\n\t\t<\/div>\n\t\t\t\t\t\t<\/div>\n\t\t\t\t<\/div>\n\t\t\t\t<div class=\"elementor-element elementor-element-cc91768 elementor-widget elementor-widget-text-editor\" data-id=\"cc91768\" data-element_type=\"widget\" data-e-type=\"widget\" data-widget_type=\"text-editor.default\">\n\t\t\t\t<div class=\"elementor-widget-container\">\n\t\t\t\t\t\t\t\t\t<p><strong>COVID-19 ATNAUJINIMAS<\/strong>: M\u016bs\u0173 klient\u0173 ir komandos nari\u0173 sveikatos ir saugos u\u017etikrinimas<\/p>\n<p><strong>Simvic<\/strong> yra \u012fsipareigojusi r\u016bpintis savo klient\u0173, darbuotoj\u0173 ir bendruomen\u0117s sveikata ir saugumu vykstant COVID-19 pandemijai. Atid\u017eiai stebime situacij\u0105 ir laikom\u0117s Pasaulio sveikatos organizacijos (PSO), Lig\u0173 kontrol\u0117s ir prevencijos centro (CDC) bei vietos sveikatos prie\u017ei\u016bros institucij\u0173 rekomendacij\u0173, kad u\u017etikrintume, jog imam\u0117s b\u016btin\u0173 atsargumo priemoni\u0173.<\/p>\n<p>Suprantame metalo lau\u017eo surinkimo paslaug\u0173 svarb\u0105 ir j\u0173 poveik\u012f klient\u0173 gyvenimui. Tod\u0117l, siekdami apsaugoti savo klientus ir komandos narius, \u012fgyvendinome \u0161ias priemones:<\/p>\n<p>Patobulintas valymas ir sanitarija: Mes da\u017eniau valome ir dezinfekuojame savo patalpas, \u012frang\u0105 ir transporto priemones. Labai lie\u010diami pavir\u0161iai, pavyzd\u017eiui, dur\u0173 rankenos, stalvir\u0161iai ir mok\u0117jimo terminalai, yra reguliariai dezinfekuojami, kad b\u016bt\u0173 suma\u017einta infekcijos perdavimo rizika.<\/p>\n<p>Socialinis nutolimas: Siekdami i\u0161laikyti saugi\u0105 aplink\u0105, praktikuojame socialin\u012f atstum\u0105 tiek savo \u012fstaigoje, tiek pasi\u0117mimo paslaug\u0173 metu. Maloniai pra\u0161ome klient\u0173 bendravimo metu laikytis bent 6 p\u0117d\u0173 atstumo nuo m\u016bs\u0173 komandos nari\u0173.<\/p>\n<p>Asmenin\u0117s apsaugos priemon\u0117s (AAP): M\u016bs\u0173 komandos nariai apr\u016bpinami tinkamomis asmenin\u0117mis apsaugin\u0117mis priemon\u0117mis, \u012fskaitant veido kaukes ir pir\u0161tines, kad b\u016bt\u0173 u\u017etikrinta j\u0173 sauga ir suma\u017einta perdavimo rizika. Raginame savo klientus d\u0117v\u0117ti veido kaukes ir tiesioginio bendravimo metu.<\/p>\n<p>Bekontak\u010diai mok\u0117jimai ir internetin\u0117s paslaugos: Si\u016blome bekontak\u010dius mok\u0117jimus ir internetines paslaugas, kad suma\u017eintume fizin\u012f bendravim\u0105. Klientai gali planuoti pa\u0117mim\u0105, gauti pasi\u016blymus ir atlikti mok\u0117jimus m\u016bs\u0173 svetain\u0117je arba telefonu.<\/p>\n<p>Darbuotoj\u0173 sveikata: Mes atid\u017eiai stebime savo darbuotoj\u0173 sveikat\u0105 ir reikalaujame, kad jie likt\u0173 namuose, jei jiems pasirei\u0161kia bet kokie su COVID-19 susij\u0119 simptomai. Komandos nariai taip pat raginami pasiskiepyti ir pasidaryti stiprinamuosius skiepus, kaip rekomenduoja sveikatos prie\u017ei\u016bros institucijos.<\/p>\n<p>Nuolatinis bendravimas: Esame \u012fsipareigoj\u0119 nuolat informuoti savo klientus apie bet kokius m\u016bs\u0173 veiklos ar paslaug\u0173 poky\u010dius. Reguliariai apsilankykite m\u016bs\u0173 svetain\u0117je, kad su\u017einotum\u0117te naujienas, arba kreipkit\u0117s \u012f m\u016bs\u0173 klient\u0173 aptarnavimo komand\u0105, jei turite klausim\u0173 ar problem\u0173.<\/p>\n<p><b>\"Simvic Limited<\/b> d\u0117koja u\u017e nuolatin\u0119 param\u0105 ir supratim\u0105 \u0161iuo sud\u0117tingu laikotarpiu. Mes ir toliau stengiam\u0117s teikti auk\u0161\u010diausio lygio paslaugas, u\u017etikrindami vis\u0173 dalyvi\u0173 sveikat\u0105 ir saugum\u0105. Kartu mes galime \u012fveikti \u0161iuos neai\u0161kius laikus ir tapti stipresni kaip bendruomen\u0117.<\/p>\n<p>Jei turite koki\u0173 nors klausim\u0173 ar abejoni\u0173, nedvejodami susisiekite su mumis telefonu 07763630404.<\/p>\t\t\t\t\t\t\t\t<\/div>\n\t\t\t\t<\/div>\n\t\t\t\t\t<\/div>\n\t\t<\/div>\n\t\t\t\t\t<\/div>\n\t\t<\/section>\n\t\t\t\t<\/div>","protected":false},"excerpt":{"rendered":"<p>Open as usual. Read our COVID-secure safety measures here Scrap Your Metal With Us Today! Best prices for scrap metals. Call us on: 077 6363 0404 COVID-19 UPDATE: Ensuring the Health and Safety of Our Valued Customers and Team Members Simvic is committed to the health and safety of our customers, employees, and community during [&hellip;]<\/p>\n","protected":false},"author":20,"featured_media":0,"parent":0,"menu_order":0,"comment_status":"closed","ping_status":"closed","template":"","meta":{"om_disable_all_campaigns":false,"inline_featured_image":false,"_monsterinsights_skip_tracking":false,"_monsterinsights_sitenote_active":false,"_monsterinsights_sitenote_note":"","_monsterinsights_sitenote_category":0,"footnotes":""},"class_list":["post-10534","page","type-page","status-publish","hentry"],"_links":{"self":[{"href":"https:\/\/simvic.co.uk\/lt\/wp-json\/wp\/v2\/pages\/10534","targetHints":{"allow":["GET"]}}],"collection":[{"href":"https:\/\/simvic.co.uk\/lt\/wp-json\/wp\/v2\/pages"}],"about":[{"href":"https:\/\/simvic.co.uk\/lt\/wp-json\/wp\/v2\/types\/page"}],"author":[{"embeddable":true,"href":"https:\/\/simvic.co.uk\/lt\/wp-json\/wp\/v2\/users\/20"}],"replies":[{"embeddable":true,"href":"https:\/\/simvic.co.uk\/lt\/wp-json\/wp\/v2\/comments?post=10534"}],"version-history":[{"count":0,"href":"https:\/\/simvic.co.uk\/lt\/wp-json\/wp\/v2\/pages\/10534\/revisions"}],"wp:attachment":[{"href":"https:\/\/simvic.co.uk\/lt\/wp-json\/wp\/v2\/media?parent=10534"}],"curies":[{"name":"wp","href":"https:\/\/api.w.org\/{rel}","templated":true}]}}