{"id":1416,"date":"2018-06-05T13:25:00","date_gmt":"2018-06-05T13:25:00","guid":{"rendered":"https:\/\/simvic.co.uk\/?page_id=1416"},"modified":"2023-02-24T19:35:18","modified_gmt":"2023-02-24T19:35:18","slug":"privatumo-politika","status":"publish","type":"page","link":"https:\/\/simvic.co.uk\/lt\/privatumo-politika\/","title":{"rendered":"Privatumo politika"},"content":{"rendered":"<div data-elementor-type=\"wp-page\" data-elementor-id=\"1416\" class=\"elementor elementor-1416\" data-elementor-settings=\"{&quot;ha_cmc_init_switcher&quot;:&quot;no&quot;}\" data-elementor-post-type=\"page\">\n\t\t\t\t\t\t<section class=\"elementor-section elementor-top-section elementor-element elementor-element-7e7d5cc3 elementor-section-boxed elementor-section-height-default elementor-section-height-default\" data-id=\"7e7d5cc3\" data-element_type=\"section\" data-e-type=\"section\" data-settings=\"{&quot;_ha_eqh_enable&quot;:false}\">\n\t\t\t\t\t\t<div class=\"elementor-container elementor-column-gap-default\">\n\t\t\t\t\t<div class=\"elementor-column elementor-col-100 elementor-top-column elementor-element elementor-element-13b1585c\" data-id=\"13b1585c\" data-element_type=\"column\" data-e-type=\"column\">\n\t\t\t<div class=\"elementor-widget-wrap elementor-element-populated\">\n\t\t\t\t\t\t<div class=\"elementor-element elementor-element-7ceca153 elementor-widget elementor-widget-text-editor\" data-id=\"7ceca153\" data-element_type=\"widget\" data-e-type=\"widget\" data-widget_type=\"text-editor.default\">\n\t\t\t\t<div class=\"elementor-widget-container\">\n\t\t\t\t\t\t\t\t\t\u0160iame privatumo prane\u0161ime pateikiama informacija apie asmenin\u0119 informacij\u0105 ir (arba) duomenis, kuriuos \"Simvic Ltd\" tvarko apie jus. Visa m\u016bs\u0173 tvarkoma informacija atitinka Bendrojo duomen\u0173 apsaugos reglamento (BDAR) reikalavimus.\r\n\r\n\"Simvic Ltd\" yra licencijuota perdirbimo \u012fmon\u0117, \u012fsik\u016brusi adresu <strong>Unit 4 Fordwater Trading Estate, Chertsey, KT16 8HG.<\/strong>\r\n\r\n&nbsp;\r\n<h4>Kod\u0117l saugote mano duomenis?<\/h4>\r\n\"Simvic Ltd\" yra teisi\u0161kai \u012fpareigota saugiai saugoti asmens duomenis, kad gal\u0117tume laikytis 2013 m. Metalo lau\u017eo pardav\u0117j\u0173 \u012fstatymo (SMDA).\r\n\r\nDaugiau informacijos apie tai, kod\u0117l esame teisi\u0161kai \u012fpareigoti saugoti j\u016bs\u0173 duomenis, rasite \u0161iose svetain\u0117se:\r\n\r\nhttp:\/\/www.legislation.gov.uk\/ukpga\/2013\/10\/enacted\r\nhttps:\/\/www.recyclemetals.org\/rules-regulations\/scrap-metal-dealer-s-act.html\r\n\r\n&nbsp;\r\n<h4>Koki\u0105 informacij\u0105 saugome?<\/h4>\r\nKlientai - saugome asmenin\u0119 informacij\u0105, \u012fskaitant kontaktin\u012f vard\u0105, pavard\u0119, adres\u0105, el. pa\u0161to adres\u0105, telefono numer\u012f ir banko s\u0105skaitos duomenis.\r\n\r\nTiek\u0117jai - saugome asmenin\u0119 informacij\u0105, \u012fskaitant kontaktin\u012f vard\u0105, pavard\u0119, adres\u0105, el. pa\u0161to adres\u0105, telefono numer\u012f, banko s\u0105skaitos duomenis ir asmens tapatyb\u0117s dokument\u0105 su nuotrauka (pas\u0105 arba vairuotojo pa\u017eym\u0117jim\u0105).\r\nvairuotojo pa\u017eym\u0117jimas.\r\n\r\n&nbsp;\r\n<h4>Kas gali pasiekti mano duomenis?<\/h4>\r\nMes nesidalijame jokia informacija su niekuo u\u017e organizacijos rib\u0173. Duomenys niekada nebus perduodami tre\u010diosioms \u0161alims, prie\u0161 tai negavus sutikimo.\r\n\r\n&nbsp;\r\n<h4>J\u016bs\u0173 teis\u0117s<\/h4>\r\n<em>(1) Teis\u0117 gauti informacij\u0105<\/em> - Visi asmenys turi teis\u0119 per\u017ei\u016br\u0117ti vis\u0173 m\u016bs\u0173 saugom\u0173 duomen\u0173 kopijas. Galite bet kada papra\u0161yti savo duomen\u0173 kopij\u0173. \u0160i\u0105 informacij\u0105 \"Simvic Ltd\" pateiks per 28 dienas nuo pirminio pra\u0161ymo pateikimo.\r\n\r\n<em>(2) Teis\u0117 b\u016bti informuotam apie m\u016bs\u0173 saugomus duomenis<\/em> - Visi asmenys turi teis\u0119 suprasti, kod\u0117l, kaip ir kur saugome savo informacij\u0105. Visa \u0161i informacija i\u0161samiai i\u0161d\u0117styta \u0161iame dokumente, ta\u010diau, jei jums reikia papildomos informacijos, m\u016bs\u0173 duomen\u0173 valdytojas j\u0105 pateiks jums papra\u0161ius.\r\n\r\n<em>(3) Teis\u0117 \u012f i\u0161taisym\u0105<\/em> - Jei duomenys netiksl\u016bs, turite teis\u0119 pakeisti informacij\u0105, ta\u010diau d\u0117l savo verslo pob\u016bd\u017eio privalome saugoti tam tikrus \u012fra\u0161us iki 7 met\u0173.\r\n\r\n<em>(4) Teis\u0117 nesutikti, kad mes saugotume informacij\u0105<\/em> - Turite teis\u0119 nesutikti, kad mes imtume j\u016bs\u0173 asmens duomenis, ta\u010diau tokiu atveju negal\u0117site naudotis m\u016bs\u0173 paslaugomis. \"Simvic Ltd\" laikosi 2013 m. Metalo lau\u017eo prekiautoj\u0173 \u012fstatymo (SMDA), pagal kur\u012f privalome saugoti duomenis, kad u\u017etikrintume vis\u0173 tiek\u0117j\u0173 ir klient\u0173 atitikt\u012f.\r\n\r\n<em>(5) Teis\u0117 b\u016bti informuotam apie duomen\u0173 saugumo pa\u017eeidim\u0105<\/em> - Retais atvejais, kai pa\u017eeid\u017eiamas saugumo duomen\u0173 saugumas, visi asmenys apie tai informuojami per 72 valandas be nepagr\u012fsto delsimo. Duomen\u0173 tvarkytojas turi atskleisti pa\u017eeidimo pob\u016bd\u012f, apra\u0161yti galimas pasekmes ir u\u017etikrinti, kad visi asmenys b\u016bt\u0173 informuoti apie priemones, kuri\u0173 imtasi pa\u017eeidimui kontroliuoti.\r\n\r\n&nbsp;\r\n<h4>Kokios yra teis\u0117tos pareigos tvarkant duomenis?<\/h4>\r\n\"Simvic Ltd\" yra vis\u0173 klient\u0173, tiek\u0117j\u0173 ir darbuotoj\u0173 duomen\u0173 tvarkytoja. Duomen\u0173 tvarkytojas atsako u\u017e vis\u0105 duomen\u0173 tvarkym\u0105, u\u017e kur\u012f atsakingas pagrindinis duomen\u0173 valdytojas, su kuriuo sudaryta sutartis.\r\nInformacijos tvarkytojai privalo saugoti informacij\u0105 pagal BDAR (2018 m.) ir SMDA (2013 m.).\r\n\r\n&nbsp;\r\n<h4>Darbuotoj\u0173 duomenys<\/h4>\r\nKaip darbdavys saugiai tvarkome ir saugome visus darbuotoj\u0173 duomenis, kuriuos pagal \u012fstatym\u0105 privalome saugoti 6 metus. Tai apima:\r\n<ul>\r\n \t<li>Pavadinimas, adresas, kontaktiniai duomenys.<\/li>\r\n \t<li>Darbo u\u017emokes\u010dio \u017einiara\u0161\u010dio duomenys (nacionalinio draudimo numeris, mokes\u010di\u0173 mok\u0117tojo numeris, pensijos duomenys).<\/li>\r\n \t<li>Banko s\u0105skaitos duomenys.<\/li>\r\n \t<li>Medicinin\u0117 informacija.<\/li>\r\n \t<li>Kontaktiniai duomenys skubios pagalbos atveju.<\/li>\r\n<\/ul>\r\nVisi darbuotoj\u0173 duomenys saugomi saugiai - popierin\u0117s kopijos saugomos tradici\u0161kai, taip pat elektroniniu b\u016bdu archyvuojamos kopijos. Visi elektroniniu b\u016bdu saugomi duomenys yra apsaugoti ir u\u017e\u0161ifruoti.\r\n\r\nPrieig\u0105 prie \u0161i\u0173 duomen\u0173 turi tik darbdavys ir darbo u\u017emokes\u010dio \u017einiara\u0161tis, kurie neturi leidimo dalytis \u0161iais duomenimis u\u017e organizacijos rib\u0173, i\u0161skyrus:\r\n<ul>\r\n \t<li>Vietos vald\u017eios institucijos (HMRC, PVM).<\/li>\r\n \t<li>Policijos institucijos (nusikaltim\u0173 tyrimas).<\/li>\r\n<\/ul>\r\n&nbsp;\r\n<h4>Kokios saugumo priemon\u0117s taikomos duomenims apsaugoti?<\/h4>\r\nBendradarbiaujame su \"Tornado Recycling Ltd\", kuri yra m\u016bs\u0173 patvirtinta programin\u0117s \u012frangos atitikties ir (arba) duomen\u0173 tvarkytoja. Esame pasikeit\u0119 ir patvirtin\u0119 BDAR politik\u0105 ir galime u\u017etikrinti, kad j\u016bs\u0173 duomenys b\u016bt\u0173 saugiai saugomi m\u016bs\u0173 debesijos serveriuose.\r\n\r\nVisa per \"Tornado\" programin\u0119 \u012frang\u0105 saugoma informacija u\u017e\u0161ifruojama prie\u0161 j\u0105 \u012fkeliant \u012f debes\u012f.\r\n\r\nSaugumo atnaujinimai atliekami nuolat, kad b\u016bt\u0173 u\u017etikrintas nuolatinis virus\u0173, klaid\u0173 ir kenk\u0117ji\u0161k\u0173 program\u0173 per\u0117mimas.\r\n\r\n&nbsp;\r\n<h4>Susisiekimas su mumis d\u0117l BDAR:<\/h4>\r\nJei norite i\u0161samiau aptarti savo teises \u012f asmens duomenis, nedvejodami susisiekite su mumis toliau nurodytais kontaktais.\r\n\r\n<strong>El. pa\u0161tas:<\/strong> info@simvic.co.uk\r\n\r\n<strong>Pa\u0161tas:<\/strong> Unit 4 Fordwater Trading Estate, Chertsey, KT16 8HG.\r\n\r\n<strong>Telefonas:<\/strong> 01932 570757.\r\n\r\nJei turite koki\u0173 nors abejoni\u0173 d\u0117l to, kaip j\u016bs\u0173 duomenys tvarkomi, apdorojami ar saugomi, turite teis\u0119 kreiptis \u012f Informacijos komisaro biur\u0105 (ICO) telefonu 0303 123 1113.\r\n\r\n<a href=\"https:\/\/simvic.co.uk\/lt\/data-access-request\/\">Duomen\u0173 prieigos pra\u0161ymas<\/a>\t\t\t\t\t\t\t\t<\/div>\n\t\t\t\t<\/div>\n\t\t\t\t<div class=\"elementor-element elementor-element-7815c9d elementor-widget elementor-widget-heading\" data-id=\"7815c9d\" data-element_type=\"widget\" data-e-type=\"widget\" data-widget_type=\"heading.default\">\n\t\t\t\t<div class=\"elementor-widget-container\">\n\t\t\t\t\t<p class=\"elementor-heading-title elementor-size-default\"><a href=\"https:\/\/www.askthe.police.uk\/\" target=\"_blank\" rel=\"noopener\">Teis\u0117, susijusi su metalo lau\u017eu<\/a><\/p>\t\t\t\t<\/div>\n\t\t\t\t<\/div>\n\t\t\t\t\t<\/div>\n\t\t<\/div>\n\t\t\t\t\t<\/div>\n\t\t<\/section>\n\t\t\t\t<\/div>","protected":false},"excerpt":{"rendered":"<p>This privacy notice provides information regarding personal information\/data that Simvic Ltd processes about you. All information we process complies with the General Data Protection Regulation (GDPR). Simvic Ltd is a licenced recycling facility located at Unit 4 Fordwater Trading Estate, Chertsey, KT16 8HG. &nbsp; Why do you store my data? Simvic Ltd has a legal [&hellip;]<\/p>\n","protected":false},"author":8,"featured_media":0,"parent":0,"menu_order":0,"comment_status":"closed","ping_status":"closed","template":"","meta":{"om_disable_all_campaigns":false,"inline_featured_image":false,"_monsterinsights_skip_tracking":false,"_monsterinsights_sitenote_active":false,"_monsterinsights_sitenote_note":"","_monsterinsights_sitenote_category":0,"footnotes":""},"class_list":["post-1416","page","type-page","status-publish","hentry"],"_links":{"self":[{"href":"https:\/\/simvic.co.uk\/lt\/wp-json\/wp\/v2\/pages\/1416","targetHints":{"allow":["GET"]}}],"collection":[{"href":"https:\/\/simvic.co.uk\/lt\/wp-json\/wp\/v2\/pages"}],"about":[{"href":"https:\/\/simvic.co.uk\/lt\/wp-json\/wp\/v2\/types\/page"}],"author":[{"embeddable":true,"href":"https:\/\/simvic.co.uk\/lt\/wp-json\/wp\/v2\/users\/8"}],"replies":[{"embeddable":true,"href":"https:\/\/simvic.co.uk\/lt\/wp-json\/wp\/v2\/comments?post=1416"}],"version-history":[{"count":0,"href":"https:\/\/simvic.co.uk\/lt\/wp-json\/wp\/v2\/pages\/1416\/revisions"}],"wp:attachment":[{"href":"https:\/\/simvic.co.uk\/lt\/wp-json\/wp\/v2\/media?parent=1416"}],"curies":[{"name":"wp","href":"https:\/\/api.w.org\/{rel}","templated":true}]}}