{"id":1499,"date":"2022-03-31T22:17:13","date_gmt":"2022-03-31T22:17:13","guid":{"rendered":"https:\/\/simvic.co.uk\/?page_id=1499"},"modified":"2023-02-21T01:16:24","modified_gmt":"2023-02-21T01:16:24","slug":"metalo-lauzo-surinkimas-surrey","status":"publish","type":"page","link":"https:\/\/simvic.co.uk\/lt\/metalo-lauzo-surinkimas-surrey\/","title":{"rendered":"Metalo lau\u017eo surinkimas Surrey"},"content":{"rendered":"<div data-elementor-type=\"wp-page\" data-elementor-id=\"1499\" class=\"elementor elementor-1499\" data-elementor-settings=\"{&quot;ha_cmc_init_switcher&quot;:&quot;no&quot;}\" data-elementor-post-type=\"page\">\n\t\t\t\t\t\t<section class=\"elementor-section elementor-top-section elementor-element elementor-element-ffda527 elementor-section-boxed elementor-section-height-default elementor-section-height-default\" data-id=\"ffda527\" data-element_type=\"section\" data-e-type=\"section\" data-settings=\"{&quot;_ha_eqh_enable&quot;:false}\">\n\t\t\t\t\t\t<div class=\"elementor-container elementor-column-gap-default\">\n\t\t\t\t\t<div class=\"elementor-column elementor-col-100 elementor-top-column elementor-element elementor-element-62d0e55\" data-id=\"62d0e55\" data-element_type=\"column\" data-e-type=\"column\">\n\t\t\t<div class=\"elementor-widget-wrap elementor-element-populated\">\n\t\t\t\t\t\t<div class=\"elementor-element elementor-element-76ac140 elementor-widget elementor-widget-heading\" data-id=\"76ac140\" data-element_type=\"widget\" data-e-type=\"widget\" data-widget_type=\"heading.default\">\n\t\t\t\t<div class=\"elementor-widget-container\">\n\t\t\t\t\t<h4 class=\"elementor-heading-title elementor-size-default\"><a href=\"tel.:+447763630404\">Nor\u0117dami susitarti d\u0117l surinkimo, skambinkite mums telefonu: 0776 363 04 04<\/a><\/h4>\t\t\t\t<\/div>\n\t\t\t\t<\/div>\n\t\t\t\t\t<\/div>\n\t\t<\/div>\n\t\t\t\t\t<\/div>\n\t\t<\/section>\n\t\t\t\t<section class=\"elementor-section elementor-top-section elementor-element elementor-element-ffd07fc elementor-section-boxed elementor-section-height-default elementor-section-height-default\" data-id=\"ffd07fc\" data-element_type=\"section\" data-e-type=\"section\" data-settings=\"{&quot;background_background&quot;:&quot;classic&quot;,&quot;_ha_eqh_enable&quot;:false}\">\n\t\t\t\t\t\t<div class=\"elementor-container elementor-column-gap-default\">\n\t\t\t\t\t<div class=\"elementor-column elementor-col-100 elementor-top-column elementor-element elementor-element-e0ac60c\" data-id=\"e0ac60c\" data-element_type=\"column\" data-e-type=\"column\">\n\t\t\t<div class=\"elementor-widget-wrap elementor-element-populated\">\n\t\t\t\t\t\t<div class=\"elementor-element elementor-element-9116cf6 elementor-widget elementor-widget-text-editor\" data-id=\"9116cf6\" data-element_type=\"widget\" data-e-type=\"widget\" data-widget_type=\"text-editor.default\">\n\t\t\t\t<div class=\"elementor-widget-container\">\n\t\t\t\t\t\t\t\t\t<p><strong>Metalo lau\u017eo surinkimas Sur\u0117juje:\u00a0<\/strong><span style=\"font-size: 1rem;\">Pirma, pamoka apie <\/span><a style=\"background-color: #ffffff; font-size: 1rem;\" href=\"https:\/\/simvic.co.uk\/lt\/metalo-surinkimas\/\">Metalo lau\u017eas<\/a><span style=\"font-size: 1rem;\">\u00a0<\/span><span style=\"font-size: 1rem;\">Kolekcija Surrey<\/span><span style=\"font-size: 1rem;\">, kartais vadinam\u0105 lau\u017eu. \u0160iuo \u017eod\u017eiu vadinami visi metalai, kuriuos galima perdirbti. Metalo lau\u017e\u0105 sudaro metalas, kuris nebenaudojamas pagal paskirt\u012f. Seni santechnikos \u012frenginiai, ekrano durys ir langai, variniai laidai ir plieniniai prietaisai yra da\u017eni metalo lau\u017eo \u0161altiniai atliekant restauravimo darbus. \u012e metalo lau\u017e\u0105 galima priduoti senus automobilius ir did\u017eiulius \u012frenginius, taip pat nebenaudojamus metalinius baldus, pavyzd\u017eiui, byl\u0173 spintas ir gele\u017eines terasos k\u0117des. Gamintojai, kurie gamyboje naudoja metal\u0105, gali gaminti metalo lau\u017e\u0105 kaip \u0161alutin\u012f produkt\u0105.<\/span><\/p><p><strong>Kaip vyksta perdirbimas?<\/strong><\/p><p>Kadangi metalas yra lengvai perdirbamas, perdirb\u0117jai moka \u017emon\u0117ms ir \u012fmon\u0117ms u\u017e metalo lau\u017e\u0105, kur\u012f v\u0117liau parduoda gamintojams, gaminantiems naujus daiktus. \"Metalo lau\u017eo rinkimas perdirbimui\" yra paprasta metalo lau\u017eo apibr\u0117\u017etis. I\u0161skyrus pavojingus metalus, \u012f metalo lau\u017e\u0105 galima atiduoti daugum\u0105 metalo r\u016b\u0161i\u0173 (pavyzd\u017eiui, radioaktyvius metalus, prie kuri\u0173 ir taip ma\u017eai kas turi pri\u0117jim\u0105).<\/p><h1><strong>Kas yra metalo lau\u017eo surinkimas Sur\u0117juje?<\/strong><\/h1><p>Metalo lau\u017eo surinkimas Sur\u0117juje yra labai svarbi paslauga Sur\u0117jaus gyventojams. Metalo lau\u017eo surinkimo paslauga padeda atsikratyti vis\u0173 sen\u0173 ir nenaudojam\u0173 metal\u0173 i\u0161 nam\u0173, biur\u0173 ir gamykl\u0173.<\/p><p>Metalo lau\u017eo surinkimas Sur\u0117juje yra labai svarbi paslauga, nes padeda atsikratyti vis\u0173 sen\u0173 ir nenaudojam\u0173 metal\u0173 i\u0161 nam\u0173, biur\u0173 ir gamykl\u0173. \u0160iuos metalus galima perdirbti \u012f naujus gaminius, kurie yra draugi\u0161kesni aplinkai.<\/p><p><strong>Metal\u0173 perdirbimo svarba:<\/strong><\/p><p>Metalo perdirbimas gali b\u016bti naudojamas \u012fvairiems daiktams gaminti. Aliuminio, vario, plieno, \u017ealvario ir gele\u017eies metalo lau\u017eas perdirbamas kuriant \u012fvairias naujas prekes. Metalo lau\u017eas naudojamas \u012fvairioms prek\u0117ms gaminti, o tai padeda ma\u017einti atliek\u0173 kiek\u012f ir i\u0161saugoti aplink\u0105 ateities kartoms. Metalo lau\u017eas gali b\u016bti naudojamas \u012fvairiems tikslams. Pavyzd\u017eiui, gele\u017eies ir aliuminio metalo lau\u017eas pla\u010diai naudojamas statyb\u0173 sektoriuje \u012fvairiems projektams, \u012fskaitant kelius ir tiltus. Metalo lau\u017eas taip pat naudojamas automobiliams, l\u0117ktuvams ir kitoms transporto priemon\u0117ms gaminti.<\/p><p>Pirmiausia pamoka apie metalo lau\u017e\u0105, paprastai vadinam\u0105 lau\u017eu. \u0160iuo \u017eod\u017eiu vadinami visi metalai, kuriuos galima perdirbti. Metalo lau\u017e\u0105 sudaro metalas, kuris nebenaudojamas pagal paskirt\u012f. Seni santechnikos \u012frenginiai, ekrano durys ir langai, variniai laidai ir plieniniai prietaisai yra da\u017eni metalo lau\u017eo \u0161altiniai atliekant restauravimo darbus. \u012e metalo lau\u017e\u0105 galima priduoti senus automobilius ir did\u017eiulius \u012frenginius, taip pat nebenaudojamus metalinius baldus, pavyzd\u017eiui, byl\u0173 spintas ir gele\u017eines terasos k\u0117des. Gamintojai, kurie gamyboje naudoja metal\u0105, gali gaminti metalo lau\u017e\u0105 kaip \u0161alutin\u012f produkt\u0105.<\/p><p><strong>\u00a0<\/strong><strong style=\"font-size: inherit;\">Kod\u0117l svarbu atiduoti \u012f metalo lau\u017e\u0105:<\/strong><\/p><p>Metalo surinkimo \u012f metalo lau\u017e\u0105 tikslas paprastai yra u\u017edirbti pinig\u0173. Kainos skiriasi priklausomai nuo metalo r\u016b\u0161ies ir dienos, atsi\u017evelgiant \u012f esam\u0105 kiekvienos prek\u0117s rink\u0105. Spalvot\u0173j\u0173 metal\u0173 pinigin\u0117 vert\u0117 yra didesn\u0117 nei juod\u0173j\u0173 metal\u0173, nes jie re\u010diau perdirbami, tod\u0117l turi didesn\u0119 paklaus\u0105, ta\u010diau kiek metalo lau\u017eo supirk\u0117jas gali u\u017edirbti, priklauso nuo to, kokius metalus jis turi ir kiek j\u0173 turi. Pavyzd\u017eiui, nugriovus statin\u012f, statybviet\u0117je gali b\u016bti laid\u0173, jungiam\u0173j\u0173 detali\u0173 ir metalini\u0173 vamzd\u017ei\u0173 bei vamzdeli\u0173. Viskas turi savo vert\u0119, ta\u010diau vario lau\u017eas bus vertingesnis u\u017e \u017ealvario lau\u017e\u0105.<\/p><p><strong>Meta apra\u0161ymas<\/strong><\/p><p><span style=\"color: var( --e-global-color-text ); font-family: var( --e-global-typography-text-font-family ), roboto; font-size: inherit; font-weight: var( --e-global-typography-text-font-weight );\">Metalo lau\u017e\u0105 sudaro metalas, kuris nebenaudojamas pagal paskirt\u012f.<\/span><\/p><p>Kadangi metalas yra lengvai perdirbamas, perdirb\u0117jai moka \u017emon\u0117ms ir \u012fmon\u0117ms u\u017e metalo lau\u017e\u0105, kur\u012f v\u0117liau parduoda gamintojams, gaminantiems naujus daiktus.<\/p><p>I\u0161skyrus pavojingus metalus, \u012f metalo lau\u017e\u0105 galima priduoti daugum\u0105 metalo r\u016b\u0161i\u0173 (pavyzd\u017eiui, radioaktyvius metalus, kuriuos vis tiek ma\u017eai kas turi).Metalo lau\u017eo surinkimas Sur\u0117juje yra labai svarbi paslauga, nes padeda atsikratyti vis\u0173 sen\u0173 ir nenaudojam\u0173 metal\u0173 i\u0161 nam\u0173, biur\u0173 ir gamykl\u0173.Spalvot\u0173j\u0173 metal\u0173 pinigin\u0117 vert\u0117 yra didesn\u0117 nei juod\u0173j\u0173 metal\u0173, nes jie re\u010diau perdirbami, tod\u0117l turi didesn\u0119 paklaus\u0105, ta\u010diau kiek metalo lau\u017eo surink\u0117jas gali u\u017edirbti, priklauso nuo to, kokius metalus jis turi ir kiek j\u0173 turi.<\/p>\t\t\t\t\t\t\t\t<\/div>\n\t\t\t\t<\/div>\n\t\t\t\t\t<\/div>\n\t\t<\/div>\n\t\t\t\t\t<\/div>\n\t\t<\/section>\n\t\t\t\t<section class=\"elementor-section elementor-top-section elementor-element elementor-element-2c3a030 elementor-section-boxed elementor-section-height-default elementor-section-height-default\" data-id=\"2c3a030\" data-element_type=\"section\" data-e-type=\"section\" data-settings=\"{&quot;_ha_eqh_enable&quot;:false}\">\n\t\t\t\t\t\t<div class=\"elementor-container elementor-column-gap-default\">\n\t\t\t\t\t<div class=\"elementor-column elementor-col-100 elementor-top-column elementor-element elementor-element-17d032d\" data-id=\"17d032d\" data-element_type=\"column\" data-e-type=\"column\">\n\t\t\t<div class=\"elementor-widget-wrap elementor-element-populated\">\n\t\t\t\t\t\t<div class=\"elementor-element elementor-element-1260a24 elementor-widget elementor-widget-heading\" data-id=\"1260a24\" data-element_type=\"widget\" data-e-type=\"widget\" data-widget_type=\"heading.default\">\n\t\t\t\t<div class=\"elementor-widget-container\">\n\t\t\t\t\t<h4 class=\"elementor-heading-title elementor-size-default\"><a href=\"http:\/\/www.legislation.gov.uk\/ukpga\/2013\/10\/enacted\" target=\"_blank\" rel=\"noopener\">Metalo lau\u017e\u0105 reglamentuojantys teis\u0117s aktai<\/a><\/h4>\t\t\t\t<\/div>\n\t\t\t\t<\/div>\n\t\t\t\t\t<\/div>\n\t\t<\/div>\n\t\t\t\t\t<\/div>\n\t\t<\/section>\n\t\t\t\t<section class=\"elementor-section elementor-top-section elementor-element elementor-element-3fc56cb elementor-section-boxed elementor-section-height-default elementor-section-height-default\" data-id=\"3fc56cb\" data-element_type=\"section\" data-e-type=\"section\" data-settings=\"{&quot;_ha_eqh_enable&quot;:false}\">\n\t\t\t\t\t\t<div class=\"elementor-container elementor-column-gap-default\">\n\t\t\t\t\t<div class=\"elementor-column elementor-col-50 elementor-top-column elementor-element elementor-element-36c8e87\" data-id=\"36c8e87\" data-element_type=\"column\" data-e-type=\"column\">\n\t\t\t<div class=\"elementor-widget-wrap elementor-element-populated\">\n\t\t\t\t\t\t<div class=\"elementor-element elementor-element-c8c1db3 elementor-widget elementor-widget-image\" data-id=\"c8c1db3\" data-element_type=\"widget\" data-e-type=\"widget\" data-widget_type=\"image.default\">\n\t\t\t\t<div class=\"elementor-widget-container\">\n\t\t\t\t\t\t\t\t\t\t\t\t\t\t\t<img fetchpriority=\"high\" decoding=\"async\" width=\"300\" height=\"300\" src=\"https:\/\/simvic.co.uk\/wp-content\/uploads\/2023\/02\/Scrap-metal-collection-1-300x300-1.png\" class=\"attachment-full size-full wp-image-8194\" alt=\"Metalo lau\u017eo surinkimas Surrey\" srcset=\"https:\/\/simvic.co.uk\/wp-content\/uploads\/2023\/02\/Scrap-metal-collection-1-300x300-1.png 300w, https:\/\/simvic.co.uk\/wp-content\/uploads\/2023\/02\/Scrap-metal-collection-1-300x300-1-150x150.png 150w, https:\/\/simvic.co.uk\/wp-content\/uploads\/2023\/02\/Scrap-metal-collection-1-300x300-1-12x12.png 12w\" sizes=\"(max-width: 300px) 100vw, 300px\" title=\"\">\t\t\t\t\t\t\t\t\t\t\t\t\t\t\t<\/div>\n\t\t\t\t<\/div>\n\t\t\t\t\t<\/div>\n\t\t<\/div>\n\t\t\t\t<div class=\"elementor-column elementor-col-50 elementor-top-column elementor-element elementor-element-7351068\" data-id=\"7351068\" data-element_type=\"column\" data-e-type=\"column\">\n\t\t\t<div class=\"elementor-widget-wrap\">\n\t\t\t\t\t\t\t<\/div>\n\t\t<\/div>\n\t\t\t\t\t<\/div>\n\t\t<\/section>\n\t\t\t\t<\/div>","protected":false},"excerpt":{"rendered":"<p>To arrange collection call us at: 0776 363 04 04 Scrap Metal Collection Surrey:\u00a0First, a lesson on Scrap Metal\u00a0Collection Surrey, sometimes known as scrap. This word refers to all metals that can be recycled. Scrap metal is made up of metal that is no longer being used for its intended function. Old plumbing fixtures, screen [&hellip;]<\/p>\n","protected":false},"author":8,"featured_media":0,"parent":0,"menu_order":0,"comment_status":"closed","ping_status":"closed","template":"","meta":{"om_disable_all_campaigns":false,"inline_featured_image":false,"_monsterinsights_skip_tracking":false,"_monsterinsights_sitenote_active":false,"_monsterinsights_sitenote_note":"","_monsterinsights_sitenote_category":0,"footnotes":""},"class_list":["post-1499","page","type-page","status-publish","hentry"],"_links":{"self":[{"href":"https:\/\/simvic.co.uk\/lt\/wp-json\/wp\/v2\/pages\/1499","targetHints":{"allow":["GET"]}}],"collection":[{"href":"https:\/\/simvic.co.uk\/lt\/wp-json\/wp\/v2\/pages"}],"about":[{"href":"https:\/\/simvic.co.uk\/lt\/wp-json\/wp\/v2\/types\/page"}],"author":[{"embeddable":true,"href":"https:\/\/simvic.co.uk\/lt\/wp-json\/wp\/v2\/users\/8"}],"replies":[{"embeddable":true,"href":"https:\/\/simvic.co.uk\/lt\/wp-json\/wp\/v2\/comments?post=1499"}],"version-history":[{"count":0,"href":"https:\/\/simvic.co.uk\/lt\/wp-json\/wp\/v2\/pages\/1499\/revisions"}],"wp:attachment":[{"href":"https:\/\/simvic.co.uk\/lt\/wp-json\/wp\/v2\/media?parent=1499"}],"curies":[{"name":"wp","href":"https:\/\/api.w.org\/{rel}","templated":true}]}}