{"id":1712,"date":"2022-05-02T16:22:35","date_gmt":"2022-05-02T16:22:35","guid":{"rendered":"https:\/\/simvic.co.uk\/?page_id=1712"},"modified":"2023-02-21T00:31:13","modified_gmt":"2023-02-21T00:31:13","slug":"zalvario-lauzo-kaina-uz-kg","status":"publish","type":"page","link":"https:\/\/simvic.co.uk\/lt\/zalvario-lauzo-kaina-uz-kg\/","title":{"rendered":"\u017dalvario lau\u017eo kaina u\u017e kg"},"content":{"rendered":"\t\t<div data-elementor-type=\"wp-page\" data-elementor-id=\"1712\" class=\"elementor elementor-1712\" data-elementor-settings=\"{&quot;ha_cmc_init_switcher&quot;:&quot;no&quot;}\" data-elementor-post-type=\"page\">\n\t\t\t\t\t\t<section class=\"elementor-section elementor-top-section elementor-element elementor-element-4533638 elementor-section-boxed elementor-section-height-default elementor-section-height-default\" data-id=\"4533638\" data-element_type=\"section\" data-e-type=\"section\" data-settings=\"{&quot;_ha_eqh_enable&quot;:false}\">\n\t\t\t\t\t\t<div class=\"elementor-container elementor-column-gap-default\">\n\t\t\t\t\t<div class=\"elementor-column elementor-col-100 elementor-top-column elementor-element elementor-element-d39ab2d\" data-id=\"d39ab2d\" data-element_type=\"column\" data-e-type=\"column\">\n\t\t\t<div class=\"elementor-widget-wrap elementor-element-populated\">\n\t\t\t\t\t\t<div class=\"elementor-element elementor-element-f618f71 elementor-widget elementor-widget-spacer\" data-id=\"f618f71\" data-element_type=\"widget\" data-e-type=\"widget\" data-widget_type=\"spacer.default\">\n\t\t\t\t<div class=\"elementor-widget-container\">\n\t\t\t\t\t\t\t<div class=\"elementor-spacer\">\n\t\t\t<div class=\"elementor-spacer-inner\"><\/div>\n\t\t<\/div>\n\t\t\t\t\t\t<\/div>\n\t\t\t\t<\/div>\n\t\t\t\t\t<\/div>\n\t\t<\/div>\n\t\t\t\t\t<\/div>\n\t\t<\/section>\n\t\t\t\t<section class=\"elementor-section elementor-top-section elementor-element elementor-element-7df7cd4 elementor-section-boxed elementor-section-height-default elementor-section-height-default\" data-id=\"7df7cd4\" data-element_type=\"section\" data-e-type=\"section\" data-settings=\"{&quot;_ha_eqh_enable&quot;:false}\">\n\t\t\t\t\t\t<div class=\"elementor-container elementor-column-gap-default\">\n\t\t\t\t\t<div class=\"elementor-column elementor-col-100 elementor-top-column elementor-element elementor-element-fb53f71\" data-id=\"fb53f71\" data-element_type=\"column\" data-e-type=\"column\">\n\t\t\t<div class=\"elementor-widget-wrap elementor-element-populated\">\n\t\t\t\t\t\t<div class=\"elementor-element elementor-element-ef1a85b elementor-widget elementor-widget-heading\" data-id=\"ef1a85b\" data-element_type=\"widget\" data-e-type=\"widget\" data-widget_type=\"heading.default\">\n\t\t\t\t<div class=\"elementor-widget-container\">\n\t\t\t\t\t<h1 class=\"elementor-heading-title elementor-size-default\">Scrap Brass Price Per KG - Get Best Deals &amp; Accurate Prices<\/h1>\t\t\t\t<\/div>\n\t\t\t\t<\/div>\n\t\t\t\t\t<\/div>\n\t\t<\/div>\n\t\t\t\t\t<\/div>\n\t\t<\/section>\n\t\t\t\t<section class=\"elementor-section elementor-top-section elementor-element elementor-element-7f3f6b8 elementor-section-boxed elementor-section-height-default elementor-section-height-default\" data-id=\"7f3f6b8\" data-element_type=\"section\" data-e-type=\"section\" data-settings=\"{&quot;_ha_eqh_enable&quot;:false}\">\n\t\t\t\t\t\t<div class=\"elementor-container elementor-column-gap-default\">\n\t\t\t\t\t<div class=\"elementor-column elementor-col-100 elementor-top-column elementor-element elementor-element-346cf70\" data-id=\"346cf70\" data-element_type=\"column\" data-e-type=\"column\">\n\t\t\t<div class=\"elementor-widget-wrap elementor-element-populated\">\n\t\t\t\t\t\t<div class=\"elementor-element elementor-element-02b9862 elementor-widget elementor-widget-text-editor\" data-id=\"02b9862\" data-element_type=\"widget\" data-e-type=\"widget\" data-widget_type=\"text-editor.default\">\n\t\t\t\t<div class=\"elementor-widget-container\">\n\t\t\t\t\t\t\t\t\t<h3><span style=\"color: #000000;\"><span style=\"font-family: Times New Roman, serif;\"><span style=\"font-size: x-large;\"><b>Why is Scrap Brass Important?<\/b><\/span><\/span><\/span><\/h3><p><span style=\"color: #000000;\"><span style=\"font-family: Times New Roman, serif;\">Scrap brass price per KG &#8211;\u00a0Talking about the scrap brass, it can be lying unused at your place. The importance lies, in fact, that this scrap brass can help you to earn some money. It is not confined to finding brass scrap at your place, but it is found at many different places. If you are unaware of the scrap brass price per KG, don&#8217;t worry. SIMVIC got your back. Our company is ready to pay high prices for the same, depending on the brass grades. We provide you with up-to-date information on the UK&#8217;s latest brass scrap per kg prices.<\/span><\/span><\/p><p><span style=\"color: #000000;\"><span style=\"font-family: Times New Roman, serif;\"><span style=\"font-size: x-large;\"><b>Procurement of Scrap Brass<\/b><\/span><\/span><\/span><\/p><p><span style=\"color: #000000;\"><span style=\"font-family: Times New Roman, serif;\">Procuring scrap brass at SIMVIC is easy using different tools.\u00a0Secondly, you can also procure it from plumbing fixtures, household items, and much more. Meanwhile, you can request scrap metal collection if you expect the same to collect from contractor work, demolition work, etc. Don&#8217;t worry; SIMVIC scrap metal recycling is here for you always.<\/span><\/span><\/p><p><span style=\"color: #000000;\"><span style=\"font-family: Times New Roman, serif;\"><span style=\"font-size: x-large;\"><b>Where to find Scrap Brass?<\/b><\/span><\/span><\/span><\/p><p><span style=\"color: #000000;\"><span style=\"font-family: Times New Roman, serif;\">It is time to make more money by finding scrap brass or scrap metal from different sources. Here we take a look at them.<\/span><\/span><\/p><ul><li><p><span style=\"color: #000000;\"><span style=\"font-family: Times New Roman, serif;\">Find scrap brass from gunmetal. You can find it in the cogs, crown wheels, old pressure valves, etc<\/span><\/span><\/p><\/li><\/ul><ul><li><p><span style=\"color: #000000;\"><span style=\"font-family: Times New Roman, serif;\">Cogs, crown wheels and old pressure valves can give you Phos. Bronze which includes scrap brass.<\/span><\/span><\/p><\/li><\/ul><ul><li><p><span style=\"color: #000000;\"><span style=\"font-family: Times New Roman, serif;\">Finding new brass in clean production brass bars is of a good grade.<\/span><\/span><\/p><\/li><\/ul><ul><li><p><span style=\"color: #000000;\"><span style=\"font-family: Times New Roman, serif;\">Brass in ornaments , kitchen utensils, bathroom taps, faucets, door handles, drawer hinges, windowpane latch, plumbing fittings, and much more. Meanwhile, you can procure mixed brass scrap from such items.<\/span><\/span><\/p><\/li><\/ul><ul><li><p><span style=\"color: #000000;\"><span style=\"font-family: Times New Roman, serif;\">The manufacturers of brass can also be an excellent source to procure scrap brass, brass swarf, and from borings.<\/span><\/span><\/p><\/li><\/ul><ul><li><p><span style=\"color: #000000;\"><span style=\"font-family: Times New Roman, serif;\">You can also find scrap brass in ammunition, brass shell casing, and much more. Once the ammunition is used, the brass shells are of no use. However, it can sell well for recycling purposes.<\/span><\/span><\/p><\/li><\/ul><p><span style=\"color: #000000;\"><span style=\"font-family: Times New Roman, serif;\"><span style=\"font-size: x-large;\"><b>Recycling brass scrap is the key<\/b><\/span><\/span><\/span><\/p><p><span style=\"color: #000000;\"><span style=\"font-family: Times New Roman, serif;\">It is crucial to recycle the brass shells that one can find on the ground. However, for the people who are unaware of this fact, SIMVIC assists you with the correct information. Recycled brass shells can be used multiple times. That is the scrap value paid to you by SIMVIC, as we buy the scrap metal for good.<\/span><\/span><\/p><p><span style=\"color: #000000;\"><span style=\"font-family: Times New Roman, serif;\"><span style=\"font-size: x-large;\"><b>Request free valuation of brass scrap with SIMVIC<\/b><\/span><\/span><\/span><\/p><p><span style=\"color: #000000;\"><span style=\"font-family: Times New Roman, serif;\">Are you looking forward to knowing more about the valuation of scrap brass per kg? You are at the right place.\u00a0<\/span><\/span><a href=\"https:\/\/simvic.co.uk\/\" target=\"_blank\" rel=\"noopener\">SIMVIC\u00a0<\/a><span style=\"color: #000000;\"><span style=\"font-family: Times New Roman, serif;\">provides you with free evaluation for scrap metal and scrap brass. Just<\/span><\/span><a href=\"https:\/\/simvic.co.uk\/contact\/\" target=\"_blank\" rel=\"noopener\"> fill in the details<\/a><span style=\"color: #000000;\"><span style=\"font-family: Times New Roman, serif;\">\u00a0with additional information, and our experts will get in touch with you. You can get good earnings by selling scrap metal which is not helpful for you. Whether you are running a business or an individual, earning additional profits is a good deal.<\/span><\/span><\/p>\t\t\t\t\t\t\t\t<\/div>\n\t\t\t\t<\/div>\n\t\t\t\t\t<\/div>\n\t\t<\/div>\n\t\t\t\t\t<\/div>\n\t\t<\/section>\n\t\t\t\t<section class=\"elementor-section elementor-top-section elementor-element elementor-element-5f498c7 elementor-section-boxed elementor-section-height-default elementor-section-height-default\" data-id=\"5f498c7\" data-element_type=\"section\" data-e-type=\"section\" data-settings=\"{&quot;_ha_eqh_enable&quot;:false}\">\n\t\t\t\t\t\t<div class=\"elementor-container elementor-column-gap-default\">\n\t\t\t\t\t<div class=\"elementor-column elementor-col-50 elementor-top-column elementor-element elementor-element-ad2e04e\" data-id=\"ad2e04e\" data-element_type=\"column\" data-e-type=\"column\">\n\t\t\t<div class=\"elementor-widget-wrap elementor-element-populated\">\n\t\t\t\t\t\t<div class=\"elementor-element elementor-element-1891a07 elementor-widget elementor-widget-image\" data-id=\"1891a07\" data-element_type=\"widget\" data-e-type=\"widget\" data-widget_type=\"image.default\">\n\t\t\t\t<div class=\"elementor-widget-container\">\n\t\t\t\t\t\t\t\t\t\t\t\t\t\t\t<img fetchpriority=\"high\" decoding=\"async\" width=\"800\" height=\"800\" src=\"https:\/\/simvic.co.uk\/wp-content\/uploads\/2022\/10\/Scrap-brass-1-1024x1024.png\" class=\"attachment-large size-large wp-image-5127\" alt=\"Scrap brass london\" srcset=\"https:\/\/simvic.co.uk\/wp-content\/uploads\/2022\/10\/Scrap-brass-1-1024x1024.png 1024w, https:\/\/simvic.co.uk\/wp-content\/uploads\/2022\/10\/Scrap-brass-1-300x300.png 300w, https:\/\/simvic.co.uk\/wp-content\/uploads\/2022\/10\/Scrap-brass-1-150x150.png 150w, https:\/\/simvic.co.uk\/wp-content\/uploads\/2022\/10\/Scrap-brass-1-768x768.png 768w, https:\/\/simvic.co.uk\/wp-content\/uploads\/2022\/10\/Scrap-brass-1-12x12.png 12w, https:\/\/simvic.co.uk\/wp-content\/uploads\/2022\/10\/Scrap-brass-1-595xh.png 595w, https:\/\/simvic.co.uk\/wp-content\/uploads\/2022\/10\/Scrap-brass-1-125x125.png 125w, https:\/\/simvic.co.uk\/wp-content\/uploads\/2022\/10\/Scrap-brass-1-640x640.png 640w, https:\/\/simvic.co.uk\/wp-content\/uploads\/2022\/10\/Scrap-brass-1.png 1080w\" sizes=\"(max-width: 800px) 100vw, 800px\" title=\"\">\t\t\t\t\t\t\t\t\t\t\t\t\t\t\t<\/div>\n\t\t\t\t<\/div>\n\t\t\t\t\t<\/div>\n\t\t<\/div>\n\t\t\t\t<div class=\"elementor-column elementor-col-50 elementor-top-column elementor-element elementor-element-9cc478b\" data-id=\"9cc478b\" data-element_type=\"column\" data-e-type=\"column\">\n\t\t\t<div class=\"elementor-widget-wrap elementor-element-populated\">\n\t\t\t\t\t\t<div class=\"elementor-element elementor-element-96519e2 elementor-widget elementor-widget-image\" data-id=\"96519e2\" data-element_type=\"widget\" data-e-type=\"widget\" data-widget_type=\"image.default\">\n\t\t\t\t<div class=\"elementor-widget-container\">\n\t\t\t\t\t\t\t\t\t\t\t\t\t\t\t<img decoding=\"async\" width=\"800\" height=\"800\" src=\"https:\/\/simvic.co.uk\/wp-content\/uploads\/2022\/10\/Scrap-Brass-London-1024x1024.png\" class=\"attachment-large size-large wp-image-5154\" alt=\"Scrap Brass London\" srcset=\"https:\/\/simvic.co.uk\/wp-content\/uploads\/2022\/10\/Scrap-Brass-London-1024x1024.png 1024w, https:\/\/simvic.co.uk\/wp-content\/uploads\/2022\/10\/Scrap-Brass-London-300x300.png 300w, https:\/\/simvic.co.uk\/wp-content\/uploads\/2022\/10\/Scrap-Brass-London-150x150.png 150w, https:\/\/simvic.co.uk\/wp-content\/uploads\/2022\/10\/Scrap-Brass-London-768x768.png 768w, https:\/\/simvic.co.uk\/wp-content\/uploads\/2022\/10\/Scrap-Brass-London-12x12.png 12w, https:\/\/simvic.co.uk\/wp-content\/uploads\/2022\/10\/Scrap-Brass-London-595xh.png 595w, https:\/\/simvic.co.uk\/wp-content\/uploads\/2022\/10\/Scrap-Brass-London-125x125.png 125w, https:\/\/simvic.co.uk\/wp-content\/uploads\/2022\/10\/Scrap-Brass-London-640x640.png 640w, https:\/\/simvic.co.uk\/wp-content\/uploads\/2022\/10\/Scrap-Brass-London.png 1080w\" sizes=\"(max-width: 800px) 100vw, 800px\" title=\"\">\t\t\t\t\t\t\t\t\t\t\t\t\t\t\t<\/div>\n\t\t\t\t<\/div>\n\t\t\t\t\t<\/div>\n\t\t<\/div>\n\t\t\t\t\t<\/div>\n\t\t<\/section>\n\t\t\t\t<section class=\"elementor-section elementor-top-section elementor-element elementor-element-4df8253 elementor-section-boxed elementor-section-height-default elementor-section-height-default\" data-id=\"4df8253\" data-element_type=\"section\" data-e-type=\"section\" data-settings=\"{&quot;_ha_eqh_enable&quot;:false}\">\n\t\t\t\t\t\t<div class=\"elementor-container elementor-column-gap-default\">\n\t\t\t\t\t<div class=\"elementor-column elementor-col-50 elementor-top-column elementor-element elementor-element-43434fd\" data-id=\"43434fd\" data-element_type=\"column\" data-e-type=\"column\">\n\t\t\t<div class=\"elementor-widget-wrap elementor-element-populated\">\n\t\t\t\t\t\t<div class=\"elementor-element elementor-element-b604fc2 elementor-widget elementor-widget-image\" data-id=\"b604fc2\" data-element_type=\"widget\" data-e-type=\"widget\" data-widget_type=\"image.default\">\n\t\t\t\t<div class=\"elementor-widget-container\">\n\t\t\t\t\t\t\t\t\t\t\t\t\t\t\t<img decoding=\"async\" width=\"640\" height=\"428\" src=\"https:\/\/simvic.co.uk\/wp-content\/uploads\/2018\/01\/scrap-72061_640.jpg\" class=\"attachment-large size-large wp-image-1330\" alt=\"Scrap brass\" srcset=\"https:\/\/simvic.co.uk\/wp-content\/uploads\/2018\/01\/scrap-72061_640.jpg 640w, https:\/\/simvic.co.uk\/wp-content\/uploads\/2018\/01\/scrap-72061_640-300x201.jpg 300w, https:\/\/simvic.co.uk\/wp-content\/uploads\/2018\/01\/scrap-72061_640-18x12.jpg 18w, https:\/\/simvic.co.uk\/wp-content\/uploads\/2018\/01\/scrap-72061_640-595xh.jpg 595w\" sizes=\"(max-width: 640px) 100vw, 640px\" title=\"\">\t\t\t\t\t\t\t\t\t\t\t\t\t\t\t<\/div>\n\t\t\t\t<\/div>\n\t\t\t\t\t<\/div>\n\t\t<\/div>\n\t\t\t\t<div class=\"elementor-column elementor-col-50 elementor-top-column elementor-element elementor-element-c3d9839\" data-id=\"c3d9839\" data-element_type=\"column\" data-e-type=\"column\">\n\t\t\t<div class=\"elementor-widget-wrap elementor-element-populated\">\n\t\t\t\t\t\t<div class=\"elementor-element elementor-element-20bf9df elementor-widget elementor-widget-heading\" data-id=\"20bf9df\" data-element_type=\"widget\" data-e-type=\"widget\" data-widget_type=\"heading.default\">\n\t\t\t\t<div class=\"elementor-widget-container\">\n\t\t\t\t\t<h2 class=\"elementor-heading-title elementor-size-default\">Request free valuation of your scrap<\/h2>\t\t\t\t<\/div>\n\t\t\t\t<\/div>\n\t\t\t\t<div class=\"elementor-element elementor-element-ec09f91 elementor-button-align-stretch elementor-widget elementor-widget-global elementor-global-1612 elementor-widget-form\" data-id=\"ec09f91\" data-element_type=\"widget\" data-e-type=\"widget\" data-settings=\"{&quot;step_next_label&quot;:&quot;Next&quot;,&quot;step_previous_label&quot;:&quot;Previous&quot;,&quot;button_width&quot;:&quot;100&quot;,&quot;step_type&quot;:&quot;number_text&quot;,&quot;step_icon_shape&quot;:&quot;circle&quot;}\" data-widget_type=\"form.default\">\n\t\t\t\t<div class=\"elementor-widget-container\">\n\t\t\t\t\t\t\t<form class=\"elementor-form\" method=\"post\" name=\"New Form\" aria-label=\"New Form\">\n\t\t\t<input type=\"hidden\" name=\"post_id\" value=\"1712\"\/>\n\t\t\t<input type=\"hidden\" name=\"form_id\" value=\"ec09f91\"\/>\n\t\t\t<input type=\"hidden\" name=\"referer_title\" value=\"\" \/>\n\n\t\t\t\n\t\t\t<div class=\"elementor-form-fields-wrapper elementor-labels-above\">\n\t\t\t\t\t\t\t\t<div class=\"elementor-field-type-text elementor-field-group elementor-column elementor-field-group-name elementor-col-33\">\n\t\t\t\t\t\t\t\t\t\t\t\t<label for=\"form-field-name\" class=\"elementor-field-label\">\n\t\t\t\t\t\t\t\tName\t\t\t\t\t\t\t<\/label>\n\t\t\t\t\t\t\t\t\t\t\t\t\t\t<input size=\"1\" type=\"text\" name=\"form_fields[name]\" id=\"form-field-name\" class=\"elementor-field elementor-size-sm  elementor-field-textual\" placeholder=\"Name\">\n\t\t\t\t\t\t\t\t\t\t\t<\/div>\n\t\t\t\t\t\t\t\t<div class=\"elementor-field-type-text elementor-field-group elementor-column elementor-field-group-field_a0ed767 elementor-col-33\">\n\t\t\t\t\t\t\t\t\t\t\t\t<label for=\"form-field-field_a0ed767\" class=\"elementor-field-label\">\n\t\t\t\t\t\t\t\tTelephone\t\t\t\t\t\t\t<\/label>\n\t\t\t\t\t\t\t\t\t\t\t\t\t\t<input size=\"1\" type=\"text\" name=\"form_fields[field_a0ed767]\" id=\"form-field-field_a0ed767\" class=\"elementor-field elementor-size-sm  elementor-field-textual\" placeholder=\"Telephone\">\n\t\t\t\t\t\t\t\t\t\t\t<\/div>\n\t\t\t\t\t\t\t\t<div class=\"elementor-field-type-email elementor-field-group elementor-column elementor-field-group-email elementor-col-33 elementor-field-required\">\n\t\t\t\t\t\t\t\t\t\t\t\t<label for=\"form-field-email\" class=\"elementor-field-label\">\n\t\t\t\t\t\t\t\tEmail\t\t\t\t\t\t\t<\/label>\n\t\t\t\t\t\t\t\t\t\t\t\t\t\t<input size=\"1\" type=\"email\" name=\"form_fields[email]\" id=\"form-field-email\" class=\"elementor-field elementor-size-sm  elementor-field-textual\" placeholder=\"Email\" required=\"required\">\n\t\t\t\t\t\t\t\t\t\t\t<\/div>\n\t\t\t\t\t\t\t\t<div class=\"elementor-field-type-checkbox elementor-field-group elementor-column elementor-field-group-field_6e80023 elementor-col-100\">\n\t\t\t\t\t\t\t\t\t\t\t\t<label for=\"form-field-field_6e80023\" class=\"elementor-field-label\">\n\t\t\t\t\t\t\t\tWhat kind of scrap do you have?\t\t\t\t\t\t\t<\/label>\n\t\t\t\t\t\t<div class=\"elementor-field-subgroup  elementor-subgroup-inline\"><span class=\"elementor-field-option\"><input type=\"checkbox\" value=\"Copper\" id=\"form-field-field_6e80023-0\" name=\"form_fields[field_6e80023][]\"> <label for=\"form-field-field_6e80023-0\">Copper<\/label><\/span><span class=\"elementor-field-option\"><input type=\"checkbox\" value=\"Lead\" id=\"form-field-field_6e80023-1\" name=\"form_fields[field_6e80023][]\"> <label for=\"form-field-field_6e80023-1\">Lead<\/label><\/span><span class=\"elementor-field-option\"><input type=\"checkbox\" value=\"Aluminium\" id=\"form-field-field_6e80023-2\" name=\"form_fields[field_6e80023][]\"> <label for=\"form-field-field_6e80023-2\">Aluminium<\/label><\/span><span class=\"elementor-field-option\"><input type=\"checkbox\" value=\"Cables\" id=\"form-field-field_6e80023-3\" name=\"form_fields[field_6e80023][]\"> <label for=\"form-field-field_6e80023-3\">Cables<\/label><\/span><span class=\"elementor-field-option\"><input type=\"checkbox\" value=\"Bronze\" id=\"form-field-field_6e80023-4\" name=\"form_fields[field_6e80023][]\"> <label for=\"form-field-field_6e80023-4\">Bronze<\/label><\/span><span class=\"elementor-field-option\"><input type=\"checkbox\" value=\"Steel\" id=\"form-field-field_6e80023-5\" name=\"form_fields[field_6e80023][]\"> <label for=\"form-field-field_6e80023-5\">Steel<\/label><\/span><span class=\"elementor-field-option\"><input type=\"checkbox\" value=\"Stainless Steel\" id=\"form-field-field_6e80023-6\" name=\"form_fields[field_6e80023][]\"> <label for=\"form-field-field_6e80023-6\">Stainless Steel<\/label><\/span><span class=\"elementor-field-option\"><input type=\"checkbox\" value=\"Zinc\" id=\"form-field-field_6e80023-7\" name=\"form_fields[field_6e80023][]\"> <label for=\"form-field-field_6e80023-7\">Zinc<\/label><\/span><span class=\"elementor-field-option\"><input type=\"checkbox\" value=\"Scrap Car\" id=\"form-field-field_6e80023-8\" name=\"form_fields[field_6e80023][]\"> <label for=\"form-field-field_6e80023-8\">Scrap Car<\/label><\/span><span class=\"elementor-field-option\"><input type=\"checkbox\" value=\"Others\" id=\"form-field-field_6e80023-9\" name=\"form_fields[field_6e80023][]\"> <label for=\"form-field-field_6e80023-9\">Others<\/label><\/span><\/div>\t\t\t\t<\/div>\n\t\t\t\t\t\t\t\t<div class=\"elementor-field-type-textarea elementor-field-group elementor-column elementor-field-group-message elementor-col-50\">\n\t\t\t\t\t<textarea class=\"elementor-field-textual elementor-field  elementor-size-sm\" name=\"form_fields[message]\" id=\"form-field-message\" rows=\"1\" placeholder=\"Additional information\"><\/textarea>\t\t\t\t<\/div>\n\t\t\t\t\t\t\t\t<div class=\"elementor-field-type-text elementor-field-group elementor-column elementor-field-group-field_786a4dc elementor-col-50\">\n\t\t\t\t\t\t\t\t\t\t\t\t\t<input size=\"1\" type=\"text\" name=\"form_fields[field_786a4dc]\" id=\"form-field-field_786a4dc\" class=\"elementor-field elementor-size-sm  elementor-field-textual\" placeholder=\"How Many Kg?\">\n\t\t\t\t\t\t\t\t\t\t\t<\/div>\n\t\t\t\t\t\t\t\t<div class=\"elementor-field-type-recaptcha elementor-field-group elementor-column elementor-field-group-field_257524f elementor-col-100\">\n\t\t\t\t\t<div class=\"elementor-field\" id=\"form-field-field_257524f\"><div class=\"elementor-g-recaptcha\" data-sitekey=\"6Lc3Mr8hAAAAABgNvVuIdTtBhuIos6yCJ9dZmPUm\" data-type=\"v2_checkbox\" data-theme=\"light\" data-size=\"normal\"><\/div><\/div>\t\t\t\t<\/div>\n\t\t\t\t\t\t\t\t<div class=\"elementor-field-group elementor-column elementor-field-type-submit elementor-col-100 e-form__buttons\">\n\t\t\t\t\t<button class=\"elementor-button elementor-size-sm\" type=\"submit\">\n\t\t\t\t\t\t<span class=\"elementor-button-content-wrapper\">\n\t\t\t\t\t\t\t\t\t\t\t\t\t\t\t\t\t\t\t\t\t\t<span class=\"elementor-button-text\">Send<\/span>\n\t\t\t\t\t\t\t\t\t\t\t\t\t<\/span>\n\t\t\t\t\t<\/button>\n\t\t\t\t<\/div>\n\t\t\t<\/div>\n\t\t<\/form>\n\t\t\t\t\t\t<\/div>\n\t\t\t\t<\/div>\n\t\t\t\t\t<\/div>\n\t\t<\/div>\n\t\t\t\t\t<\/div>\n\t\t<\/section>\n\t\t\t\t<\/div>\n\t\t","protected":false},"excerpt":{"rendered":"<p>Scrap Brass Price Per KG &#8211; Get Best Deals &amp; Accurate Prices Why is Scrap Brass Important? Scrap brass price per KG &#8211;\u00a0Talking about the scrap brass, it can be lying unused at your place. The importance lies, in fact, that this scrap brass can help you to earn some money. It is not confined [&hellip;]<\/p>\n","protected":false},"author":20,"featured_media":4185,"parent":0,"menu_order":0,"comment_status":"closed","ping_status":"closed","template":"elementor_header_footer","meta":{"om_disable_all_campaigns":false,"inline_featured_image":false,"_monsterinsights_skip_tracking":false,"_monsterinsights_sitenote_active":false,"_monsterinsights_sitenote_note":"","_monsterinsights_sitenote_category":0,"footnotes":""},"class_list":["post-1712","page","type-page","status-publish","has-post-thumbnail","hentry"],"_links":{"self":[{"href":"https:\/\/simvic.co.uk\/lt\/wp-json\/wp\/v2\/pages\/1712","targetHints":{"allow":["GET"]}}],"collection":[{"href":"https:\/\/simvic.co.uk\/lt\/wp-json\/wp\/v2\/pages"}],"about":[{"href":"https:\/\/simvic.co.uk\/lt\/wp-json\/wp\/v2\/types\/page"}],"author":[{"embeddable":true,"href":"https:\/\/simvic.co.uk\/lt\/wp-json\/wp\/v2\/users\/20"}],"replies":[{"embeddable":true,"href":"https:\/\/simvic.co.uk\/lt\/wp-json\/wp\/v2\/comments?post=1712"}],"version-history":[{"count":0,"href":"https:\/\/simvic.co.uk\/lt\/wp-json\/wp\/v2\/pages\/1712\/revisions"}],"wp:featuredmedia":[{"embeddable":true,"href":"https:\/\/simvic.co.uk\/lt\/wp-json\/wp\/v2\/media\/4185"}],"wp:attachment":[{"href":"https:\/\/simvic.co.uk\/lt\/wp-json\/wp\/v2\/media?parent=1712"}],"curies":[{"name":"wp","href":"https:\/\/api.w.org\/{rel}","templated":true}]}}