{"id":2491,"date":"2022-06-24T18:11:29","date_gmt":"2022-06-24T18:11:29","guid":{"rendered":"https:\/\/simvic.co.uk\/?page_id=2491"},"modified":"2023-02-21T16:11:02","modified_gmt":"2023-02-21T16:11:02","slug":"metalo-lauzas-rytu-londone","status":"publish","type":"page","link":"https:\/\/simvic.co.uk\/lt\/metalo-lauzas-rytu-londone\/","title":{"rendered":"Metalo lau\u017eas Ryt\u0173 Londonas"},"content":{"rendered":"<div data-elementor-type=\"wp-page\" data-elementor-id=\"2491\" class=\"elementor elementor-2491\" data-elementor-settings=\"{&quot;ha_cmc_init_switcher&quot;:&quot;no&quot;}\" data-elementor-post-type=\"page\">\n\t\t\t\t\t\t<section class=\"elementor-section elementor-top-section elementor-element elementor-element-54590b0 elementor-section-boxed elementor-section-height-default elementor-section-height-default\" data-id=\"54590b0\" data-element_type=\"section\" data-e-type=\"section\" data-settings=\"{&quot;_ha_eqh_enable&quot;:false}\">\n\t\t\t\t\t\t<div class=\"elementor-container elementor-column-gap-default\">\n\t\t\t\t\t<div class=\"elementor-column elementor-col-100 elementor-top-column elementor-element elementor-element-0eb8067\" data-id=\"0eb8067\" data-element_type=\"column\" data-e-type=\"column\">\n\t\t\t<div class=\"elementor-widget-wrap elementor-element-populated\">\n\t\t\t\t\t\t<div class=\"elementor-element elementor-element-c0287e8 elementor-widget elementor-widget-heading\" data-id=\"c0287e8\" data-element_type=\"widget\" data-e-type=\"widget\" data-widget_type=\"heading.default\">\n\t\t\t\t<div class=\"elementor-widget-container\">\n\t\t\t\t\t<h2 class=\"elementor-heading-title elementor-size-default\">Metalo lau\u017eo surinkimas - Metalo lau\u017eas Ryt\u0173 Londone - Metalo lau\u017eas Mobil\u016bs surink\u0117jai.<\/h2>\t\t\t\t<\/div>\n\t\t\t\t<\/div>\n\t\t\t\t<div class=\"elementor-element elementor-element-765d0d1 elementor-widget elementor-widget-heading\" data-id=\"765d0d1\" data-element_type=\"widget\" data-e-type=\"widget\" data-widget_type=\"heading.default\">\n\t\t\t\t<div class=\"elementor-widget-container\">\n\t\t\t\t\t<h2 class=\"elementor-heading-title elementor-size-default\">Dirbame \u0161iose vietov\u0117se<\/h2>\t\t\t\t<\/div>\n\t\t\t\t<\/div>\n\t\t\t\t\t<\/div>\n\t\t<\/div>\n\t\t\t\t\t<\/div>\n\t\t<\/section>\n\t\t\t\t<section class=\"elementor-section elementor-top-section elementor-element elementor-element-7b0cbea elementor-section-boxed elementor-section-height-default elementor-section-height-default\" data-id=\"7b0cbea\" data-element_type=\"section\" data-e-type=\"section\" data-settings=\"{&quot;_ha_eqh_enable&quot;:false}\">\n\t\t\t\t\t\t<div class=\"elementor-container elementor-column-gap-default\">\n\t\t\t\t\t<div class=\"elementor-column elementor-col-100 elementor-top-column elementor-element elementor-element-a72cd39\" data-id=\"a72cd39\" data-element_type=\"column\" data-e-type=\"column\">\n\t\t\t<div class=\"elementor-widget-wrap elementor-element-populated\">\n\t\t\t\t\t\t<div class=\"elementor-element elementor-element-47af52f elementor-widget elementor-widget-text-editor\" data-id=\"47af52f\" data-element_type=\"widget\" data-e-type=\"widget\" data-widget_type=\"text-editor.default\">\n\t\t\t\t<div class=\"elementor-widget-container\">\n\t\t\t\t\t\t\t\t\t<section class=\"elementor-section elementor-top-section elementor-element elementor-element-def5a87 elementor-section-boxed elementor-section-height-default elementor-section-height-default animated bounceIn\" data-id=\"def5a87\" data-element_type=\"section\" data-settings=\"{&quot;animation&quot;:&quot;bounceIn&quot;}\"><div class=\"elementor-container elementor-column-gap-default\"><div class=\"elementor-column elementor-col-25 elementor-top-column elementor-element elementor-element-aaedd79\" data-id=\"aaedd79\" data-element_type=\"column\"><div class=\"elementor-widget-wrap elementor-element-populated\"><div class=\"elementor-element elementor-element-a4b196d elementor-widget elementor-widget-text-editor\" data-id=\"a4b196d\" data-element_type=\"widget\" data-widget_type=\"text-editor.default\"><div class=\"elementor-widget-container\"><div>DA1 Crayford, Dartfordas<\/div><div>DA5 Bexley<\/div><div>DA6 Bexleyheath<\/div><div>DA7 Bexleyheath<\/div><div>DA8 Erith<\/div><div>DA14 Sidcup<\/div><div>DA15 Sidcup<\/div><div>DA16 Welling<\/div><div>DA17 Belvederis<\/div><div>DA18 Erith<\/div><div>EN1 Enfildas<\/div><div>EN2 Enfildo miestas<\/div><div>EN3 Ponders End<\/div><div>EN4 Cockfosters, Barnet<\/div><div>EN5 Barnet<\/div><div>KT1 Kingstonas,<\/div><div>KT2 Norbitonas<\/div><div>KT3 New Malden<\/div><div>KT4 Worchester Park<\/div><div>KT5 Berrylands, Surbitonas<\/div><div>KT6 Surbitonas<\/div><div>KT9 Chessington<\/div><\/div><\/div><\/div><\/div><div class=\"elementor-column elementor-col-25 elementor-top-column elementor-element elementor-element-a5bc33d\" data-id=\"a5bc33d\" data-element_type=\"column\"><div class=\"elementor-widget-wrap elementor-element-populated\"><div class=\"elementor-element elementor-element-65320b8 elementor-widget elementor-widget-text-editor\" data-id=\"65320b8\" data-element_type=\"widget\" data-widget_type=\"text-editor.default\"><div class=\"elementor-widget-container\"><div>TW1 Twickenham<\/div><div>TW2 Whitton<\/div><div>TW3 Hounslow<\/div><div>TW4 Hounslow West<\/div><div>TW5 Hestonas<\/div><div>TW6 Hitrou<\/div><div>TW7 Isleworth<\/div><div>TW8 Brentfordas<\/div><div>TW9 Ri\u010dmondas<\/div><div>TW10 Ham, Ri\u010dmondas<\/div><div>TW11 Tedingtonas<\/div><div>TW12 Hamptonas<\/div><div>TW13 Felthamas<\/div><div>TW14 Hatton<\/div><div>SM1 Sutton<\/div><div>SM2 Belmontas<\/div><div>SM3 Cheam<\/div><div>SM4 Mordenas<\/div><div>SM5 Carshalton<\/div><div>SM6 Valingtonas<\/div><div>HA0 Wembley<\/div><div>HA1 Harrow<\/div><\/div><\/div><\/div><\/div><div class=\"elementor-column elementor-col-25 elementor-top-column elementor-element elementor-element-3a7bef3\" data-id=\"3a7bef3\" data-element_type=\"column\"><div class=\"elementor-widget-wrap elementor-element-populated\"><div class=\"elementor-element elementor-element-60ee575 elementor-widget elementor-widget-text-editor\" data-id=\"60ee575\" data-element_type=\"widget\" data-widget_type=\"text-editor.default\"><div class=\"elementor-widget-container\"><div>HA2 Harrow<\/div><div>HA3 Wealdstone, Harrow<\/div><div>HA4 Ruislip<\/div><div>HA5 Pinner<\/div><div>HA6 Northwood<\/div><div>HA7 Stanmore<\/div><div>HA8 Edgware<\/div><div>IG1 Ilfordas<\/div><div>IG2 Gants Hill<\/div><div>IG3 Seven Kings<\/div><div>IG4 Redbrid\u017eas<\/div><div>IG5 Clayhall<\/div><div>IG6 Barkingsaidas<\/div><div>IG7 Hainault, Chigwell<\/div><div>IG8 Woodford Green<\/div><div>IG11 Barkingas<\/div><div>TN14 Cudham, Sevenoaks<\/div><div>TN16 Biggin Hill, Westerham<\/div><div>RM1 Romfordas<\/div><div>RM2 Gidea parkas<\/div><div>RM3 Harold Wood<\/div><div>RM4 Havering-atte-Bower<\/div><\/div><\/div><\/div><\/div><div class=\"elementor-column elementor-col-25 elementor-top-column elementor-element elementor-element-c3b03d0\" data-id=\"c3b03d0\" data-element_type=\"column\"><div class=\"elementor-widget-wrap elementor-element-populated\"><div class=\"elementor-element elementor-element-14c3668 elementor-widget elementor-widget-text-editor\" data-id=\"14c3668\" data-element_type=\"widget\" data-widget_type=\"text-editor.default\"><div class=\"elementor-widget-container\"><div>RM5 Collier Row<\/div><div>RM6 Chadwell Heath<\/div><div>RM7 Rush Green<\/div><div>RM8 Becontree Heath, Dagenhamas<\/div><div>RM9 Becontree<\/div><div>TRM10 Dagenhamas<\/div><div>RM11 Emerson Park, Horn\u010der\u010das<\/div><div>RM12 Horn\u010der\u010das<\/div><div>RM13 Rainhamas<\/div><div>RM14 Upminsteris<\/div><div>UB1 Southall<\/div><div>UB2 Norwood Green<\/div><div>UB3 Hayes<\/div><div>UB4 Yeading<\/div><div>UB5 Northolt<\/div><div>UB6 Grinfordas<\/div><div>UB7 West Drayton<\/div><div>UB8 Uxbridge<\/div><div>UB9 Harefildas<\/div><div>UB10 Hillingdon<\/div><\/div><\/div><\/div><\/div><\/div><\/section><section class=\"elementor-section elementor-top-section elementor-element elementor-element-8602ceb elementor-section-boxed elementor-section-height-default elementor-section-height-default\" data-id=\"8602ceb\" data-element_type=\"section\"><div class=\"elementor-container elementor-column-gap-default\"><div class=\"elementor-column elementor-col-100 elementor-top-column elementor-element elementor-element-bddf9fa\" data-id=\"bddf9fa\" data-element_type=\"column\"><div class=\"elementor-widget-wrap elementor-element-populated\"><div class=\"elementor-element elementor-element-4131cfd elementor-widget elementor-widget-spacer\" data-id=\"4131cfd\" data-element_type=\"widget\" data-widget_type=\"spacer.default\"><div class=\"elementor-widget-container\"><div class=\"elementor-spacer\">\u00a0<\/div><\/div><\/div><\/div><\/div><\/div><\/section>\t\t\t\t\t\t\t\t<\/div>\n\t\t\t\t<\/div>\n\t\t\t\t\t<\/div>\n\t\t<\/div>\n\t\t\t\t\t<\/div>\n\t\t<\/section>\n\t\t\t\t<section class=\"elementor-section elementor-top-section elementor-element elementor-element-4be10a7 elementor-section-boxed elementor-section-height-default elementor-section-height-default\" data-id=\"4be10a7\" data-element_type=\"section\" data-e-type=\"section\" data-settings=\"{&quot;_ha_eqh_enable&quot;:false}\">\n\t\t\t\t\t\t<div class=\"elementor-container elementor-column-gap-default\">\n\t\t\t\t\t<div class=\"elementor-column elementor-col-100 elementor-top-column elementor-element elementor-element-0f69743\" data-id=\"0f69743\" data-element_type=\"column\" data-e-type=\"column\">\n\t\t\t<div class=\"elementor-widget-wrap elementor-element-populated\">\n\t\t\t\t\t\t<div class=\"elementor-element elementor-element-916f8fb elementor-widget elementor-widget-text-editor\" data-id=\"916f8fb\" data-element_type=\"widget\" data-e-type=\"widget\" data-widget_type=\"text-editor.default\">\n\t\t\t\t<div class=\"elementor-widget-container\">\n\t\t\t\t\t\t\t\t\t<p><b>Metalo lau\u017eas Ryt\u0173 Londone:\u00a0<\/b>Didysis Londonas yra Anglijos administracin\u0117 teritorija, kuri\u0105 valdo Did\u017eiojo Londono vald\u017eia, ir ceremonialin\u0117 grafyst\u0117, apimanti did\u017ei\u0105j\u0105 dal\u012f tos pa\u010dios teritorijos, i\u0161skyrus Londono miest\u0105, kuris sudaro atskir\u0105 ceremonialin\u0119 grafyst\u0119. Administracin\u0117 teritorija, kurios plotas toks pat kaip Londono regiono, suskirstyta \u012f 33 vietos vald\u017eios rajonus: 32 Londono rajonus ir Londono miest\u0105.<\/p><p>\u0160iose vietose renkame vis\u0173 r\u016b\u0161i\u0173 lau\u017e\u0105.<\/p>\t\t\t\t\t\t\t\t<\/div>\n\t\t\t\t<\/div>\n\t\t\t\t<div class=\"elementor-element elementor-element-383bcb5 elementor-widget elementor-widget-heading\" data-id=\"383bcb5\" data-element_type=\"widget\" data-e-type=\"widget\" data-widget_type=\"heading.default\">\n\t\t\t\t<div class=\"elementor-widget-container\">\n\t\t\t\t\t<h2 class=\"elementor-heading-title elementor-size-default\"><a href=\"https:\/\/en.wikipedia.org\/wiki\/Scrap\" target=\"_blank\" rel=\"noopener\">Informacija apie metalo lau\u017e\u0105<\/a><\/h2>\t\t\t\t<\/div>\n\t\t\t\t<\/div>\n\t\t\t\t\t<\/div>\n\t\t<\/div>\n\t\t\t\t\t<\/div>\n\t\t<\/section>\n\t\t\t\t<\/div>","protected":false},"excerpt":{"rendered":"<p>Scrap Metal Collection &#8211; Scrap metal East London &#8211; Scrap Metal Mobile Collectors. We cover following locations DA1\u00a0\u00a0 \u00a0\u00a0\u00a0\u00a0 Crayford, DartfordDA5\u00a0\u00a0 \u00a0\u00a0\u00a0\u00a0 BexleyDA6\u00a0\u00a0 \u00a0\u00a0\u00a0\u00a0 BexleyheathDA7\u00a0\u00a0 \u00a0\u00a0\u00a0\u00a0 BexleyheathDA8\u00a0\u00a0 \u00a0\u00a0\u00a0\u00a0 ErithDA14\u00a0\u00a0 \u00a0\u00a0 SidcupDA15\u00a0\u00a0 \u00a0\u00a0 SidcupDA16\u00a0\u00a0 \u00a0\u00a0 WellingDA17\u00a0\u00a0 \u00a0\u00a0 BelvedereDA18\u00a0\u00a0 \u00a0\u00a0 ErithEN1\u00a0\u00a0 \u00a0\u00a0\u00a0\u00a0 EnfieldEN2\u00a0\u00a0 \u00a0\u00a0\u00a0\u00a0 Enfield TownEN3\u00a0\u00a0 \u00a0\u00a0\u00a0\u00a0 Ponders EndEN4\u00a0\u00a0 \u00a0\u00a0\u00a0\u00a0 Cockfosters, BarnetEN5\u00a0\u00a0 \u00a0\u00a0\u00a0\u00a0 BarnetKT1\u00a0\u00a0 \u00a0\u00a0\u00a0\u00a0 Kingston,KT2\u00a0\u00a0 \u00a0\u00a0\u00a0\u00a0 [&hellip;]<\/p>\n","protected":false},"author":8,"featured_media":0,"parent":0,"menu_order":0,"comment_status":"closed","ping_status":"closed","template":"elementor_header_footer","meta":{"om_disable_all_campaigns":false,"inline_featured_image":false,"_monsterinsights_skip_tracking":false,"_monsterinsights_sitenote_active":false,"_monsterinsights_sitenote_note":"","_monsterinsights_sitenote_category":0,"footnotes":""},"class_list":["post-2491","page","type-page","status-publish","hentry"],"_links":{"self":[{"href":"https:\/\/simvic.co.uk\/lt\/wp-json\/wp\/v2\/pages\/2491","targetHints":{"allow":["GET"]}}],"collection":[{"href":"https:\/\/simvic.co.uk\/lt\/wp-json\/wp\/v2\/pages"}],"about":[{"href":"https:\/\/simvic.co.uk\/lt\/wp-json\/wp\/v2\/types\/page"}],"author":[{"embeddable":true,"href":"https:\/\/simvic.co.uk\/lt\/wp-json\/wp\/v2\/users\/8"}],"replies":[{"embeddable":true,"href":"https:\/\/simvic.co.uk\/lt\/wp-json\/wp\/v2\/comments?post=2491"}],"version-history":[{"count":0,"href":"https:\/\/simvic.co.uk\/lt\/wp-json\/wp\/v2\/pages\/2491\/revisions"}],"wp:attachment":[{"href":"https:\/\/simvic.co.uk\/lt\/wp-json\/wp\/v2\/media?parent=2491"}],"curies":[{"name":"wp","href":"https:\/\/api.w.org\/{rel}","templated":true}]}}