{"id":3211,"date":"2022-07-20T10:43:47","date_gmt":"2022-07-20T10:43:47","guid":{"rendered":"https:\/\/simvic.co.uk\/scrap-metal-collection-south-wimbledon\/"},"modified":"2023-02-24T18:54:16","modified_gmt":"2023-02-24T18:54:16","slug":"metalo-lauzo-surinkimas-pietu-vimbldone","status":"publish","type":"page","link":"https:\/\/simvic.co.uk\/lt\/metalo-lauzo-surinkimas-pietu-vimbldone\/","title":{"rendered":"Metalo lau\u017eo surinkimas Piet\u0173 Vimbldonas"},"content":{"rendered":"<h1>\"Grab Business Advantage<\/h1>\n<p>Metalo lau\u017eo surinkimas Piet\u0173 Vimbldone - mes, SIMVIC, esame pasireng\u0119 nemokamai surinkti j\u016bs\u0173 metal\u0105. Metalo lau\u017eas gali b\u016bti varis, aliuminis, \u017ealvaris, bronza, cinkas, \u0161vinas, kabeliai, plienas ir dar daugiau. Tuo tarpu geriausia yra tai, kad esame metalo lau\u017eo perdirbimo \u012fmon\u0117, kuri tiki aplinkos tausojimu.<\/p>\n<h3><strong>Ar metalo surinkimas yra sud\u0117tinga u\u017eduotis? Visai ne<\/strong><\/h3>\n<p>Kai manote, kad metalo lau\u017eo surinkimas Piet\u0173 Vimbldone sukels jums r\u016bpes\u010di\u0173, tiesiog pamir\u0161kite apie tai. SIMVIC pasir\u016bpins metalo lau\u017eu. Tuo tarpu m\u016bs\u0173 specialistai pasir\u016bpins greitu teritorijos sutvarkymu.<\/p>\n<p align=\"justify\">Nesijaudinkite d\u0117l i\u0161ie\u0161kojimo mokes\u010di\u0173. SIMVIC sumok\u0117s jums u\u017e metalo lau\u017eo surinkim\u0105. Be to, tai priklauso nuo krovinio, kur\u012f paimame kartu, svorio. Be to, ateityje nesusidursite su r\u016bpes\u010diais.<\/p>\n<h3><strong>Metalo lau\u017eo surinkimas Piet\u0173 Vimbldone - \u017eingsniai, kuri\u0173 laikom\u0117s<\/strong><\/h3>\n<ol style=\"color: #000000;\">\n<li>Rekomenduojame tinkamai sutvarkyti metalo lau\u017e\u0105. Tuo tarpu skirtingas metalo lau\u017eo partijas mums bus lengviau surinkti ir darbas bus greitesnis.<\/li>\n<li>Sutvark\u0119 metalo lau\u017e\u0105 pagal m\u016bs\u0173 rekomendacijas, skambinkite mums d\u0117l metalo lau\u017eo i\u0161ve\u017eimo.<\/li>\n<li>\u012esitikinkite, kad turite asmens tapatyb\u0117s kortel\u0119, kuri\u0105 patvirtin\u0119 gal\u0117site atsiimti metalo lau\u017e\u0105 vietoje.<\/li>\n<li>M\u016bs\u0173 komanda atvyks pas jus su modernia \u012franga ir svarstykl\u0117mis. I\u0161matuosime metalo krovinio rodmenis ir pateiksime jums tiksli\u0105 informacij\u0105.<\/li>\n<li>Teisingai pasv\u0117r\u0119 metal\u0105, pradedame metalo lau\u017eo surinkimo proces\u0105. Tuo tarpu, priklausomai nuo metalo lau\u017eo dyd\u017eio ir kiekio, galime naudoti reikiamus \u012frenginius ir net kranus.<\/li>\n<li>Metalo lau\u017eas jau surinktas ir visi\u0161kai pakrautas \u012f m\u016bs\u0173 transporto priemon\u0119. Dabar reikia sumok\u0117ti pagal surinkto metalo lau\u017eo svor\u012f.<\/li>\n<li>Atitinkamai sumokame kain\u0105 ir paimame metalo lau\u017e\u0105 perdirbimui.<\/li>\n<\/ol>\n<h3><strong>\"SIMVIC\" teikia \u012fperkamas ir veiksmingas paslaugas<\/strong><\/h3>\n<p>\u017dinome, kad jums reikia greit\u0173, nebrangi\u0173 ir veiksming\u0173 paslaug\u0173. Teikiame specialiai j\u016bs\u0173 poreikiams pritaikytas surinkimo paslaugas. Metalo lau\u017eo \u0161alinimas dar niekada nebuvo toks efektyvus ir nesud\u0117tingas. Tuo tarpu SIMVIC suteikia jums surinkimo paslaug\u0105 t\u0105 pa\u010di\u0105 dien\u0105 be papildom\u0173 mokes\u010di\u0173.<\/p>\n<h3><strong>Ie\u0161kote, kas gal\u0117t\u0173 surinkti metalo lau\u017e\u0105 pas jus?<\/strong><\/h3>\n<p><strong>Per daug nerimaujate d\u0117l i\u0161laid\u0173, kurias patirsite?<\/strong><\/p>\n<p align=\"justify\">Per daug nerimaujate d\u0117l i\u0161laid\u0173, kurias patirsite?<\/p>\n<p>Nesijaudinkite!\u00a0<a href=\"https:\/\/simvic.co.uk\/lt\">SIMVIC<\/a>\u00a0yra \u010dia, kad nemokamai surinkt\u0173 metalo lau\u017e\u0105. Dirbame nesukeldami jums joki\u0173 formalum\u0173, o u\u017e metalo lau\u017eo surinkim\u0105 atsakinga m\u016bs\u0173 komanda. Be to, susipa\u017einkite su svarbiausiais dalykais, \u012f kuriuos reik\u0117t\u0173 atkreipti d\u0117mes\u012f, kalbant apie SIMVIC komand\u0105.<\/p>\n<ul>\n<li>Surinkt\u0105 metalo lau\u017e\u0105 perdirbame<\/li>\n<li>Nemokamai surenkame metalo lau\u017e\u0105<\/li>\n<li>Paskambinkite mums ir gaukite NEMOKAM\u0104 pasi\u016blym\u0105<\/li>\n<li>SIMVIC turi daugiau nei devyneri\u0173 met\u0173 patirt\u012f rinkoje<\/li>\n<\/ul>\n<p>Tikim\u0117s, kad dabar jau esate \u012fsitikin\u0119, ar ne? Paskambinkite mums ir aptarsime metalo lau\u017eo surinkimo Piet\u0173 Vimbldone detales.<\/p>\n<h3><a href=\"tel.:+447763630404\">Nor\u0117dami susitarti d\u0117l surinkimo, paskambinkite mums: 0776 363 04 04<\/a><\/h3>\n<p><img fetchpriority=\"high\" decoding=\"async\" src=\"https:\/\/simvic.co.uk\/wp-content\/uploads\/2022\/04\/Scrap-metal-collection-1-768x768.png\" sizes=\"(max-width: 768px) 100vw, 768px\" srcset=\"https:\/\/simvic.co.uk\/wp-content\/uploads\/2022\/04\/Scrap-metal-collection-1-768x768.png 768w, https:\/\/simvic.co.uk\/wp-content\/uploads\/2022\/04\/Scrap-metal-collection-1-300x300.png 300w, https:\/\/simvic.co.uk\/wp-content\/uploads\/2022\/04\/Scrap-metal-collection-1-1024x1024.png 1024w, https:\/\/simvic.co.uk\/wp-content\/uploads\/2022\/04\/Scrap-metal-collection-1-150x150.png 150w, https:\/\/simvic.co.uk\/wp-content\/uploads\/2022\/04\/Scrap-metal-collection-1-125x125.png 125w, https:\/\/simvic.co.uk\/wp-content\/uploads\/2022\/04\/Scrap-metal-collection-1-640x640.png 640w, https:\/\/simvic.co.uk\/wp-content\/uploads\/2022\/04\/Scrap-metal-collection-1.png 1080w\" alt=\"Metalo lau\u017eas Londone\" width=\"768\" height=\"768\" title=\"\"><br \/>\n<a role=\"button\" href=\"https:\/\/simvic.co.uk\/lt\/susisiekite-su\/\"><br \/>\nNemokama metalo lau\u017eo citata<br \/>\n<\/a><\/p>\n<h2 class=\"elementor-heading-title elementor-size-default\">Dirbame visose Londono vietose:<\/h2>\n<p><iframe style=\"border: 0;\" src=\"https:\/\/www.google.com\/maps\/embed?pb=!1m18!1m12!1m3!1d317718.693244509!2d-0.3817796088226305!3d51.52830797751995!2m3!1f0!2f0!3f0!3m2!1i1024!2i768!4f13.1!3m3!1m2!1s0x47d8a00baf21de75%3A0x52963a5addd52a99!2sLondon%2C%20UK!5e0!3m2!1sen!2s!4v1658313165943!5m2!1sen!2s\" width=\"600\" height=\"450\" allowfullscreen=\"allowfullscreen\"><\/iframe><\/p>","protected":false},"excerpt":{"rendered":"<p>Grab Business Advantage Scrap metal collection South Wimbledon &#8211; We at SIMVIC are ready to collect your metals for free. The scrap metal can include copper, aluminium, brass, bronze, zinc, lead, cables, steel, and much more. Meanwhile, the best part is that, we are a scrap metal recycling company that believes in saving the environment. [&hellip;]<\/p>\n","protected":false},"author":20,"featured_media":0,"parent":0,"menu_order":0,"comment_status":"closed","ping_status":"closed","template":"","meta":{"om_disable_all_campaigns":false,"inline_featured_image":false,"_monsterinsights_skip_tracking":false,"_monsterinsights_sitenote_active":false,"_monsterinsights_sitenote_note":"","_monsterinsights_sitenote_category":0,"footnotes":""},"class_list":["post-3211","page","type-page","status-publish","hentry"],"_links":{"self":[{"href":"https:\/\/simvic.co.uk\/lt\/wp-json\/wp\/v2\/pages\/3211","targetHints":{"allow":["GET"]}}],"collection":[{"href":"https:\/\/simvic.co.uk\/lt\/wp-json\/wp\/v2\/pages"}],"about":[{"href":"https:\/\/simvic.co.uk\/lt\/wp-json\/wp\/v2\/types\/page"}],"author":[{"embeddable":true,"href":"https:\/\/simvic.co.uk\/lt\/wp-json\/wp\/v2\/users\/20"}],"replies":[{"embeddable":true,"href":"https:\/\/simvic.co.uk\/lt\/wp-json\/wp\/v2\/comments?post=3211"}],"version-history":[{"count":0,"href":"https:\/\/simvic.co.uk\/lt\/wp-json\/wp\/v2\/pages\/3211\/revisions"}],"wp:attachment":[{"href":"https:\/\/simvic.co.uk\/lt\/wp-json\/wp\/v2\/media?parent=3211"}],"curies":[{"name":"wp","href":"https:\/\/api.w.org\/{rel}","templated":true}]}}