{"id":3837,"date":"2022-09-05T10:52:38","date_gmt":"2022-09-05T10:52:38","guid":{"rendered":"https:\/\/simvic.co.uk\/?page_id=3837"},"modified":"2023-02-21T12:05:11","modified_gmt":"2023-02-21T12:05:11","slug":"automobiliu-lauzas-londone","status":"publish","type":"page","link":"https:\/\/simvic.co.uk\/lt\/automobiliu-lauzas-londone\/","title":{"rendered":"Automobili\u0173 lau\u017eas Londone"},"content":{"rendered":"<div data-elementor-type=\"wp-page\" data-elementor-id=\"3837\" class=\"elementor elementor-3837\" data-elementor-settings=\"{&quot;ha_cmc_init_switcher&quot;:&quot;no&quot;}\" data-elementor-post-type=\"page\">\n\t\t\t\t\t\t<section class=\"elementor-section elementor-top-section elementor-element elementor-element-4533638 elementor-section-boxed elementor-section-height-default elementor-section-height-default\" data-id=\"4533638\" data-element_type=\"section\" data-e-type=\"section\" data-settings=\"{&quot;_ha_eqh_enable&quot;:false}\">\n\t\t\t\t\t\t<div class=\"elementor-container elementor-column-gap-default\">\n\t\t\t\t\t<div class=\"elementor-column elementor-col-100 elementor-top-column elementor-element elementor-element-d39ab2d\" data-id=\"d39ab2d\" data-element_type=\"column\" data-e-type=\"column\">\n\t\t\t<div class=\"elementor-widget-wrap elementor-element-populated\">\n\t\t\t\t\t\t<div class=\"elementor-element elementor-element-f618f71 elementor-widget elementor-widget-spacer\" data-id=\"f618f71\" data-element_type=\"widget\" data-e-type=\"widget\" data-widget_type=\"spacer.default\">\n\t\t\t\t<div class=\"elementor-widget-container\">\n\t\t\t\t\t\t\t<div class=\"elementor-spacer\">\n\t\t\t<div class=\"elementor-spacer-inner\"><\/div>\n\t\t<\/div>\n\t\t\t\t\t\t<\/div>\n\t\t\t\t<\/div>\n\t\t\t\t\t<\/div>\n\t\t<\/div>\n\t\t\t\t\t<\/div>\n\t\t<\/section>\n\t\t\t\t<section class=\"elementor-section elementor-top-section elementor-element elementor-element-2c61078 elementor-section-boxed elementor-section-height-default elementor-section-height-default\" data-id=\"2c61078\" data-element_type=\"section\" data-e-type=\"section\" data-settings=\"{&quot;_ha_eqh_enable&quot;:false}\">\n\t\t\t\t\t\t<div class=\"elementor-container elementor-column-gap-default\">\n\t\t\t\t\t<div class=\"elementor-column elementor-col-50 elementor-top-column elementor-element elementor-element-ebd9c46\" data-id=\"ebd9c46\" data-element_type=\"column\" data-e-type=\"column\">\n\t\t\t<div class=\"elementor-widget-wrap elementor-element-populated\">\n\t\t\t\t\t\t<div class=\"elementor-element elementor-element-ca66825 elementor-widget elementor-widget-heading\" data-id=\"ca66825\" data-element_type=\"widget\" data-e-type=\"widget\" data-widget_type=\"heading.default\">\n\t\t\t\t<div class=\"elementor-widget-container\">\n\t\t\t\t\t<h1 class=\"elementor-heading-title elementor-size-default\"><b>Automobili\u0173 lau\u017eas Londone<\/b><\/h1>\t\t\t\t<\/div>\n\t\t\t\t<\/div>\n\t\t\t\t<div class=\"elementor-element elementor-element-e7a9600 elementor-widget elementor-widget-text-editor\" data-id=\"e7a9600\" data-element_type=\"widget\" data-e-type=\"widget\" data-widget_type=\"text-editor.default\">\n\t\t\t\t<div class=\"elementor-widget-container\">\n\t\t\t\t\t\t\t\t\t<p>Jei j\u016bs\u0173 senas automobilis neb\u0117ra patikimas va\u017eiuoti keliu ir prastai veikia, j\u012f reikia atiduoti \u012f metalo lau\u017e\u0105. Jums r\u016bpi, k\u0105 daryti su automobiliu. \u010cia galite atiduoti automobil\u012f \u012f metalo lau\u017e\u0105 ir gauti pageidaujam\u0105 did\u017eiausi\u0105 vert\u0119. \u0160iam tikslui turite i\u0161tirti automobili\u0173 lau\u017eyno Londone galimybes, kad u\u017e sen\u0105 automobil\u012f gautum\u0117te pakankam\u0105 pinig\u0173 sum\u0105, pasinaudodami galimybe j\u012f atiduoti \u012f metalo lau\u017e\u0105.<br \/>Kad gautum\u0117te ger\u0105 pinig\u0173 sum\u0105, turite atsisakyti kai kuri\u0173 b\u016btin\u0173 dalyk\u0173, kad j\u016bs\u0173 senas automobilis gaut\u0173 ger\u0105 metalo lau\u017eo vert\u0119. Taigi, pasistenkite visko laikytis, kad gal\u0117tum\u0117te lengvai u\u017emegzti ry\u0161\u012f su automobili\u0173 lau\u017eo pardav\u0117ju.<\/p>\t\t\t\t\t\t\t\t<\/div>\n\t\t\t\t<\/div>\n\t\t\t\t<section class=\"elementor-section elementor-inner-section elementor-element elementor-element-c415fc4 elementor-section-boxed elementor-section-height-default elementor-section-height-default\" data-id=\"c415fc4\" data-element_type=\"section\" data-e-type=\"section\" data-settings=\"{&quot;_ha_eqh_enable&quot;:false}\">\n\t\t\t\t\t\t<div class=\"elementor-container elementor-column-gap-default\">\n\t\t\t\t\t<div class=\"elementor-column elementor-col-50 elementor-inner-column elementor-element elementor-element-7b48c92\" data-id=\"7b48c92\" data-element_type=\"column\" data-e-type=\"column\">\n\t\t\t<div class=\"elementor-widget-wrap elementor-element-populated\">\n\t\t\t\t\t\t<div class=\"elementor-element elementor-element-43bf9fd elementor-widget elementor-widget-image\" data-id=\"43bf9fd\" data-element_type=\"widget\" data-e-type=\"widget\" data-widget_type=\"image.default\">\n\t\t\t\t<div class=\"elementor-widget-container\">\n\t\t\t\t\t\t\t\t\t\t\t\t\t\t\t<img fetchpriority=\"high\" decoding=\"async\" width=\"300\" height=\"300\" src=\"https:\/\/simvic.co.uk\/wp-content\/uploads\/2022\/10\/scrap-car-300x300.png\" class=\"attachment-medium size-medium wp-image-4472\" alt=\"automobili\u0173 lau\u017eas Londone\" srcset=\"https:\/\/simvic.co.uk\/wp-content\/uploads\/2022\/10\/scrap-car-300x300.png 300w, https:\/\/simvic.co.uk\/wp-content\/uploads\/2022\/10\/scrap-car-1024x1024.png 1024w, https:\/\/simvic.co.uk\/wp-content\/uploads\/2022\/10\/scrap-car-150x150.png 150w, https:\/\/simvic.co.uk\/wp-content\/uploads\/2022\/10\/scrap-car-768x768.png 768w, https:\/\/simvic.co.uk\/wp-content\/uploads\/2022\/10\/scrap-car-12x12.png 12w, https:\/\/simvic.co.uk\/wp-content\/uploads\/2022\/10\/scrap-car-595xh.png 595w, https:\/\/simvic.co.uk\/wp-content\/uploads\/2022\/10\/scrap-car-125x125.png 125w, https:\/\/simvic.co.uk\/wp-content\/uploads\/2022\/10\/scrap-car-640x640.png 640w, https:\/\/simvic.co.uk\/wp-content\/uploads\/2022\/10\/scrap-car.png 1080w\" sizes=\"(max-width: 300px) 100vw, 300px\" title=\"\">\t\t\t\t\t\t\t\t\t\t\t\t\t\t\t<\/div>\n\t\t\t\t<\/div>\n\t\t\t\t\t<\/div>\n\t\t<\/div>\n\t\t\t\t<div class=\"elementor-column elementor-col-50 elementor-inner-column elementor-element elementor-element-5daff5e\" data-id=\"5daff5e\" data-element_type=\"column\" data-e-type=\"column\">\n\t\t\t<div class=\"elementor-widget-wrap elementor-element-populated\">\n\t\t\t\t\t\t<div class=\"elementor-element elementor-element-365866b elementor-widget elementor-widget-image\" data-id=\"365866b\" data-element_type=\"widget\" data-e-type=\"widget\" data-widget_type=\"image.default\">\n\t\t\t\t<div class=\"elementor-widget-container\">\n\t\t\t\t\t\t\t\t\t\t\t\t\t\t\t<img decoding=\"async\" width=\"300\" height=\"300\" src=\"https:\/\/simvic.co.uk\/wp-content\/uploads\/2022\/10\/Untitled-design-44-300x300.png\" class=\"attachment-medium size-medium wp-image-4171\" alt=\"Automobili\u0173 lau\u017eymo specialistai\" srcset=\"https:\/\/simvic.co.uk\/wp-content\/uploads\/2022\/10\/Untitled-design-44-300x300.png 300w, https:\/\/simvic.co.uk\/wp-content\/uploads\/2022\/10\/Untitled-design-44-1024x1024.png 1024w, https:\/\/simvic.co.uk\/wp-content\/uploads\/2022\/10\/Untitled-design-44-150x150.png 150w, https:\/\/simvic.co.uk\/wp-content\/uploads\/2022\/10\/Untitled-design-44-768x768.png 768w, https:\/\/simvic.co.uk\/wp-content\/uploads\/2022\/10\/Untitled-design-44-12x12.png 12w, https:\/\/simvic.co.uk\/wp-content\/uploads\/2022\/10\/Untitled-design-44-595xh.png 595w, https:\/\/simvic.co.uk\/wp-content\/uploads\/2022\/10\/Untitled-design-44-125x125.png 125w, https:\/\/simvic.co.uk\/wp-content\/uploads\/2022\/10\/Untitled-design-44-640x640.png 640w, https:\/\/simvic.co.uk\/wp-content\/uploads\/2022\/10\/Untitled-design-44.png 1080w\" sizes=\"(max-width: 300px) 100vw, 300px\" title=\"\">\t\t\t\t\t\t\t\t\t\t\t\t\t\t\t<\/div>\n\t\t\t\t<\/div>\n\t\t\t\t\t<\/div>\n\t\t<\/div>\n\t\t\t\t\t<\/div>\n\t\t<\/section>\n\t\t\t\t\t<\/div>\n\t\t<\/div>\n\t\t\t\t<div class=\"elementor-column elementor-col-50 elementor-top-column elementor-element elementor-element-8c6cd97\" data-id=\"8c6cd97\" data-element_type=\"column\" data-e-type=\"column\">\n\t\t\t<div class=\"elementor-widget-wrap elementor-element-populated\">\n\t\t\t\t\t\t<div class=\"elementor-element elementor-element-aa4ce45 elementor-widget elementor-widget-image\" data-id=\"aa4ce45\" data-element_type=\"widget\" data-e-type=\"widget\" data-widget_type=\"image.default\">\n\t\t\t\t<div class=\"elementor-widget-container\">\n\t\t\t\t\t\t\t\t\t\t\t\t\t\t\t<img decoding=\"async\" width=\"800\" height=\"800\" src=\"https:\/\/simvic.co.uk\/wp-content\/uploads\/2022\/09\/Untitled-design-2022-09-05T215209.548-1024x1024.png\" class=\"attachment-large size-large wp-image-3877\" alt=\"Senas automobilis, skirtas metalo lau\u017eui\" srcset=\"https:\/\/simvic.co.uk\/wp-content\/uploads\/2022\/09\/Untitled-design-2022-09-05T215209.548-1024x1024.png 1024w, https:\/\/simvic.co.uk\/wp-content\/uploads\/2022\/09\/Untitled-design-2022-09-05T215209.548-300x300.png 300w, https:\/\/simvic.co.uk\/wp-content\/uploads\/2022\/09\/Untitled-design-2022-09-05T215209.548-150x150.png 150w, https:\/\/simvic.co.uk\/wp-content\/uploads\/2022\/09\/Untitled-design-2022-09-05T215209.548-768x768.png 768w, https:\/\/simvic.co.uk\/wp-content\/uploads\/2022\/09\/Untitled-design-2022-09-05T215209.548-12x12.png 12w, https:\/\/simvic.co.uk\/wp-content\/uploads\/2022\/09\/Untitled-design-2022-09-05T215209.548-595xh.png 595w, https:\/\/simvic.co.uk\/wp-content\/uploads\/2022\/09\/Untitled-design-2022-09-05T215209.548-125x125.png 125w, https:\/\/simvic.co.uk\/wp-content\/uploads\/2022\/09\/Untitled-design-2022-09-05T215209.548-640x640.png 640w, https:\/\/simvic.co.uk\/wp-content\/uploads\/2022\/09\/Untitled-design-2022-09-05T215209.548.png 1080w\" sizes=\"(max-width: 800px) 100vw, 800px\" title=\"\">\t\t\t\t\t\t\t\t\t\t\t\t\t\t\t<\/div>\n\t\t\t\t<\/div>\n\t\t\t\t\t<\/div>\n\t\t<\/div>\n\t\t\t\t\t<\/div>\n\t\t<\/section>\n\t\t\t\t<section class=\"elementor-section elementor-top-section elementor-element elementor-element-f09e9a7 elementor-section-boxed elementor-section-height-default elementor-section-height-default\" data-id=\"f09e9a7\" data-element_type=\"section\" data-e-type=\"section\" data-settings=\"{&quot;_ha_eqh_enable&quot;:false}\">\n\t\t\t\t\t\t<div class=\"elementor-container elementor-column-gap-default\">\n\t\t\t\t\t<div class=\"elementor-column elementor-col-50 elementor-top-column elementor-element elementor-element-74e2025\" data-id=\"74e2025\" data-element_type=\"column\" data-e-type=\"column\">\n\t\t\t<div class=\"elementor-widget-wrap elementor-element-populated\">\n\t\t\t\t\t\t<div class=\"elementor-element elementor-element-0d03cfd elementor-widget elementor-widget-image\" data-id=\"0d03cfd\" data-element_type=\"widget\" data-e-type=\"widget\" data-widget_type=\"image.default\">\n\t\t\t\t<div class=\"elementor-widget-container\">\n\t\t\t\t\t\t\t\t\t\t\t\t\t\t\t<img loading=\"lazy\" decoding=\"async\" width=\"800\" height=\"800\" src=\"https:\/\/simvic.co.uk\/wp-content\/uploads\/2022\/10\/car-scrap-1024x1024.png\" class=\"attachment-large size-large wp-image-4478\" alt=\"automobili\u0173 lau\u017eas\" srcset=\"https:\/\/simvic.co.uk\/wp-content\/uploads\/2022\/10\/car-scrap-1024x1024.png 1024w, https:\/\/simvic.co.uk\/wp-content\/uploads\/2022\/10\/car-scrap-300x300.png 300w, https:\/\/simvic.co.uk\/wp-content\/uploads\/2022\/10\/car-scrap-150x150.png 150w, https:\/\/simvic.co.uk\/wp-content\/uploads\/2022\/10\/car-scrap-768x768.png 768w, https:\/\/simvic.co.uk\/wp-content\/uploads\/2022\/10\/car-scrap-12x12.png 12w, https:\/\/simvic.co.uk\/wp-content\/uploads\/2022\/10\/car-scrap-595xh.png 595w, https:\/\/simvic.co.uk\/wp-content\/uploads\/2022\/10\/car-scrap-125x125.png 125w, https:\/\/simvic.co.uk\/wp-content\/uploads\/2022\/10\/car-scrap-640x640.png 640w, https:\/\/simvic.co.uk\/wp-content\/uploads\/2022\/10\/car-scrap.png 1080w\" sizes=\"(max-width: 800px) 100vw, 800px\" title=\"\">\t\t\t\t\t\t\t\t\t\t\t\t\t\t\t<\/div>\n\t\t\t\t<\/div>\n\t\t\t\t<section class=\"elementor-section elementor-inner-section elementor-element elementor-element-4a6da3d elementor-section-boxed elementor-section-height-default elementor-section-height-default\" data-id=\"4a6da3d\" data-element_type=\"section\" data-e-type=\"section\" data-settings=\"{&quot;_ha_eqh_enable&quot;:false}\">\n\t\t\t\t\t\t<div class=\"elementor-container elementor-column-gap-default\">\n\t\t\t\t\t<div class=\"elementor-column elementor-col-50 elementor-inner-column elementor-element elementor-element-ce373c0\" data-id=\"ce373c0\" data-element_type=\"column\" data-e-type=\"column\">\n\t\t\t<div class=\"elementor-widget-wrap elementor-element-populated\">\n\t\t\t\t\t\t<div class=\"elementor-element elementor-element-aacc122 elementor-widget elementor-widget-image\" data-id=\"aacc122\" data-element_type=\"widget\" data-e-type=\"widget\" data-widget_type=\"image.default\">\n\t\t\t\t<div class=\"elementor-widget-container\">\n\t\t\t\t\t\t\t\t\t\t\t\t\t\t\t<img loading=\"lazy\" decoding=\"async\" width=\"800\" height=\"800\" src=\"https:\/\/simvic.co.uk\/wp-content\/uploads\/2022\/09\/Untitled-design-2022-09-05T163938.854-1024x1024.png\" class=\"attachment-large size-large wp-image-3843\" alt=\"Metalo lau\u017eas Senas automobilis\" srcset=\"https:\/\/simvic.co.uk\/wp-content\/uploads\/2022\/09\/Untitled-design-2022-09-05T163938.854-1024x1024.png 1024w, https:\/\/simvic.co.uk\/wp-content\/uploads\/2022\/09\/Untitled-design-2022-09-05T163938.854-300x300.png 300w, https:\/\/simvic.co.uk\/wp-content\/uploads\/2022\/09\/Untitled-design-2022-09-05T163938.854-150x150.png 150w, https:\/\/simvic.co.uk\/wp-content\/uploads\/2022\/09\/Untitled-design-2022-09-05T163938.854-768x768.png 768w, https:\/\/simvic.co.uk\/wp-content\/uploads\/2022\/09\/Untitled-design-2022-09-05T163938.854-12x12.png 12w, https:\/\/simvic.co.uk\/wp-content\/uploads\/2022\/09\/Untitled-design-2022-09-05T163938.854-595xh.png 595w, https:\/\/simvic.co.uk\/wp-content\/uploads\/2022\/09\/Untitled-design-2022-09-05T163938.854-125x125.png 125w, https:\/\/simvic.co.uk\/wp-content\/uploads\/2022\/09\/Untitled-design-2022-09-05T163938.854-640x640.png 640w, https:\/\/simvic.co.uk\/wp-content\/uploads\/2022\/09\/Untitled-design-2022-09-05T163938.854.png 1080w\" sizes=\"(max-width: 800px) 100vw, 800px\" title=\"\">\t\t\t\t\t\t\t\t\t\t\t\t\t\t\t<\/div>\n\t\t\t\t<\/div>\n\t\t\t\t\t<\/div>\n\t\t<\/div>\n\t\t\t\t<div class=\"elementor-column elementor-col-50 elementor-inner-column elementor-element elementor-element-7a7b4cd\" data-id=\"7a7b4cd\" data-element_type=\"column\" data-e-type=\"column\">\n\t\t\t<div class=\"elementor-widget-wrap elementor-element-populated\">\n\t\t\t\t\t\t<div class=\"elementor-element elementor-element-635ee6e elementor-widget elementor-widget-image\" data-id=\"635ee6e\" data-element_type=\"widget\" data-e-type=\"widget\" data-widget_type=\"image.default\">\n\t\t\t\t<div class=\"elementor-widget-container\">\n\t\t\t\t\t\t\t\t\t\t\t\t\t\t\t<img loading=\"lazy\" decoding=\"async\" width=\"800\" height=\"800\" src=\"https:\/\/simvic.co.uk\/wp-content\/uploads\/2022\/10\/car-scrap-uk-1024x1024.png\" class=\"attachment-large size-large wp-image-4474\" alt=\"automobili\u0173 lau\u017eas Londone\" srcset=\"https:\/\/simvic.co.uk\/wp-content\/uploads\/2022\/10\/car-scrap-uk-1024x1024.png 1024w, https:\/\/simvic.co.uk\/wp-content\/uploads\/2022\/10\/car-scrap-uk-300x300.png 300w, https:\/\/simvic.co.uk\/wp-content\/uploads\/2022\/10\/car-scrap-uk-150x150.png 150w, https:\/\/simvic.co.uk\/wp-content\/uploads\/2022\/10\/car-scrap-uk-768x768.png 768w, https:\/\/simvic.co.uk\/wp-content\/uploads\/2022\/10\/car-scrap-uk-12x12.png 12w, https:\/\/simvic.co.uk\/wp-content\/uploads\/2022\/10\/car-scrap-uk-595xh.png 595w, https:\/\/simvic.co.uk\/wp-content\/uploads\/2022\/10\/car-scrap-uk-125x125.png 125w, https:\/\/simvic.co.uk\/wp-content\/uploads\/2022\/10\/car-scrap-uk-640x640.png 640w, https:\/\/simvic.co.uk\/wp-content\/uploads\/2022\/10\/car-scrap-uk.png 1080w\" sizes=\"(max-width: 800px) 100vw, 800px\" title=\"\">\t\t\t\t\t\t\t\t\t\t\t\t\t\t\t<\/div>\n\t\t\t\t<\/div>\n\t\t\t\t\t<\/div>\n\t\t<\/div>\n\t\t\t\t\t<\/div>\n\t\t<\/section>\n\t\t\t\t\t<\/div>\n\t\t<\/div>\n\t\t\t\t<div class=\"elementor-column elementor-col-50 elementor-top-column elementor-element elementor-element-032fbe5\" data-id=\"032fbe5\" data-element_type=\"column\" data-e-type=\"column\">\n\t\t\t<div class=\"elementor-widget-wrap elementor-element-populated\">\n\t\t\t\t\t\t<div class=\"elementor-element elementor-element-eb8c496 elementor-widget elementor-widget-heading\" data-id=\"eb8c496\" data-element_type=\"widget\" data-e-type=\"widget\" data-widget_type=\"heading.default\">\n\t\t\t\t<div class=\"elementor-widget-container\">\n\t\t\t\t\t<h1 class=\"elementor-heading-title elementor-size-default\">Automobili\u0173 lau\u017eymo procesas Londone nuo nulio iki galo\n<\/h1>\t\t\t\t<\/div>\n\t\t\t\t<\/div>\n\t\t\t\t<div class=\"elementor-element elementor-element-b2cc96a elementor-widget elementor-widget-text-editor\" data-id=\"b2cc96a\" data-element_type=\"widget\" data-e-type=\"widget\" data-widget_type=\"text-editor.default\">\n\t\t\t\t<div class=\"elementor-widget-container\">\n\t\t\t\t\t\t\t\t\t<p>Nors j\u016bs\u0173 automobilis yra per senas, vis tiek turite juo r\u016bpintis kaip nauju, jei norite, kad u\u017e j\u012f b\u016bt\u0173 mokami dideli pinigai. \u0160iame straipsnyje aptarsime kelet\u0105 b\u016btin\u0173 dalyk\u0173, kuriuos tur\u0117tum\u0117te pritaikyti savo automobiliui, kad gautum\u0117te did\u017eiausi\u0105 metalo lau\u017eo vert\u0119:<\/p><ul><li><strong>Laikykite automobil\u012f tvarking\u0105 ir \u0161var\u0173, kad gal\u0117tum\u0117te j\u012f parduoti:<\/strong><br \/>Tai pirmas \u017eingsnis atiduodant \u012f metalo lau\u017e\u0105 didel\u0117s vert\u0117s automobil\u012f. \u012esitikinkite, kad j\u016bs\u0173 automobilis i\u0161 vidaus yra geros b\u016bkl\u0117s. Jei j\u016bs\u0173 automobilis yra geriausios b\u016bkl\u0117s, galite lengvai gauti norim\u0105 pinig\u0173 sum\u0105.<\/li><li><strong>Pasir\u016bpinkite automobilio dalimis:<br \/><\/strong>Nusprend\u0119 atiduoti sen\u0105 automobil\u012f \u012f metalo lau\u017e\u0105, nei\u0161imkite jokios automobilio dalies. Tokia praktika gali leisti jums u\u017edirbti daugiausiai pinig\u0173 u\u017e sen\u0105 automobil\u012f.<strong><br \/><\/strong><\/li><li><strong>Panaudokite visus degalus:<\/strong><br \/>Taip, prie\u0161 atiduodami automobil\u012f \u012f metalo lau\u017e\u0105 pabandykite i\u0161naudoti visus degalus. Jis gali jums nieko neduoti, jei paliksite nors la\u0161el\u012f degal\u0173 automobilio bake, o ne juos i\u0161\u0161vaistysite. Tiesiog pasilikite \u0161iek tiek degal\u0173, kad pasiektum\u0117te metalo lau\u017e\u0105.<\/li><li><strong>Palyginkite su kitais pardav\u0117jais:<\/strong><br \/>Tai pagrindinis \u017eingsnis siekiant gauti didel\u012f u\u017emokest\u012f, nes kiekvienas prekiautojas turi savo kain\u0173 politik\u0105. Tod\u0117l, nor\u0117dami gauti geriausi\u0105 pasi\u016blym\u0105, turite susisiekti su visais artimiausiais vietovei metalo lau\u017eo supirktuv\u0117mis. Taip gal\u0117site palyginti vis\u0173 prekiautoj\u0173 kainas ir gauti ger\u0105 pinig\u0173 sum\u0105.<\/li><li><strong>B\u016bkite s\u0105\u017einingi:<\/strong><br \/>Stenkit\u0117s b\u016bti nuo\u0161ird\u016bs, kai sen\u0105 automobil\u012f atiduodate \u012f metalo lau\u017e\u0105. Tai geriausias b\u016bdas i\u0161vengti ma\u017eesni\u0173 kain\u0173, o parodydami savo lojalum\u0105 galite \u017eengti \u012f priek\u012f ir gauti pakankamai norim\u0173 pinig\u0173.<\/li><\/ul>\t\t\t\t\t\t\t\t<\/div>\n\t\t\t\t<\/div>\n\t\t\t\t\t<\/div>\n\t\t<\/div>\n\t\t\t\t\t<\/div>\n\t\t<\/section>\n\t\t\t\t<section class=\"elementor-section elementor-top-section elementor-element elementor-element-5fa3282f elementor-section-boxed elementor-section-height-default elementor-section-height-default\" data-id=\"5fa3282f\" data-element_type=\"section\" data-e-type=\"section\" data-settings=\"{&quot;_ha_eqh_enable&quot;:false}\">\n\t\t\t\t\t\t<div class=\"elementor-container elementor-column-gap-default\">\n\t\t\t\t\t<div class=\"elementor-column elementor-col-100 elementor-top-column elementor-element elementor-element-3a882a34\" data-id=\"3a882a34\" data-element_type=\"column\" data-e-type=\"column\">\n\t\t\t<div class=\"elementor-widget-wrap elementor-element-populated\">\n\t\t\t\t\t\t<div class=\"elementor-element elementor-element-20bf9df elementor-widget elementor-widget-heading\" data-id=\"20bf9df\" data-element_type=\"widget\" data-e-type=\"widget\" data-widget_type=\"heading.default\">\n\t\t\t\t<div class=\"elementor-widget-container\">\n\t\t\t\t\t<h1 class=\"elementor-heading-title elementor-size-default\"><b>DUK:<\/b><\/h1>\t\t\t\t<\/div>\n\t\t\t\t<\/div>\n\t\t\t\t<div class=\"elementor-element elementor-element-687dc71 elementor-widget elementor-widget-text-editor\" data-id=\"687dc71\" data-element_type=\"widget\" data-e-type=\"widget\" data-widget_type=\"text-editor.default\">\n\t\t\t\t<div class=\"elementor-widget-container\">\n\t\t\t\t\t\t\t\t\t<p><strong>Ar prie\u0161 atiduodant automobil\u012f \u012f metalo lau\u017e\u0105 b\u016btina parengti teisinius dokumentus?<\/strong><br \/>Sen\u0105 automobil\u012f atiduoti \u012f metalo lau\u017e\u0105. Jums tereikia asmens tapatyb\u0119 patvirtinan\u010dio dokumento ir nieko daugiau. \u010cia jums nereikia prid\u0117ti teisini\u0173 dokument\u0173, kad gal\u0117tum\u0117te atiduoti automobil\u012f \u012f metalo lau\u017e\u0105.<\/p><p><strong>Kod\u0117l renkam\u0117s \"Simvic\" automobili\u0173 lau\u017eui Londone?<\/strong><br \/>\"Simvic\" yra geriausia vieta susisiekti su patikimiausiu klient\u0173 aptarnavimu ir puikia grandymo patirtimi. Kiekvienas gali gauti didesn\u0119 automobili\u0173 metalo lau\u017eo vert\u0119, taip pat \u0161ilt\u0105 svetingum\u0105 ir i\u0161sami\u0105 informacij\u0105 apie giminai\u010dius, jei bendrauja su mumis.<\/p><ul><li><strong>9 ir daugiau met\u0173 rinkoje<\/strong><\/li><li><strong>Geriausios kainos<\/strong><\/li><li><strong>Automobilio lau\u017eymas<\/strong><\/li><li><strong>Nemokama kolekcija<\/strong><\/li><li><strong>Mes perdirbame<\/strong><\/li><\/ul><p><strong>I\u0161vados:<\/strong><\/p><p>Auk\u0161\u010diau pateiktoje diskusijoje pristatomi keli esminiai \u017eingsniai, kuriuos atlikdamas kiekvienas gali atiduoti automobil\u012f \u012f metalo lau\u017e\u0105 Londone.<br \/>Galite susisiekti su \"simvic\" metalo lau\u017eo aik\u0161tele, nes mes si\u016blome geriausi\u0105 patirt\u012f ir u\u017etikriname, kad u\u017e metalo lau\u017e\u0105 gausime solid\u017eias sumas.<\/p>\t\t\t\t\t\t\t\t<\/div>\n\t\t\t\t<\/div>\n\t\t\t\t<div class=\"elementor-element elementor-element-8b24347 elementor-widget elementor-widget-heading\" data-id=\"8b24347\" data-element_type=\"widget\" data-e-type=\"widget\" data-widget_type=\"heading.default\">\n\t\t\t\t<div class=\"elementor-widget-container\">\n\t\t\t\t\t<h2 class=\"elementor-heading-title elementor-size-default\"><a href=\"https:\/\/en.wikipedia.org\/wiki\/Scrap\" target=\"_blank\" rel=\"noopener\">Informacija apie metalo lau\u017e\u0105<\/a><\/h2>\t\t\t\t<\/div>\n\t\t\t\t<\/div>\n\t\t\t\t<div class=\"elementor-element elementor-element-5e403e5 elementor-align-left elementor-widget elementor-widget-button\" data-id=\"5e403e5\" data-element_type=\"widget\" data-e-type=\"widget\" data-widget_type=\"button.default\">\n\t\t\t\t<div class=\"elementor-widget-container\">\n\t\t\t\t\t\t\t\t\t<div class=\"elementor-button-wrapper\">\n\t\t\t\t\t<a class=\"elementor-button elementor-button-link elementor-size-lg\" href=\"https:\/\/simvic.co.uk\/lt\/susisiekite-su-mumis\/\">\n\t\t\t\t\t\t<span class=\"elementor-button-content-wrapper\">\n\t\t\t\t\t\t\t\t\t<span class=\"elementor-button-text\">Susisiekite su mumis<\/span>\n\t\t\t\t\t<\/span>\n\t\t\t\t\t<\/a>\n\t\t\t\t<\/div>\n\t\t\t\t\t\t\t\t<\/div>\n\t\t\t\t<\/div>\n\t\t\t\t<div class=\"elementor-element elementor-element-a1cf34d elementor-widget elementor-widget-spacer\" data-id=\"a1cf34d\" data-element_type=\"widget\" data-e-type=\"widget\" data-widget_type=\"spacer.default\">\n\t\t\t\t<div class=\"elementor-widget-container\">\n\t\t\t\t\t\t\t<div class=\"elementor-spacer\">\n\t\t\t<div class=\"elementor-spacer-inner\"><\/div>\n\t\t<\/div>\n\t\t\t\t\t\t<\/div>\n\t\t\t\t<\/div>\n\t\t\t\t\t<\/div>\n\t\t<\/div>\n\t\t\t\t\t<\/div>\n\t\t<\/section>\n\t\t\t\t<section class=\"elementor-section elementor-top-section elementor-element elementor-element-bd4394f elementor-section-boxed elementor-section-height-default elementor-section-height-default\" data-id=\"bd4394f\" data-element_type=\"section\" data-e-type=\"section\" data-settings=\"{&quot;_ha_eqh_enable&quot;:false}\">\n\t\t\t\t\t\t<div class=\"elementor-container elementor-column-gap-default\">\n\t\t\t\t\t<div class=\"elementor-column elementor-col-100 elementor-top-column elementor-element elementor-element-76b8ece\" data-id=\"76b8ece\" data-element_type=\"column\" data-e-type=\"column\">\n\t\t\t<div class=\"elementor-widget-wrap elementor-element-populated\">\n\t\t\t\t\t\t<div class=\"elementor-element elementor-element-457317e elementor-widget elementor-widget-spacer\" data-id=\"457317e\" data-element_type=\"widget\" data-e-type=\"widget\" data-widget_type=\"spacer.default\">\n\t\t\t\t<div class=\"elementor-widget-container\">\n\t\t\t\t\t\t\t<div class=\"elementor-spacer\">\n\t\t\t<div class=\"elementor-spacer-inner\"><\/div>\n\t\t<\/div>\n\t\t\t\t\t\t<\/div>\n\t\t\t\t<\/div>\n\t\t\t\t\t<\/div>\n\t\t<\/div>\n\t\t\t\t\t<\/div>\n\t\t<\/section>\n\t\t\t\t<\/div>","protected":false},"excerpt":{"rendered":"<p>Car Scrap London If your old car is no longer trustworthy to hit the road and gives you poor performance, you need to consider it a scrap. It is a matter of concern for you what to do with the car. Here, you can scrap your car and get the preferred highest values. For this [&hellip;]<\/p>\n","protected":false},"author":20,"featured_media":0,"parent":0,"menu_order":0,"comment_status":"closed","ping_status":"closed","template":"elementor_header_footer","meta":{"om_disable_all_campaigns":false,"inline_featured_image":false,"_monsterinsights_skip_tracking":false,"_monsterinsights_sitenote_active":false,"_monsterinsights_sitenote_note":"","_monsterinsights_sitenote_category":0,"footnotes":""},"class_list":["post-3837","page","type-page","status-publish","hentry"],"_links":{"self":[{"href":"https:\/\/simvic.co.uk\/lt\/wp-json\/wp\/v2\/pages\/3837","targetHints":{"allow":["GET"]}}],"collection":[{"href":"https:\/\/simvic.co.uk\/lt\/wp-json\/wp\/v2\/pages"}],"about":[{"href":"https:\/\/simvic.co.uk\/lt\/wp-json\/wp\/v2\/types\/page"}],"author":[{"embeddable":true,"href":"https:\/\/simvic.co.uk\/lt\/wp-json\/wp\/v2\/users\/20"}],"replies":[{"embeddable":true,"href":"https:\/\/simvic.co.uk\/lt\/wp-json\/wp\/v2\/comments?post=3837"}],"version-history":[{"count":0,"href":"https:\/\/simvic.co.uk\/lt\/wp-json\/wp\/v2\/pages\/3837\/revisions"}],"wp:attachment":[{"href":"https:\/\/simvic.co.uk\/lt\/wp-json\/wp\/v2\/media?parent=3837"}],"curies":[{"name":"wp","href":"https:\/\/api.w.org\/{rel}","templated":true}]}}