{"id":10534,"date":"2023-03-25T10:49:49","date_gmt":"2023-03-25T10:49:49","guid":{"rendered":"https:\/\/simvic.co.uk\/?page_id=10534"},"modified":"2023-03-25T11:10:50","modified_gmt":"2023-03-25T11:10:50","slug":"covid-19-update-from-simvic","status":"publish","type":"page","link":"https:\/\/simvic.co.uk\/lv\/covid-19-update-from-simvic\/","title":{"rendered":"covid-19-update-from-Simvic"},"content":{"rendered":"<div data-elementor-type=\"wp-page\" data-elementor-id=\"10534\" class=\"elementor elementor-10534\" data-elementor-settings=\"{&quot;ha_cmc_init_switcher&quot;:&quot;no&quot;}\" data-elementor-post-type=\"page\">\n\t\t\t\t\t\t<section class=\"elementor-section elementor-top-section elementor-element elementor-element-ed2f085 elementor-section-boxed elementor-section-height-default elementor-section-height-default\" data-id=\"ed2f085\" data-element_type=\"section\" data-e-type=\"section\" data-settings=\"{&quot;_ha_eqh_enable&quot;:false}\">\n\t\t\t\t\t\t<div class=\"elementor-container elementor-column-gap-default\">\n\t\t\t\t\t<div class=\"elementor-column elementor-col-100 elementor-top-column elementor-element elementor-element-657c9a0\" data-id=\"657c9a0\" data-element_type=\"column\" data-e-type=\"column\">\n\t\t\t<div class=\"elementor-widget-wrap elementor-element-populated\">\n\t\t\t\t\t\t<div class=\"elementor-element elementor-element-01cfd7d elementor-widget elementor-widget-heading\" data-id=\"01cfd7d\" data-element_type=\"widget\" data-e-type=\"widget\" data-widget_type=\"heading.default\">\n\t\t\t\t<div class=\"elementor-widget-container\">\n\t\t\t\t\t<h1 class=\"elementor-heading-title elementor-size-default\">\nAtv\u0113rts k\u0101 parasti. M\u016bsu COVID dro\u0161\u012bbas pas\u0101kumus lasiet \u0161eit.<\/h1>\t\t\t\t<\/div>\n\t\t\t\t<\/div>\n\t\t\t\t\t<\/div>\n\t\t<\/div>\n\t\t\t\t\t<\/div>\n\t\t<\/section>\n\t\t\t\t<section class=\"elementor-section elementor-top-section elementor-element elementor-element-44858d8 elementor-section-boxed elementor-section-height-default elementor-section-height-default\" data-id=\"44858d8\" data-element_type=\"section\" data-e-type=\"section\" data-settings=\"{&quot;background_background&quot;:&quot;classic&quot;,&quot;_ha_eqh_enable&quot;:false}\">\n\t\t\t\t\t\t<div class=\"elementor-container elementor-column-gap-default\">\n\t\t\t\t\t<div class=\"elementor-column elementor-col-100 elementor-top-column elementor-element elementor-element-da90883\" data-id=\"da90883\" data-element_type=\"column\" data-e-type=\"column\">\n\t\t\t<div class=\"elementor-widget-wrap elementor-element-populated\">\n\t\t\t\t\t\t<div class=\"elementor-element elementor-element-4adf713 elementor-widget elementor-widget-heading\" data-id=\"4adf713\" data-element_type=\"widget\" data-e-type=\"widget\" data-widget_type=\"heading.default\">\n\t\t\t\t<div class=\"elementor-widget-container\">\n\t\t\t\t\t<p class=\"elementor-heading-title elementor-size-default\">Nododiet savu met\u0101lu met\u0101ll\u016b\u017e\u0146os pie mums jau \u0161odien!\n<\/p>\t\t\t\t<\/div>\n\t\t\t\t<\/div>\n\t\t\t\t<div class=\"elementor-element elementor-element-8f74679 elementor-widget elementor-widget-heading\" data-id=\"8f74679\" data-element_type=\"widget\" data-e-type=\"widget\" data-widget_type=\"heading.default\">\n\t\t\t\t<div class=\"elementor-widget-container\">\n\t\t\t\t\t<h6 class=\"elementor-heading-title elementor-size-default\">Lab\u0101k\u0101s cenas met\u0101ll\u016b\u017e\u0146iem.<\/h6>\t\t\t\t<\/div>\n\t\t\t\t<\/div>\n\t\t\t\t<div class=\"elementor-element elementor-element-1477b15 elementor-widget elementor-widget-heading\" data-id=\"1477b15\" data-element_type=\"widget\" data-e-type=\"widget\" data-widget_type=\"heading.default\">\n\t\t\t\t<div class=\"elementor-widget-container\">\n\t\t\t\t\t<p class=\"elementor-heading-title elementor-size-default\">Zvaniet mums pa t\u0101lruni: 077 6363 0404<\/p>\t\t\t\t<\/div>\n\t\t\t\t<\/div>\n\t\t\t\t\t<\/div>\n\t\t<\/div>\n\t\t\t\t\t<\/div>\n\t\t<\/section>\n\t\t\t\t<section class=\"elementor-section elementor-top-section elementor-element elementor-element-b8478c8 elementor-section-boxed elementor-section-height-default elementor-section-height-default\" data-id=\"b8478c8\" data-element_type=\"section\" data-e-type=\"section\" data-settings=\"{&quot;_ha_eqh_enable&quot;:false}\">\n\t\t\t\t\t\t<div class=\"elementor-container elementor-column-gap-default\">\n\t\t\t\t\t<div class=\"elementor-column elementor-col-100 elementor-top-column elementor-element elementor-element-e07e089\" data-id=\"e07e089\" data-element_type=\"column\" data-e-type=\"column\">\n\t\t\t<div class=\"elementor-widget-wrap elementor-element-populated\">\n\t\t\t\t\t\t<div class=\"elementor-element elementor-element-7995d04 elementor-widget elementor-widget-spacer\" data-id=\"7995d04\" data-element_type=\"widget\" data-e-type=\"widget\" data-widget_type=\"spacer.default\">\n\t\t\t\t<div class=\"elementor-widget-container\">\n\t\t\t\t\t\t\t<div class=\"elementor-spacer\">\n\t\t\t<div class=\"elementor-spacer-inner\"><\/div>\n\t\t<\/div>\n\t\t\t\t\t\t<\/div>\n\t\t\t\t<\/div>\n\t\t\t\t<div class=\"elementor-element elementor-element-cc91768 elementor-widget elementor-widget-text-editor\" data-id=\"cc91768\" data-element_type=\"widget\" data-e-type=\"widget\" data-widget_type=\"text-editor.default\">\n\t\t\t\t<div class=\"elementor-widget-container\">\n\t\t\t\t\t\t\t\t\t<p><strong>COVID-19 ATJAUNIN\u0100JUMS<\/strong>: M\u016bsu v\u0113rt\u012bgo klientu un komandas locek\u013cu vesel\u012bbas un dro\u0161\u012bbas nodro\u0161in\u0101\u0161ana<\/p>\n<p><strong>Simvic<\/strong> COVID-19 pand\u0113mijas laik\u0101 r\u016bp\u0113jas par savu klientu, darbinieku un sabiedr\u012bbas vesel\u012bbu un dro\u0161\u012bbu. M\u0113s cie\u0161i uzraug\u0101m situ\u0101ciju un iev\u0113rojam Pasaules Vesel\u012bbas organiz\u0101cijas (PVO), Slim\u012bbu kontroles un profilakses centra (CDC) un viet\u0113jo vesel\u012bbas iest\u0101\u017eu ieteikumus, lai nodro\u0161in\u0101tu, ka m\u0113s veicam nepiecie\u0161amos piesardz\u012bbas pas\u0101kumus.<\/p>\n<p>M\u0113s saprotam, cik svar\u012bgi ir m\u016bsu met\u0101ll\u016b\u017e\u0146u sav\u0101k\u0161anas pakalpojumi un k\u0101 tie ietekm\u0113 m\u016bsu klientu dz\u012bvi. T\u0101p\u0113c esam ieviesu\u0161i \u0161\u0101dus pas\u0101kumus, lai aizsarg\u0101tu m\u016bsu klientus un komandas locek\u013cus:<\/p>\n<p>Uzlabota t\u012br\u012b\u0161ana un sanit\u0101rija: M\u0113s esam bie\u017e\u0101k t\u012br\u012bju\u0161i un dezinfic\u0113ju\u0161i savas telpas, apr\u012bkojumu un transportl\u012bdzek\u013cus. Lai samazin\u0101tu infic\u0113\u0161an\u0101s risku, regul\u0101ri tiek dezinfic\u0113tas virsmas, kas ir \u013coti pieskaras, piem\u0113ram, durvju rokturi, darba virsmas un maks\u0101jumu termin\u0101\u013ci.<\/p>\n<p>Soci\u0101l\u0101 distanc\u0113\u0161an\u0101s: Lai uztur\u0113tu dro\u0161u vidi, m\u0113s praktiz\u0113jam soci\u0101lo distanc\u0113\u0161anos gan sav\u0101 iest\u0101d\u0113, gan sav\u0101k\u0161anas pakalpojumu laik\u0101. M\u0113s l\u016bdzam klientus uztur\u0113t vismaz 6 p\u0113du att\u0101lumu no m\u016bsu komandas locek\u013ciem saskarsmes laik\u0101.<\/p>\n<p>Individu\u0101lie aizsardz\u012bbas l\u012bdzek\u013ci (IAL): Lai nodro\u0161in\u0101tu savu dro\u0161\u012bbu un samazin\u0101tu infekcijas p\u0101rne\u0161anas risku, m\u016bsu komandas locek\u013ci ir nodro\u0161in\u0101ti ar atbilsto\u0161iem individu\u0101lajiem aizsardz\u012bbas l\u012bdzek\u013ciem, tostarp sejas mask\u0101m un cimdiem. M\u0113s aicin\u0101m savus klientus valk\u0101t sejas maskas ar\u012b tie\u0161as saskarsmes laik\u0101.<\/p>\n<p>Bezkontakta maks\u0101jumi un tie\u0161saistes pakalpojumi: M\u0113s pied\u0101v\u0101jam bezkontakta maks\u0101jumu iesp\u0113jas un tie\u0161saistes pakalpojumus, lai l\u012bdz minimumam samazin\u0101tu fizisko mijiedarb\u012bbu. Klienti var pl\u0101not sav\u0101k\u0161anu, sa\u0146emt pied\u0101v\u0101jumus un veikt maks\u0101jumus, izmantojot m\u016bsu t\u012bmek\u013ca vietni vai pa t\u0101lruni.<\/p>\n<p>Darbinieku vesel\u012bba: M\u0113s r\u016bp\u012bgi uzraug\u0101m m\u016bsu darbinieku vesel\u012bbu un piepras\u0101m vi\u0146iem palikt m\u0101j\u0101s, ja vi\u0146iem par\u0101d\u0101s jebk\u0101di ar COVID-19 saist\u012bti simptomi. Komandas darbinieki tiek ar\u012b aicin\u0101ti vakcin\u0113ties un sa\u0146emt vesel\u012bbas apr\u016bpes iest\u0101\u017eu ieteikt\u0101s potes.<\/p>\n<p>Past\u0101v\u012bga sazi\u0146a: M\u0113s esam ap\u0146\u0113mu\u0161ies inform\u0113t savus klientus par vis\u0101m izmai\u0146\u0101m m\u016bsu darb\u012bb\u0101 vai pakalpojumos. L\u016bdzu, regul\u0101ri apmekl\u0113jiet m\u016bsu t\u012bmek\u013ca vietni, lai uzzin\u0101tu jaunumus, vai sazinieties ar m\u016bsu klientu atbalsta komandu, ja jums rodas k\u0101di jaut\u0101jumi vai probl\u0113mas.<\/p>\n<p><b>Simvic Limited<\/b> nov\u0113rt\u0113 j\u016bsu nep\u0101rtraukto atbalstu un sapratni \u0161ajos gr\u016btajos laikos. M\u0113s joproj\u0101m esam ap\u0146\u0113mu\u0161ies sniegt visaugst\u0101k\u0101 l\u012bme\u0146a pakalpojumus, vienlaikus nodro\u0161inot visu iesaist\u012bto personu vesel\u012bbu un dro\u0161\u012bbu. Kop\u0101 m\u0113s varam p\u0101rvar\u0113t \u0161os nedro\u0161os laikus un k\u013c\u016bt stipr\u0101ki k\u0101 kopiena.<\/p>\n<p>Ja jums ir k\u0101di jaut\u0101jumi vai ba\u017eas, l\u016bdzu, sazinieties ar mums pa t\u0101lruni 07763630404.<\/p>\t\t\t\t\t\t\t\t<\/div>\n\t\t\t\t<\/div>\n\t\t\t\t\t<\/div>\n\t\t<\/div>\n\t\t\t\t\t<\/div>\n\t\t<\/section>\n\t\t\t\t<\/div>","protected":false},"excerpt":{"rendered":"<p>Open as usual. Read our COVID-secure safety measures here Scrap Your Metal With Us Today! Best prices for scrap metals. Call us on: 077 6363 0404 COVID-19 UPDATE: Ensuring the Health and Safety of Our Valued Customers and Team Members Simvic is committed to the health and safety of our customers, employees, and community during [&hellip;]<\/p>\n","protected":false},"author":20,"featured_media":0,"parent":0,"menu_order":0,"comment_status":"closed","ping_status":"closed","template":"","meta":{"om_disable_all_campaigns":false,"inline_featured_image":false,"_monsterinsights_skip_tracking":false,"_monsterinsights_sitenote_active":false,"_monsterinsights_sitenote_note":"","_monsterinsights_sitenote_category":0,"footnotes":""},"class_list":["post-10534","page","type-page","status-publish","hentry"],"_links":{"self":[{"href":"https:\/\/simvic.co.uk\/lv\/wp-json\/wp\/v2\/pages\/10534","targetHints":{"allow":["GET"]}}],"collection":[{"href":"https:\/\/simvic.co.uk\/lv\/wp-json\/wp\/v2\/pages"}],"about":[{"href":"https:\/\/simvic.co.uk\/lv\/wp-json\/wp\/v2\/types\/page"}],"author":[{"embeddable":true,"href":"https:\/\/simvic.co.uk\/lv\/wp-json\/wp\/v2\/users\/20"}],"replies":[{"embeddable":true,"href":"https:\/\/simvic.co.uk\/lv\/wp-json\/wp\/v2\/comments?post=10534"}],"version-history":[{"count":0,"href":"https:\/\/simvic.co.uk\/lv\/wp-json\/wp\/v2\/pages\/10534\/revisions"}],"wp:attachment":[{"href":"https:\/\/simvic.co.uk\/lv\/wp-json\/wp\/v2\/media?parent=10534"}],"curies":[{"name":"wp","href":"https:\/\/api.w.org\/{rel}","templated":true}]}}