{"id":11054,"date":"2023-07-04T12:16:40","date_gmt":"2023-07-04T12:16:40","guid":{"rendered":"https:\/\/simvic.co.uk\/?page_id=11054"},"modified":"2026-02-16T18:04:43","modified_gmt":"2026-02-16T18:04:43","slug":"metalluznu-cenas-app","status":"publish","type":"page","link":"https:\/\/simvic.co.uk\/lv\/metalluznu-cenas-app\/","title":{"rendered":"Met\u0101ll\u016b\u017e\u0146u cenas App"},"content":{"rendered":"<div data-elementor-type=\"wp-page\" data-elementor-id=\"11054\" class=\"elementor elementor-11054\" data-elementor-settings=\"{&quot;ha_cmc_init_switcher&quot;:&quot;no&quot;}\" data-elementor-post-type=\"page\">\n\t\t\t\t\t\t<section class=\"elementor-section elementor-top-section elementor-element elementor-element-f371776 elementor-section-boxed elementor-section-height-default elementor-section-height-default\" data-id=\"f371776\" data-element_type=\"section\" data-e-type=\"section\" data-settings=\"{&quot;_ha_eqh_enable&quot;:false}\">\n\t\t\t\t\t\t<div class=\"elementor-container elementor-column-gap-default\">\n\t\t\t\t\t<div class=\"elementor-column elementor-col-50 elementor-top-column elementor-element elementor-element-9694292\" data-id=\"9694292\" data-element_type=\"column\" data-e-type=\"column\" data-settings=\"{&quot;background_background&quot;:&quot;classic&quot;}\">\n\t\t\t<div class=\"elementor-widget-wrap elementor-element-populated\">\n\t\t\t\t\t\t<div class=\"elementor-element elementor-element-cd3abcd elementor-widget elementor-widget-heading\" data-id=\"cd3abcd\" data-element_type=\"widget\" data-e-type=\"widget\" data-widget_type=\"heading.default\">\n\t\t\t\t<div class=\"elementor-widget-container\">\n\t\t\t\t\t<h2 class=\"elementor-heading-title elementor-size-default\">Ieg\u016bstiet lab\u0101k\u0101s met\u0101la cenas uzreiz!\n<\/h2>\t\t\t\t<\/div>\n\t\t\t\t<\/div>\n\t\t\t\t<div class=\"elementor-element elementor-element-2d5cd8a elementor-widget elementor-widget-text-editor\" data-id=\"2d5cd8a\" data-element_type=\"widget\" data-e-type=\"widget\" data-widget_type=\"text-editor.default\">\n\t\t\t\t<div class=\"elementor-widget-container\">\n\t\t\t\t\t\t\t\t\t<p>Instal\u0113jiet\u00a0<strong>Simvic lietotne<\/strong>\u00a0sav\u0101 t\u0101lrun\u012b un esiet lietas kurs\u0101 par jaun\u0101kaj\u0101m kr\u0101saino met\u0101lu cen\u0101m.<\/p>\t\t\t\t\t\t\t\t<\/div>\n\t\t\t\t<\/div>\n\t\t\t\t<div class=\"elementor-element elementor-element-3f1fd57 elementor-widget elementor-widget-image\" data-id=\"3f1fd57\" data-element_type=\"widget\" data-e-type=\"widget\" data-widget_type=\"image.default\">\n\t\t\t\t<div class=\"elementor-widget-container\">\n\t\t\t\t\t\t\t\t\t\t\t\t\t\t\t<img decoding=\"async\" width=\"186\" height=\"186\" src=\"https:\/\/simvic.co.uk\/wp-content\/uploads\/2026\/01\/QR_Code_1769012933.jpg\" class=\"attachment-full size-full wp-image-12556\" alt=\"\" srcset=\"https:\/\/simvic.co.uk\/wp-content\/uploads\/2026\/01\/QR_Code_1769012933.jpg 186w, https:\/\/simvic.co.uk\/wp-content\/uploads\/2026\/01\/QR_Code_1769012933-150x150.jpg 150w, https:\/\/simvic.co.uk\/wp-content\/uploads\/2026\/01\/QR_Code_1769012933-12x12.jpg 12w\" sizes=\"(max-width: 186px) 100vw, 186px\" title=\"\">\t\t\t\t\t\t\t\t\t\t\t\t\t\t\t<\/div>\n\t\t\t\t<\/div>\n\t\t\t\t<div class=\"elementor-element elementor-element-d0eee6a elementor-widget elementor-widget-text-editor\" data-id=\"d0eee6a\" data-element_type=\"widget\" data-e-type=\"widget\" data-widget_type=\"text-editor.default\">\n\t\t\t\t<div class=\"elementor-widget-container\">\n\t\t\t\t\t\t\t\t\tNosken\u0113jiet QR kodu, lai lejupiel\u0101d\u0113tu m\u016bsu lietotni\n\n\t\t\t\t\t\t\t\t<\/div>\n\t\t\t\t<\/div>\n\t\t\t\t\t<\/div>\n\t\t<\/div>\n\t\t\t\t<div class=\"elementor-column elementor-col-50 elementor-top-column elementor-element elementor-element-782050e\" data-id=\"782050e\" data-element_type=\"column\" data-e-type=\"column\" data-settings=\"{&quot;background_background&quot;:&quot;classic&quot;}\">\n\t\t\t<div class=\"elementor-widget-wrap elementor-element-populated\">\n\t\t\t\t\t\t<div class=\"elementor-element elementor-element-0f8ae01 elementor-widget elementor-widget-heading\" data-id=\"0f8ae01\" data-element_type=\"widget\" data-e-type=\"widget\" data-widget_type=\"heading.default\">\n\t\t\t\t<div class=\"elementor-widget-container\">\n\t\t\t\t\t<h2 class=\"elementor-heading-title elementor-size-default\">Ieg\u016bstiet lab\u0101k\u0101s met\u0101la cenas uzreiz!\n<\/h2>\t\t\t\t<\/div>\n\t\t\t\t<\/div>\n\t\t\t\t<div class=\"elementor-element elementor-element-74c40c4 elementor-widget elementor-widget-text-editor\" data-id=\"74c40c4\" data-element_type=\"widget\" data-e-type=\"widget\" data-widget_type=\"text-editor.default\">\n\t\t\t\t<div class=\"elementor-widget-container\">\n\t\t\t\t\t\t\t\t\t<p>Instal\u0113jiet\u00a0<strong>Simvic lietotne<\/strong>\u00a0sav\u0101 t\u0101lrun\u012b vai kl\u0113pjdator\u0101 un esiet lietas kurs\u0101 par jaun\u0101kaj\u0101m kr\u0101saino met\u0101lu cen\u0101m.<\/p>\t\t\t\t\t\t\t\t<\/div>\n\t\t\t\t<\/div>\n\t\t\t\t<div class=\"elementor-element elementor-element-5153361 elementor-align-center elementor-widget elementor-widget-button\" data-id=\"5153361\" data-element_type=\"widget\" data-e-type=\"widget\" data-widget_type=\"button.default\">\n\t\t\t\t<div class=\"elementor-widget-container\">\n\t\t\t\t\t\t\t\t\t<div class=\"elementor-button-wrapper\">\n\t\t\t\t\t<a class=\"elementor-button elementor-button-link elementor-size-xs\" href=\"https:\/\/simvic.app\/\" target=\"_blank\" rel=\"noopener\">\n\t\t\t\t\t\t<span class=\"elementor-button-content-wrapper\">\n\t\t\t\t\t\t<span class=\"elementor-button-icon\">\n\t\t\t\t<svg aria-hidden=\"true\" class=\"e-font-icon-svg e-fas-mobile-alt\" viewbox=\"0 0 320 512\" xmlns=\"http:\/\/www.w3.org\/2000\/svg\"><path d=\"M272 0H48C21.5 0 0 21.5 0 48v416c0 26.5 21.5 48 48 48h224c26.5 0 48-21.5 48-48V48c0-26.5-21.5-48-48-48zM160 480c-17.7 0-32-14.3-32-32s14.3-32 32-32 32 14.3 32 32-14.3 32-32 32zm112-108c0 6.6-5.4 12-12 12H60c-6.6 0-12-5.4-12-12V60c0-6.6 5.4-12 12-12h200c6.6 0 12 5.4 12 12v312z\"><\/path><\/svg>\t\t\t<\/span>\n\t\t\t\t\t\t\t\t\t<span class=\"elementor-button-text\">Lejupiel\u0101d\u0113t Simvic lietotni<\/span>\n\t\t\t\t\t<\/span>\n\t\t\t\t\t<\/a>\n\t\t\t\t<\/div>\n\t\t\t\t\t\t\t\t<\/div>\n\t\t\t\t<\/div>\n\t\t\t\t\t<\/div>\n\t\t<\/div>\n\t\t\t\t\t<\/div>\n\t\t<\/section>\n\t\t\t\t<\/div>","protected":false},"excerpt":{"rendered":"<p>Ieg\u016bstiet lab\u0101k\u0101s met\u0101lu cenas uzreiz! Instal\u0113jiet Simvic lietotni sav\u0101 t\u0101lrun\u012b un esiet lietas kurs\u0101 par jaun\u0101kaj\u0101m kr\u0101saino met\u0101lu cen\u0101m. Nosken\u0113jiet QR kodu, lai lejupiel\u0101d\u0113tu m\u016bsu lietotni. Ieg\u016bstiet lab\u0101k\u0101s met\u0101lu cenas uzreiz! Instal\u0113jiet Simvic lietotni sav\u0101 t\u0101lrun\u012b vai kl\u0113pjdator\u0101 un esiet lietas kurs\u0101 par jaun\u0101kaj\u0101m kr\u0101saino met\u0101lu cen\u0101m. Lejupiel\u0101d\u0113jiet Simvic lietotni.<\/p>","protected":false},"author":26,"featured_media":0,"parent":0,"menu_order":0,"comment_status":"closed","ping_status":"closed","template":"","meta":{"om_disable_all_campaigns":false,"inline_featured_image":false,"_monsterinsights_skip_tracking":false,"_monsterinsights_sitenote_active":false,"_monsterinsights_sitenote_note":"","_monsterinsights_sitenote_category":0,"footnotes":""},"class_list":["post-11054","page","type-page","status-publish","hentry"],"_links":{"self":[{"href":"https:\/\/simvic.co.uk\/lv\/wp-json\/wp\/v2\/pages\/11054","targetHints":{"allow":["GET"]}}],"collection":[{"href":"https:\/\/simvic.co.uk\/lv\/wp-json\/wp\/v2\/pages"}],"about":[{"href":"https:\/\/simvic.co.uk\/lv\/wp-json\/wp\/v2\/types\/page"}],"author":[{"embeddable":true,"href":"https:\/\/simvic.co.uk\/lv\/wp-json\/wp\/v2\/users\/26"}],"replies":[{"embeddable":true,"href":"https:\/\/simvic.co.uk\/lv\/wp-json\/wp\/v2\/comments?post=11054"}],"version-history":[{"count":0,"href":"https:\/\/simvic.co.uk\/lv\/wp-json\/wp\/v2\/pages\/11054\/revisions"}],"wp:attachment":[{"href":"https:\/\/simvic.co.uk\/lv\/wp-json\/wp\/v2\/media?parent=11054"}],"curies":[{"name":"wp","href":"https:\/\/api.w.org\/{rel}","templated":true}]}}