{"id":1311,"date":"2018-01-10T12:27:20","date_gmt":"2018-01-10T12:27:20","guid":{"rendered":"https:\/\/simvic.co.uk\/?page_id=1311"},"modified":"2026-03-31T10:25:16","modified_gmt":"2026-03-31T10:25:16","slug":"vara-savaksana","status":"publish","type":"page","link":"https:\/\/simvic.co.uk\/lv\/ko-mes-perkam\/vara-savaksana\/","title":{"rendered":"Var\u0161"},"content":{"rendered":"<div data-elementor-type=\"wp-page\" data-elementor-id=\"1311\" class=\"elementor elementor-1311\" data-elementor-settings=\"{&quot;ha_cmc_init_switcher&quot;:&quot;no&quot;}\" data-elementor-post-type=\"page\">\n\t\t\t\t\t\t<section class=\"elementor-section elementor-top-section elementor-element elementor-element-c32a385 elementor-section-full_width elementor-section-height-default elementor-section-height-default\" data-id=\"c32a385\" data-element_type=\"section\" data-e-type=\"section\" data-settings=\"{&quot;background_background&quot;:&quot;classic&quot;,&quot;_ha_eqh_enable&quot;:false}\">\n\t\t\t\t\t\t\t<div class=\"elementor-background-overlay\"><\/div>\n\t\t\t\t\t\t\t<div class=\"elementor-container elementor-column-gap-default\">\n\t\t\t\t\t<div class=\"elementor-column elementor-col-100 elementor-top-column elementor-element elementor-element-69b1d89\" data-id=\"69b1d89\" data-element_type=\"column\" data-e-type=\"column\">\n\t\t\t<div class=\"elementor-widget-wrap elementor-element-populated\">\n\t\t\t\t\t\t<div class=\"elementor-element elementor-element-d386657 elementor-icon-list--layout-inline elementor-align-center elementor-list-item-link-full_width elementor-widget elementor-widget-icon-list\" data-id=\"d386657\" data-element_type=\"widget\" data-e-type=\"widget\" data-widget_type=\"icon-list.default\">\n\t\t\t\t<div class=\"elementor-widget-container\">\n\t\t\t\t\t\t\t<ul class=\"elementor-icon-list-items elementor-inline-items\">\n\t\t\t\t\t\t\t<li class=\"elementor-icon-list-item elementor-inline-item\">\n\t\t\t\t\t\t\t\t\t\t\t<a href=\"https:\/\/simvic.co.uk\/lv\/ko-mes-perkam\/\">\n\n\t\t\t\t\t\t\t\t\t\t\t<span class=\"elementor-icon-list-text\">Ko m\u0113s p\u0113rkam?<\/span>\n\t\t\t\t\t\t\t\t\t\t\t<\/a>\n\t\t\t\t\t\t\t\t\t<\/li>\n\t\t\t\t\t\t\t\t<li class=\"elementor-icon-list-item elementor-inline-item\">\n\t\t\t\t\t\t\t\t\t\t\t<span class=\"elementor-icon-list-icon\">\n\t\t\t\t\t\t\t<svg aria-hidden=\"true\" class=\"e-font-icon-svg e-fas-arrow-right\" viewbox=\"0 0 448 512\" xmlns=\"http:\/\/www.w3.org\/2000\/svg\"><path d=\"M190.5 66.9l22.2-22.2c9.4-9.4 24.6-9.4 33.9 0L441 239c9.4 9.4 9.4 24.6 0 33.9L246.6 467.3c-9.4 9.4-24.6 9.4-33.9 0l-22.2-22.2c-9.5-9.5-9.3-25 .4-34.3L311.4 296H24c-13.3 0-24-10.7-24-24v-32c0-13.3 10.7-24 24-24h287.4L190.9 101.2c-9.8-9.3-10-24.8-.4-34.3z\"><\/path><\/svg>\t\t\t\t\t\t<\/span>\n\t\t\t\t\t\t\t\t\t\t<span class=\"elementor-icon-list-text\"><\/span>\n\t\t\t\t\t\t\t\t\t<\/li>\n\t\t\t\t\t\t<\/ul>\n\t\t\t\t\t\t<\/div>\n\t\t\t\t<\/div>\n\t\t\t\t\t<\/div>\n\t\t<\/div>\n\t\t\t\t\t<\/div>\n\t\t<\/section>\n\t\t\t\t<section class=\"elementor-section elementor-top-section elementor-element elementor-element-db65c5d elementor-section-content-middle elementor-section-boxed elementor-section-height-default elementor-section-height-default\" data-id=\"db65c5d\" data-element_type=\"section\" data-e-type=\"section\" data-settings=\"{&quot;_ha_eqh_enable&quot;:false}\">\n\t\t\t\t\t\t<div class=\"elementor-container elementor-column-gap-default\">\n\t\t\t\t\t<div class=\"elementor-column elementor-col-100 elementor-top-column elementor-element elementor-element-135535a\" data-id=\"135535a\" data-element_type=\"column\" data-e-type=\"column\">\n\t\t\t<div class=\"elementor-widget-wrap elementor-element-populated\">\n\t\t\t\t\t\t<div class=\"elementor-element elementor-element-0c7680d elementor-widget elementor-widget-heading\" data-id=\"0c7680d\" data-element_type=\"widget\" data-e-type=\"widget\" data-widget_type=\"heading.default\">\n\t\t\t\t<div class=\"elementor-widget-container\">\n\t\t\t\t\t<h2 class=\"elementor-heading-title elementor-size-default\">Vara p\u0101rstr\u0101des pakalpojumi: <\/h2>\t\t\t\t<\/div>\n\t\t\t\t<\/div>\n\t\t\t\t<div class=\"elementor-element elementor-element-d1fc32e elementor-widget elementor-widget-heading\" data-id=\"d1fc32e\" data-element_type=\"widget\" data-e-type=\"widget\" data-widget_type=\"heading.default\">\n\t\t\t\t<div class=\"elementor-widget-container\">\n\t\t\t\t\t<h2 class=\"elementor-heading-title elementor-size-default\">M\u0113s iep\u0113rkam un sav\u0101cam visu veidu varu<\/h2>\t\t\t\t<\/div>\n\t\t\t\t<\/div>\n\t\t\t\t<div class=\"elementor-element elementor-element-81c973e elementor-widget elementor-widget-text-editor\" data-id=\"81c973e\" data-element_type=\"widget\" data-e-type=\"widget\" data-widget_type=\"text-editor.default\">\n\t\t\t\t<div class=\"elementor-widget-container\">\n\t\t\t\t\t\t\t\t\tVai v\u0113laties p\u0101rdot vara l\u016b\u017e\u0146us? K\u0101 vado\u0161ie met\u0101ll\u016b\u017e\u0146u tirgot\u0101ji m\u0113s pied\u0101v\u0101jam visaptvero\u0161us vara p\u0101rstr\u0101des pakalpojumus, kas atbilst vis\u0101m j\u016bsu vajadz\u012bb\u0101m. M\u0113s iep\u0113rkam un sav\u0101cam visu kategoriju vara l\u016b\u017e\u0146us, nodro\u0161inot efekt\u012bvu p\u0101rstr\u0101di un atk\u0101rtotu izmanto\u0161anu. Uzziniet, k\u0101 j\u016bs varat veicin\u0101t ilgtsp\u0113j\u012bbu un g\u016bt labumu, atbr\u012bvojoties no neizmantotajiem vara materi\u0101liem.\t\t\t\t\t\t\t\t<\/div>\n\t\t\t\t<\/div>\n\t\t\t\t<div class=\"elementor-element elementor-element-5ca8fdb elementor-widget elementor-widget-heading\" data-id=\"5ca8fdb\" data-element_type=\"widget\" data-e-type=\"widget\" data-widget_type=\"heading.default\">\n\t\t\t\t<div class=\"elementor-widget-container\">\n\t\t\t\t\t<h2 class=\"elementor-heading-title elementor-size-default\">K\u0101p\u0113c izv\u0113l\u0113ties m\u016bs sav\u0101m vara p\u0101rstr\u0101des vajadz\u012bb\u0101m?\n<\/h2>\t\t\t\t<\/div>\n\t\t\t\t<\/div>\n\t\t\t\t<div class=\"elementor-element elementor-element-287d33f elementor-widget elementor-widget-text-editor\" data-id=\"287d33f\" data-element_type=\"widget\" data-e-type=\"widget\" data-widget_type=\"text-editor.default\">\n\t\t\t\t<div class=\"elementor-widget-container\">\n\t\t\t\t\t\t\t\t\t<ol><li><strong>Pie\u0146emtas visas vara kategorijas<\/strong>: Neatkar\u012bgi no t\u0101, vai jums ir t\u012brs var\u0161, sp\u012bdo\u0161as vara stieples, cinkots var\u0161, vara caurules vai jaukta vara l\u016b\u017e\u0146i, m\u0113s pie\u0146emam visu kategoriju l\u016b\u017e\u0146us. K\u0101 j\u016bsu uzticamie met\u0101ll\u016b\u017e\u0146u tirgot\u0101ji m\u0113s nodro\u0161in\u0101m visu no sav\u0101k\u0161anas l\u012bdz p\u0101rstr\u0101dei, neprasot, lai j\u016bs \u0161\u0137irojat vara atkritumus.<br \/><br \/><\/li><li><strong>Ekspertu vara sav\u0101k\u0161anas pakalpojumi:<\/strong>\u00a0M\u0113s sniedzam uzticamus un \u0113rtus vara sav\u0101k\u0161anas pakalpojumus. M\u016bsu komanda, met\u0101la l\u016b\u017e\u0146u tirgot\u0101ju eksperti, ir apg\u0101d\u0101ta ar nepiecie\u0161amajiem instrumentiem un zin\u0101\u0161an\u0101m, lai dro\u0161i un efekt\u012bvi apstr\u0101d\u0101tu j\u016bsu vara l\u016b\u017e\u0146us.<br \/><br \/><\/li><li><strong>Ilgtsp\u0113j\u012bga otrreiz\u0113j\u0101s p\u0101rstr\u0101des prakse:<\/strong>\u00a0Izv\u0113loties m\u016bsu vara p\u0101rstr\u0101des pakalpojumus, j\u016bs pal\u012bdzat samazin\u0101t jauna vara ieguves ietekmi uz vidi. M\u0113s nodro\u0161in\u0101m, ka viss var\u0161 tiek p\u0101rstr\u0101d\u0101ts atbild\u012bgi, saglab\u0101jot dabas resursus un samazinot ekolo\u0123isko ietekmi.<br \/><br \/><\/li><li><strong>Konkur\u0113tsp\u0113j\u012bgas cenas vara l\u016b\u017e\u0146iem:<\/strong>\u00a0Ieg\u016bstiet vislab\u0101ko v\u0113rt\u012bbu par vara l\u016b\u017e\u0146iem. M\u0113s pied\u0101v\u0101jam konkur\u0113tsp\u0113j\u012bgas cenas, kas balst\u012btas uz pa\u0161reiz\u0113j\u0101m tirgus likm\u0113m, nodro\u0161inot, ka par saviem materi\u0101liem sa\u0146emat taisn\u012bgu atl\u012bdz\u012bbu.<br \/><br \/><\/li><li><strong>Viet\u0113jais un uzticams\u00a0<\/strong><a href=\"https:\/\/simvic.co.uk\/lv\/\"><strong>Met\u0101ll\u016b\u017e\u0146u tirgot\u0101ji:<\/strong><\/a>\u00a0K\u0101 atz\u012bti met\u0101ll\u016b\u017e\u0146u tirgot\u0101ji m\u0113s lepojamies ar to, ka, izmantojot p\u0101rredzamu un \u0113tisku p\u0101rstr\u0101des praksi, veidojam uztic\u012bbu ar saviem klientiem.<\/li><\/ol>\t\t\t\t\t\t\t\t<\/div>\n\t\t\t\t<\/div>\n\t\t\t\t<div class=\"elementor-element elementor-element-c1ba180 elementor-widget elementor-widget-heading\" data-id=\"c1ba180\" data-element_type=\"widget\" data-e-type=\"widget\" data-widget_type=\"heading.default\">\n\t\t\t\t<div class=\"elementor-widget-container\">\n\t\t\t\t\t<h2 class=\"elementor-heading-title elementor-size-default\">Sazinieties ar mums \u0161odien\n<\/h2>\t\t\t\t<\/div>\n\t\t\t\t<\/div>\n\t\t\t\t<div class=\"elementor-element elementor-element-6dfb3ec elementor-widget elementor-widget-text-editor\" data-id=\"6dfb3ec\" data-element_type=\"widget\" data-e-type=\"widget\" data-widget_type=\"text-editor.default\">\n\t\t\t\t<div class=\"elementor-widget-container\">\n\t\t\t\t\t\t\t\t\t<p>Ne\u013caujiet vara l\u016b\u017e\u0146iem aiziet zudum\u0101. Sazinieties ar mums \u0161odien, lai pl\u0101notu sav\u0101k\u0161anu vai uzzin\u0101tu vair\u0101k par m\u016bsu vara iepirk\u0161anas un p\u0101rstr\u0101des pakalpojumiem. Pievienojieties mums, lai pozit\u012bvi ietekm\u0113tu vidi, vienlaikus g\u016bstot pe\u013c\u0146u no j\u016bsu neizmantot\u0101 vara.<\/p>\t\t\t\t\t\t\t\t<\/div>\n\t\t\t\t<\/div>\n\t\t\t\t<div class=\"elementor-element elementor-element-b998b46 elementor-align-left elementor-widget elementor-widget-button\" data-id=\"b998b46\" data-element_type=\"widget\" data-e-type=\"widget\" data-widget_type=\"button.default\">\n\t\t\t\t<div class=\"elementor-widget-container\">\n\t\t\t\t\t\t\t\t\t<div class=\"elementor-button-wrapper\">\n\t\t\t\t\t<a class=\"elementor-button elementor-button-link elementor-size-xs\" href=\"https:\/\/simvic.co.uk\/lv\/sazinaties-ar\/\">\n\t\t\t\t\t\t<span class=\"elementor-button-content-wrapper\">\n\t\t\t\t\t\t\t\t\t<span class=\"elementor-button-text\">Sazinieties ar mums<\/span>\n\t\t\t\t\t<\/span>\n\t\t\t\t\t<\/a>\n\t\t\t\t<\/div>\n\t\t\t\t\t\t\t\t<\/div>\n\t\t\t\t<\/div>\n\t\t\t\t\t<\/div>\n\t\t<\/div>\n\t\t\t\t\t<\/div>\n\t\t<\/section>\n\t\t\t\t<section class=\"elementor-section elementor-top-section elementor-element elementor-element-5b439c7 elementor-section-boxed elementor-section-height-default elementor-section-height-default\" data-id=\"5b439c7\" data-element_type=\"section\" data-e-type=\"section\" data-settings=\"{&quot;_ha_eqh_enable&quot;:false}\">\n\t\t\t\t\t\t<div class=\"elementor-container elementor-column-gap-default\">\n\t\t\t\t\t<div class=\"elementor-column elementor-col-50 elementor-top-column elementor-element elementor-element-0c42cf7\" data-id=\"0c42cf7\" data-element_type=\"column\" data-e-type=\"column\">\n\t\t\t<div class=\"elementor-widget-wrap elementor-element-populated\">\n\t\t\t\t\t\t<div class=\"elementor-element elementor-element-c238980 elementor-widget elementor-widget-image\" data-id=\"c238980\" data-element_type=\"widget\" data-e-type=\"widget\" data-widget_type=\"image.default\">\n\t\t\t\t<div class=\"elementor-widget-container\">\n\t\t\t\t\t\t\t\t\t\t\t\t\t\t\t<img fetchpriority=\"high\" decoding=\"async\" width=\"683\" height=\"1024\" src=\"https:\/\/simvic.co.uk\/wp-content\/uploads\/2026\/03\/Copper-collection-london-683x1024.jpeg\" class=\"attachment-large size-large wp-image-13387\" alt=\"\" srcset=\"https:\/\/simvic.co.uk\/wp-content\/uploads\/2026\/03\/Copper-collection-london-683x1024.jpeg 683w, https:\/\/simvic.co.uk\/wp-content\/uploads\/2026\/03\/Copper-collection-london-200x300.jpeg 200w, https:\/\/simvic.co.uk\/wp-content\/uploads\/2026\/03\/Copper-collection-london-768x1152.jpeg 768w, https:\/\/simvic.co.uk\/wp-content\/uploads\/2026\/03\/Copper-collection-london-8x12.jpeg 8w, https:\/\/simvic.co.uk\/wp-content\/uploads\/2026\/03\/Copper-collection-london.jpeg 1024w\" sizes=\"(max-width: 683px) 100vw, 683px\" title=\"\">\t\t\t\t\t\t\t\t\t\t\t\t\t\t\t<\/div>\n\t\t\t\t<\/div>\n\t\t\t\t\t<\/div>\n\t\t<\/div>\n\t\t\t\t<div class=\"elementor-column elementor-col-50 elementor-top-column elementor-element elementor-element-ed6ed20\" data-id=\"ed6ed20\" data-element_type=\"column\" data-e-type=\"column\">\n\t\t\t<div class=\"elementor-widget-wrap elementor-element-populated\">\n\t\t\t\t\t\t<div class=\"elementor-element elementor-element-29b33a1 elementor-widget elementor-widget-image\" data-id=\"29b33a1\" data-element_type=\"widget\" data-e-type=\"widget\" data-widget_type=\"image.default\">\n\t\t\t\t<div class=\"elementor-widget-container\">\n\t\t\t\t\t\t\t\t\t\t\t\t\t\t\t<img decoding=\"async\" width=\"800\" height=\"800\" src=\"https:\/\/simvic.co.uk\/wp-content\/uploads\/2022\/10\/Copper-1024x1024.png\" class=\"attachment-large size-large wp-image-5131\" alt=\"Vara l\u016b\u017e\u0146u sav\u0101k\u0161ana\" srcset=\"https:\/\/simvic.co.uk\/wp-content\/uploads\/2022\/10\/Copper-1024x1024.png 1024w, https:\/\/simvic.co.uk\/wp-content\/uploads\/2022\/10\/Copper-300x300.png 300w, https:\/\/simvic.co.uk\/wp-content\/uploads\/2022\/10\/Copper-150x150.png 150w, https:\/\/simvic.co.uk\/wp-content\/uploads\/2022\/10\/Copper-768x768.png 768w, https:\/\/simvic.co.uk\/wp-content\/uploads\/2022\/10\/Copper-12x12.png 12w, https:\/\/simvic.co.uk\/wp-content\/uploads\/2022\/10\/Copper-595xh.png 595w, https:\/\/simvic.co.uk\/wp-content\/uploads\/2022\/10\/Copper-125x125.png 125w, https:\/\/simvic.co.uk\/wp-content\/uploads\/2022\/10\/Copper-640x640.png 640w, https:\/\/simvic.co.uk\/wp-content\/uploads\/2022\/10\/Copper.png 1080w\" sizes=\"(max-width: 800px) 100vw, 800px\" title=\"\">\t\t\t\t\t\t\t\t\t\t\t\t\t\t\t<\/div>\n\t\t\t\t<\/div>\n\t\t\t\t\t<\/div>\n\t\t<\/div>\n\t\t\t\t\t<\/div>\n\t\t<\/section>\n\t\t\t\t<section class=\"elementor-section elementor-top-section elementor-element elementor-element-ae6559e elementor-section-content-middle elementor-section-boxed elementor-section-height-default elementor-section-height-default\" data-id=\"ae6559e\" data-element_type=\"section\" data-e-type=\"section\" data-settings=\"{&quot;background_background&quot;:&quot;classic&quot;,&quot;_ha_eqh_enable&quot;:false}\">\n\t\t\t\t\t\t\t<div class=\"elementor-background-overlay\"><\/div>\n\t\t\t\t\t\t\t<div class=\"elementor-container elementor-column-gap-default\">\n\t\t\t\t\t<div class=\"elementor-column elementor-col-100 elementor-top-column elementor-element elementor-element-db91059\" data-id=\"db91059\" data-element_type=\"column\" data-e-type=\"column\">\n\t\t\t<div class=\"elementor-widget-wrap elementor-element-populated\">\n\t\t\t\t\t\t<div class=\"elementor-element elementor-element-c2da4aa elementor-widget elementor-widget-heading\" data-id=\"c2da4aa\" data-element_type=\"widget\" data-e-type=\"widget\" data-widget_type=\"heading.default\">\n\t\t\t\t<div class=\"elementor-widget-container\">\n\t\t\t\t\t<h2 class=\"elementor-heading-title elementor-size-default\">P\u0100RBAUDIET, KO M\u0112S VARAM NO JUMS IEG\u0100D\u0100TIES<\/h2>\t\t\t\t<\/div>\n\t\t\t\t<\/div>\n\t\t\t\t<section class=\"elementor-section elementor-inner-section elementor-element elementor-element-f67d8e8 elementor-section-boxed elementor-section-height-default elementor-section-height-default\" data-id=\"f67d8e8\" data-element_type=\"section\" data-e-type=\"section\" data-settings=\"{&quot;_ha_eqh_enable&quot;:false}\">\n\t\t\t\t\t\t<div class=\"elementor-container elementor-column-gap-default\">\n\t\t\t\t\t<div class=\"elementor-column elementor-col-50 elementor-inner-column elementor-element elementor-element-e9f3755\" data-id=\"e9f3755\" data-element_type=\"column\" data-e-type=\"column\">\n\t\t\t<div class=\"elementor-widget-wrap elementor-element-populated\">\n\t\t\t\t\t\t<div class=\"elementor-element elementor-element-c0abe23 elementor-align-justify elementor-widget elementor-widget-button\" data-id=\"c0abe23\" data-element_type=\"widget\" data-e-type=\"widget\" data-widget_type=\"button.default\">\n\t\t\t\t<div class=\"elementor-widget-container\">\n\t\t\t\t\t\t\t\t\t<div class=\"elementor-button-wrapper\">\n\t\t\t\t\t<a class=\"elementor-button elementor-button-link elementor-size-xs\" href=\"tel:07763630404\">\n\t\t\t\t\t\t<span class=\"elementor-button-content-wrapper\">\n\t\t\t\t\t\t<span class=\"elementor-button-icon\">\n\t\t\t\t<svg aria-hidden=\"true\" class=\"e-font-icon-svg e-fas-phone-alt\" viewbox=\"0 0 512 512\" xmlns=\"http:\/\/www.w3.org\/2000\/svg\"><path d=\"M497.39 361.8l-112-48a24 24 0 0 0-28 6.9l-49.6 60.6A370.66 370.66 0 0 1 130.6 204.11l60.6-49.6a23.94 23.94 0 0 0 6.9-28l-48-112A24.16 24.16 0 0 0 122.6.61l-104 24A24 24 0 0 0 0 48c0 256.5 207.9 464 464 464a24 24 0 0 0 23.4-18.6l24-104a24.29 24.29 0 0 0-14.01-27.6z\"><\/path><\/svg>\t\t\t<\/span>\n\t\t\t\t\t\t\t\t\t<span class=\"elementor-button-text\">zvaniet tagad<\/span>\n\t\t\t\t\t<\/span>\n\t\t\t\t\t<\/a>\n\t\t\t\t<\/div>\n\t\t\t\t\t\t\t\t<\/div>\n\t\t\t\t<\/div>\n\t\t\t\t\t<\/div>\n\t\t<\/div>\n\t\t\t\t<div class=\"elementor-column elementor-col-50 elementor-inner-column elementor-element elementor-element-86380de\" data-id=\"86380de\" data-element_type=\"column\" data-e-type=\"column\">\n\t\t\t<div class=\"elementor-widget-wrap elementor-element-populated\">\n\t\t\t\t\t\t<div class=\"elementor-element elementor-element-d12c8c1 elementor-align-justify elementor-widget elementor-widget-button\" data-id=\"d12c8c1\" data-element_type=\"widget\" data-e-type=\"widget\" data-widget_type=\"button.default\">\n\t\t\t\t<div class=\"elementor-widget-container\">\n\t\t\t\t\t\t\t\t\t<div class=\"elementor-button-wrapper\">\n\t\t\t\t\t<a class=\"elementor-button elementor-button-link elementor-size-xs\" href=\"https:\/\/simvic.co.uk\/lv\/ko-mes-perkam\/\">\n\t\t\t\t\t\t<span class=\"elementor-button-content-wrapper\">\n\t\t\t\t\t\t\t\t\t<span class=\"elementor-button-text\">P\u0101rbaudiet citus met\u0101lus<\/span>\n\t\t\t\t\t<\/span>\n\t\t\t\t\t<\/a>\n\t\t\t\t<\/div>\n\t\t\t\t\t\t\t\t<\/div>\n\t\t\t\t<\/div>\n\t\t\t\t\t<\/div>\n\t\t<\/div>\n\t\t\t\t\t<\/div>\n\t\t<\/section>\n\t\t\t\t\t<\/div>\n\t\t<\/div>\n\t\t\t\t\t<\/div>\n\t\t<\/section>\n\t\t\t\t<\/div>","protected":false},"excerpt":{"rendered":"<p>What we buy? Copper Recycling Services: We Buy and Collect All Grades of Copper Are you looking to sell scrap copper? As leading scrap metal merchants, we offer comprehensive copper recycling services that cater to all your needs. We buy and collect all grades of scrap copper, ensuring efficient recycling and reuse. Discover how you [&hellip;]<\/p>\n","protected":false},"author":8,"featured_media":0,"parent":677,"menu_order":0,"comment_status":"closed","ping_status":"closed","template":"","meta":{"om_disable_all_campaigns":false,"inline_featured_image":false,"_monsterinsights_skip_tracking":false,"_monsterinsights_sitenote_active":false,"_monsterinsights_sitenote_note":"","_monsterinsights_sitenote_category":0,"footnotes":""},"class_list":["post-1311","page","type-page","status-publish","hentry"],"_links":{"self":[{"href":"https:\/\/simvic.co.uk\/lv\/wp-json\/wp\/v2\/pages\/1311","targetHints":{"allow":["GET"]}}],"collection":[{"href":"https:\/\/simvic.co.uk\/lv\/wp-json\/wp\/v2\/pages"}],"about":[{"href":"https:\/\/simvic.co.uk\/lv\/wp-json\/wp\/v2\/types\/page"}],"author":[{"embeddable":true,"href":"https:\/\/simvic.co.uk\/lv\/wp-json\/wp\/v2\/users\/8"}],"replies":[{"embeddable":true,"href":"https:\/\/simvic.co.uk\/lv\/wp-json\/wp\/v2\/comments?post=1311"}],"version-history":[{"count":6,"href":"https:\/\/simvic.co.uk\/lv\/wp-json\/wp\/v2\/pages\/1311\/revisions"}],"predecessor-version":[{"id":13390,"href":"https:\/\/simvic.co.uk\/lv\/wp-json\/wp\/v2\/pages\/1311\/revisions\/13390"}],"up":[{"embeddable":true,"href":"https:\/\/simvic.co.uk\/lv\/wp-json\/wp\/v2\/pages\/677"}],"wp:attachment":[{"href":"https:\/\/simvic.co.uk\/lv\/wp-json\/wp\/v2\/media?parent=1311"}],"curies":[{"name":"wp","href":"https:\/\/api.w.org\/{rel}","templated":true}]}}