{"id":1499,"date":"2022-03-31T22:17:13","date_gmt":"2022-03-31T22:17:13","guid":{"rendered":"https:\/\/simvic.co.uk\/?page_id=1499"},"modified":"2023-02-21T01:16:24","modified_gmt":"2023-02-21T01:16:24","slug":"metalluznu-savaksana-surrey","status":"publish","type":"page","link":"https:\/\/simvic.co.uk\/lv\/metalluznu-savaksana-surrey\/","title":{"rendered":"Met\u0101ll\u016b\u017e\u0146u sav\u0101k\u0161ana Surrey"},"content":{"rendered":"<div data-elementor-type=\"wp-page\" data-elementor-id=\"1499\" class=\"elementor elementor-1499\" data-elementor-settings=\"{&quot;ha_cmc_init_switcher&quot;:&quot;no&quot;}\" data-elementor-post-type=\"page\">\n\t\t\t\t\t\t<section class=\"elementor-section elementor-top-section elementor-element elementor-element-ffda527 elementor-section-boxed elementor-section-height-default elementor-section-height-default\" data-id=\"ffda527\" data-element_type=\"section\" data-e-type=\"section\" data-settings=\"{&quot;_ha_eqh_enable&quot;:false}\">\n\t\t\t\t\t\t<div class=\"elementor-container elementor-column-gap-default\">\n\t\t\t\t\t<div class=\"elementor-column elementor-col-100 elementor-top-column elementor-element elementor-element-62d0e55\" data-id=\"62d0e55\" data-element_type=\"column\" data-e-type=\"column\">\n\t\t\t<div class=\"elementor-widget-wrap elementor-element-populated\">\n\t\t\t\t\t\t<div class=\"elementor-element elementor-element-76ac140 elementor-widget elementor-widget-heading\" data-id=\"76ac140\" data-element_type=\"widget\" data-e-type=\"widget\" data-widget_type=\"heading.default\">\n\t\t\t\t<div class=\"elementor-widget-container\">\n\t\t\t\t\t<h4 class=\"elementor-heading-title elementor-size-default\"><a href=\"\/lv\/t\u0101lrunis:+447763630404\/\">Lai vienotos par sav\u0101k\u0161anu, zvaniet mums pa t\u0101lruni: 0776 363 04 04<\/a><\/h4>\t\t\t\t<\/div>\n\t\t\t\t<\/div>\n\t\t\t\t\t<\/div>\n\t\t<\/div>\n\t\t\t\t\t<\/div>\n\t\t<\/section>\n\t\t\t\t<section class=\"elementor-section elementor-top-section elementor-element elementor-element-ffd07fc elementor-section-boxed elementor-section-height-default elementor-section-height-default\" data-id=\"ffd07fc\" data-element_type=\"section\" data-e-type=\"section\" data-settings=\"{&quot;background_background&quot;:&quot;classic&quot;,&quot;_ha_eqh_enable&quot;:false}\">\n\t\t\t\t\t\t<div class=\"elementor-container elementor-column-gap-default\">\n\t\t\t\t\t<div class=\"elementor-column elementor-col-100 elementor-top-column elementor-element elementor-element-e0ac60c\" data-id=\"e0ac60c\" data-element_type=\"column\" data-e-type=\"column\">\n\t\t\t<div class=\"elementor-widget-wrap elementor-element-populated\">\n\t\t\t\t\t\t<div class=\"elementor-element elementor-element-9116cf6 elementor-widget elementor-widget-text-editor\" data-id=\"9116cf6\" data-element_type=\"widget\" data-e-type=\"widget\" data-widget_type=\"text-editor.default\">\n\t\t\t\t<div class=\"elementor-widget-container\">\n\t\t\t\t\t\t\t\t\t<p><strong>Met\u0101ll\u016b\u017e\u0146u sav\u0101k\u0161ana Surrej\u0101:\u00a0<\/strong><span style=\"font-size: 1rem;\">Vispirms - nodarb\u012bba par <\/span><a style=\"background-color: #ffffff; font-size: 1rem;\" href=\"https:\/\/simvic.co.uk\/lv\/metala-savaksana\/\">Met\u0101ll\u016b\u017e\u0146i<\/a><span style=\"font-size: 1rem;\">\u00a0<\/span><span style=\"font-size: 1rem;\">Kolekcija Surrey<\/span><span style=\"font-size: 1rem;\">, da\u017ek\u0101rt d\u0113v\u0113ts par l\u016b\u017e\u0146iem. \u0160is v\u0101rds attiecas uz visiem met\u0101liem, kurus var p\u0101rstr\u0101d\u0101t. Met\u0101ll\u016b\u017e\u0146us veido met\u0101ls, kas vairs netiek izmantots tam paredz\u0113taj\u0101m funkcij\u0101m. Vecas santehnikas iek\u0101rtas, sieta durvis un logi, vara vadi un t\u0113rauda ier\u012bces ir izplat\u012bti l\u016b\u017e\u0146u avoti restaur\u0101cijas laik\u0101. Met\u0101ll\u016b\u017e\u0146os var nodot vecus automobi\u013cus un milz\u012bgas iek\u0101rtas, k\u0101 ar\u012b novecoju\u0161as met\u0101la m\u0113beles, piem\u0113ram, dokumentu skapjus un dzelzs terases kr\u0113slus. Ra\u017eot\u0101ji, kas izmanto met\u0101lu ra\u017eo\u0161an\u0101, k\u0101 blakusproduktu var ieg\u016bt met\u0101ll\u016b\u017e\u0146us.<\/span><\/p><p><strong>K\u0101 notiek otrreiz\u0113j\u0101 p\u0101rstr\u0101de?<\/strong><\/p><p>T\u0101 k\u0101 met\u0101ls ir \u013coti labi p\u0101rstr\u0101d\u0101jams, p\u0101rstr\u0101d\u0101t\u0101ji maks\u0101 cilv\u0113kiem un uz\u0146\u0113mumiem par met\u0101ll\u016b\u017e\u0146iem, kurus tie p\u0113c tam p\u0101rdod ra\u017eot\u0101jiem, kas tos p\u0101rstr\u0101d\u0101 jaunos izstr\u0101d\u0101jumos. \"Met\u0101ll\u016b\u017e\u0146u sav\u0101k\u0161ana p\u0101rstr\u0101dei\" ir vienk\u0101r\u0161a met\u0101ll\u016b\u017e\u0146u sav\u0101k\u0161anas defin\u012bcija. Iz\u0146emot b\u012bstamos met\u0101lus, var nodot met\u0101ll\u016b\u017e\u0146os liel\u0101ko da\u013cu met\u0101lu veidu (piem\u0113ram, radioakt\u012bvos met\u0101lus, kas tik un t\u0101 ir pieejami tikai nedaudziem cilv\u0113kiem).<\/p><h1><strong>Kas ir met\u0101ll\u016b\u017e\u0146u sav\u0101k\u0161ana Surrej\u0101?<\/strong><\/h1><p>Met\u0101ll\u016b\u017e\u0146u sav\u0101k\u0161ana Surrej\u0101 ir svar\u012bgs pakalpojums Surrejas iedz\u012bvot\u0101jiem. Met\u0101ll\u016b\u017e\u0146u sav\u0101k\u0161anas pakalpojums pal\u012bdz atbr\u012bvoties no visiem vecajiem un neizmantotajiem met\u0101liem m\u0101j\u0101s, birojos un r\u016bpn\u012bc\u0101s.<\/p><p>Met\u0101ll\u016b\u017e\u0146u sav\u0101k\u0161ana Surrej\u0101 ir \u013coti svar\u012bgs pakalpojums, jo tas pal\u012bdz atbr\u012bvoties no visiem vecajiem un neizmantotajiem met\u0101liem m\u0101j\u0101s, birojos un r\u016bpn\u012bc\u0101s. \u0160os met\u0101lus var p\u0101rstr\u0101d\u0101t jaunos produktos, kas ir videi draudz\u012bg\u0101ki.<\/p><p><strong>Met\u0101lu p\u0101rstr\u0101des noz\u012bme:<\/strong><\/p><p>Met\u0101la p\u0101rstr\u0101di var izmantot da\u017e\u0101du priek\u0161metu izgatavo\u0161anai. Alum\u012bnija, vara, t\u0113rauda, misi\u0146a un dzelzs met\u0101ll\u016b\u017e\u0146us p\u0101rstr\u0101d\u0101, lai rad\u012btu da\u017e\u0101dus jaunus izstr\u0101d\u0101jumus. Met\u0101ll\u016b\u017e\u0146us izmanto da\u017e\u0101du pre\u010du ra\u017eo\u0161an\u0101, kas pal\u012bdz samazin\u0101t atkritumu daudzumu un saglab\u0101t vidi n\u0101kamaj\u0101m paaudz\u0113m. Met\u0101ll\u016b\u017e\u0146us var izmantot da\u017e\u0101diem m\u0113r\u0137iem. Piem\u0113ram, dzelzs un alum\u012bnija met\u0101ll\u016b\u017e\u0146us pla\u0161i izmanto b\u016bvniec\u012bbas nozar\u0113 da\u017e\u0101dos projektos, tostarp ce\u013cu un tiltu b\u016bvniec\u012bb\u0101. Met\u0101ll\u016b\u017e\u0146us izmanto ar\u012b automobi\u013cu, lidma\u0161\u012bnu un citu transportl\u012bdzek\u013cu ra\u017eo\u0161an\u0101.<\/p><p>Vispirms nodarb\u012bba par met\u0101ll\u016b\u017e\u0146iem, ko parasti d\u0113v\u0113 par l\u016b\u017e\u0146iem. \u0160is v\u0101rds attiecas uz visiem met\u0101liem, kurus var p\u0101rstr\u0101d\u0101t. Met\u0101ll\u016b\u017e\u0146us veido met\u0101ls, kas vairs netiek izmantots tam paredz\u0113taj\u0101m funkcij\u0101m. Vecas santehnikas iek\u0101rtas, sieta durvis un logi, vara vadi un t\u0113rauda ier\u012bces ir izplat\u012bti l\u016b\u017e\u0146u avoti restaur\u0101cijas laik\u0101. Met\u0101ll\u016b\u017e\u0146os var nodot vecus automobi\u013cus un milz\u012bgas iek\u0101rtas, k\u0101 ar\u012b novecoju\u0161as met\u0101la m\u0113beles, piem\u0113ram, dokumentu skapjus un dzelzs terases kr\u0113slus. Ra\u017eot\u0101ji, kas izmanto met\u0101lu ra\u017eo\u0161an\u0101, k\u0101 blakusproduktu var ieg\u016bt met\u0101ll\u016b\u017e\u0146us.<\/p><p><strong>\u00a0<\/strong><strong style=\"font-size: inherit;\">K\u0101d\u0113\u013c ir svar\u012bga met\u0101ll\u016b\u017e\u0146u nodo\u0161ana met\u0101ll\u016b\u017e\u0146os:<\/strong><\/p><p>Personas, kas v\u0101c met\u0101lu met\u0101ll\u016b\u017e\u0146os, m\u0113r\u0137is parasti ir peln\u012bt naudu. Cenas at\u0161\u0137iras atkar\u012bb\u0101 no met\u0101la veida un dienas, pamatojoties uz katras preces pa\u0161reiz\u0113jo tirgus situ\u0101ciju. Kr\u0101saino met\u0101lu v\u0113rt\u012bba naudas izteiksm\u0113 ir augst\u0101ka nek\u0101 melnajiem met\u0101liem, jo tie ret\u0101k tiek p\u0101rstr\u0101d\u0101ti, t\u0101p\u0113c p\u0113c tiem ir liel\u0101ks piepras\u012bjums, bet tas, cik daudz met\u0101lu met\u0101ll\u016b\u017e\u0146u pie\u0146\u0113m\u0113js var nopeln\u012bt, ir atkar\u012bgs no t\u0101, k\u0101di met\u0101li un cik daudz to ir. Piem\u0113ram, p\u0113c tam, kad b\u016bve ir nojaukta, t\u0101s viet\u0101 var atrasties elektroinstal\u0101cijas, armat\u016bra un met\u0101la caurules un caurul\u012btes. Visam ir sava v\u0113rt\u012bba, tom\u0113r vara l\u016b\u017e\u0146i b\u016bs v\u0113rt\u012bg\u0101ki par misi\u0146a l\u016b\u017e\u0146iem.<\/p><p><strong>Meta apraksts<\/strong><\/p><p><span style=\"color: var( --e-global-color-text ); font-family: var( --e-global-typography-text-font-family ), roboto; font-size: inherit; font-weight: var( --e-global-typography-text-font-weight );\">Met\u0101ll\u016b\u017e\u0146us veido met\u0101ls, kas vairs netiek izmantots tam paredz\u0113taj\u0101m funkcij\u0101m.<\/span><\/p><p>T\u0101 k\u0101 met\u0101ls ir \u013coti labi p\u0101rstr\u0101d\u0101jams, p\u0101rstr\u0101d\u0101t\u0101ji maks\u0101 cilv\u0113kiem un uz\u0146\u0113mumiem par met\u0101ll\u016b\u017e\u0146iem, kurus tie p\u0113c tam p\u0101rdod ra\u017eot\u0101jiem, kas tos p\u0101rstr\u0101d\u0101 jaunos izstr\u0101d\u0101jumos.<\/p><p>Iz\u0146emot b\u012bstamos met\u0101lus, var nodot met\u0101ll\u016b\u017e\u0146os vairumu met\u0101lu veidu (piem\u0113ram, radioakt\u012bvos met\u0101lus, kas tik un t\u0101 ir pieejami tikai nedaudziem cilv\u0113kiem).Met\u0101ll\u016b\u017e\u0146u sav\u0101k\u0161ana Surrej\u0101 ir \u013coti svar\u012bgs pakalpojums, jo tas pal\u012bdz atbr\u012bvoties no visiem vecajiem un neizmantotajiem met\u0101liem m\u0101j\u0101s, birojos un r\u016bpn\u012bc\u0101s.Kr\u0101saino met\u0101lu v\u0113rt\u012bba naudas izteiksm\u0113 ir liel\u0101ka nek\u0101 melno met\u0101lu, jo tos ret\u0101k p\u0101rstr\u0101d\u0101, t\u0101p\u0113c tiem ir liel\u0101ks piepras\u012bjums, bet tas, cik daudz met\u0101ll\u016b\u017e\u0146u sav\u0101c\u0113js var nopeln\u012bt, atkar\u012bgs no t\u0101, k\u0101di met\u0101li ir un cik daudz no tiem ir.<\/p>\t\t\t\t\t\t\t\t<\/div>\n\t\t\t\t<\/div>\n\t\t\t\t\t<\/div>\n\t\t<\/div>\n\t\t\t\t\t<\/div>\n\t\t<\/section>\n\t\t\t\t<section class=\"elementor-section elementor-top-section elementor-element elementor-element-2c3a030 elementor-section-boxed elementor-section-height-default elementor-section-height-default\" data-id=\"2c3a030\" data-element_type=\"section\" data-e-type=\"section\" data-settings=\"{&quot;_ha_eqh_enable&quot;:false}\">\n\t\t\t\t\t\t<div class=\"elementor-container elementor-column-gap-default\">\n\t\t\t\t\t<div class=\"elementor-column elementor-col-100 elementor-top-column elementor-element elementor-element-17d032d\" data-id=\"17d032d\" data-element_type=\"column\" data-e-type=\"column\">\n\t\t\t<div class=\"elementor-widget-wrap elementor-element-populated\">\n\t\t\t\t\t\t<div class=\"elementor-element elementor-element-1260a24 elementor-widget elementor-widget-heading\" data-id=\"1260a24\" data-element_type=\"widget\" data-e-type=\"widget\" data-widget_type=\"heading.default\">\n\t\t\t\t<div class=\"elementor-widget-container\">\n\t\t\t\t\t<h4 class=\"elementor-heading-title elementor-size-default\"><a href=\"http:\/\/www.legislation.gov.uk\/ukpga\/2013\/10\/enacted\" target=\"_blank\" rel=\"noopener\">Ties\u012bbu akti par met\u0101ll\u016b\u017e\u0146iem<\/a><\/h4>\t\t\t\t<\/div>\n\t\t\t\t<\/div>\n\t\t\t\t\t<\/div>\n\t\t<\/div>\n\t\t\t\t\t<\/div>\n\t\t<\/section>\n\t\t\t\t<section class=\"elementor-section elementor-top-section elementor-element elementor-element-3fc56cb elementor-section-boxed elementor-section-height-default elementor-section-height-default\" data-id=\"3fc56cb\" data-element_type=\"section\" data-e-type=\"section\" data-settings=\"{&quot;_ha_eqh_enable&quot;:false}\">\n\t\t\t\t\t\t<div class=\"elementor-container elementor-column-gap-default\">\n\t\t\t\t\t<div class=\"elementor-column elementor-col-50 elementor-top-column elementor-element elementor-element-36c8e87\" data-id=\"36c8e87\" data-element_type=\"column\" data-e-type=\"column\">\n\t\t\t<div class=\"elementor-widget-wrap elementor-element-populated\">\n\t\t\t\t\t\t<div class=\"elementor-element elementor-element-c8c1db3 elementor-widget elementor-widget-image\" data-id=\"c8c1db3\" data-element_type=\"widget\" data-e-type=\"widget\" data-widget_type=\"image.default\">\n\t\t\t\t<div class=\"elementor-widget-container\">\n\t\t\t\t\t\t\t\t\t\t\t\t\t\t\t<img fetchpriority=\"high\" decoding=\"async\" width=\"300\" height=\"300\" src=\"https:\/\/simvic.co.uk\/wp-content\/uploads\/2023\/02\/Scrap-metal-collection-1-300x300-1.png\" class=\"attachment-full size-full wp-image-8194\" alt=\"Met\u0101ll\u016b\u017e\u0146u sav\u0101k\u0161ana Surrey\" srcset=\"https:\/\/simvic.co.uk\/wp-content\/uploads\/2023\/02\/Scrap-metal-collection-1-300x300-1.png 300w, https:\/\/simvic.co.uk\/wp-content\/uploads\/2023\/02\/Scrap-metal-collection-1-300x300-1-150x150.png 150w, https:\/\/simvic.co.uk\/wp-content\/uploads\/2023\/02\/Scrap-metal-collection-1-300x300-1-12x12.png 12w\" sizes=\"(max-width: 300px) 100vw, 300px\" title=\"\">\t\t\t\t\t\t\t\t\t\t\t\t\t\t\t<\/div>\n\t\t\t\t<\/div>\n\t\t\t\t\t<\/div>\n\t\t<\/div>\n\t\t\t\t<div class=\"elementor-column elementor-col-50 elementor-top-column elementor-element elementor-element-7351068\" data-id=\"7351068\" data-element_type=\"column\" data-e-type=\"column\">\n\t\t\t<div class=\"elementor-widget-wrap\">\n\t\t\t\t\t\t\t<\/div>\n\t\t<\/div>\n\t\t\t\t\t<\/div>\n\t\t<\/section>\n\t\t\t\t<\/div>","protected":false},"excerpt":{"rendered":"<p>To arrange collection call us at: 0776 363 04 04 Scrap Metal Collection Surrey:\u00a0First, a lesson on Scrap Metal\u00a0Collection Surrey, sometimes known as scrap. This word refers to all metals that can be recycled. Scrap metal is made up of metal that is no longer being used for its intended function. Old plumbing fixtures, screen [&hellip;]<\/p>\n","protected":false},"author":8,"featured_media":0,"parent":0,"menu_order":0,"comment_status":"closed","ping_status":"closed","template":"","meta":{"om_disable_all_campaigns":false,"inline_featured_image":false,"_monsterinsights_skip_tracking":false,"_monsterinsights_sitenote_active":false,"_monsterinsights_sitenote_note":"","_monsterinsights_sitenote_category":0,"footnotes":""},"class_list":["post-1499","page","type-page","status-publish","hentry"],"_links":{"self":[{"href":"https:\/\/simvic.co.uk\/lv\/wp-json\/wp\/v2\/pages\/1499","targetHints":{"allow":["GET"]}}],"collection":[{"href":"https:\/\/simvic.co.uk\/lv\/wp-json\/wp\/v2\/pages"}],"about":[{"href":"https:\/\/simvic.co.uk\/lv\/wp-json\/wp\/v2\/types\/page"}],"author":[{"embeddable":true,"href":"https:\/\/simvic.co.uk\/lv\/wp-json\/wp\/v2\/users\/8"}],"replies":[{"embeddable":true,"href":"https:\/\/simvic.co.uk\/lv\/wp-json\/wp\/v2\/comments?post=1499"}],"version-history":[{"count":0,"href":"https:\/\/simvic.co.uk\/lv\/wp-json\/wp\/v2\/pages\/1499\/revisions"}],"wp:attachment":[{"href":"https:\/\/simvic.co.uk\/lv\/wp-json\/wp\/v2\/media?parent=1499"}],"curies":[{"name":"wp","href":"https:\/\/api.w.org\/{rel}","templated":true}]}}