{"id":2059,"date":"2022-05-27T14:08:39","date_gmt":"2022-05-27T14:08:39","guid":{"rendered":"https:\/\/simvic.co.uk\/?page_id=2059"},"modified":"2022-10-17T03:06:30","modified_gmt":"2022-10-17T03:06:30","slug":"metalluznu-savaksana-lielakaja-londona","status":"publish","type":"page","link":"https:\/\/simvic.co.uk\/lv\/metalluznu-savaksana-lielakaja-londona\/","title":{"rendered":"Met\u0101ll\u016b\u017e\u0146u sav\u0101k\u0161ana Liel\u0101 Londona"},"content":{"rendered":"<div data-elementor-type=\"wp-page\" data-elementor-id=\"2059\" class=\"elementor elementor-2059\" data-elementor-settings=\"{&quot;ha_cmc_init_switcher&quot;:&quot;no&quot;}\" data-elementor-post-type=\"page\">\n\t\t\t\t\t\t<section class=\"elementor-section elementor-top-section elementor-element elementor-element-54590b0 elementor-section-boxed elementor-section-height-default elementor-section-height-default\" data-id=\"54590b0\" data-element_type=\"section\" data-e-type=\"section\" data-settings=\"{&quot;_ha_eqh_enable&quot;:false}\">\n\t\t\t\t\t\t<div class=\"elementor-container elementor-column-gap-default\">\n\t\t\t\t\t<div class=\"elementor-column elementor-col-100 elementor-top-column elementor-element elementor-element-0eb8067\" data-id=\"0eb8067\" data-element_type=\"column\" data-e-type=\"column\">\n\t\t\t<div class=\"elementor-widget-wrap elementor-element-populated\">\n\t\t\t\t\t\t<div class=\"elementor-element elementor-element-c0287e8 elementor-widget elementor-widget-heading\" data-id=\"c0287e8\" data-element_type=\"widget\" data-e-type=\"widget\" data-widget_type=\"heading.default\">\n\t\t\t\t<div class=\"elementor-widget-container\">\n\t\t\t\t\t<h2 class=\"elementor-heading-title elementor-size-default\">Met\u0101ll\u016b\u017e\u0146u pirc\u0113js<\/h2>\t\t\t\t<\/div>\n\t\t\t\t<\/div>\n\t\t\t\t\t<\/div>\n\t\t<\/div>\n\t\t\t\t\t<\/div>\n\t\t<\/section>\n\t\t\t\t<section class=\"elementor-section elementor-top-section elementor-element elementor-element-7b0cbea elementor-section-boxed elementor-section-height-default elementor-section-height-default\" data-id=\"7b0cbea\" data-element_type=\"section\" data-e-type=\"section\" data-settings=\"{&quot;_ha_eqh_enable&quot;:false}\">\n\t\t\t\t\t\t<div class=\"elementor-container elementor-column-gap-default\">\n\t\t\t\t\t<div class=\"elementor-column elementor-col-50 elementor-top-column elementor-element elementor-element-17387b9\" data-id=\"17387b9\" data-element_type=\"column\" data-e-type=\"column\">\n\t\t\t<div class=\"elementor-widget-wrap elementor-element-populated\">\n\t\t\t\t\t\t<div class=\"elementor-element elementor-element-e249d89 elementor-widget elementor-widget-image\" data-id=\"e249d89\" data-element_type=\"widget\" data-e-type=\"widget\" data-widget_type=\"image.default\">\n\t\t\t\t<div class=\"elementor-widget-container\">\n\t\t\t\t\t\t\t\t\t\t\t\t\t\t\t<img fetchpriority=\"high\" decoding=\"async\" width=\"800\" height=\"800\" src=\"https:\/\/simvic.co.uk\/wp-content\/uploads\/2022\/04\/Scrap-metal-collection-1-1024x1024.png\" class=\"attachment-large size-large wp-image-1533\" alt=\"Met\u0101ll\u016b\u017e\u0146i London\u0101\" srcset=\"https:\/\/simvic.co.uk\/wp-content\/uploads\/2022\/04\/Scrap-metal-collection-1-1024x1024.png 1024w, https:\/\/simvic.co.uk\/wp-content\/uploads\/2022\/04\/Scrap-metal-collection-1-300x300.png 300w, https:\/\/simvic.co.uk\/wp-content\/uploads\/2022\/04\/Scrap-metal-collection-1-150x150.png 150w, https:\/\/simvic.co.uk\/wp-content\/uploads\/2022\/04\/Scrap-metal-collection-1-768x768.png 768w, https:\/\/simvic.co.uk\/wp-content\/uploads\/2022\/04\/Scrap-metal-collection-1-12x12.png 12w, https:\/\/simvic.co.uk\/wp-content\/uploads\/2022\/04\/Scrap-metal-collection-1-595xh.png 595w, https:\/\/simvic.co.uk\/wp-content\/uploads\/2022\/04\/Scrap-metal-collection-1-125x125.png 125w, https:\/\/simvic.co.uk\/wp-content\/uploads\/2022\/04\/Scrap-metal-collection-1-640x640.png 640w, https:\/\/simvic.co.uk\/wp-content\/uploads\/2022\/04\/Scrap-metal-collection-1.png 1080w\" sizes=\"(max-width: 800px) 100vw, 800px\" title=\"\">\t\t\t\t\t\t\t\t\t\t\t\t\t\t\t<\/div>\n\t\t\t\t<\/div>\n\t\t\t\t\t<\/div>\n\t\t<\/div>\n\t\t\t\t<div class=\"elementor-column elementor-col-50 elementor-top-column elementor-element elementor-element-a72cd39\" data-id=\"a72cd39\" data-element_type=\"column\" data-e-type=\"column\">\n\t\t\t<div class=\"elementor-widget-wrap elementor-element-populated\">\n\t\t\t\t\t\t<div class=\"elementor-element elementor-element-47af52f elementor-widget elementor-widget-text-editor\" data-id=\"47af52f\" data-element_type=\"widget\" data-e-type=\"widget\" data-widget_type=\"text-editor.default\">\n\t\t\t\t<div class=\"elementor-widget-container\">\n\t\t\t\t\t\t\t\t\t<p lang=\"en-US\"><span style=\"font-family: Times New Roman, serif;\"><span style=\"font-size: medium;\"><span style=\"font-family: Calibri, serif;\">Vai j\u016bs mekl\u0113jat l\u016b\u017e\u0146u sav\u0101k\u0161anas pakalpojumu Austrumlondon\u0101? Ja j\u0101, tad \u0161is raksts ir dom\u0101ts tikai jums, bet pirms tam mums ir j\u0101zina par met\u0101ll\u016b\u017e\u0146iem.<\/span><\/span><\/span><\/p><p lang=\"en-US\"><span style=\"font-family: Times New Roman, serif;\"><span style=\"font-size: medium;\"><span style=\"font-family: Calibri, serif;\">S\u0101ksim ar to, ka met\u0101ll\u016b\u017e\u0146i ir met\u0101ll\u016b\u017e\u0146u un met\u0101la atkritumu mais\u012bjums. Jebkur\u0161 izstr\u0101d\u0101jums, kas sast\u0101v no met\u0101la, tiek p\u0101rstr\u0101d\u0101ts. <\/span><em><span style=\"font-family: Calibri, serif;\">piem\u0113ram.<\/span><\/em><span style=\"font-family: Calibri, serif;\">. Nav svar\u012bgi, vai t\u0101s ir transportl\u012bdzek\u013cu da\u013cas vai celtniec\u012bbas piederumi. Atkritumiem ir liela monet\u0101ra v\u0113rt\u012bba. T\u0101 rezult\u0101t\u0101 met\u0101ll\u016b\u017e\u0146i ir radu\u0161ies komerci\u0101l\u0101 un sadz\u012bves lieto\u0161an\u0101. Tas sast\u0101v no visu veidu met\u0101liem.<\/span><\/span><\/span><\/p><p lang=\"en-US\"><span style=\"font-family: Times New Roman, serif;\"><span style=\"font-size: medium;\"><span style=\"font-family: Calibri, serif;\">Met\u0101ll\u016b\u017e\u0146iem ir iev\u0113rojama tirgus v\u0113rt\u012bba. Tam ir ar\u012b milz\u012bga z\u012bmola v\u0113rt\u012bba. Met\u0101ll\u016b\u017e\u0146us var izmantot atk\u0101rtoti. Daudzi no mums nezina, k\u0101 tiek izmantots met\u0101ls. Tas ir iemesls, k\u0101d\u0113\u013c tas tiek izmests met\u0101ll\u016b\u017e\u0146os. Zin\u0101\u0161anu tr\u016bkuma par met\u0101lu d\u0113\u013c cilv\u0113ki nesp\u0113j to izmantot atk\u0101rtoti.<\/span><\/span><\/span><\/p>\t\t\t\t\t\t\t\t<\/div>\n\t\t\t\t<\/div>\n\t\t\t\t\t<\/div>\n\t\t<\/div>\n\t\t\t\t\t<\/div>\n\t\t<\/section>\n\t\t\t\t<section class=\"elementor-section elementor-top-section elementor-element elementor-element-51061bc elementor-section-boxed elementor-section-height-default elementor-section-height-default\" data-id=\"51061bc\" data-element_type=\"section\" data-e-type=\"section\" data-settings=\"{&quot;_ha_eqh_enable&quot;:false}\">\n\t\t\t\t\t\t<div class=\"elementor-container elementor-column-gap-default\">\n\t\t\t\t\t<div class=\"elementor-column elementor-col-100 elementor-top-column elementor-element elementor-element-c689641\" data-id=\"c689641\" data-element_type=\"column\" data-e-type=\"column\">\n\t\t\t<div class=\"elementor-widget-wrap elementor-element-populated\">\n\t\t\t\t\t\t<div class=\"elementor-element elementor-element-27ee9c3 elementor-widget elementor-widget-text-editor\" data-id=\"27ee9c3\" data-element_type=\"widget\" data-e-type=\"widget\" data-widget_type=\"text-editor.default\">\n\t\t\t\t<div class=\"elementor-widget-container\">\n\t\t\t\t\t\t\t\t\t<h2 class=\"western\" lang=\"en-IN\"><b><span style=\"font-family: Calibri, serif;\">Met\u0101ll\u016b\u017e\u0146u veidi?<\/span><\/b><\/h2><p lang=\"en-US\"><span style=\"font-family: Times New Roman, serif;\"><span style=\"font-size: medium;\"><b><span style=\"font-family: Calibri, serif;\">1. Melnie met\u0101li -<\/span><\/b><span style=\"font-family: Calibri, serif;\">\u00a0Tie parasti ir magn\u0113tiski. Melnie met\u0101li ir \u013coti jut\u012bgi pret koroziju, jo tie ir vienreizlietojami. Piem\u0113rs - dzelzs, t\u0113rauds, transportl\u012bdzek\u013cu l\u016b\u017e\u0146i utt.<\/span><\/span><\/span><\/p><p lang=\"en-US\"><span style=\"font-family: Times New Roman, serif;\"><span style=\"font-size: medium;\"><b><span style=\"font-family: Calibri, serif;\">2. Kr\u0101sainie met\u0101li -<\/span><\/b><span style=\"font-family: Calibri, serif;\">\u00a0Tie parasti nav magn\u0113tiski. T\u0101p\u0113c tie ir \u013coti iztur\u012bgi pret koroziju. Ne visu laiku; tie ir atk\u0101rtoti lietojami. Tam ir liel\u0101ks svars nek\u0101 melnajam met\u0101lam. Piem\u0113rs - alum\u012bnijs, var\u0161, alva utt.<\/span><\/span><\/span><\/p><h2 class=\"western\" lang=\"en-IN\"><b><span style=\"font-family: Calibri, serif;\">Transportl\u012bdzek\u013ci, kas sav\u0101c met\u0101ll\u016b\u017e\u0146us Austrumlondon\u0101?<\/span><\/b><\/h2><p lang=\"en-US\"><span style=\"font-family: Times New Roman, serif;\"><span style=\"font-size: medium;\"><span style=\"font-family: Calibri, serif;\">1. Roll-on-Roll-Off (RORO)<\/span><\/span><\/span><\/p><p lang=\"en-US\"><span style=\"font-family: Times New Roman, serif;\"><span style=\"font-size: medium;\"><span style=\"font-family: Calibri, serif;\">2. Pa\u0161izg\u0101z\u0113js ar augstu pac\u0113l\u0101ju<\/span><\/span><\/span><\/p><p lang=\"en-US\"><span style=\"font-family: Times New Roman, serif;\"><span style=\"font-size: medium;\"><span style=\"font-family: Calibri, serif;\">3. Gar\u0101 rite\u0146u b\u0101ze<\/span><\/span><\/span><\/p><p lang=\"en-US\"><span style=\"font-family: Times New Roman, serif;\"><span style=\"font-size: medium;\"><span style=\"font-family: Calibri, serif;\">4. \u012asa rite\u0146u b\u0101ze un<\/span><\/span><\/span><\/p><p lang=\"en-US\"><span style=\"font-family: Times New Roman, serif;\"><span style=\"font-size: medium;\"><span style=\"font-family: Calibri, serif;\">5. Mazais VW Caddy Van<\/span><\/span><\/span><\/p><h2 class=\"western\" lang=\"en-IN\"><b><span style=\"font-family: Calibri, serif;\">K\u0101p\u0113c jums b\u016btu nepiecie\u0161ams uz\u0146\u0113mums, kas nodarbojas ar met\u0101la sav\u0101k\u0161anu?<\/span><\/b><\/h2><p lang=\"en-US\"><span style=\"font-family: Times New Roman, serif;\"><span style=\"font-size: medium;\"><span style=\"font-family: Calibri, serif;\">Jums vajadz\u0113tu izv\u0113l\u0113ties uz\u0146\u0113mumu, jo tie ir \u013coti profesion\u0101li. Var atbr\u012bvoties no met\u0101ll\u016b\u017e\u0146iem. Var atbr\u012bvoties ar\u012b no met\u0101la karotes. K\u0101 ar\u012b var atbr\u012bvoties no met\u0101la karotes. Un j\u016bs varat atbr\u012bvoties no met\u0101ll\u016b\u017e\u0146iem piln\u012bgi bez maksas.<\/span><\/span><\/span><\/p><h2 class=\"western\" lang=\"en-IN\"><b><span style=\"font-family: Calibri, serif;\">Vai met\u0101ll\u016b\u017e\u0146u sav\u0101k\u0161anas uz\u0146\u0113mums Austrumlondon\u0101 p\u0101rstr\u0101d\u0101 met\u0101ll\u016b\u017e\u0146us?<\/span><\/b><\/h2><p lang=\"en-US\"><span style=\"font-family: Times New Roman, serif;\"><span style=\"font-size: medium;\"><span style=\"font-family: Calibri, serif;\">J\u0101, uz\u0146\u0113mums p\u0101rstr\u0101d\u0101 visus met\u0101ll\u016b\u017e\u0146us, ko tam nododat. T\u0101p\u0113c vides aizsardz\u012bba ir \u013coti svar\u012bga.<\/span><\/span><\/span><\/p><h2 class=\"western\" lang=\"en-IN\"><b><span style=\"font-family: Calibri, serif;\">K\u0101da veida l\u016b\u017e\u0146us uz\u0146\u0113mums sav\u0101c?<\/span><\/b><\/h2><p lang=\"en-US\"><span style=\"font-family: Times New Roman, serif;\"><span style=\"font-size: medium;\"><span style=\"font-family: Calibri, serif;\">T\u0101tad \u0161eit ir dal\u012bties ar sarakstu, ko vi\u0146i sav\u0101c-<\/span><\/span><\/span><\/p><p lang=\"en-US\"><span style=\"font-family: Times New Roman, serif;\"><span style=\"font-size: medium;\"><span style=\"font-family: Calibri, serif;\">1. Automa\u0161\u012bnu l\u016b\u017e\u0146i<\/span><\/span><\/span><\/p><p lang=\"en-US\"><span style=\"font-family: Times New Roman, serif;\"><span style=\"font-size: medium;\"><span style=\"font-family: Calibri, serif;\">2. Lietotas automa\u0161\u012bnu deta\u013cas<\/span><\/span><\/span><\/p><p lang=\"en-US\"><span style=\"font-family: Times New Roman, serif;\"><span style=\"font-size: medium;\"><span style=\"font-family: Calibri, serif;\">3. Att\u012br\u012bti met\u0101li utt.<\/span><\/span><\/span><\/p><h2 class=\"western\" lang=\"en-IN\"><b><span style=\"font-family: Calibri, serif;\">Kas v\u0101c l\u016b\u017e\u0146us?<\/span><\/b><\/h2><p lang=\"en-US\"><span style=\"font-family: Times New Roman, serif;\"><span style=\"font-size: medium;\"><span style=\"font-family: Calibri, serif;\">Jo persona, kas uz\u0146\u0113muma v\u0101rd\u0101 v\u0101c l\u016b\u017e\u0146us, ir met\u0101ll\u016b\u017e\u0146u tirgot\u0101js vai met\u0101ll\u016b\u017e\u0146u sav\u0101c\u0113js. T\u0101tad persona, kas ieved vai sav\u0101c l\u016b\u017e\u0146us un p\u0101rdod tos, lai g\u016btu pe\u013c\u0146u.<\/span><\/span><\/span><\/p><h2 class=\"western\" lang=\"en-IN\"><b><span style=\"font-family: Calibri, serif;\">Kur m\u0113s varam atrast met\u0101ll\u016b\u017e\u0146us?<\/span><\/b><\/h2><p lang=\"en-US\"><span style=\"font-family: Times New Roman, serif;\"><span style=\"font-size: medium;\"><span style=\"font-family: Calibri, serif;\">T\u0101p\u0113c \u0161eit m\u0113s run\u0101jam par viet\u0101m, kur m\u0113s varam atrast l\u016b\u017e\u0146u sav\u0101k\u0161anu Austrumlondon\u0101 -<\/span><\/span><\/span><\/p><p lang=\"en-US\"><span style=\"font-family: Times New Roman, serif;\"><span style=\"font-size: medium;\"><span style=\"font-family: Calibri, serif;\">Mazie uz\u0146\u0113mumi, autoservisi, nojauk\u0161anas vietas, santehnikas uz\u0146\u0113mumi un dz\u012bvojamo m\u0101ju kolekcijas. Met\u0101ll\u016b\u017e\u0146us varam atrast ar\u012b Facebook tirg\u016b un cit\u0101s soci\u0101laj\u0101s vietn\u0113s.<\/span><\/span><\/span><\/p><h2 class=\"western\" lang=\"en-IN\"><b><span style=\"font-family: Calibri, serif;\">K\u0101 met\u0101ll\u016b\u017e\u0146u sav\u0101k\u0161ana labv\u0113l\u012bgi ietekm\u0113 vidi?<\/span><\/b><\/h2><p lang=\"en-US\"><span style=\"font-family: Times New Roman, serif;\"><span style=\"font-size: medium;\"><span style=\"font-family: Calibri, serif;\">Met\u0101ll\u016b\u017e\u0146u sav\u0101k\u0161ana k\u013c\u016bst par otrreiz\u0113ju p\u0101rstr\u0101di. Ta\u010du neizmantotie met\u0101li tiek v\u0101kti no viet\u0101m, kur m\u0113s varam atrast met\u0101ll\u016b\u017e\u0146us.<\/span><\/span><\/span><\/p><p lang=\"en-US\"><span style=\"font-family: Times New Roman, serif;\"><span style=\"font-size: medium;\"><span style=\"font-family: Calibri, serif;\">M\u0113s visi zin\u0101m, ka, p\u0101rstr\u0101d\u0101jot alum\u012bniju, ir nepiecie\u0161ams 95% maz\u0101k ener\u0123ijas. Izejvielu ra\u017eo\u0161anai nepiecie\u0161ams vair\u0101k ener\u0123ijas. Nepiecie\u0161ams p\u0101rstr\u0101d\u0101t sav\u0101kto met\u0101ll\u016b\u017e\u0146us. T\u0101p\u0113c sav\u0101ktos met\u0101ll\u016b\u017e\u0146us bie\u017ei nog\u0101d\u0101 b\u016bvlaukum\u0101, ko d\u0113v\u0113 par met\u0101ll\u016b\u017e\u0146u laukumu vai met\u0101ll\u016b\u017e\u0146u noliktavu. Met\u0101ll\u016b\u017e\u0146u smalcin\u0101t\u0101js tiek izmantots, lai atbr\u012bvotos no sav\u0101kt\u0101 met\u0101la Austrumlondon\u0101.<\/span><\/span><\/span><\/p><p lang=\"en-US\"><span style=\"font-family: Times New Roman, serif;\"><span style=\"font-size: medium;\"><span style=\"font-family: Calibri, serif;\">Ja ar\u012b j\u016bs mekl\u0113jat lab\u0101ko uz\u0146\u0113mumu <\/span><span style=\"color: #0000ff;\"><u><a href=\"https:\/\/simvic.co.uk\/lv\"><span style=\"font-family: Calibri, serif;\">met\u0101ll\u016b\u017e\u0146u sav\u0101k\u0161ana Austrumlondon\u0101<\/span><\/a><\/u><\/span><span style=\"font-family: Calibri, serif;\">\u00a0tad m\u0113s iesak\u0101m izv\u0113l\u0113ties Simvic Ltd.<\/span><\/span><\/span><\/p>\t\t\t\t\t\t\t\t<\/div>\n\t\t\t\t<\/div>\n\t\t\t\t\t<\/div>\n\t\t<\/div>\n\t\t\t\t\t<\/div>\n\t\t<\/section>\n\t\t\t\t<section class=\"elementor-section elementor-top-section elementor-element elementor-element-c3496dc elementor-section-boxed elementor-section-height-default elementor-section-height-default\" data-id=\"c3496dc\" data-element_type=\"section\" data-e-type=\"section\" data-settings=\"{&quot;_ha_eqh_enable&quot;:false}\">\n\t\t\t\t\t\t<div class=\"elementor-container elementor-column-gap-default\">\n\t\t\t\t\t<div class=\"elementor-column elementor-col-100 elementor-top-column elementor-element elementor-element-093447d\" data-id=\"093447d\" data-element_type=\"column\" data-e-type=\"column\">\n\t\t\t<div class=\"elementor-widget-wrap elementor-element-populated\">\n\t\t\t\t\t\t<div class=\"elementor-element elementor-element-5910e4f elementor-widget elementor-widget-heading\" data-id=\"5910e4f\" data-element_type=\"widget\" data-e-type=\"widget\" data-widget_type=\"heading.default\">\n\t\t\t\t<div class=\"elementor-widget-container\">\n\t\t\t\t\t<h2 class=\"elementor-heading-title elementor-size-default\">M\u0113s aptveram visas Austrumlondonas vietas, tostarp:<\/h2>\t\t\t\t<\/div>\n\t\t\t\t<\/div>\n\t\t\t\t\t<\/div>\n\t\t<\/div>\n\t\t\t\t\t<\/div>\n\t\t<\/section>\n\t\t\t\t<section class=\"elementor-section elementor-top-section elementor-element elementor-element-cf1bc80 elementor-section-boxed elementor-section-height-default elementor-section-height-default\" data-id=\"cf1bc80\" data-element_type=\"section\" data-e-type=\"section\" data-settings=\"{&quot;_ha_eqh_enable&quot;:false}\">\n\t\t\t\t\t\t<div class=\"elementor-container elementor-column-gap-default\">\n\t\t\t\t\t<div class=\"elementor-column elementor-col-50 elementor-top-column elementor-element elementor-element-6e15bd9\" data-id=\"6e15bd9\" data-element_type=\"column\" data-e-type=\"column\">\n\t\t\t<div class=\"elementor-widget-wrap elementor-element-populated\">\n\t\t\t\t\t\t<div class=\"elementor-element elementor-element-631f09a elementor-widget elementor-widget-text-editor\" data-id=\"631f09a\" data-element_type=\"widget\" data-e-type=\"widget\" data-widget_type=\"text-editor.default\">\n\t\t\t\t<div class=\"elementor-widget-container\">\n\t\t\t\t\t\t\t\t\t<p>E1 Whitechapel, Stepney, Mile End, Spitalfields, Wapping<br \/>E2 Bethnal Green, Shoreditch, Haggerston<br \/>E3 Bow, Bromley, Bow Common<br \/>E4 Chingford, Highams Park, South Chingford<br \/>E5 Clapton<br \/>E6 East Ham, Beckton<br \/>E7 Forest Gate, Upton<br \/>E8 Hackney, Dalston<br \/>E9 Hackney, Homerton, South Hackney, Victoria Park<br \/>E10 Leitona<br \/>E11 Leitonstone, Wanstead, Snaresbrook<br \/>E12 Manor Park, Aldersbrook, Little Ilford<br \/>E13 Plaistow<br \/>E14 Poplar, Millwall, Isle of Dogs, Docklands, Limehouse<br \/>E15 Stratford, West Ham<br \/>E16 Canning Town, North Woolwich, Custom House, Silvertown<br \/>E17 Walthamstow<br \/>E18 South Woodford<\/p>\t\t\t\t\t\t\t\t<\/div>\n\t\t\t\t<\/div>\n\t\t\t\t\t<\/div>\n\t\t<\/div>\n\t\t\t\t<div class=\"elementor-column elementor-col-50 elementor-top-column elementor-element elementor-element-365c352\" data-id=\"365c352\" data-element_type=\"column\" data-e-type=\"column\">\n\t\t\t<div class=\"elementor-widget-wrap elementor-element-populated\">\n\t\t\t\t\t\t<div class=\"elementor-element elementor-element-cb6e575 elementor-widget elementor-widget-google_maps\" data-id=\"cb6e575\" data-element_type=\"widget\" data-e-type=\"widget\" data-widget_type=\"google_maps.default\">\n\t\t\t\t<div class=\"elementor-widget-container\">\n\t\t\t\t\t\t\t<div class=\"elementor-custom-embed\">\n\t\t\t<iframe loading=\"lazy\"\n\t\t\t\t\tsrc=\"https:\/\/maps.google.com\/maps?q=East%20London%2C%20United%20Kingdom&#038;t=m&#038;z=11&#038;output=embed&#038;iwloc=near\"\n\t\t\t\t\ttitle=\"East London, Apvienot\u0101 Karaliste\"\n\t\t\t\t\taria-label=\"East London, Apvienot\u0101 Karaliste\"\n\t\t\t><\/iframe>\n\t\t<\/div>\n\t\t\t\t\t\t<\/div>\n\t\t\t\t<\/div>\n\t\t\t\t\t<\/div>\n\t\t<\/div>\n\t\t\t\t\t<\/div>\n\t\t<\/section>\n\t\t\t\t<section class=\"elementor-section elementor-top-section elementor-element elementor-element-4be10a7 elementor-section-boxed elementor-section-height-default elementor-section-height-default\" data-id=\"4be10a7\" data-element_type=\"section\" data-e-type=\"section\" data-settings=\"{&quot;_ha_eqh_enable&quot;:false}\">\n\t\t\t\t\t\t<div class=\"elementor-container elementor-column-gap-default\">\n\t\t\t\t\t<div class=\"elementor-column elementor-col-100 elementor-top-column elementor-element elementor-element-0f69743\" data-id=\"0f69743\" data-element_type=\"column\" data-e-type=\"column\">\n\t\t\t<div class=\"elementor-widget-wrap\">\n\t\t\t\t\t\t\t<\/div>\n\t\t<\/div>\n\t\t\t\t\t<\/div>\n\t\t<\/section>\n\t\t\t\t<section class=\"elementor-section elementor-top-section elementor-element elementor-element-5dc48a5 elementor-section-boxed elementor-section-height-default elementor-section-height-default\" data-id=\"5dc48a5\" data-element_type=\"section\" data-e-type=\"section\" data-settings=\"{&quot;_ha_eqh_enable&quot;:false}\">\n\t\t\t\t\t\t<div class=\"elementor-container elementor-column-gap-default\">\n\t\t\t\t\t<div class=\"elementor-column elementor-col-100 elementor-top-column elementor-element elementor-element-7eadb45\" data-id=\"7eadb45\" data-element_type=\"column\" data-e-type=\"column\">\n\t\t\t<div class=\"elementor-widget-wrap\">\n\t\t\t\t\t\t\t<\/div>\n\t\t<\/div>\n\t\t\t\t\t<\/div>\n\t\t<\/section>\n\t\t\t\t<\/div>","protected":false},"excerpt":{"rendered":"<p>Scrap metal buyer Are you looking for a scrap collection in East London? If yes, this article is only for you but before this, we have to know about the scrap metal. So let&#8217;s start, the Scrap Metal is a mixture of waste metal and metallic metal. Any product which consists of metal is recycled [&hellip;]<\/p>\n","protected":false},"author":8,"featured_media":4631,"parent":0,"menu_order":0,"comment_status":"closed","ping_status":"closed","template":"elementor_header_footer","meta":{"om_disable_all_campaigns":false,"inline_featured_image":false,"_monsterinsights_skip_tracking":false,"_monsterinsights_sitenote_active":false,"_monsterinsights_sitenote_note":"","_monsterinsights_sitenote_category":0,"footnotes":""},"class_list":["post-2059","page","type-page","status-publish","has-post-thumbnail","hentry"],"_links":{"self":[{"href":"https:\/\/simvic.co.uk\/lv\/wp-json\/wp\/v2\/pages\/2059","targetHints":{"allow":["GET"]}}],"collection":[{"href":"https:\/\/simvic.co.uk\/lv\/wp-json\/wp\/v2\/pages"}],"about":[{"href":"https:\/\/simvic.co.uk\/lv\/wp-json\/wp\/v2\/types\/page"}],"author":[{"embeddable":true,"href":"https:\/\/simvic.co.uk\/lv\/wp-json\/wp\/v2\/users\/8"}],"replies":[{"embeddable":true,"href":"https:\/\/simvic.co.uk\/lv\/wp-json\/wp\/v2\/comments?post=2059"}],"version-history":[{"count":0,"href":"https:\/\/simvic.co.uk\/lv\/wp-json\/wp\/v2\/pages\/2059\/revisions"}],"wp:featuredmedia":[{"embeddable":true,"href":"https:\/\/simvic.co.uk\/lv\/wp-json\/wp\/v2\/media\/4631"}],"wp:attachment":[{"href":"https:\/\/simvic.co.uk\/lv\/wp-json\/wp\/v2\/media?parent=2059"}],"curies":[{"name":"wp","href":"https:\/\/api.w.org\/{rel}","templated":true}]}}