{"id":3611,"date":"2022-07-20T10:54:30","date_gmt":"2022-07-20T10:54:30","guid":{"rendered":"https:\/\/simvic.co.uk\/scrap-metal-collection-stoke-dabernon\/"},"modified":"2023-02-21T20:50:09","modified_gmt":"2023-02-21T20:50:09","slug":"metalluznu-savaksana-stoke-dabernon","status":"publish","type":"page","link":"https:\/\/simvic.co.uk\/lv\/metalluznu-savaksana-stoke-dabernon\/","title":{"rendered":"Met\u0101ll\u016b\u017e\u0146u sav\u0101k\u0161ana Stoke D'Abernon"},"content":{"rendered":"<h1>Grab Business Advantage<\/h1>\n<p>Met\u0101ll\u016b\u017e\u0146u sav\u0101k\u0161ana Stoke D'Abernon - M\u0113s, SIMVIC, esam gatavi bez maksas sav\u0101kt j\u016bsu met\u0101lus. Met\u0101ll\u016b\u017e\u0146i var b\u016bt var\u0161, alum\u012bnijs, misi\u0146\u0161, bronza, cinks, svins, kabe\u013ci, t\u0113rauds un daudz kas cits. Tikm\u0113r vislab\u0101kais ir tas, ka m\u0113s esam met\u0101ll\u016b\u017e\u0146u p\u0101rstr\u0101des uz\u0146\u0113mums, kas tic vides saudz\u0113\u0161anai.<\/p>\n<h3><strong>Vai met\u0101la sav\u0101k\u0161ana ir sare\u017e\u0123\u012bts uzdevums? Nepavisam ne<\/strong><\/h3>\n<p>Ja jums \u0161\u0137iet, ka met\u0101ll\u016b\u017e\u0146u sav\u0101k\u0161ana Stoke D'Abernon sag\u0101d\u0101s jums probl\u0113mas, vienk\u0101r\u0161i aizmirstiet par to. SIMVIC r\u016bp\u0113jas par met\u0101ll\u016b\u017e\u0146iem. Tikm\u0113r m\u016bsu speci\u0101listi par\u016bp\u0113sies par \u0101tru teritorijas sakop\u0161anu.<\/p>\n<p align=\"justify\">Neuztraucieties par iekas\u0113\u0161anas maksu. SIMVIC samaks\u0101s jums par met\u0101ll\u016b\u017e\u0146u sav\u0101k\u0161anu. Turkl\u0101t tas ir atkar\u012bgs no kravas svara, ko m\u0113s vedam l\u012bdzi. Turkl\u0101t n\u0101kotn\u0113 jums nerad\u012bsies nepatik\u0161anas.<\/p>\n<h3><strong>Met\u0101ll\u016b\u017e\u0146u sav\u0101k\u0161ana Stoke D'Abernon - so\u013ci, kurus m\u0113s iev\u0113rojam<\/strong><\/h3>\n<ol style=\"color: #000000;\">\n<li>M\u0113s iesak\u0101m pareizi sak\u0101rtot met\u0101ll\u016b\u017e\u0146us. Tikm\u0113r da\u017e\u0101das met\u0101ll\u016b\u017e\u0146u partijas mums atvieglos sav\u0101k\u0161anu un pa\u0101trin\u0101s darbu.<\/li>\n<li>Kad esat sak\u0101rtojis met\u0101ll\u016b\u017e\u0146us saska\u0146\u0101 ar m\u016bsu ieteikumiem, zvaniet mums, lai veiktu met\u0101ll\u016b\u017e\u0146u izve\u0161anu.<\/li>\n<li>P\u0101rliecinieties, ka jums ir personas apliec\u012bba, lai m\u0113s var\u0113tu apstiprin\u0101t, ka j\u016bs var\u0113siet sav\u0101kt met\u0101ll\u016b\u017e\u0146us uz vietas.<\/li>\n<li>M\u016bsu komanda ierad\u012bsies pie jums ar modernu apr\u012bkojumu un svariem. M\u0113s izm\u0113r\u012bsim met\u0101la kravas r\u0101d\u012bjumus un sniegsim jums prec\u012bzu inform\u0101ciju.<\/li>\n<li>Kad met\u0101ls ir pareizi nosv\u0113rts, m\u0113s s\u0101kam met\u0101ll\u016b\u017e\u0146u sav\u0101k\u0161anas procesu. Atkar\u012bb\u0101 no met\u0101ll\u016b\u017e\u0146u lieluma un daudzuma m\u0113s varam izmantot nepiecie\u0161am\u0101s ier\u012bces un pat celt\u0146us.<\/li>\n<li>Met\u0101ll\u016b\u017e\u0146u sav\u0101k\u0161ana ir pabeigta un piln\u012bb\u0101 iekrauta m\u016bsu transportl\u012bdzekl\u012b. Tagad ir pien\u0101cis laiks samaks\u0101t atbilsto\u0161i sav\u0101kt\u0101 met\u0101ll\u016b\u017e\u0146u masai.<\/li>\n<li>M\u0113s attiec\u012bgi maks\u0101jam cenu un pie\u0146emam met\u0101ll\u016b\u017e\u0146us p\u0101rstr\u0101dei.<\/li>\n<\/ol>\n<h3><strong>SIMVIC nodro\u0161ina pieejamus un efekt\u012bvus pakalpojumus<\/strong><\/h3>\n<p>M\u0113s zin\u0101m, ka jums ir nepiecie\u0161ams \u0101trs, izdev\u012bgs un efekt\u012bvs pakalpojums. M\u0113s pied\u0101v\u0101jam j\u016bsu vajadz\u012bb\u0101m piel\u0101gotus sav\u0101k\u0161anas pakalpojumus. Met\u0101ll\u016b\u017e\u0146u utiliz\u0101cija nekad nav bijusi efekt\u012bva un bez probl\u0113m\u0101m. Tikm\u0113r SIMVIC sniedz jums sav\u0101k\u0161anas pakalpojumu taj\u0101 pa\u0161\u0101 dien\u0101 bez papildu maksas.<\/p>\n<h3><strong>Vai mekl\u0113jat k\u0101du, kas var\u0113tu sav\u0101kt met\u0101ll\u016b\u017e\u0146us j\u016bsu viet\u0101?<\/strong><\/h3>\n<p><strong>P\u0101r\u0101k uztraucaties par izmaks\u0101m, kas jums var\u0113tu rasties?<\/strong><\/p>\n<p align=\"justify\">P\u0101r\u0101k uztraucaties par izmaks\u0101m, kas jums var\u0113tu rasties?<\/p>\n<p>Neuztraucieties!\u00a0<a href=\"https:\/\/simvic.co.uk\/lv\">SIMVIC<\/a>\u00a0ir \u0161eit, lai pied\u0101v\u0101tu bezmaksas met\u0101ll\u016b\u017e\u0146u sav\u0101k\u0161anu. M\u0113s str\u0101d\u0101jam bez formalit\u0101t\u0113m, un m\u016bsu komanda ir atbild\u012bga par met\u0101ll\u016b\u017e\u0146u sav\u0101k\u0161anu. Turkl\u0101t apl\u016bkojiet galvenos punktus, kas j\u0101\u0146em v\u0113r\u0101 par SIMVIC komandu.<\/p>\n<ul>\n<li>M\u0113s p\u0101rstr\u0101d\u0101jam sav\u0101kto met\u0101ll\u016b\u017e\u0146us<\/li>\n<li>M\u0113s sav\u0101cam met\u0101ll\u016b\u017e\u0146us bez maksas<\/li>\n<li>Zvaniet mums, lai sa\u0146emtu BEZMAKSAS pied\u0101v\u0101jumu<\/li>\n<li>SIMVIC ir vair\u0101k nek\u0101 devi\u0146u gadu pieredze tirg\u016b<\/li>\n<\/ul>\n<p>M\u0113s ceram, ka tagad esat p\u0101rliecin\u0101ts, vai ne? Zvaniet mums, lai apspriestu met\u0101ll\u016b\u017e\u0146u sav\u0101k\u0161anas Stoke D'Abernon deta\u013cas.<\/p>\n<h3><a href=\"\/lv\/t\u0101lrunis:+447763630404\/\">Lai vienotos par sav\u0101k\u0161anu, zvaniet mums: 0776 363 04 04<\/a><\/h3>\n<p><img fetchpriority=\"high\" decoding=\"async\" src=\"https:\/\/simvic.co.uk\/wp-content\/uploads\/2022\/04\/Scrap-metal-collection-1-768x768.png\" sizes=\"(max-width: 768px) 100vw, 768px\" srcset=\"https:\/\/simvic.co.uk\/wp-content\/uploads\/2022\/04\/Scrap-metal-collection-1-768x768.png 768w, https:\/\/simvic.co.uk\/wp-content\/uploads\/2022\/04\/Scrap-metal-collection-1-300x300.png 300w, https:\/\/simvic.co.uk\/wp-content\/uploads\/2022\/04\/Scrap-metal-collection-1-1024x1024.png 1024w, https:\/\/simvic.co.uk\/wp-content\/uploads\/2022\/04\/Scrap-metal-collection-1-150x150.png 150w, https:\/\/simvic.co.uk\/wp-content\/uploads\/2022\/04\/Scrap-metal-collection-1-125x125.png 125w, https:\/\/simvic.co.uk\/wp-content\/uploads\/2022\/04\/Scrap-metal-collection-1-640x640.png 640w, https:\/\/simvic.co.uk\/wp-content\/uploads\/2022\/04\/Scrap-metal-collection-1.png 1080w\" alt=\"Met\u0101ll\u016b\u017e\u0146i London\u0101\" width=\"768\" height=\"768\" title=\"\"><br \/>\n<a role=\"button\" href=\"https:\/\/simvic.co.uk\/lv\/sazinaties-ar\/\"><br \/>\nBezmaksas met\u0101ll\u016b\u017e\u0146u cit\u0101ts<br \/>\n<\/a><\/p>\n<h2 class=\"elementor-heading-title elementor-size-default\">M\u0113s aptveram visas Surrey vietas:<\/h2>\n<p><iframe style=\"border: 0;\" src=\"https:\/\/www.google.com\/maps\/embed?pb=!1m18!1m12!1m3!1d639093.2138258669!2d-1.5444222788859296!3d51.26589047574388!2m3!1f0!2f0!3f0!3m2!1i1024!2i768!4f13.1!3m3!1m2!1s0x47df555ad5122581%3A0xd55283445c034277!2sSurrey%2C%20UK!5e0!3m2!1sen!2s!4v1658314056187!5m2!1sen!2s\" width=\"600\" height=\"450\" allowfullscreen=\"allowfullscreen\"><\/iframe><\/p>","protected":false},"excerpt":{"rendered":"<p>Grab Business Advantage Scrap metal collection Stoke D&#8217;Abernon &#8211; We at SIMVIC are ready to collect your metals for free. The scrap metal can include copper, aluminium, brass, bronze, zinc, lead, cables, steel, and much more. Meanwhile, the best part is that, we are a scrap metal recycling company that believes in saving the environment. [&hellip;]<\/p>\n","protected":false},"author":20,"featured_media":0,"parent":0,"menu_order":0,"comment_status":"closed","ping_status":"closed","template":"","meta":{"om_disable_all_campaigns":false,"inline_featured_image":false,"_monsterinsights_skip_tracking":false,"_monsterinsights_sitenote_active":false,"_monsterinsights_sitenote_note":"","_monsterinsights_sitenote_category":0,"footnotes":""},"class_list":["post-3611","page","type-page","status-publish","hentry"],"_links":{"self":[{"href":"https:\/\/simvic.co.uk\/lv\/wp-json\/wp\/v2\/pages\/3611","targetHints":{"allow":["GET"]}}],"collection":[{"href":"https:\/\/simvic.co.uk\/lv\/wp-json\/wp\/v2\/pages"}],"about":[{"href":"https:\/\/simvic.co.uk\/lv\/wp-json\/wp\/v2\/types\/page"}],"author":[{"embeddable":true,"href":"https:\/\/simvic.co.uk\/lv\/wp-json\/wp\/v2\/users\/20"}],"replies":[{"embeddable":true,"href":"https:\/\/simvic.co.uk\/lv\/wp-json\/wp\/v2\/comments?post=3611"}],"version-history":[{"count":0,"href":"https:\/\/simvic.co.uk\/lv\/wp-json\/wp\/v2\/pages\/3611\/revisions"}],"wp:attachment":[{"href":"https:\/\/simvic.co.uk\/lv\/wp-json\/wp\/v2\/media?parent=3611"}],"curies":[{"name":"wp","href":"https:\/\/api.w.org\/{rel}","templated":true}]}}