{"id":10534,"date":"2023-03-25T10:49:49","date_gmt":"2023-03-25T10:49:49","guid":{"rendered":"https:\/\/simvic.co.uk\/?page_id=10534"},"modified":"2023-03-25T11:10:50","modified_gmt":"2023-03-25T11:10:50","slug":"covid-19-update-from-simvic","status":"publish","type":"page","link":"https:\/\/simvic.co.uk\/pl\/covid-19-update-from-simvic\/","title":{"rendered":"covid-19-update-from-Simvic"},"content":{"rendered":"<div data-elementor-type=\"wp-page\" data-elementor-id=\"10534\" class=\"elementor elementor-10534\" data-elementor-settings=\"{&quot;ha_cmc_init_switcher&quot;:&quot;no&quot;}\" data-elementor-post-type=\"page\">\n\t\t\t\t\t\t<section class=\"elementor-section elementor-top-section elementor-element elementor-element-ed2f085 elementor-section-boxed elementor-section-height-default elementor-section-height-default\" data-id=\"ed2f085\" data-element_type=\"section\" data-e-type=\"section\" data-settings=\"{&quot;_ha_eqh_enable&quot;:false}\">\n\t\t\t\t\t\t<div class=\"elementor-container elementor-column-gap-default\">\n\t\t\t\t\t<div class=\"elementor-column elementor-col-100 elementor-top-column elementor-element elementor-element-657c9a0\" data-id=\"657c9a0\" data-element_type=\"column\" data-e-type=\"column\">\n\t\t\t<div class=\"elementor-widget-wrap elementor-element-populated\">\n\t\t\t\t\t\t<div class=\"elementor-element elementor-element-01cfd7d elementor-widget elementor-widget-heading\" data-id=\"01cfd7d\" data-element_type=\"widget\" data-e-type=\"widget\" data-widget_type=\"heading.default\">\n\t\t\t\t<div class=\"elementor-widget-container\">\n\t\t\t\t\t<h1 class=\"elementor-heading-title elementor-size-default\">\nOtwarte jak zwykle. Przeczytaj nasze \u015brodki bezpiecze\u0144stwa COVID-secure tutaj<\/h1>\t\t\t\t<\/div>\n\t\t\t\t<\/div>\n\t\t\t\t\t<\/div>\n\t\t<\/div>\n\t\t\t\t\t<\/div>\n\t\t<\/section>\n\t\t\t\t<section class=\"elementor-section elementor-top-section elementor-element elementor-element-44858d8 elementor-section-boxed elementor-section-height-default elementor-section-height-default\" data-id=\"44858d8\" data-element_type=\"section\" data-e-type=\"section\" data-settings=\"{&quot;background_background&quot;:&quot;classic&quot;,&quot;_ha_eqh_enable&quot;:false}\">\n\t\t\t\t\t\t<div class=\"elementor-container elementor-column-gap-default\">\n\t\t\t\t\t<div class=\"elementor-column elementor-col-100 elementor-top-column elementor-element elementor-element-da90883\" data-id=\"da90883\" data-element_type=\"column\" data-e-type=\"column\">\n\t\t\t<div class=\"elementor-widget-wrap elementor-element-populated\">\n\t\t\t\t\t\t<div class=\"elementor-element elementor-element-4adf713 elementor-widget elementor-widget-heading\" data-id=\"4adf713\" data-element_type=\"widget\" data-e-type=\"widget\" data-widget_type=\"heading.default\">\n\t\t\t\t<div class=\"elementor-widget-container\">\n\t\t\t\t\t<p class=\"elementor-heading-title elementor-size-default\">Z\u0142omuj z nami sw\u00f3j metal ju\u017c dzi\u015b!\n<\/p>\t\t\t\t<\/div>\n\t\t\t\t<\/div>\n\t\t\t\t<div class=\"elementor-element elementor-element-8f74679 elementor-widget elementor-widget-heading\" data-id=\"8f74679\" data-element_type=\"widget\" data-e-type=\"widget\" data-widget_type=\"heading.default\">\n\t\t\t\t<div class=\"elementor-widget-container\">\n\t\t\t\t\t<h6 class=\"elementor-heading-title elementor-size-default\">Najlepsze ceny na z\u0142om.<\/h6>\t\t\t\t<\/div>\n\t\t\t\t<\/div>\n\t\t\t\t<div class=\"elementor-element elementor-element-1477b15 elementor-widget elementor-widget-heading\" data-id=\"1477b15\" data-element_type=\"widget\" data-e-type=\"widget\" data-widget_type=\"heading.default\">\n\t\t\t\t<div class=\"elementor-widget-container\">\n\t\t\t\t\t<p class=\"elementor-heading-title elementor-size-default\">Zadzwo\u0144 do nas na: 077 6363 0404<\/p>\t\t\t\t<\/div>\n\t\t\t\t<\/div>\n\t\t\t\t\t<\/div>\n\t\t<\/div>\n\t\t\t\t\t<\/div>\n\t\t<\/section>\n\t\t\t\t<section class=\"elementor-section elementor-top-section elementor-element elementor-element-b8478c8 elementor-section-boxed elementor-section-height-default elementor-section-height-default\" data-id=\"b8478c8\" data-element_type=\"section\" data-e-type=\"section\" data-settings=\"{&quot;_ha_eqh_enable&quot;:false}\">\n\t\t\t\t\t\t<div class=\"elementor-container elementor-column-gap-default\">\n\t\t\t\t\t<div class=\"elementor-column elementor-col-100 elementor-top-column elementor-element elementor-element-e07e089\" data-id=\"e07e089\" data-element_type=\"column\" data-e-type=\"column\">\n\t\t\t<div class=\"elementor-widget-wrap elementor-element-populated\">\n\t\t\t\t\t\t<div class=\"elementor-element elementor-element-7995d04 elementor-widget elementor-widget-spacer\" data-id=\"7995d04\" data-element_type=\"widget\" data-e-type=\"widget\" data-widget_type=\"spacer.default\">\n\t\t\t\t<div class=\"elementor-widget-container\">\n\t\t\t\t\t\t\t<div class=\"elementor-spacer\">\n\t\t\t<div class=\"elementor-spacer-inner\"><\/div>\n\t\t<\/div>\n\t\t\t\t\t\t<\/div>\n\t\t\t\t<\/div>\n\t\t\t\t<div class=\"elementor-element elementor-element-cc91768 elementor-widget elementor-widget-text-editor\" data-id=\"cc91768\" data-element_type=\"widget\" data-e-type=\"widget\" data-widget_type=\"text-editor.default\">\n\t\t\t\t<div class=\"elementor-widget-container\">\n\t\t\t\t\t\t\t\t\t<p><strong>AKTUALIZACJA COVID-19<\/strong>: Zapewnienie zdrowia i bezpiecze\u0144stwa naszych cennych klient\u00f3w i cz\u0142onk\u00f3w zespo\u0142u<\/p>\n<p><strong>Simvic<\/strong> jest zaanga\u017cowana w ochron\u0119 zdrowia i bezpiecze\u0144stwa naszych klient\u00f3w, pracownik\u00f3w i spo\u0142eczno\u015bci podczas trwaj\u0105cej pandemii COVID-19. Uwa\u017cnie monitorujemy sytuacj\u0119 i stosujemy si\u0119 do zalece\u0144 \u015awiatowej Organizacji Zdrowia (WHO), Centr\u00f3w Kontroli i Prewencji Chor\u00f3b (CDC) oraz lokalnych w\u0142adz sanitarnych, aby zapewni\u0107, \u017ce podejmujemy niezb\u0119dne \u015brodki ostro\u017cno\u015bci.<\/p>\n<p>Rozumiemy, jak wa\u017cne s\u0105 nasze us\u0142ugi zbierania z\u0142omu i jak wp\u0142ywaj\u0105 one na \u017cycie naszych klient\u00f3w. W zwi\u0105zku z tym, aby chroni\u0107 naszych klient\u00f3w i cz\u0142onk\u00f3w zespo\u0142u, wprowadzili\u015bmy nast\u0119puj\u0105ce \u015brodki:<\/p>\n<p>Zwi\u0119kszona czysto\u015b\u0107 i higiena: Zwi\u0119kszyli\u015bmy cz\u0119stotliwo\u015b\u0107 czyszczenia i sanityzacji naszych obiekt\u00f3w, sprz\u0119tu i pojazd\u00f3w. Powierzchnie, z kt\u00f3rymi mo\u017cna si\u0119 \u0142atwo zetkn\u0105\u0107, takie jak klamki, blaty i terminale p\u0142atnicze, s\u0105 regularnie dezynfekowane, aby zminimalizowa\u0107 ryzyko przeniesienia choroby.<\/p>\n<p>Dystans spo\u0142eczny: W celu utrzymania bezpiecznego \u015brodowiska, praktykujemy zachowanie dystansu spo\u0142ecznego zar\u00f3wno w naszym zak\u0142adzie, jak i podczas us\u0142ug odbioru. Uprzejmie prosimy klient\u00f3w o zachowanie odleg\u0142o\u015bci co najmniej 6 st\u00f3p od cz\u0142onk\u00f3w naszego zespo\u0142u podczas interakcji.<\/p>\n<p>\u015arodki ochrony osobistej (PPE): Cz\u0142onkowie naszego zespo\u0142u s\u0105 wyposa\u017ceni w odpowiednie \u015brodki ochrony osobistej, w tym maski na twarz i r\u0119kawice, aby zapewni\u0107 im bezpiecze\u0144stwo i zmniejszy\u0107 ryzyko przeniesienia choroby. Zach\u0119camy r\u00f3wnie\u017c naszych klient\u00f3w do noszenia masek na twarz podczas wszelkich kontakt\u00f3w bezpo\u015brednich.<\/p>\n<p>P\u0142atno\u015bci zbli\u017ceniowe i us\u0142ugi online: Oferujemy opcje p\u0142atno\u015bci zbli\u017ceniowych i us\u0142ugi online, aby zminimalizowa\u0107 liczb\u0119 fizycznych interakcji. Klienci mog\u0105 zaplanowa\u0107 odbi\u00f3r, otrzyma\u0107 wycen\u0119 i dokona\u0107 p\u0142atno\u015bci za po\u015brednictwem naszej strony internetowej lub przez telefon.<\/p>\n<p>Zdrowie pracownik\u00f3w: \u015aci\u015ble monitorujemy zdrowie naszych pracownik\u00f3w i wymagamy, aby pozostali w domu, je\u017celi wyst\u0105pi\u0105 u nich jakiekolwiek objawy zwi\u0105zane z COVID-19. Cz\u0142onkowie zespo\u0142u s\u0105 r\u00f3wnie\u017c zach\u0119cani do szczepienia si\u0119 i otrzymywania zastrzyk\u00f3w przypominaj\u0105cych zgodnie z zaleceniami organ\u00f3w s\u0142u\u017cby zdrowia.<\/p>\n<p>Bie\u017c\u0105ca komunikacja: Zobowi\u0105zujemy si\u0119 do informowania naszych klient\u00f3w o wszelkich zmianach w naszej dzia\u0142alno\u015bci lub us\u0142ugach. Prosimy regularnie odwiedza\u0107 nasz\u0105 stron\u0119 internetow\u0105 w celu uzyskania aktualizacji lub skontaktowa\u0107 si\u0119 z naszym zespo\u0142em obs\u0142ugi klienta w przypadku pyta\u0144 lub w\u0105tpliwo\u015bci.<\/p>\n<p><b>Simvic Limited<\/b> docenia Pa\u0144stwa sta\u0142e wsparcie i zrozumienie w tych trudnych czasach. Nadal staramy si\u0119 \u015bwiadczy\u0107 us\u0142ugi na najwy\u017cszym poziomie, dbaj\u0105c jednocze\u015bnie o zdrowie i bezpiecze\u0144stwo wszystkich zainteresowanych. Razem mo\u017cemy przetrwa\u0107 te niepewne czasy i wyj\u015b\u0107 z nich silniejsi jako spo\u0142eczno\u015b\u0107.<\/p>\n<p>W razie jakichkolwiek pyta\u0144 lub w\u0105tpliwo\u015bci prosimy o kontakt pod numerem telefonu 07763630404.<\/p>\t\t\t\t\t\t\t\t<\/div>\n\t\t\t\t<\/div>\n\t\t\t\t\t<\/div>\n\t\t<\/div>\n\t\t\t\t\t<\/div>\n\t\t<\/section>\n\t\t\t\t<\/div>","protected":false},"excerpt":{"rendered":"<p>Open as usual. Read our COVID-secure safety measures here Scrap Your Metal With Us Today! Best prices for scrap metals. Call us on: 077 6363 0404 COVID-19 UPDATE: Ensuring the Health and Safety of Our Valued Customers and Team Members Simvic is committed to the health and safety of our customers, employees, and community during [&hellip;]<\/p>\n","protected":false},"author":20,"featured_media":0,"parent":0,"menu_order":0,"comment_status":"closed","ping_status":"closed","template":"","meta":{"om_disable_all_campaigns":false,"inline_featured_image":false,"_monsterinsights_skip_tracking":false,"_monsterinsights_sitenote_active":false,"_monsterinsights_sitenote_note":"","_monsterinsights_sitenote_category":0,"footnotes":""},"class_list":["post-10534","page","type-page","status-publish","hentry"],"_links":{"self":[{"href":"https:\/\/simvic.co.uk\/pl\/wp-json\/wp\/v2\/pages\/10534","targetHints":{"allow":["GET"]}}],"collection":[{"href":"https:\/\/simvic.co.uk\/pl\/wp-json\/wp\/v2\/pages"}],"about":[{"href":"https:\/\/simvic.co.uk\/pl\/wp-json\/wp\/v2\/types\/page"}],"author":[{"embeddable":true,"href":"https:\/\/simvic.co.uk\/pl\/wp-json\/wp\/v2\/users\/20"}],"replies":[{"embeddable":true,"href":"https:\/\/simvic.co.uk\/pl\/wp-json\/wp\/v2\/comments?post=10534"}],"version-history":[{"count":0,"href":"https:\/\/simvic.co.uk\/pl\/wp-json\/wp\/v2\/pages\/10534\/revisions"}],"wp:attachment":[{"href":"https:\/\/simvic.co.uk\/pl\/wp-json\/wp\/v2\/media?parent=10534"}],"curies":[{"name":"wp","href":"https:\/\/api.w.org\/{rel}","templated":true}]}}