{"id":1416,"date":"2018-06-05T13:25:00","date_gmt":"2018-06-05T13:25:00","guid":{"rendered":"https:\/\/simvic.co.uk\/?page_id=1416"},"modified":"2023-02-24T19:35:18","modified_gmt":"2023-02-24T19:35:18","slug":"polityka-prywatnosci","status":"publish","type":"page","link":"https:\/\/simvic.co.uk\/pl\/polityka-prywatnosci\/","title":{"rendered":"Polityka prywatno\u015bci"},"content":{"rendered":"<div data-elementor-type=\"wp-page\" data-elementor-id=\"1416\" class=\"elementor elementor-1416\" data-elementor-settings=\"{&quot;ha_cmc_init_switcher&quot;:&quot;no&quot;}\" data-elementor-post-type=\"page\">\n\t\t\t\t\t\t<section class=\"elementor-section elementor-top-section elementor-element elementor-element-7e7d5cc3 elementor-section-boxed elementor-section-height-default elementor-section-height-default\" data-id=\"7e7d5cc3\" data-element_type=\"section\" data-e-type=\"section\" data-settings=\"{&quot;_ha_eqh_enable&quot;:false}\">\n\t\t\t\t\t\t<div class=\"elementor-container elementor-column-gap-default\">\n\t\t\t\t\t<div class=\"elementor-column elementor-col-100 elementor-top-column elementor-element elementor-element-13b1585c\" data-id=\"13b1585c\" data-element_type=\"column\" data-e-type=\"column\">\n\t\t\t<div class=\"elementor-widget-wrap elementor-element-populated\">\n\t\t\t\t\t\t<div class=\"elementor-element elementor-element-7ceca153 elementor-widget elementor-widget-text-editor\" data-id=\"7ceca153\" data-element_type=\"widget\" data-e-type=\"widget\" data-widget_type=\"text-editor.default\">\n\t\t\t\t<div class=\"elementor-widget-container\">\n\t\t\t\t\t\t\t\t\tNiniejsza informacja o prywatno\u015bci zawiera informacje dotycz\u0105ce danych osobowych\/danych, kt\u00f3re Simvic Ltd przetwarza na Pa\u0144stwa temat. Wszystkie przetwarzane przez nas informacje s\u0105 zgodne z og\u00f3lnym rozporz\u0105dzeniem o ochronie danych (GDPR).\r\n\r\nSimvic Ltd jest licencjonowanym zak\u0142adem recyklingu znajduj\u0105cym si\u0119 pod adresem <strong>Jednostka 4 Fordwater Trading Estate, Chertsey, KT16 8HG.<\/strong>\r\n\r\n&nbsp;\r\n<h4>Dlaczego przechowujecie moje dane?<\/h4>\r\nSimvic Ltd jest prawnie zobowi\u0105zany do bezpiecznego przechowywania danych osobowych, aby\u015bmy byli zgodni z ustaw\u0105 o sprzedawcach z\u0142omu (Scrap Metal Dealers Act, SMDA) z 2013 r.\r\n\r\nAby uzyska\u0107 wi\u0119cej informacji na temat tego, dlaczego jeste\u015bmy prawnie zobowi\u0105zani do przechowywania Pa\u0144stwa danych, prosz\u0119 odwiedzi\u0107 nast\u0119puj\u0105ce strony internetowe:\r\n\r\nhttp:\/\/www.legislation.gov.uk\/ukpga\/2013\/10\/enacted\r\nhttps:\/\/www.recyclemetals.org\/rules-regulations\/scrap-metal-dealer-s-act.html\r\n\r\n&nbsp;\r\n<h4>Jakie informacje przechowujemy?<\/h4>\r\nKlienci - przechowujemy dane osobowe obejmuj\u0105ce imi\u0119 i nazwisko, adres, adres e-mail, numer telefonu i dane konta bankowego.\r\n\r\nDostawcy - przechowujemy dane osobowe obejmuj\u0105ce imi\u0119 i nazwisko, adres, adres e-mail, numer telefonu, dane konta bankowego oraz dokument to\u017csamo\u015bci ze zdj\u0119ciem (paszport lub prawo jazdy.\r\nprawo jazdy.\r\n\r\n&nbsp;\r\n<h4>Kto mo\u017ce uzyska\u0107 dost\u0119p do moich danych?<\/h4>\r\nNie udost\u0119pniamy \u017cadnych informacji nikomu spoza organizacji. Dane nigdy nie b\u0119d\u0105 przekazywane osobom trzecim bez uprzedniego uzyskania zgody.\r\n\r\n&nbsp;\r\n<h4>Twoje prawa<\/h4>\r\n<em>(1) Prawo do uzyskania informacji<\/em> \u2013 Wszystkim osobom przys\u0142uguje prawo wgl\u0105du do kopii wszystkich przechowywanych przez nas danych. W ka\u017cdej chwili mo\u017cesz za\u017c\u0105da\u0107 kopii swoich danych. Simvic Ltd przeka\u017ce te informacje w ci\u0105gu 28 dni od pierwszego \u017c\u0105dania.\r\n\r\n<em>(2) Prawo do bycia poinformowanym o danych, kt\u00f3re przechowujemy<\/em> \u2013 Wszystkie osoby maj\u0105 prawo zrozumie\u0107, dlaczego, jak i gdzie przechowujemy nasze informacje. Wszystkie te informacje s\u0105 szczeg\u00f3\u0142owo opisane w niniejszym dokumencie, jednak je\u015bli potrzebujesz dodatkowych informacji, nasz administrator danych dostarczy je na \u017c\u0105danie.\r\n\r\n<em>(3) Prawo do sprostowania<\/em> \u2013 Je\u015bli dane s\u0105 niedok\u0142adne, masz prawo do zmiany informacji, jednak ze wzgl\u0119du na charakter naszej dzia\u0142alno\u015bci wymagali\u015bmy uzyskania pewnych danych przez okres do 7 lat.\r\n\r\n<em>(4) Prawo do sprzeciwu wobec przechowywania informacji<\/em> \u2013 Masz prawo sprzeciwi\u0107 si\u0119 zabraniu nam Twoich danych osobowych, jednak je\u015bli to zrobisz, nie b\u0119dziesz m\u00f3g\u0142 korzysta\u0107 z naszych us\u0142ug. Simvic Ltd dzia\u0142a zgodnie z ustaw\u0105 Scrap Metal Dealers Act 2013 (SMDA), kt\u00f3ra wymaga od nas przechowywania danych w celu zapewnienia zgodno\u015bci od wszystkich dostawc\u00f3w i klient\u00f3w.\r\n\r\n<em>(5) Prawo do powiadomienia o naruszeniu danych<\/em> \u2013 W rzadkich przypadkach naruszenia bezpiecze\u0144stwa danych wszystkie osoby zostan\u0105 poinformowane w ci\u0105gu 72 godzin bez zb\u0119dnej zw\u0142oki. Podmiot przetwarzaj\u0105cy dane musi ujawni\u0107 charakter naruszenia, opisa\u0107 prawdopodobne konsekwencje i upewni\u0107 si\u0119, \u017ce wszystkie osoby zosta\u0142y poinformowane o \u015brodkach podj\u0119tych w celu kontroli naruszenia.\r\n\r\n&nbsp;\r\n<h4>Jakie s\u0105 prawnie uzasadnione obowi\u0105zki przetwarzania danych?<\/h4>\r\nSimvic Ltd jest podmiotem przetwarzaj\u0105cym dane dla wszystkich klient\u00f3w, dostawc\u00f3w i pracownik\u00f3w. Procesor odpowiada za wszelkie przetwarzanie danych zlecone przez g\u0142\u00f3wnego administratora danych, kt\u00f3ry jest odpowiedzialny.\r\nPrzetw\u00f3rcy informacji s\u0105 zobowi\u0105zani do przechowywania informacji zgodnie z GDPR (2018) i SMDA (2013).\r\n\r\n&nbsp;\r\n<h4>Dane pracownika<\/h4>\r\nJako pracodawca przetwarzamy i przechowujemy wszystkie dane pracownik\u00f3w w spos\u00f3b bezpieczny, kt\u00f3re jeste\u015bmy prawnie zobowi\u0105zani przechowywa\u0107 przez 6 lat. To zawiera:\r\n<ul>\r\n \t<li>Imi\u0119 i nazwisko, adres, dane kontaktowe.<\/li>\r\n \t<li>Dane dotycz\u0105ce listy p\u0142ac (numer ubezpieczenia spo\u0142ecznego, numer podatkowy, dane emerytalne).<\/li>\r\n \t<li>Dane konta bankowego.<\/li>\r\n \t<li>Informacja medyczna.<\/li>\r\n \t<li>Dane kontaktowe w razie nag\u0142ego wypadku.<\/li>\r\n<\/ul>\r\nWszystkie dane pracownik\u00f3w s\u0105 bezpiecznie przechowywane w formie papierowych kopii przechowywanych tradycyjnie, a tak\u017ce w formie elektronicznej. Wszystkie dane przechowywane elektronicznie s\u0105 chronione i szyfrowane.\r\n\r\nTylko pracodawca i lista p\u0142ac maj\u0105 dost\u0119p do tych danych i nie maj\u0105 pozwolenia na udost\u0119pnianie tych danych na zewn\u0105trz poza organizacj\u0105, z wyj\u0105tkiem:\r\n<ul>\r\n \t<li>W\u0142adze lokalne (HMRC, VAT).<\/li>\r\n \t<li>Organy policji (dochodzenie w sprawie przest\u0119pstw).<\/li>\r\n<\/ul>\r\n&nbsp;\r\n<h4>Jakie \u015brodki bezpiecze\u0144stwa maj\u0105 na celu ochron\u0119 danych?<\/h4>\r\nWsp\u00f3\u0142pracujemy z firm\u0105 Tornado Recycling Ltd, kt\u00f3ra jest naszym zatwierdzonym dostawc\u0105 zgodno\u015bci oprogramowania \/ danych. Wymienili\u015bmy i zatwierdzili\u015bmy polityk\u0119 GDPR i mo\u017cemy zapewni\u0107, \u017ce Pa\u0144stwa dane s\u0105 bezpiecznie przechowywane na naszych serwerach w chmurze.\r\n\r\nWszystkie informacje przechowywane przez Tornado Software s\u0105 szyfrowane przed przes\u0142aniem do chmury.\r\n\r\nStale przeprowadzane s\u0105 aktualizacje zabezpiecze\u0144, aby zapewni\u0107 sta\u0142e przechwytywanie wirus\u00f3w, b\u0142\u0119d\u00f3w i z\u0142o\u015bliwego oprogramowania.\r\n\r\n&nbsp;\r\n<h4>Kontakt w sprawie RODO:<\/h4>\r\nJe\u015bli chcesz om\u00f3wi\u0107 swoje prawa dotycz\u0105ce danych osobowych, skontaktuj si\u0119 z nami, korzystaj\u0105c z poni\u017cszych danych.\r\n\r\n<strong>E-mail:<\/strong> info@simvic.co.uk\r\n\r\n<strong>Poczta:<\/strong> Jednostka 4 Fordwater Trading Estate, Chertsey, KT16 8HG.\r\n\r\n<strong>Telefon:<\/strong> 01932 570757.\r\n\r\nJe\u017celi maj\u0105 Pa\u0144stwo jakiekolwiek obawy dotycz\u0105ce sposobu obchodzenia si\u0119 z Pa\u0144stwa danymi, ich przetwarzania lub przechowywania, maj\u0105 Pa\u0144stwo prawo skontaktowa\u0107 si\u0119 z Biurem Komisarza ds. Informacji (ICO) pod numerem telefonu 0303 123 1113.\r\n\r\n<a href=\"https:\/\/simvic.co.uk\/pl\/data-access-request\/\">Pro\u015bba o dost\u0119p do danych<\/a>\t\t\t\t\t\t\t\t<\/div>\n\t\t\t\t<\/div>\n\t\t\t\t<div class=\"elementor-element elementor-element-7815c9d elementor-widget elementor-widget-heading\" data-id=\"7815c9d\" data-element_type=\"widget\" data-e-type=\"widget\" data-widget_type=\"heading.default\">\n\t\t\t\t<div class=\"elementor-widget-container\">\n\t\t\t\t\t<p class=\"elementor-heading-title elementor-size-default\"><a href=\"https:\/\/www.askthe.police.uk\/\" target=\"_blank\" rel=\"noopener\">Prawo dotycz\u0105ce z\u0142omu<\/a><\/p>\t\t\t\t<\/div>\n\t\t\t\t<\/div>\n\t\t\t\t\t<\/div>\n\t\t<\/div>\n\t\t\t\t\t<\/div>\n\t\t<\/section>\n\t\t\t\t<\/div>","protected":false},"excerpt":{"rendered":"<p>This privacy notice provides information regarding personal information\/data that Simvic Ltd processes about you. All information we process complies with the General Data Protection Regulation (GDPR). Simvic Ltd is a licenced recycling facility located at Unit 4 Fordwater Trading Estate, Chertsey, KT16 8HG. &nbsp; Why do you store my data? Simvic Ltd has a legal [&hellip;]<\/p>\n","protected":false},"author":8,"featured_media":0,"parent":0,"menu_order":0,"comment_status":"closed","ping_status":"closed","template":"","meta":{"om_disable_all_campaigns":false,"inline_featured_image":false,"_monsterinsights_skip_tracking":false,"_monsterinsights_sitenote_active":false,"_monsterinsights_sitenote_note":"","_monsterinsights_sitenote_category":0,"footnotes":""},"class_list":["post-1416","page","type-page","status-publish","hentry"],"_links":{"self":[{"href":"https:\/\/simvic.co.uk\/pl\/wp-json\/wp\/v2\/pages\/1416","targetHints":{"allow":["GET"]}}],"collection":[{"href":"https:\/\/simvic.co.uk\/pl\/wp-json\/wp\/v2\/pages"}],"about":[{"href":"https:\/\/simvic.co.uk\/pl\/wp-json\/wp\/v2\/types\/page"}],"author":[{"embeddable":true,"href":"https:\/\/simvic.co.uk\/pl\/wp-json\/wp\/v2\/users\/8"}],"replies":[{"embeddable":true,"href":"https:\/\/simvic.co.uk\/pl\/wp-json\/wp\/v2\/comments?post=1416"}],"version-history":[{"count":0,"href":"https:\/\/simvic.co.uk\/pl\/wp-json\/wp\/v2\/pages\/1416\/revisions"}],"wp:attachment":[{"href":"https:\/\/simvic.co.uk\/pl\/wp-json\/wp\/v2\/media?parent=1416"}],"curies":[{"name":"wp","href":"https:\/\/api.w.org\/{rel}","templated":true}]}}