{"id":2059,"date":"2022-05-27T14:08:39","date_gmt":"2022-05-27T14:08:39","guid":{"rendered":"https:\/\/simvic.co.uk\/?page_id=2059"},"modified":"2022-10-17T03:06:30","modified_gmt":"2022-10-17T03:06:30","slug":"skup-metali-londyn","status":"publish","type":"page","link":"https:\/\/simvic.co.uk\/pl\/skup-metali-londyn\/","title":{"rendered":"Kolekcja z\u0142omu Greater London"},"content":{"rendered":"<div data-elementor-type=\"wp-page\" data-elementor-id=\"2059\" class=\"elementor elementor-2059\" data-elementor-settings=\"{&quot;ha_cmc_init_switcher&quot;:&quot;no&quot;}\" data-elementor-post-type=\"page\">\n\t\t\t\t\t\t<section class=\"elementor-section elementor-top-section elementor-element elementor-element-54590b0 elementor-section-boxed elementor-section-height-default elementor-section-height-default\" data-id=\"54590b0\" data-element_type=\"section\" data-e-type=\"section\" data-settings=\"{&quot;_ha_eqh_enable&quot;:false}\">\n\t\t\t\t\t\t<div class=\"elementor-container elementor-column-gap-default\">\n\t\t\t\t\t<div class=\"elementor-column elementor-col-100 elementor-top-column elementor-element elementor-element-0eb8067\" data-id=\"0eb8067\" data-element_type=\"column\" data-e-type=\"column\">\n\t\t\t<div class=\"elementor-widget-wrap elementor-element-populated\">\n\t\t\t\t\t\t<div class=\"elementor-element elementor-element-c0287e8 elementor-widget elementor-widget-heading\" data-id=\"c0287e8\" data-element_type=\"widget\" data-e-type=\"widget\" data-widget_type=\"heading.default\">\n\t\t\t\t<div class=\"elementor-widget-container\">\n\t\t\t\t\t<h2 class=\"elementor-heading-title elementor-size-default\">Skup Metali Londyn<\/h2>\t\t\t\t<\/div>\n\t\t\t\t<\/div>\n\t\t\t\t\t<\/div>\n\t\t<\/div>\n\t\t\t\t\t<\/div>\n\t\t<\/section>\n\t\t\t\t<section class=\"elementor-section elementor-top-section elementor-element elementor-element-7b0cbea elementor-section-boxed elementor-section-height-default elementor-section-height-default\" data-id=\"7b0cbea\" data-element_type=\"section\" data-e-type=\"section\" data-settings=\"{&quot;_ha_eqh_enable&quot;:false}\">\n\t\t\t\t\t\t<div class=\"elementor-container elementor-column-gap-default\">\n\t\t\t\t\t<div class=\"elementor-column elementor-col-50 elementor-top-column elementor-element elementor-element-17387b9\" data-id=\"17387b9\" data-element_type=\"column\" data-e-type=\"column\">\n\t\t\t<div class=\"elementor-widget-wrap elementor-element-populated\">\n\t\t\t\t\t\t<div class=\"elementor-element elementor-element-e249d89 elementor-widget elementor-widget-image\" data-id=\"e249d89\" data-element_type=\"widget\" data-e-type=\"widget\" data-widget_type=\"image.default\">\n\t\t\t\t<div class=\"elementor-widget-container\">\n\t\t\t\t\t\t\t\t\t\t\t\t\t\t\t<img fetchpriority=\"high\" decoding=\"async\" width=\"800\" height=\"800\" src=\"https:\/\/simvic.co.uk\/wp-content\/uploads\/2022\/04\/Scrap-metal-collection-1-1024x1024.png\" class=\"attachment-large size-large wp-image-1533\" alt=\"Z\u0142omowisko w Londynie\" srcset=\"https:\/\/simvic.co.uk\/wp-content\/uploads\/2022\/04\/Scrap-metal-collection-1-1024x1024.png 1024w, https:\/\/simvic.co.uk\/wp-content\/uploads\/2022\/04\/Scrap-metal-collection-1-300x300.png 300w, https:\/\/simvic.co.uk\/wp-content\/uploads\/2022\/04\/Scrap-metal-collection-1-150x150.png 150w, https:\/\/simvic.co.uk\/wp-content\/uploads\/2022\/04\/Scrap-metal-collection-1-768x768.png 768w, https:\/\/simvic.co.uk\/wp-content\/uploads\/2022\/04\/Scrap-metal-collection-1-12x12.png 12w, https:\/\/simvic.co.uk\/wp-content\/uploads\/2022\/04\/Scrap-metal-collection-1-595xh.png 595w, https:\/\/simvic.co.uk\/wp-content\/uploads\/2022\/04\/Scrap-metal-collection-1-125x125.png 125w, https:\/\/simvic.co.uk\/wp-content\/uploads\/2022\/04\/Scrap-metal-collection-1-640x640.png 640w, https:\/\/simvic.co.uk\/wp-content\/uploads\/2022\/04\/Scrap-metal-collection-1.png 1080w\" sizes=\"(max-width: 800px) 100vw, 800px\" title=\"\">\t\t\t\t\t\t\t\t\t\t\t\t\t\t\t<\/div>\n\t\t\t\t<\/div>\n\t\t\t\t\t<\/div>\n\t\t<\/div>\n\t\t\t\t<div class=\"elementor-column elementor-col-50 elementor-top-column elementor-element elementor-element-a72cd39\" data-id=\"a72cd39\" data-element_type=\"column\" data-e-type=\"column\">\n\t\t\t<div class=\"elementor-widget-wrap elementor-element-populated\">\n\t\t\t\t\t\t<div class=\"elementor-element elementor-element-47af52f elementor-widget elementor-widget-text-editor\" data-id=\"47af52f\" data-element_type=\"widget\" data-e-type=\"widget\" data-widget_type=\"text-editor.default\">\n\t\t\t\t<div class=\"elementor-widget-container\">\n\t\t\t\t\t\t\t\t\t<p lang=\"en-US\"><span style=\"font-family: Times New Roman, serif;\"><span style=\"font-size: medium;\"><span style=\"font-family: Calibri, serif;\">Szukasz kolekcji z\u0142omu we wschodnim Londynie? Je\u015bli tak, ten artyku\u0142 jest tylko dla Ciebie, ale wcze\u015bniej musimy wiedzie\u0107 o z\u0142omie.<\/span><\/span><\/span><\/p><p lang=\"en-US\"><span style=\"font-family: Times New Roman, serif;\"><span style=\"font-size: medium;\"><span style=\"font-family: Calibri, serif;\">Zacznijmy wi\u0119c, z\u0142om metalowy to mieszanka metalu odpadowego i metalu metalicznego. Ka\u017cdy produkt sk\u0142adaj\u0105cy si\u0119 z metalu jest poddawany recyklingowi <\/span><em><span style=\"font-family: Calibri, serif;\">for instance<\/span><\/em><span style=\"font-family: Calibri, serif;\">. Nie ma znaczenia, \u017ce \u200b\u200bs\u0105 to cz\u0119\u015bci do pojazd\u00f3w czy materia\u0142y budowlane. Z\u0142omki maj\u0105 du\u017c\u0105 warto\u015b\u0107 pieni\u0119\u017cn\u0105. W rezultacie z\u0142om metalowy pochodzi\u0142 z u\u017cytku komercyjnego i mieszkaniowego. Sk\u0142ada si\u0119 ze wszystkich rodzaj\u00f3w metalu.<\/span><\/span><\/span><\/p><p lang=\"en-US\"><span style=\"font-family: Times New Roman, serif;\"><span style=\"font-size: medium;\"><span style=\"font-family: Calibri, serif;\">Z\u0142om ma znaczn\u0105 warto\u015b\u0107 rynkow\u0105. Ma te\u017c ogromn\u0105 warto\u015b\u0107 marki. Z\u0142om metalowy mo\u017ce by\u0107 ponownie wykorzystany. Wielu z nas nie zna zastosowania metalu. To jest pow\u00f3d, dla kt\u00f3rego jest porzucany. Z powodu braku wiedzy na temat metalu ludzie nie s\u0105 w stanie go ponownie wykorzysta\u0107.<\/span><\/span><\/span><\/p>\t\t\t\t\t\t\t\t<\/div>\n\t\t\t\t<\/div>\n\t\t\t\t\t<\/div>\n\t\t<\/div>\n\t\t\t\t\t<\/div>\n\t\t<\/section>\n\t\t\t\t<section class=\"elementor-section elementor-top-section elementor-element elementor-element-51061bc elementor-section-boxed elementor-section-height-default elementor-section-height-default\" data-id=\"51061bc\" data-element_type=\"section\" data-e-type=\"section\" data-settings=\"{&quot;_ha_eqh_enable&quot;:false}\">\n\t\t\t\t\t\t<div class=\"elementor-container elementor-column-gap-default\">\n\t\t\t\t\t<div class=\"elementor-column elementor-col-100 elementor-top-column elementor-element elementor-element-c689641\" data-id=\"c689641\" data-element_type=\"column\" data-e-type=\"column\">\n\t\t\t<div class=\"elementor-widget-wrap elementor-element-populated\">\n\t\t\t\t\t\t<div class=\"elementor-element elementor-element-27ee9c3 elementor-widget elementor-widget-text-editor\" data-id=\"27ee9c3\" data-element_type=\"widget\" data-e-type=\"widget\" data-widget_type=\"text-editor.default\">\n\t\t\t\t<div class=\"elementor-widget-container\">\n\t\t\t\t\t\t\t\t\t<h2 class=\"western\" lang=\"en-IN\"><b><span style=\"font-family: Calibri, serif;\">Rodzaje z\u0142omu?<\/span><\/b><\/h2><p lang=\"en-US\"><span style=\"font-family: Times New Roman, serif;\"><span style=\"font-size: medium;\"><b><span style=\"font-family: Calibri, serif;\">1. Metal \u017celazny \u2013<\/span><\/b><span style=\"font-family: Calibri, serif;\">\u00a0S\u0105 one zwykle magnetyczne. Metale \u017celazne s\u0105 bardzo podatne na korozj\u0119. poniewa\u017c maj\u0105 one charakter jednorazowy. Przyk\u0142ad \u2013 \u017celazo, stal, pojazdy z\u0142omowe itp.<\/span><\/span><\/span><\/p><p lang=\"en-US\"><span style=\"font-family: Times New Roman, serif;\"><span style=\"font-size: medium;\"><b><span style=\"font-family: Calibri, serif;\">2. Metal nie\u017celazny \u2013<\/span><\/b><span style=\"font-family: Calibri, serif;\">\u00a0Zazwyczaj nie s\u0105 one magnetyczne. S\u0105 wi\u0119c bardzo odporne na korozj\u0119. Nie ca\u0142y czas; s\u0105 one wielokrotnego u\u017cytku. To ma wi\u0119ksz\u0105 wag\u0119 ni\u017c metal \u017celazny. Przyk\u0142ad \u2013 aluminium, mied\u017a, cyna itp.<\/span><\/span><\/span><\/p><h2 class=\"western\" lang=\"en-IN\"><b><span style=\"font-family: Calibri, serif;\">Pojazdy zbieraj\u0105ce z\u0142om ze wschodniego Londynu?<\/span><\/b><\/h2><p lang=\"en-US\"><span style=\"font-family: Times New Roman, serif;\"><span style=\"font-size: medium;\"><span style=\"font-family: Calibri, serif;\">1. Roll-on-Roll-Off (RORO)<\/span><\/span><\/span><\/p><p lang=\"en-US\"><span style=\"font-family: Times New Roman, serif;\"><span style=\"font-size: medium;\"><span style=\"font-family: Calibri, serif;\">2. Wysoki podno\u015bnik wywrotki<\/span><\/span><\/span><\/p><p lang=\"en-US\"><span style=\"font-family: Times New Roman, serif;\"><span style=\"font-size: medium;\"><span style=\"font-family: Calibri, serif;\">3. D\u0142uga podstawa ko\u0142a<\/span><\/span><\/span><\/p><p lang=\"en-US\"><span style=\"font-family: Times New Roman, serif;\"><span style=\"font-size: medium;\"><span style=\"font-family: Calibri, serif;\">4. Kr\u00f3tka rozstaw k\u00f3\u0142 i<\/span><\/span><\/span><\/p><p lang=\"en-US\"><span style=\"font-family: Times New Roman, serif;\"><span style=\"font-size: medium;\"><span style=\"font-family: Calibri, serif;\">5. Ma\u0142y VW Caddy Van<\/span><\/span><\/span><\/p><h2 class=\"western\" lang=\"en-IN\"><b><span style=\"font-family: Calibri, serif;\">Dlaczego mia\u0142by\u015b firm\u0119 do zbierania ci metalu?<\/span><\/b><\/h2><p lang=\"en-US\"><span style=\"font-family: Times New Roman, serif;\"><span style=\"font-size: medium;\"><span style=\"font-family: Calibri, serif;\">Powiniene\u015b wybra\u0107 firm\u0119, poniewa\u017c jest bardzo profesjonalna. Potrafi pozby\u0107 si\u0119 z\u0142omu. Mo\u017cna r\u00f3wnie\u017c pozby\u0107 si\u0119 metalowej \u0142y\u017cki. Jak r\u00f3wnie\u017c mo\u017cna pozby\u0107 si\u0119 metalowej \u0142y\u017cki. I mo\u017cesz ca\u0142kowicie pozby\u0107 si\u0119 z\u0142omu.<\/span><\/span><\/span><\/p><h2 class=\"western\" lang=\"en-IN\"><b><span style=\"font-family: Calibri, serif;\">Czy zbi\u00f3rka z\u0142omu we wschodnim Londynie prowadzi recykling z\u0142omu?<\/span><\/b><\/h2><p lang=\"en-US\"><span style=\"font-family: Times New Roman, serif;\"><span style=\"font-size: medium;\"><span style=\"font-family: Calibri, serif;\">Tak, firma poddaje recyklingowi ca\u0142y z\u0142om, kt\u00f3ry im dasz. Dlatego ochrona \u015brodowiska jest bardzo wa\u017cna.<\/span><\/span><\/span><\/p><h2 class=\"western\" lang=\"en-IN\"><b><span style=\"font-family: Calibri, serif;\">Jaki rodzaj z\u0142omu zbiera firma?<\/span><\/b><\/h2><p lang=\"en-US\"><span style=\"font-family: Times New Roman, serif;\"><span style=\"font-size: medium;\"><span style=\"font-family: Calibri, serif;\">Oto udost\u0119pnij list\u0119, kt\u00f3r\u0105 gromadz\u0105-<\/span><\/span><\/span><\/p><p lang=\"en-US\"><span style=\"font-family: Times New Roman, serif;\"><span style=\"font-size: medium;\"><span style=\"font-family: Calibri, serif;\">1. Z\u0142om samochodowy<\/span><\/span><\/span><\/p><p lang=\"en-US\"><span style=\"font-family: Times New Roman, serif;\"><span style=\"font-size: medium;\"><span style=\"font-family: Calibri, serif;\">1. Z\u0142om samochodowy<\/span><\/span><\/span><\/p><p lang=\"en-US\"><span style=\"font-family: Times New Roman, serif;\"><span style=\"font-size: medium;\"><span style=\"font-family: Calibri, serif;\">3. Oczyszczone metale itp.<\/span><\/span><\/span><\/p><h2 class=\"western\" lang=\"en-IN\"><b><span style=\"font-family: Calibri, serif;\">3. Oczyszczone metale itp.<\/span><\/b><\/h2><p lang=\"en-US\"><span style=\"font-family: Times New Roman, serif;\"><span style=\"font-size: medium;\"><span style=\"font-family: Calibri, serif;\">Poniewa\u017c osoba, kt\u00f3ra zbiera z\u0142om w imieniu firmy, jest sprzedawc\u0105 z\u0142omu lub zbieraczem z\u0142omu. Czyli osoba, kt\u00f3ra przywioz\u0142a lub zbiera z\u0142om i sprzedaje je dla zysku.<\/span><\/span><\/span><\/p><h2 class=\"western\" lang=\"en-IN\"><b><span style=\"font-family: Calibri, serif;\">Gdzie mo\u017cemy znale\u017a\u0107 z\u0142om?<\/span><\/b><\/h2><p lang=\"en-US\"><span style=\"font-family: Times New Roman, serif;\"><span style=\"font-size: medium;\"><span style=\"font-family: Calibri, serif;\">Wi\u0119c tutaj m\u00f3wimy o miejscach, z kt\u00f3rych mo\u017cemy znale\u017a\u0107 zbi\u00f3rk\u0119 z\u0142omu we wschodnim Londynie \u2013<\/span><\/span><\/span><\/p><p lang=\"en-US\"><span style=\"font-family: Times New Roman, serif;\"><span style=\"font-size: medium;\"><span style=\"font-family: Calibri, serif;\">Ma\u0142e firmy, warsztaty samochodowe, miejsca rozbi\u00f3rki, firmy hydrauliczne i kolekcje mieszkaniowe. Z\u0142om mo\u017cemy r\u00f3wnie\u017c znale\u017a\u0107 na Facebooku i innych portalach spo\u0142eczno\u015bciowych.<\/span><\/span><\/span><\/p><h2 class=\"western\" lang=\"en-IN\"><b><span style=\"font-family: Calibri, serif;\">W jaki spos\u00f3b zbi\u00f3rka z\u0142omu wp\u0142ywa na \u015brodowisko?<\/span><\/b><\/h2><p lang=\"en-US\"><span style=\"font-family: Times New Roman, serif;\"><span style=\"font-size: medium;\"><span style=\"font-family: Calibri, serif;\">Zbi\u00f3rka z\u0142omu zamienia si\u0119 w recykling. Ale niewykorzystane metale zbierane s\u0105 z miejsc, w kt\u00f3rych mo\u017cemy znale\u017a\u0107 z\u0142om.<\/span><\/span><\/span><\/p><p lang=\"en-US\"><span style=\"font-family: Times New Roman, serif;\"><span style=\"font-size: medium;\"><span style=\"font-family: Calibri, serif;\">Wszyscy wiemy, \u017ce recykling aluminium wymaga 95% mniej energii. Produkcja surowc\u00f3w wymaga wi\u0119cej energii. Konieczno\u015b\u0107 recyklingu zebranego z\u0142omu. Tak wi\u0119c zebrane Z\u0142omki s\u0105 cz\u0119sto zabierane na z\u0142omowisko zwane z\u0142omowiskiem lub z\u0142omowiskiem. Rozdrabniacz z\u0142omu s\u0142u\u017cy do zrzucania zebranego metalu we wschodnim Londynie.<\/span><\/span><\/span><\/p><p lang=\"en-US\"><span style=\"font-family: Times New Roman, serif;\"><span style=\"font-size: medium;\"><span style=\"font-family: Calibri, serif;\">Je\u015bli r\u00f3wnie\u017c szukasz najlepszej firmy dla <\/span><span style=\"color: #0000ff;\"><u><a href=\"https:\/\/simvic.co.uk\/pl\"><span style=\"font-family: Calibri, serif;\">zbi\u00f3rka z\u0142omu we wschodnim Londynie<\/span><\/a><\/u><\/span><span style=\"font-family: Calibri, serif;\">\u00a0wtedy polecimy wybra\u0107 Simvic Ltd.<\/span><\/span><\/span><\/p>\t\t\t\t\t\t\t\t<\/div>\n\t\t\t\t<\/div>\n\t\t\t\t\t<\/div>\n\t\t<\/div>\n\t\t\t\t\t<\/div>\n\t\t<\/section>\n\t\t\t\t<section class=\"elementor-section elementor-top-section elementor-element elementor-element-c3496dc elementor-section-boxed elementor-section-height-default elementor-section-height-default\" data-id=\"c3496dc\" data-element_type=\"section\" data-e-type=\"section\" data-settings=\"{&quot;_ha_eqh_enable&quot;:false}\">\n\t\t\t\t\t\t<div class=\"elementor-container elementor-column-gap-default\">\n\t\t\t\t\t<div class=\"elementor-column elementor-col-100 elementor-top-column elementor-element elementor-element-093447d\" data-id=\"093447d\" data-element_type=\"column\" data-e-type=\"column\">\n\t\t\t<div class=\"elementor-widget-wrap elementor-element-populated\">\n\t\t\t\t\t\t<div class=\"elementor-element elementor-element-5910e4f elementor-widget elementor-widget-heading\" data-id=\"5910e4f\" data-element_type=\"widget\" data-e-type=\"widget\" data-widget_type=\"heading.default\">\n\t\t\t\t<div class=\"elementor-widget-container\">\n\t\t\t\t\t<h2 class=\"elementor-heading-title elementor-size-default\">Obs\u0142ugujemy wszystkie lokalizacje East London, w tym:<\/h2>\t\t\t\t<\/div>\n\t\t\t\t<\/div>\n\t\t\t\t\t<\/div>\n\t\t<\/div>\n\t\t\t\t\t<\/div>\n\t\t<\/section>\n\t\t\t\t<section class=\"elementor-section elementor-top-section elementor-element elementor-element-cf1bc80 elementor-section-boxed elementor-section-height-default elementor-section-height-default\" data-id=\"cf1bc80\" data-element_type=\"section\" data-e-type=\"section\" data-settings=\"{&quot;_ha_eqh_enable&quot;:false}\">\n\t\t\t\t\t\t<div class=\"elementor-container elementor-column-gap-default\">\n\t\t\t\t\t<div class=\"elementor-column elementor-col-50 elementor-top-column elementor-element elementor-element-6e15bd9\" data-id=\"6e15bd9\" data-element_type=\"column\" data-e-type=\"column\">\n\t\t\t<div class=\"elementor-widget-wrap elementor-element-populated\">\n\t\t\t\t\t\t<div class=\"elementor-element elementor-element-631f09a elementor-widget elementor-widget-text-editor\" data-id=\"631f09a\" data-element_type=\"widget\" data-e-type=\"widget\" data-widget_type=\"text-editor.default\">\n\t\t\t\t<div class=\"elementor-widget-container\">\n\t\t\t\t\t\t\t\t\t<p>E1 Whitechapel, Stepney, Mile End, Spitalfields, Wapping<br \/>E2 Bethnal Green, Shoreditch, Haggerston<br \/>E3 \u0141uk, Bromley, \u0141uk Zwyk\u0142y<br \/>E4 Chingford, Highams Park, South Chingford<br \/>E5 Clapton<br \/>E6 Szynka Wschodnia, Beckton<br \/>Brama le\u015bna E7, Upton<br \/>E8 Hackney, Dalston<br \/>E9 Hackney, Homerton, South Hackney, Victoria Park<br \/>E10 Leyton<br \/>E11 Leytonstone, Wanstead, Snaresbrook<br \/>E12 Manor Park, Aldersbrook, Little Ilford<br \/>E13 Plaist\u00f3w<br \/>E14 Topola, Millwall, Wyspa Ps\u00f3w, Docklands, Limehouse<br \/>E15 Stratford, West Ham<br \/>E16 Canning Town, North Woolwich, Custom House, Silvertown<br \/>E17 Walthamstow<br \/>E17 Walthamstow<\/p>\t\t\t\t\t\t\t\t<\/div>\n\t\t\t\t<\/div>\n\t\t\t\t\t<\/div>\n\t\t<\/div>\n\t\t\t\t<div class=\"elementor-column elementor-col-50 elementor-top-column elementor-element elementor-element-365c352\" data-id=\"365c352\" data-element_type=\"column\" data-e-type=\"column\">\n\t\t\t<div class=\"elementor-widget-wrap elementor-element-populated\">\n\t\t\t\t\t\t<div class=\"elementor-element elementor-element-cb6e575 elementor-widget elementor-widget-google_maps\" data-id=\"cb6e575\" data-element_type=\"widget\" data-e-type=\"widget\" data-widget_type=\"google_maps.default\">\n\t\t\t\t<div class=\"elementor-widget-container\">\n\t\t\t\t\t\t\t<div class=\"elementor-custom-embed\">\n\t\t\t<iframe loading=\"lazy\"\n\t\t\t\t\tsrc=\"https:\/\/maps.google.com\/maps?q=East%20London%2C%20United%20Kingdom&#038;t=m&#038;z=11&#038;output=embed&#038;iwloc=near\"\n\t\t\t\t\ttitle=\"East London, Wielka Brytania\"\n\t\t\t\t\taria-label=\"East London, Wielka Brytania\"\n\t\t\t><\/iframe>\n\t\t<\/div>\n\t\t\t\t\t\t<\/div>\n\t\t\t\t<\/div>\n\t\t\t\t\t<\/div>\n\t\t<\/div>\n\t\t\t\t\t<\/div>\n\t\t<\/section>\n\t\t\t\t<section class=\"elementor-section elementor-top-section elementor-element elementor-element-4be10a7 elementor-section-boxed elementor-section-height-default elementor-section-height-default\" data-id=\"4be10a7\" data-element_type=\"section\" data-e-type=\"section\" data-settings=\"{&quot;_ha_eqh_enable&quot;:false}\">\n\t\t\t\t\t\t<div class=\"elementor-container elementor-column-gap-default\">\n\t\t\t\t\t<div class=\"elementor-column elementor-col-100 elementor-top-column elementor-element elementor-element-0f69743\" data-id=\"0f69743\" data-element_type=\"column\" data-e-type=\"column\">\n\t\t\t<div class=\"elementor-widget-wrap\">\n\t\t\t\t\t\t\t<\/div>\n\t\t<\/div>\n\t\t\t\t\t<\/div>\n\t\t<\/section>\n\t\t\t\t<section class=\"elementor-section elementor-top-section elementor-element elementor-element-5dc48a5 elementor-section-boxed elementor-section-height-default elementor-section-height-default\" data-id=\"5dc48a5\" data-element_type=\"section\" data-e-type=\"section\" data-settings=\"{&quot;_ha_eqh_enable&quot;:false}\">\n\t\t\t\t\t\t<div class=\"elementor-container elementor-column-gap-default\">\n\t\t\t\t\t<div class=\"elementor-column elementor-col-100 elementor-top-column elementor-element elementor-element-7eadb45\" data-id=\"7eadb45\" data-element_type=\"column\" data-e-type=\"column\">\n\t\t\t<div class=\"elementor-widget-wrap\">\n\t\t\t\t\t\t\t<\/div>\n\t\t<\/div>\n\t\t\t\t\t<\/div>\n\t\t<\/section>\n\t\t\t\t<\/div>","protected":false},"excerpt":{"rendered":"<p>Scrap metal buyer Are you looking for a scrap collection in East London? If yes, this article is only for you but before this, we have to know about the scrap metal. So let&#8217;s start, the Scrap Metal is a mixture of waste metal and metallic metal. Any product which consists of metal is recycled [&hellip;]<\/p>\n","protected":false},"author":8,"featured_media":4631,"parent":0,"menu_order":0,"comment_status":"closed","ping_status":"closed","template":"elementor_header_footer","meta":{"om_disable_all_campaigns":false,"inline_featured_image":false,"_monsterinsights_skip_tracking":false,"_monsterinsights_sitenote_active":false,"_monsterinsights_sitenote_note":"","_monsterinsights_sitenote_category":0,"footnotes":""},"class_list":["post-2059","page","type-page","status-publish","has-post-thumbnail","hentry"],"_links":{"self":[{"href":"https:\/\/simvic.co.uk\/pl\/wp-json\/wp\/v2\/pages\/2059","targetHints":{"allow":["GET"]}}],"collection":[{"href":"https:\/\/simvic.co.uk\/pl\/wp-json\/wp\/v2\/pages"}],"about":[{"href":"https:\/\/simvic.co.uk\/pl\/wp-json\/wp\/v2\/types\/page"}],"author":[{"embeddable":true,"href":"https:\/\/simvic.co.uk\/pl\/wp-json\/wp\/v2\/users\/8"}],"replies":[{"embeddable":true,"href":"https:\/\/simvic.co.uk\/pl\/wp-json\/wp\/v2\/comments?post=2059"}],"version-history":[{"count":0,"href":"https:\/\/simvic.co.uk\/pl\/wp-json\/wp\/v2\/pages\/2059\/revisions"}],"wp:featuredmedia":[{"embeddable":true,"href":"https:\/\/simvic.co.uk\/pl\/wp-json\/wp\/v2\/media\/4631"}],"wp:attachment":[{"href":"https:\/\/simvic.co.uk\/pl\/wp-json\/wp\/v2\/media?parent=2059"}],"curies":[{"name":"wp","href":"https:\/\/api.w.org\/{rel}","templated":true}]}}