{"id":2507,"date":"2022-06-24T18:40:57","date_gmt":"2022-06-24T18:40:57","guid":{"rendered":"https:\/\/simvic.co.uk\/?page_id=2507"},"modified":"2023-02-21T15:34:01","modified_gmt":"2023-02-21T15:34:01","slug":"zbiorka-zlomu-wschodni-londyn-2-2","status":"publish","type":"page","link":"https:\/\/simvic.co.uk\/pl\/zbiorka-zlomu-wschodni-londyn-2-2\/","title":{"rendered":"Zbi\u00f3rka z\u0142omu Londyn po\u0142udniowo-zachodni"},"content":{"rendered":"<div data-elementor-type=\"wp-page\" data-elementor-id=\"2507\" class=\"elementor elementor-2507\" data-elementor-settings=\"{&quot;ha_cmc_init_switcher&quot;:&quot;no&quot;}\" data-elementor-post-type=\"page\">\n\t\t\t\t\t\t<section class=\"elementor-section elementor-top-section elementor-element elementor-element-54590b0 elementor-section-boxed elementor-section-height-default elementor-section-height-default\" data-id=\"54590b0\" data-element_type=\"section\" data-e-type=\"section\" data-settings=\"{&quot;_ha_eqh_enable&quot;:false}\">\n\t\t\t\t\t\t<div class=\"elementor-container elementor-column-gap-default\">\n\t\t\t\t\t<div class=\"elementor-column elementor-col-100 elementor-top-column elementor-element elementor-element-0eb8067\" data-id=\"0eb8067\" data-element_type=\"column\" data-e-type=\"column\">\n\t\t\t<div class=\"elementor-widget-wrap elementor-element-populated\">\n\t\t\t\t\t\t<div class=\"elementor-element elementor-element-c0287e8 elementor-widget elementor-widget-heading\" data-id=\"c0287e8\" data-element_type=\"widget\" data-e-type=\"widget\" data-widget_type=\"heading.default\">\n\t\t\t\t<div class=\"elementor-widget-container\">\n\t\t\t\t\t<h2 class=\"elementor-heading-title elementor-size-default\">Zbi\u00f3rka z\u0142omu we wschodnim Londynie<\/h2>\t\t\t\t<\/div>\n\t\t\t\t<\/div>\n\t\t\t\t<div class=\"elementor-element elementor-element-765d0d1 elementor-widget elementor-widget-heading\" data-id=\"765d0d1\" data-element_type=\"widget\" data-e-type=\"widget\" data-widget_type=\"heading.default\">\n\t\t\t\t<div class=\"elementor-widget-container\">\n\t\t\t\t\t<h2 class=\"elementor-heading-title elementor-size-default\">Obejmujemy nast\u0119puj\u0105ce lokalizacje<\/h2>\t\t\t\t<\/div>\n\t\t\t\t<\/div>\n\t\t\t\t\t<\/div>\n\t\t<\/div>\n\t\t\t\t\t<\/div>\n\t\t<\/section>\n\t\t\t\t<section class=\"elementor-section elementor-top-section elementor-element elementor-element-7b0cbea elementor-section-boxed elementor-section-height-default elementor-section-height-default\" data-id=\"7b0cbea\" data-element_type=\"section\" data-e-type=\"section\" data-settings=\"{&quot;_ha_eqh_enable&quot;:false}\">\n\t\t\t\t\t\t<div class=\"elementor-container elementor-column-gap-default\">\n\t\t\t\t\t<div class=\"elementor-column elementor-col-100 elementor-top-column elementor-element elementor-element-a72cd39\" data-id=\"a72cd39\" data-element_type=\"column\" data-e-type=\"column\">\n\t\t\t<div class=\"elementor-widget-wrap elementor-element-populated\">\n\t\t\t\t\t\t<div class=\"elementor-element elementor-element-47af52f elementor-widget elementor-widget-text-editor\" data-id=\"47af52f\" data-element_type=\"widget\" data-e-type=\"widget\" data-widget_type=\"text-editor.default\">\n\t\t\t\t<div class=\"elementor-widget-container\">\n\t\t\t\t\t\t\t\t\t<div class=\"elementor-column elementor-col-50 elementor-top-column elementor-element elementor-element-5752e4a\" data-id=\"5752e4a\" data-element_type=\"column\"><div class=\"elementor-widget-wrap elementor-element-populated\"><div class=\"elementor-element elementor-element-2b88ca5 elementor-widget elementor-widget-text-editor\" data-id=\"2b88ca5\" data-element_type=\"widget\" data-widget_type=\"text-editor.default\"><div class=\"elementor-widget-container\"><div>SW1\u00a0\u00a0 \u00a0\u00a0 \u00a0\u00a0\u00a0 Westminster, Belgravia, Pimlico, Victoria, St James\u2019s<\/div><div>SW2\u00a0\u00a0 \u00a0\u00a0 \u00a0\u00a0\u00a0 Brixton, Streatham Hill, Tulse Hill<\/div><div>SW3\u00a0\u00a0 \u00a0\u00a0 \u00a0\u00a0\u00a0 Chelsea, Brompton<\/div><div>SW4\u00a0\u00a0 \u00a0\u00a0 \u00a0\u00a0\u00a0 Clapham, Clapham Common, Clapham Park<\/div><div>SW5\u00a0\u00a0 \u00a0\u00a0 \u00a0\u00a0\u00a0 Earl\u2019s Court<\/div><div>SW6\u00a0\u00a0 \u00a0\u00a0 \u00a0\u00a0\u00a0 Fulham, Parson's Green<\/div><div>SW7\u00a0\u00a0 \u00a0\u00a0 \u00a0\u00a0\u00a0 South Kensington, Knightsbridge<\/div><div>SW8\u00a0\u00a0 \u00a0\u00a0 \u00a0\u00a0\u00a0 South Lambeth, Nine Elms, Vauxhall<\/div><div>SW9\u00a0\u00a0 \u00a0\u00a0 \u00a0\u00a0\u00a0 Stockwell, Brixton<\/div><div>SW10\u00a0\u00a0 \u00a0\u00a0\u00a0\u00a0 West Brompton<\/div><\/div><\/div><\/div><\/div><div class=\"elementor-column elementor-col-50 elementor-top-column elementor-element elementor-element-298145e\" data-id=\"298145e\" data-element_type=\"column\"><div class=\"elementor-widget-wrap elementor-element-populated\"><div class=\"elementor-element elementor-element-0471f56 elementor-widget elementor-widget-text-editor\" data-id=\"0471f56\" data-element_type=\"widget\" data-widget_type=\"text-editor.default\"><div class=\"elementor-widget-container\"><div>SW11\u00a0\u00a0 \u00a0\u00a0\u00a0\u00a0 Battersea, Clapham Junction<\/div><div>SW12\u00a0\u00a0 \u00a0\u00a0\u00a0\u00a0 Balham<\/div><div>SW13\u00a0\u00a0 \u00a0\u00a0\u00a0\u00a0 Barnes, Castelnau<\/div><div>SW14\u00a0\u00a0 \u00a0\u00a0\u00a0\u00a0 Mortlake, East Sheen<\/div><div>SW15\u00a0\u00a0 \u00a0\u00a0\u00a0\u00a0 Putney, Putney Heath, Roehampton<\/div><div>SW16\u00a0\u00a0 \u00a0\u00a0\u00a0\u00a0 Streatham, Norbury<\/div><div>SW17\u00a0\u00a0 \u00a0\u00a0\u00a0\u00a0 Tooting, Furzedown<\/div><div>SW18\u00a0\u00a0 \u00a0\u00a0\u00a0\u00a0 Wandsworth, Earlsfield, Southfields, West Hill<\/div><div>SW19\u00a0\u00a0 \u00a0\u00a0\u00a0\u00a0 Wimbledon, Merton, Collier\u2019s Wood<\/div><div>SW20\u00a0\u00a0 \u00a0\u00a0\u00a0\u00a0 Po\u0142udniowy Wimbledon, Park Raynes<\/div><\/div><\/div><\/div><\/div>\t\t\t\t\t\t\t\t<\/div>\n\t\t\t\t<\/div>\n\t\t\t\t\t<\/div>\n\t\t<\/div>\n\t\t\t\t\t<\/div>\n\t\t<\/section>\n\t\t\t\t<\/div>","protected":false},"excerpt":{"rendered":"<p>Scrap Metal Collection East London We cover following locations SW1\u00a0\u00a0 \u00a0\u00a0 \u00a0\u00a0\u00a0 Westminster, Belgravia, Pimlico, Victoria, St James\u2019sSW2\u00a0\u00a0 \u00a0\u00a0 \u00a0\u00a0\u00a0 Brixton, Streatham Hill, Tulse HillSW3\u00a0\u00a0 \u00a0\u00a0 \u00a0\u00a0\u00a0 Chelsea, BromptonSW4\u00a0\u00a0 \u00a0\u00a0 \u00a0\u00a0\u00a0 Clapham, Clapham Common, Clapham ParkSW5\u00a0\u00a0 \u00a0\u00a0 \u00a0\u00a0\u00a0 Earl\u2019s CourtSW6\u00a0\u00a0 \u00a0\u00a0 \u00a0\u00a0\u00a0 Fulham, Parson\u2019s GreenSW7\u00a0\u00a0 \u00a0\u00a0 \u00a0\u00a0\u00a0 South Kensington, KnightsbridgeSW8\u00a0\u00a0 \u00a0\u00a0 \u00a0\u00a0\u00a0 South Lambeth, Nine [&hellip;]<\/p>\n","protected":false},"author":8,"featured_media":4771,"parent":0,"menu_order":0,"comment_status":"closed","ping_status":"closed","template":"elementor_header_footer","meta":{"om_disable_all_campaigns":false,"inline_featured_image":false,"_monsterinsights_skip_tracking":false,"_monsterinsights_sitenote_active":false,"_monsterinsights_sitenote_note":"","_monsterinsights_sitenote_category":0,"footnotes":""},"class_list":["post-2507","page","type-page","status-publish","has-post-thumbnail","hentry"],"_links":{"self":[{"href":"https:\/\/simvic.co.uk\/pl\/wp-json\/wp\/v2\/pages\/2507","targetHints":{"allow":["GET"]}}],"collection":[{"href":"https:\/\/simvic.co.uk\/pl\/wp-json\/wp\/v2\/pages"}],"about":[{"href":"https:\/\/simvic.co.uk\/pl\/wp-json\/wp\/v2\/types\/page"}],"author":[{"embeddable":true,"href":"https:\/\/simvic.co.uk\/pl\/wp-json\/wp\/v2\/users\/8"}],"replies":[{"embeddable":true,"href":"https:\/\/simvic.co.uk\/pl\/wp-json\/wp\/v2\/comments?post=2507"}],"version-history":[{"count":0,"href":"https:\/\/simvic.co.uk\/pl\/wp-json\/wp\/v2\/pages\/2507\/revisions"}],"wp:featuredmedia":[{"embeddable":true,"href":"https:\/\/simvic.co.uk\/pl\/wp-json\/wp\/v2\/media\/4771"}],"wp:attachment":[{"href":"https:\/\/simvic.co.uk\/pl\/wp-json\/wp\/v2\/media?parent=2507"}],"curies":[{"name":"wp","href":"https:\/\/api.w.org\/{rel}","templated":true}]}}