{"id":3054,"date":"2022-07-20T10:40:48","date_gmt":"2022-07-20T10:40:48","guid":{"rendered":"https:\/\/simvic.co.uk\/scrap-metal-collection-kings-cross\/"},"modified":"2023-02-24T18:04:14","modified_gmt":"2023-02-24T18:04:14","slug":"zbiorka-zlomu-kings-cross","status":"publish","type":"page","link":"https:\/\/simvic.co.uk\/pl\/zbiorka-zlomu-kings-cross\/","title":{"rendered":"Zbi\u00f3rka z\u0142omu King's Cross"},"content":{"rendered":"<h1>Z\u0142ap przewag\u0119 w biznesie<\/h1>\n<p>Skup z\u0142omu King's Cross - W SIMVIC jeste\u015bmy gotowi odebra\u0107 Pa\u0144stwa metale za darmo. Z\u0142om mo\u017ce obejmowa\u0107 mied\u017a, aluminium, mosi\u0105dz, br\u0105z, cynk, o\u0142\u00f3w, kable, stal i wiele innych. Tymczasem najlepsze jest to, \u017ce jeste\u015bmy firm\u0105 zajmuj\u0105c\u0105 si\u0119 recyklingiem z\u0142omu, kt\u00f3ra wierzy w ochron\u0119 \u015brodowiska.<\/p>\n<h3><strong>Czy zbieranie metalu to skomplikowane zadanie? Zupe\u0142nie nie<\/strong><\/h3>\n<p>Je\u015bli uwa\u017caj\u0105 Pa\u0144stwo, \u017ce odbi\u00f3r z\u0142omu w King's Cross przysporzy Pa\u0144stwu k\u0142opot\u00f3w, prosz\u0119 o tym zapomnie\u0107. SIMVIC zadba o Pa\u0144stwa z\u0142om. W mi\u0119dzyczasie nasi eksperci zadbaj\u0105 o szybkie oczyszczenie terenu.<\/p>\n<p align=\"justify\">Nie martw si\u0119 o op\u0142aty za odbi\u00f3r. SIMVIC zap\u0142aci za odbi\u00f3r z\u0142omu. Ponadto zale\u017cy to od wagi \u0142adunku, kt\u00f3ry zabieramy ze sob\u0105. Ponadto nie b\u0119dziesz mie\u0107 k\u0142opot\u00f3w w przysz\u0142o\u015bci.<\/p>\n<h3><strong>Zbi\u00f3rka z\u0142omu King's Cross - kroki, kt\u00f3re wykonujemy<\/strong><\/h3>\n<ol style=\"color: #000000;\">\n<li>Zalecamy odpowiedni\u0105 organizacj\u0119 z\u0142omu. Tymczasem r\u00f3\u017cne partie z\u0142omu u\u0142atwi\u0105 nam zbieranie i przy\u015bpiesz\u0105 prac\u0119.<\/li>\n<li>Zalecamy odpowiedni\u0105 organizacj\u0119 z\u0142omu. Tymczasem r\u00f3\u017cne partie z\u0142omu u\u0142atwi\u0105 nam zbieranie i przy\u015bpiesz\u0105 prac\u0119.<\/li>\n<li>Upewnij si\u0119, \u017ce masz dow\u00f3d osobisty, aby potwierdzi\u0107 u nas odbi\u00f3r z\u0142omu na miejscu.<\/li>\n<li>Nasz zesp\u00f3\u0142 przyjedzie do Pa\u0144stwa z nowoczesnym sprz\u0119tem i wag\u0105. Mierzymy odczyt \u0142adunku metalu i dostarczamy dok\u0142adne szczeg\u00f3\u0142y.<\/li>\n<li>Po prawid\u0142owym zwa\u017ceniu metalu przyst\u0119pujemy do odbioru z\u0142omu. Tymczasem w zale\u017cno\u015bci od wielko\u015bci i ilo\u015bci z\u0142omu mo\u017cemy skorzysta\u0107 z niezb\u0119dnych urz\u0105dze\u0144, a nawet d\u017awig\u00f3w.<\/li>\n<li>Zbi\u00f3rka z\u0142omu jest zako\u0144czona i w pe\u0142ni za\u0142adowana na nasz pojazd. Teraz nadszed\u0142 czas, aby zap\u0142aci\u0107 wed\u0142ug wagi zebranego z\u0142omu.<\/li>\n<li>P\u0142acimy odpowiedni\u0105 cen\u0119 i odbieramy z\u0142om do cel\u00f3w recyklingu.<\/li>\n<\/ol>\n<h3><strong>SIMVIC zapewnia niedrogie i wydajne us\u0142ugi<\/strong><\/h3>\n<p>Wiemy, \u017ce potrzebujesz szybkiej, niedrogiej i wydajnej us\u0142ugi. \u015awiadczymy us\u0142ugi windykacyjne dostosowane do Twoich potrzeb. Utylizacja z\u0142omu nigdy nie by\u0142a wydajna i bezproblemowa. Tymczasem SIMVIC zapewnia us\u0142ug\u0119 odbioru tego samego dnia bez dodatkowych op\u0142at.<\/p>\n<h3><strong>Szukasz kogo\u015b do odbioru z\u0142omu u Ciebie?<\/strong><\/h3>\n<p><strong>Martwisz si\u0119 zbytnio o koszty, kt\u00f3re poniesiesz?<\/strong><\/p>\n<p align=\"justify\">Martwisz si\u0119 zbytnio o koszty, kt\u00f3re poniesiesz?<\/p>\n<p>Nie martw si\u0119!\u00a0<a href=\"https:\/\/simvic.co.uk\/pl\">SIMVIC<\/a>\u00a0jest tutaj, aby zaoferowa\u0107 bezp\u0142atny odbi\u00f3r z\u0142omu. Pracujemy bez za\u0142atwiania formalno\u015bci, a nasz zesp\u00f3\u0142 zajmuje si\u0119 odbiorem z\u0142omu. Ponadto sp\u00f3jrz na kluczowe punkty do rozwa\u017cenia dotycz\u0105ce zespo\u0142u SIMVIC.<\/p>\n<ul>\n<li>Odzyskujemy zebrany z\u0142om<\/li>\n<li>Z\u0142om odbieramy gratis<\/li>\n<li>Zadzwo\u0144 po BEZP\u0141ATN\u0104 wycen\u0119<\/li>\n<li>SIMVIC ma ponad dziewi\u0119cioletnie do\u015bwiadczenie na rynku<\/li>\n<\/ul>\n<p>Mamy nadziej\u0119, \u017ce s\u0105 ju\u017c Pa\u0144stwo przekonani? Prosz\u0119 do nas zadzwoni\u0107, aby om\u00f3wi\u0107 szczeg\u00f3\u0142y skupu z\u0142omu King's Cross.<\/p>\n<h3><a href=\"tel:+447763630404\">Aby um\u00f3wi\u0107 si\u0119 na odbi\u00f3r zadzwo\u0144: 0776 363 04 04<\/a><\/h3>\n<p><img fetchpriority=\"high\" decoding=\"async\" src=\"Z\u0142om Londyn\" sizes=\"(max-width: 768px) 100vw, 768px\" srcset=\"\" alt=\"Z\u0142omowisko w Londynie\" width=\"768\" height=\"768\" title=\"\" data-srcset=\"\"><br \/>\n<a role=\"button\" href=\"https:\/\/simvic.co.uk\/pl\/kontakt\/\"><br \/>\nBezp\u0142atna wycena z\u0142omu<br \/>\n<\/a><\/p>\n<h2 class=\"elementor-heading-title elementor-size-default\">Obs\u0142ugujemy wszystkie lokalizacje w Londynie:<\/h2>\n<p><iframe style=\"border: 0;\" src=\"https:\/\/www.google.com\/maps\/embed?pb=!1m18!1m12!1m3!1d317718.693244509!2d-0.3817796088226305!3d51.52830797751995!2m3!1f0!2f0!3f0!3m2!1i1024!2i768!4f13.1!3m3!1m2!1s0x47d8a00baf21de75%3A0x52963a5addd52a99!2sLondon%2C%20UK!5e0!3m2!1sen!2s!4v1658313165943!5m2!1sen!2s\" width=\"600\" height=\"450\" allowfullscreen=\"allowfullscreen\"><\/iframe><\/p>","protected":false},"excerpt":{"rendered":"<p>Grab Business Advantage Scrap metal collection King&#8217;s Cross &#8211; We at SIMVIC are ready to collect your metals for free. The scrap metal can include copper, aluminium, brass, bronze, zinc, lead, cables, steel, and much more. Meanwhile, the best part is that, we are a scrap metal recycling company that believes in saving the environment. [&hellip;]<\/p>\n","protected":false},"author":20,"featured_media":0,"parent":0,"menu_order":0,"comment_status":"closed","ping_status":"closed","template":"","meta":{"om_disable_all_campaigns":false,"inline_featured_image":false,"_monsterinsights_skip_tracking":false,"_monsterinsights_sitenote_active":false,"_monsterinsights_sitenote_note":"","_monsterinsights_sitenote_category":0,"footnotes":""},"class_list":["post-3054","page","type-page","status-publish","hentry"],"_links":{"self":[{"href":"https:\/\/simvic.co.uk\/pl\/wp-json\/wp\/v2\/pages\/3054","targetHints":{"allow":["GET"]}}],"collection":[{"href":"https:\/\/simvic.co.uk\/pl\/wp-json\/wp\/v2\/pages"}],"about":[{"href":"https:\/\/simvic.co.uk\/pl\/wp-json\/wp\/v2\/types\/page"}],"author":[{"embeddable":true,"href":"https:\/\/simvic.co.uk\/pl\/wp-json\/wp\/v2\/users\/20"}],"replies":[{"embeddable":true,"href":"https:\/\/simvic.co.uk\/pl\/wp-json\/wp\/v2\/comments?post=3054"}],"version-history":[{"count":0,"href":"https:\/\/simvic.co.uk\/pl\/wp-json\/wp\/v2\/pages\/3054\/revisions"}],"wp:attachment":[{"href":"https:\/\/simvic.co.uk\/pl\/wp-json\/wp\/v2\/media?parent=3054"}],"curies":[{"name":"wp","href":"https:\/\/api.w.org\/{rel}","templated":true}]}}