{"id":3837,"date":"2022-09-05T10:52:38","date_gmt":"2022-09-05T10:52:38","guid":{"rendered":"https:\/\/simvic.co.uk\/?page_id=3837"},"modified":"2023-02-21T12:05:11","modified_gmt":"2023-02-21T12:05:11","slug":"zlomowanie-aut-londyn","status":"publish","type":"page","link":"https:\/\/simvic.co.uk\/pl\/zlomowanie-aut-londyn\/","title":{"rendered":"Skup samochod\u00f3w Londyn | Z\u0142omowanie Aut"},"content":{"rendered":"<div data-elementor-type=\"wp-page\" data-elementor-id=\"3837\" class=\"elementor elementor-3837\" data-elementor-settings=\"{&quot;ha_cmc_init_switcher&quot;:&quot;no&quot;}\" data-elementor-post-type=\"page\">\n\t\t\t\t\t\t<section class=\"elementor-section elementor-top-section elementor-element elementor-element-4533638 elementor-section-boxed elementor-section-height-default elementor-section-height-default\" data-id=\"4533638\" data-element_type=\"section\" data-e-type=\"section\" data-settings=\"{&quot;_ha_eqh_enable&quot;:false}\">\n\t\t\t\t\t\t<div class=\"elementor-container elementor-column-gap-default\">\n\t\t\t\t\t<div class=\"elementor-column elementor-col-100 elementor-top-column elementor-element elementor-element-d39ab2d\" data-id=\"d39ab2d\" data-element_type=\"column\" data-e-type=\"column\">\n\t\t\t<div class=\"elementor-widget-wrap elementor-element-populated\">\n\t\t\t\t\t\t<div class=\"elementor-element elementor-element-f618f71 elementor-widget elementor-widget-spacer\" data-id=\"f618f71\" data-element_type=\"widget\" data-e-type=\"widget\" data-widget_type=\"spacer.default\">\n\t\t\t\t<div class=\"elementor-widget-container\">\n\t\t\t\t\t\t\t<div class=\"elementor-spacer\">\n\t\t\t<div class=\"elementor-spacer-inner\"><\/div>\n\t\t<\/div>\n\t\t\t\t\t\t<\/div>\n\t\t\t\t<\/div>\n\t\t\t\t\t<\/div>\n\t\t<\/div>\n\t\t\t\t\t<\/div>\n\t\t<\/section>\n\t\t\t\t<section class=\"elementor-section elementor-top-section elementor-element elementor-element-2c61078 elementor-section-boxed elementor-section-height-default elementor-section-height-default\" data-id=\"2c61078\" data-element_type=\"section\" data-e-type=\"section\" data-settings=\"{&quot;_ha_eqh_enable&quot;:false}\">\n\t\t\t\t\t\t<div class=\"elementor-container elementor-column-gap-default\">\n\t\t\t\t\t<div class=\"elementor-column elementor-col-50 elementor-top-column elementor-element elementor-element-ebd9c46\" data-id=\"ebd9c46\" data-element_type=\"column\" data-e-type=\"column\">\n\t\t\t<div class=\"elementor-widget-wrap elementor-element-populated\">\n\t\t\t\t\t\t<div class=\"elementor-element elementor-element-ca66825 elementor-widget elementor-widget-heading\" data-id=\"ca66825\" data-element_type=\"widget\" data-e-type=\"widget\" data-widget_type=\"heading.default\">\n\t\t\t\t<div class=\"elementor-widget-container\">\n\t\t\t\t\t<h1 class=\"elementor-heading-title elementor-size-default\"><b>Skup samochod\u00f3w Londyn | Z\u0142omowanie Aut<\/b><\/h1>\t\t\t\t<\/div>\n\t\t\t\t<\/div>\n\t\t\t\t<div class=\"elementor-element elementor-element-e7a9600 elementor-widget elementor-widget-text-editor\" data-id=\"e7a9600\" data-element_type=\"widget\" data-e-type=\"widget\" data-widget_type=\"text-editor.default\">\n\t\t\t\t<div class=\"elementor-widget-container\">\n\t\t\t\t\t\t\t\t\t<p>Je\u015bli Tw\u00f3j stary samoch\u00f3d nie jest ju\u017c godny zaufania i ma s\u0142abe osi\u0105gi, musisz uzna\u0107 go za z\u0142om. To dla Ciebie kwestia, co zrobi\u0107 z samochodem. Tutaj mo\u017cesz z\u0142omowa\u0107 sw\u00f3j samoch\u00f3d i uzyska\u0107 preferowane najwy\u017csze warto\u015bci. W tym celu musisz zbada\u0107 z\u0142om samochodowy Londyn, aby uzyska\u0107 wystarczaj\u0105c\u0105 ilo\u015b\u0107 pieni\u0119dzy w zamian za stary samoch\u00f3d poprzez opcj\u0119 z\u0142omowania.<br \/>Aby uzyska\u0107 dobr\u0105 sum\u0119 pieni\u0119dzy, musisz zrezygnowa\u0107 z niekt\u00f3rych niezb\u0119dnych rzeczy, aby tw\u00f3j stary samoch\u00f3d otrzyma\u0142 przyzwoit\u0105 warto\u015b\u0107 z\u0142omowania. Staraj si\u0119 wi\u0119c \u015bledzi\u0107 wszystko, aby \u0142atwo po\u0142\u0105czy\u0107 si\u0119 ze sprzedawc\u0105 z\u0142omu samochodowego.<\/p>\t\t\t\t\t\t\t\t<\/div>\n\t\t\t\t<\/div>\n\t\t\t\t<section class=\"elementor-section elementor-inner-section elementor-element elementor-element-c415fc4 elementor-section-boxed elementor-section-height-default elementor-section-height-default\" data-id=\"c415fc4\" data-element_type=\"section\" data-e-type=\"section\" data-settings=\"{&quot;_ha_eqh_enable&quot;:false}\">\n\t\t\t\t\t\t<div class=\"elementor-container elementor-column-gap-default\">\n\t\t\t\t\t<div class=\"elementor-column elementor-col-50 elementor-inner-column elementor-element elementor-element-7b48c92\" data-id=\"7b48c92\" data-element_type=\"column\" data-e-type=\"column\">\n\t\t\t<div class=\"elementor-widget-wrap elementor-element-populated\">\n\t\t\t\t\t\t<div class=\"elementor-element elementor-element-43bf9fd elementor-widget elementor-widget-image\" data-id=\"43bf9fd\" data-element_type=\"widget\" data-e-type=\"widget\" data-widget_type=\"image.default\">\n\t\t\t\t<div class=\"elementor-widget-container\">\n\t\t\t\t\t\t\t\t\t\t\t\t\t\t\t<img fetchpriority=\"high\" decoding=\"async\" width=\"300\" height=\"300\" src=\"https:\/\/simvic.co.uk\/wp-content\/uploads\/2022\/10\/scrap-car-300x300.png\" class=\"attachment-medium size-medium wp-image-4472\" alt=\"z\u0142omowanie samochodu londyn\" srcset=\"https:\/\/simvic.co.uk\/wp-content\/uploads\/2022\/10\/scrap-car-300x300.png 300w, https:\/\/simvic.co.uk\/wp-content\/uploads\/2022\/10\/scrap-car-1024x1024.png 1024w, https:\/\/simvic.co.uk\/wp-content\/uploads\/2022\/10\/scrap-car-150x150.png 150w, https:\/\/simvic.co.uk\/wp-content\/uploads\/2022\/10\/scrap-car-768x768.png 768w, https:\/\/simvic.co.uk\/wp-content\/uploads\/2022\/10\/scrap-car-12x12.png 12w, https:\/\/simvic.co.uk\/wp-content\/uploads\/2022\/10\/scrap-car-595xh.png 595w, https:\/\/simvic.co.uk\/wp-content\/uploads\/2022\/10\/scrap-car-125x125.png 125w, https:\/\/simvic.co.uk\/wp-content\/uploads\/2022\/10\/scrap-car-640x640.png 640w, https:\/\/simvic.co.uk\/wp-content\/uploads\/2022\/10\/scrap-car.png 1080w\" sizes=\"(max-width: 300px) 100vw, 300px\" title=\"\">\t\t\t\t\t\t\t\t\t\t\t\t\t\t\t<\/div>\n\t\t\t\t<\/div>\n\t\t\t\t\t<\/div>\n\t\t<\/div>\n\t\t\t\t<div class=\"elementor-column elementor-col-50 elementor-inner-column elementor-element elementor-element-5daff5e\" data-id=\"5daff5e\" data-element_type=\"column\" data-e-type=\"column\">\n\t\t\t<div class=\"elementor-widget-wrap elementor-element-populated\">\n\t\t\t\t\t\t<div class=\"elementor-element elementor-element-365866b elementor-widget elementor-widget-image\" data-id=\"365866b\" data-element_type=\"widget\" data-e-type=\"widget\" data-widget_type=\"image.default\">\n\t\t\t\t<div class=\"elementor-widget-container\">\n\t\t\t\t\t\t\t\t\t\t\t\t\t\t\t<img decoding=\"async\" width=\"300\" height=\"300\" src=\"https:\/\/simvic.co.uk\/wp-content\/uploads\/2022\/10\/Untitled-design-44-300x300.png\" class=\"attachment-medium size-medium wp-image-4171\" alt=\"Specjali\u015bci od \u0142amania samochod\u00f3w\" srcset=\"https:\/\/simvic.co.uk\/wp-content\/uploads\/2022\/10\/Untitled-design-44-300x300.png 300w, https:\/\/simvic.co.uk\/wp-content\/uploads\/2022\/10\/Untitled-design-44-1024x1024.png 1024w, https:\/\/simvic.co.uk\/wp-content\/uploads\/2022\/10\/Untitled-design-44-150x150.png 150w, https:\/\/simvic.co.uk\/wp-content\/uploads\/2022\/10\/Untitled-design-44-768x768.png 768w, https:\/\/simvic.co.uk\/wp-content\/uploads\/2022\/10\/Untitled-design-44-12x12.png 12w, https:\/\/simvic.co.uk\/wp-content\/uploads\/2022\/10\/Untitled-design-44-595xh.png 595w, https:\/\/simvic.co.uk\/wp-content\/uploads\/2022\/10\/Untitled-design-44-125x125.png 125w, https:\/\/simvic.co.uk\/wp-content\/uploads\/2022\/10\/Untitled-design-44-640x640.png 640w, https:\/\/simvic.co.uk\/wp-content\/uploads\/2022\/10\/Untitled-design-44.png 1080w\" sizes=\"(max-width: 300px) 100vw, 300px\" title=\"\">\t\t\t\t\t\t\t\t\t\t\t\t\t\t\t<\/div>\n\t\t\t\t<\/div>\n\t\t\t\t\t<\/div>\n\t\t<\/div>\n\t\t\t\t\t<\/div>\n\t\t<\/section>\n\t\t\t\t\t<\/div>\n\t\t<\/div>\n\t\t\t\t<div class=\"elementor-column elementor-col-50 elementor-top-column elementor-element elementor-element-8c6cd97\" data-id=\"8c6cd97\" data-element_type=\"column\" data-e-type=\"column\">\n\t\t\t<div class=\"elementor-widget-wrap elementor-element-populated\">\n\t\t\t\t\t\t<div class=\"elementor-element elementor-element-aa4ce45 elementor-widget elementor-widget-image\" data-id=\"aa4ce45\" data-element_type=\"widget\" data-e-type=\"widget\" data-widget_type=\"image.default\">\n\t\t\t\t<div class=\"elementor-widget-container\">\n\t\t\t\t\t\t\t\t\t\t\t\t\t\t\t<img decoding=\"async\" width=\"800\" height=\"800\" src=\"https:\/\/simvic.co.uk\/wp-content\/uploads\/2022\/09\/Untitled-design-2022-09-05T215209.548-1024x1024.png\" class=\"attachment-large size-large wp-image-3877\" alt=\"Stary samoch\u00f3d na z\u0142om\" srcset=\"https:\/\/simvic.co.uk\/wp-content\/uploads\/2022\/09\/Untitled-design-2022-09-05T215209.548-1024x1024.png 1024w, https:\/\/simvic.co.uk\/wp-content\/uploads\/2022\/09\/Untitled-design-2022-09-05T215209.548-300x300.png 300w, https:\/\/simvic.co.uk\/wp-content\/uploads\/2022\/09\/Untitled-design-2022-09-05T215209.548-150x150.png 150w, https:\/\/simvic.co.uk\/wp-content\/uploads\/2022\/09\/Untitled-design-2022-09-05T215209.548-768x768.png 768w, https:\/\/simvic.co.uk\/wp-content\/uploads\/2022\/09\/Untitled-design-2022-09-05T215209.548-12x12.png 12w, https:\/\/simvic.co.uk\/wp-content\/uploads\/2022\/09\/Untitled-design-2022-09-05T215209.548-595xh.png 595w, https:\/\/simvic.co.uk\/wp-content\/uploads\/2022\/09\/Untitled-design-2022-09-05T215209.548-125x125.png 125w, https:\/\/simvic.co.uk\/wp-content\/uploads\/2022\/09\/Untitled-design-2022-09-05T215209.548-640x640.png 640w, https:\/\/simvic.co.uk\/wp-content\/uploads\/2022\/09\/Untitled-design-2022-09-05T215209.548.png 1080w\" sizes=\"(max-width: 800px) 100vw, 800px\" title=\"\">\t\t\t\t\t\t\t\t\t\t\t\t\t\t\t<\/div>\n\t\t\t\t<\/div>\n\t\t\t\t\t<\/div>\n\t\t<\/div>\n\t\t\t\t\t<\/div>\n\t\t<\/section>\n\t\t\t\t<section class=\"elementor-section elementor-top-section elementor-element elementor-element-f09e9a7 elementor-section-boxed elementor-section-height-default elementor-section-height-default\" data-id=\"f09e9a7\" data-element_type=\"section\" data-e-type=\"section\" data-settings=\"{&quot;_ha_eqh_enable&quot;:false}\">\n\t\t\t\t\t\t<div class=\"elementor-container elementor-column-gap-default\">\n\t\t\t\t\t<div class=\"elementor-column elementor-col-50 elementor-top-column elementor-element elementor-element-74e2025\" data-id=\"74e2025\" data-element_type=\"column\" data-e-type=\"column\">\n\t\t\t<div class=\"elementor-widget-wrap elementor-element-populated\">\n\t\t\t\t\t\t<div class=\"elementor-element elementor-element-0d03cfd elementor-widget elementor-widget-image\" data-id=\"0d03cfd\" data-element_type=\"widget\" data-e-type=\"widget\" data-widget_type=\"image.default\">\n\t\t\t\t<div class=\"elementor-widget-container\">\n\t\t\t\t\t\t\t\t\t\t\t\t\t\t\t<img loading=\"lazy\" decoding=\"async\" width=\"800\" height=\"800\" src=\"https:\/\/simvic.co.uk\/wp-content\/uploads\/2022\/10\/car-scrap-1024x1024.png\" class=\"attachment-large size-large wp-image-4478\" alt=\"z\u0142om samochodowy\" srcset=\"https:\/\/simvic.co.uk\/wp-content\/uploads\/2022\/10\/car-scrap-1024x1024.png 1024w, https:\/\/simvic.co.uk\/wp-content\/uploads\/2022\/10\/car-scrap-300x300.png 300w, https:\/\/simvic.co.uk\/wp-content\/uploads\/2022\/10\/car-scrap-150x150.png 150w, https:\/\/simvic.co.uk\/wp-content\/uploads\/2022\/10\/car-scrap-768x768.png 768w, https:\/\/simvic.co.uk\/wp-content\/uploads\/2022\/10\/car-scrap-12x12.png 12w, https:\/\/simvic.co.uk\/wp-content\/uploads\/2022\/10\/car-scrap-595xh.png 595w, https:\/\/simvic.co.uk\/wp-content\/uploads\/2022\/10\/car-scrap-125x125.png 125w, https:\/\/simvic.co.uk\/wp-content\/uploads\/2022\/10\/car-scrap-640x640.png 640w, https:\/\/simvic.co.uk\/wp-content\/uploads\/2022\/10\/car-scrap.png 1080w\" sizes=\"(max-width: 800px) 100vw, 800px\" title=\"\">\t\t\t\t\t\t\t\t\t\t\t\t\t\t\t<\/div>\n\t\t\t\t<\/div>\n\t\t\t\t<section class=\"elementor-section elementor-inner-section elementor-element elementor-element-4a6da3d elementor-section-boxed elementor-section-height-default elementor-section-height-default\" data-id=\"4a6da3d\" data-element_type=\"section\" data-e-type=\"section\" data-settings=\"{&quot;_ha_eqh_enable&quot;:false}\">\n\t\t\t\t\t\t<div class=\"elementor-container elementor-column-gap-default\">\n\t\t\t\t\t<div class=\"elementor-column elementor-col-50 elementor-inner-column elementor-element elementor-element-ce373c0\" data-id=\"ce373c0\" data-element_type=\"column\" data-e-type=\"column\">\n\t\t\t<div class=\"elementor-widget-wrap elementor-element-populated\">\n\t\t\t\t\t\t<div class=\"elementor-element elementor-element-aacc122 elementor-widget elementor-widget-image\" data-id=\"aacc122\" data-element_type=\"widget\" data-e-type=\"widget\" data-widget_type=\"image.default\">\n\t\t\t\t<div class=\"elementor-widget-container\">\n\t\t\t\t\t\t\t\t\t\t\t\t\t\t\t<img loading=\"lazy\" decoding=\"async\" width=\"800\" height=\"800\" src=\"https:\/\/simvic.co.uk\/wp-content\/uploads\/2022\/09\/Untitled-design-2022-09-05T163938.854-1024x1024.png\" class=\"attachment-large size-large wp-image-3843\" alt=\"Z\u0142om metalowy Stary samoch\u00f3d\" srcset=\"https:\/\/simvic.co.uk\/wp-content\/uploads\/2022\/09\/Untitled-design-2022-09-05T163938.854-1024x1024.png 1024w, https:\/\/simvic.co.uk\/wp-content\/uploads\/2022\/09\/Untitled-design-2022-09-05T163938.854-300x300.png 300w, https:\/\/simvic.co.uk\/wp-content\/uploads\/2022\/09\/Untitled-design-2022-09-05T163938.854-150x150.png 150w, https:\/\/simvic.co.uk\/wp-content\/uploads\/2022\/09\/Untitled-design-2022-09-05T163938.854-768x768.png 768w, https:\/\/simvic.co.uk\/wp-content\/uploads\/2022\/09\/Untitled-design-2022-09-05T163938.854-12x12.png 12w, https:\/\/simvic.co.uk\/wp-content\/uploads\/2022\/09\/Untitled-design-2022-09-05T163938.854-595xh.png 595w, https:\/\/simvic.co.uk\/wp-content\/uploads\/2022\/09\/Untitled-design-2022-09-05T163938.854-125x125.png 125w, https:\/\/simvic.co.uk\/wp-content\/uploads\/2022\/09\/Untitled-design-2022-09-05T163938.854-640x640.png 640w, https:\/\/simvic.co.uk\/wp-content\/uploads\/2022\/09\/Untitled-design-2022-09-05T163938.854.png 1080w\" sizes=\"(max-width: 800px) 100vw, 800px\" title=\"\">\t\t\t\t\t\t\t\t\t\t\t\t\t\t\t<\/div>\n\t\t\t\t<\/div>\n\t\t\t\t\t<\/div>\n\t\t<\/div>\n\t\t\t\t<div class=\"elementor-column elementor-col-50 elementor-inner-column elementor-element elementor-element-7a7b4cd\" data-id=\"7a7b4cd\" data-element_type=\"column\" data-e-type=\"column\">\n\t\t\t<div class=\"elementor-widget-wrap elementor-element-populated\">\n\t\t\t\t\t\t<div class=\"elementor-element elementor-element-635ee6e elementor-widget elementor-widget-image\" data-id=\"635ee6e\" data-element_type=\"widget\" data-e-type=\"widget\" data-widget_type=\"image.default\">\n\t\t\t\t<div class=\"elementor-widget-container\">\n\t\t\t\t\t\t\t\t\t\t\t\t\t\t\t<img loading=\"lazy\" decoding=\"async\" width=\"800\" height=\"800\" src=\"https:\/\/simvic.co.uk\/wp-content\/uploads\/2022\/10\/car-scrap-uk-1024x1024.png\" class=\"attachment-large size-large wp-image-4474\" alt=\"z\u0142omowanie samochod\u00f3w londyn\" srcset=\"https:\/\/simvic.co.uk\/wp-content\/uploads\/2022\/10\/car-scrap-uk-1024x1024.png 1024w, https:\/\/simvic.co.uk\/wp-content\/uploads\/2022\/10\/car-scrap-uk-300x300.png 300w, https:\/\/simvic.co.uk\/wp-content\/uploads\/2022\/10\/car-scrap-uk-150x150.png 150w, https:\/\/simvic.co.uk\/wp-content\/uploads\/2022\/10\/car-scrap-uk-768x768.png 768w, https:\/\/simvic.co.uk\/wp-content\/uploads\/2022\/10\/car-scrap-uk-12x12.png 12w, https:\/\/simvic.co.uk\/wp-content\/uploads\/2022\/10\/car-scrap-uk-595xh.png 595w, https:\/\/simvic.co.uk\/wp-content\/uploads\/2022\/10\/car-scrap-uk-125x125.png 125w, https:\/\/simvic.co.uk\/wp-content\/uploads\/2022\/10\/car-scrap-uk-640x640.png 640w, https:\/\/simvic.co.uk\/wp-content\/uploads\/2022\/10\/car-scrap-uk.png 1080w\" sizes=\"(max-width: 800px) 100vw, 800px\" title=\"\">\t\t\t\t\t\t\t\t\t\t\t\t\t\t\t<\/div>\n\t\t\t\t<\/div>\n\t\t\t\t\t<\/div>\n\t\t<\/div>\n\t\t\t\t\t<\/div>\n\t\t<\/section>\n\t\t\t\t\t<\/div>\n\t\t<\/div>\n\t\t\t\t<div class=\"elementor-column elementor-col-50 elementor-top-column elementor-element elementor-element-032fbe5\" data-id=\"032fbe5\" data-element_type=\"column\" data-e-type=\"column\">\n\t\t\t<div class=\"elementor-widget-wrap elementor-element-populated\">\n\t\t\t\t\t\t<div class=\"elementor-element elementor-element-eb8c496 elementor-widget elementor-widget-heading\" data-id=\"eb8c496\" data-element_type=\"widget\" data-e-type=\"widget\" data-widget_type=\"heading.default\">\n\t\t\t\t<div class=\"elementor-widget-container\">\n\t\t\t\t\t<h1 class=\"elementor-heading-title elementor-size-default\">Proces z\u0142omowania samochod\u00f3w Londyn\n<\/h1>\t\t\t\t<\/div>\n\t\t\t\t<\/div>\n\t\t\t\t<div class=\"elementor-element elementor-element-b2cc96a elementor-widget elementor-widget-text-editor\" data-id=\"b2cc96a\" data-element_type=\"widget\" data-e-type=\"widget\" data-widget_type=\"text-editor.default\">\n\t\t\t\t<div class=\"elementor-widget-container\">\n\t\t\t\t\t\t\t\t\t<p>Nawet je\u015bli Tw\u00f3j samoch\u00f3d jest za stary, nadal musisz dba\u0107 o niego jak o nowy, je\u015bli chcesz otrzyma\u0107 dobr\u0105 sum\u0119 pieni\u0119dzy. W tym artykule om\u00f3wimy kilka niezb\u0119dnych rzeczy, kt\u00f3re powiniene\u015b zastosowa\u0107, aby Tw\u00f3j samoch\u00f3d uzyska\u0142 najwy\u017csze warto\u015bci z\u0142omowania:<\/p><ul><li><strong>Utrzymuj samoch\u00f3d w czysto\u015bci i porz\u0105dku, aby si\u0119 sprzeda\u0107:<\/strong><br \/>To pierwszy krok do z\u0142omowania samochodu o du\u017cej warto\u015bci. Upewnij si\u0119, \u017ce Tw\u00f3j samoch\u00f3d jest w dobrym stanie od wewn\u0105trz. Je\u015bli Tw\u00f3j samoch\u00f3d jest w najlepszym stanie, mo\u017cesz \u0142atwo otrzyma\u0107 \u017c\u0105dan\u0105 kwot\u0119 pieni\u0119dzy.<\/li><li><strong>Zadbaj o cz\u0119\u015bci samochodowe:<br \/><\/strong>Kiedy zdecydujesz si\u0119 na z\u0142omowanie swojego starego samochodu, nie usuwaj \u017cadnej cz\u0119\u015bci samochodu. Ta praktyka pozwala zarobi\u0107 wi\u0119kszo\u015b\u0107 pieni\u0119dzy w zamian za stary samoch\u00f3d.<strong><br \/><\/strong><\/li><li><strong>Wykorzystaj ca\u0142e paliwo:<\/strong><br \/>Tak, spr\u00f3buj zu\u017cy\u0107 ca\u0142e paliwo przed z\u0142omowaniem samochodu. Mo\u017ce nic nie da\u0107, je\u015bli zostawisz kropl\u0119 paliwa w baku samochodu, zamiast go zmarnowa\u0107. Wystarczy, \u017ce zatrzymasz troch\u0119 paliwa, by dotrze\u0107 na z\u0142omowisko.<\/li><li><strong>Por\u00f3wnaj z innymi dealerami:<\/strong><br \/>Jest to fundamentalny krok do sowitego zarabiania, poniewa\u017c ka\u017cdy dealer ma w\u0142asn\u0105 polityk\u0119 cenow\u0105. Musisz wi\u0119c skontaktowa\u0107 si\u0119 ze wszystkimi najbli\u017cszymi z\u0142omowiskami w okolicy, aby uzyska\u0107 najlepsze wyceny. W ten spos\u00f3b mo\u017cesz por\u00f3wna\u0107 ceny wszystkich dealer\u00f3w i uzyska\u0107 dobr\u0105 sum\u0119 pieni\u0119dzy.<\/li><li><strong>B\u0105d\u017a szczery:<\/strong><br \/>Staraj si\u0119 by\u0107 autentyczny w procesie z\u0142omowania starego samochodu. To najlepszy spos\u00f3b na unikni\u0119cie ni\u017cszych cen, a okazuj\u0105c swoj\u0105 lojalno\u015b\u0107, mo\u017cesz zrobi\u0107 krok do przodu, aby zdoby\u0107 wystarczaj\u0105c\u0105 ilo\u015b\u0107 po\u017c\u0105danych pieni\u0119dzy.<\/li><\/ul>\t\t\t\t\t\t\t\t<\/div>\n\t\t\t\t<\/div>\n\t\t\t\t\t<\/div>\n\t\t<\/div>\n\t\t\t\t\t<\/div>\n\t\t<\/section>\n\t\t\t\t<section class=\"elementor-section elementor-top-section elementor-element elementor-element-5fa3282f elementor-section-boxed elementor-section-height-default elementor-section-height-default\" data-id=\"5fa3282f\" data-element_type=\"section\" data-e-type=\"section\" data-settings=\"{&quot;_ha_eqh_enable&quot;:false}\">\n\t\t\t\t\t\t<div class=\"elementor-container elementor-column-gap-default\">\n\t\t\t\t\t<div class=\"elementor-column elementor-col-100 elementor-top-column elementor-element elementor-element-3a882a34\" data-id=\"3a882a34\" data-element_type=\"column\" data-e-type=\"column\">\n\t\t\t<div class=\"elementor-widget-wrap elementor-element-populated\">\n\t\t\t\t\t\t<div class=\"elementor-element elementor-element-20bf9df elementor-widget elementor-widget-heading\" data-id=\"20bf9df\" data-element_type=\"widget\" data-e-type=\"widget\" data-widget_type=\"heading.default\">\n\t\t\t\t<div class=\"elementor-widget-container\">\n\t\t\t\t\t<h1 class=\"elementor-heading-title elementor-size-default\"><b>Cz\u0119sto zadawane pytania:<\/b><\/h1>\t\t\t\t<\/div>\n\t\t\t\t<\/div>\n\t\t\t\t<div class=\"elementor-element elementor-element-687dc71 elementor-widget elementor-widget-text-editor\" data-id=\"687dc71\" data-element_type=\"widget\" data-e-type=\"widget\" data-widget_type=\"text-editor.default\">\n\t\t\t\t<div class=\"elementor-widget-container\">\n\t\t\t\t\t\t\t\t\t<p><strong>Czy przed z\u0142omowaniem samochodu konieczne jest przygotowanie dokument\u00f3w prawnych?<\/strong><br \/>Z\u0142omowa\u0107 tw\u00f3j stary samoch\u00f3d. Potrzebujesz tylko dowodu to\u017csamo\u015bci i nic wi\u0119cej. Tutaj nie musisz do\u0142\u0105cza\u0107 dokument\u00f3w prawnych, aby uciec z samochodu.<\/p><p><strong>Dlaczego wybieramy Simvic na z\u0142om samochodowy w Londynie?<\/strong><br \/>Simvic to najlepsze miejsce do kontaktu z najbardziej niezawodn\u0105 obs\u0142ug\u0105 klienta i doskona\u0142ym do\u015bwiadczeniem w zakresie skrobania. Ka\u017cdy mo\u017ce uzyska\u0107 wy\u017csze warto\u015bci z\u0142omu samochodowego wraz z ciep\u0142\u0105 go\u015bcinno\u015bci\u0105 i wyczerpuj\u0105cymi wzgl\u0119dnymi szczeg\u00f3\u0142ami, je\u015bli masz do czynienia z nami.<\/p><ul><li><strong>9+ lat na rynku<\/strong><\/li><li><strong>Najlepsze ceny<\/strong><\/li><li><strong>Skup Samochod\u00f3w<\/strong><\/li><li><strong>Bezp\u0142atna kolekcja<\/strong><\/li><li><strong>Recyklujemy<\/strong><\/li><\/ul><p><strong>Wniosek:<\/strong><\/p><p>Powy\u017csza dyskusja przedstawia kilka podstawowych krok\u00f3w, dzi\u0119ki kt\u00f3rym ka\u017cdy mo\u017ce z\u0142omowa\u0107 samoch\u00f3d o dobrej warto\u015bci do z\u0142omu samochodowego Londyn.<br \/>Mo\u017cesz po\u0142\u0105czy\u0107 si\u0119 ze z\u0142omem simvic, poniewa\u017c oferujemy najlepsze do\u015bwiadczenia w handlu i zapewniamy nasze przyzwoite kwoty w zamian za z\u0142om.<\/p>\t\t\t\t\t\t\t\t<\/div>\n\t\t\t\t<\/div>\n\t\t\t\t<div class=\"elementor-element elementor-element-8b24347 elementor-widget elementor-widget-heading\" data-id=\"8b24347\" data-element_type=\"widget\" data-e-type=\"widget\" data-widget_type=\"heading.default\">\n\t\t\t\t<div class=\"elementor-widget-container\">\n\t\t\t\t\t<h2 class=\"elementor-heading-title elementor-size-default\"><a href=\"https:\/\/en.wikipedia.org\/wiki\/Scrap\" target=\"_blank\" rel=\"noopener\">Informacje o z\u0142omie<\/a><\/h2>\t\t\t\t<\/div>\n\t\t\t\t<\/div>\n\t\t\t\t<div class=\"elementor-element elementor-element-5e403e5 elementor-align-left elementor-widget elementor-widget-button\" data-id=\"5e403e5\" data-element_type=\"widget\" data-e-type=\"widget\" data-widget_type=\"button.default\">\n\t\t\t\t<div class=\"elementor-widget-container\">\n\t\t\t\t\t\t\t\t\t<div class=\"elementor-button-wrapper\">\n\t\t\t\t\t<a class=\"elementor-button elementor-button-link elementor-size-lg\" href=\"https:\/\/simvic.co.uk\/pl\/skontaktuj-sie-z-nami\/\">\n\t\t\t\t\t\t<span class=\"elementor-button-content-wrapper\">\n\t\t\t\t\t\t\t\t\t<span class=\"elementor-button-text\">Skontaktuj si\u0119 z nami<\/span>\n\t\t\t\t\t<\/span>\n\t\t\t\t\t<\/a>\n\t\t\t\t<\/div>\n\t\t\t\t\t\t\t\t<\/div>\n\t\t\t\t<\/div>\n\t\t\t\t<div class=\"elementor-element elementor-element-a1cf34d elementor-widget elementor-widget-spacer\" data-id=\"a1cf34d\" data-element_type=\"widget\" data-e-type=\"widget\" data-widget_type=\"spacer.default\">\n\t\t\t\t<div class=\"elementor-widget-container\">\n\t\t\t\t\t\t\t<div class=\"elementor-spacer\">\n\t\t\t<div class=\"elementor-spacer-inner\"><\/div>\n\t\t<\/div>\n\t\t\t\t\t\t<\/div>\n\t\t\t\t<\/div>\n\t\t\t\t\t<\/div>\n\t\t<\/div>\n\t\t\t\t\t<\/div>\n\t\t<\/section>\n\t\t\t\t<section class=\"elementor-section elementor-top-section elementor-element elementor-element-bd4394f elementor-section-boxed elementor-section-height-default elementor-section-height-default\" data-id=\"bd4394f\" data-element_type=\"section\" data-e-type=\"section\" data-settings=\"{&quot;_ha_eqh_enable&quot;:false}\">\n\t\t\t\t\t\t<div class=\"elementor-container elementor-column-gap-default\">\n\t\t\t\t\t<div class=\"elementor-column elementor-col-100 elementor-top-column elementor-element elementor-element-76b8ece\" data-id=\"76b8ece\" data-element_type=\"column\" data-e-type=\"column\">\n\t\t\t<div class=\"elementor-widget-wrap elementor-element-populated\">\n\t\t\t\t\t\t<div class=\"elementor-element elementor-element-457317e elementor-widget elementor-widget-spacer\" data-id=\"457317e\" data-element_type=\"widget\" data-e-type=\"widget\" data-widget_type=\"spacer.default\">\n\t\t\t\t<div class=\"elementor-widget-container\">\n\t\t\t\t\t\t\t<div class=\"elementor-spacer\">\n\t\t\t<div class=\"elementor-spacer-inner\"><\/div>\n\t\t<\/div>\n\t\t\t\t\t\t<\/div>\n\t\t\t\t<\/div>\n\t\t\t\t\t<\/div>\n\t\t<\/div>\n\t\t\t\t\t<\/div>\n\t\t<\/section>\n\t\t\t\t<\/div>","protected":false},"excerpt":{"rendered":"<p>Car Scrap London If your old car is no longer trustworthy to hit the road and gives you poor performance, you need to consider it a scrap. It is a matter of concern for you what to do with the car. Here, you can scrap your car and get the preferred highest values. For this [&hellip;]<\/p>\n","protected":false},"author":20,"featured_media":0,"parent":0,"menu_order":0,"comment_status":"closed","ping_status":"closed","template":"elementor_header_footer","meta":{"om_disable_all_campaigns":false,"inline_featured_image":false,"_monsterinsights_skip_tracking":false,"_monsterinsights_sitenote_active":false,"_monsterinsights_sitenote_note":"","_monsterinsights_sitenote_category":0,"footnotes":""},"class_list":["post-3837","page","type-page","status-publish","hentry"],"_links":{"self":[{"href":"https:\/\/simvic.co.uk\/pl\/wp-json\/wp\/v2\/pages\/3837","targetHints":{"allow":["GET"]}}],"collection":[{"href":"https:\/\/simvic.co.uk\/pl\/wp-json\/wp\/v2\/pages"}],"about":[{"href":"https:\/\/simvic.co.uk\/pl\/wp-json\/wp\/v2\/types\/page"}],"author":[{"embeddable":true,"href":"https:\/\/simvic.co.uk\/pl\/wp-json\/wp\/v2\/users\/20"}],"replies":[{"embeddable":true,"href":"https:\/\/simvic.co.uk\/pl\/wp-json\/wp\/v2\/comments?post=3837"}],"version-history":[{"count":0,"href":"https:\/\/simvic.co.uk\/pl\/wp-json\/wp\/v2\/pages\/3837\/revisions"}],"wp:attachment":[{"href":"https:\/\/simvic.co.uk\/pl\/wp-json\/wp\/v2\/media?parent=3837"}],"curies":[{"name":"wp","href":"https:\/\/api.w.org\/{rel}","templated":true}]}}