{"id":10534,"date":"2023-03-25T10:49:49","date_gmt":"2023-03-25T10:49:49","guid":{"rendered":"https:\/\/simvic.co.uk\/?page_id=10534"},"modified":"2023-03-25T11:10:50","modified_gmt":"2023-03-25T11:10:50","slug":"covid-19-update-from-simvic","status":"publish","type":"page","link":"https:\/\/simvic.co.uk\/ro\/covid-19-update-from-simvic\/","title":{"rendered":"covid-19-update-from-Simvic"},"content":{"rendered":"<div data-elementor-type=\"wp-page\" data-elementor-id=\"10534\" class=\"elementor elementor-10534\" data-elementor-settings=\"{&quot;ha_cmc_init_switcher&quot;:&quot;no&quot;}\" data-elementor-post-type=\"page\">\n\t\t\t\t\t\t<section class=\"elementor-section elementor-top-section elementor-element elementor-element-ed2f085 elementor-section-boxed elementor-section-height-default elementor-section-height-default\" data-id=\"ed2f085\" data-element_type=\"section\" data-e-type=\"section\" data-settings=\"{&quot;_ha_eqh_enable&quot;:false}\">\n\t\t\t\t\t\t<div class=\"elementor-container elementor-column-gap-default\">\n\t\t\t\t\t<div class=\"elementor-column elementor-col-100 elementor-top-column elementor-element elementor-element-657c9a0\" data-id=\"657c9a0\" data-element_type=\"column\" data-e-type=\"column\">\n\t\t\t<div class=\"elementor-widget-wrap elementor-element-populated\">\n\t\t\t\t\t\t<div class=\"elementor-element elementor-element-01cfd7d elementor-widget elementor-widget-heading\" data-id=\"01cfd7d\" data-element_type=\"widget\" data-e-type=\"widget\" data-widget_type=\"heading.default\">\n\t\t\t\t<div class=\"elementor-widget-container\">\n\t\t\t\t\t<h1 class=\"elementor-heading-title elementor-size-default\">\nDeschis ca de obicei. Citi\u021bi m\u0103surile noastre de siguran\u021b\u0103 COVID-secure aici<\/h1>\t\t\t\t<\/div>\n\t\t\t\t<\/div>\n\t\t\t\t\t<\/div>\n\t\t<\/div>\n\t\t\t\t\t<\/div>\n\t\t<\/section>\n\t\t\t\t<section class=\"elementor-section elementor-top-section elementor-element elementor-element-44858d8 elementor-section-boxed elementor-section-height-default elementor-section-height-default\" data-id=\"44858d8\" data-element_type=\"section\" data-e-type=\"section\" data-settings=\"{&quot;background_background&quot;:&quot;classic&quot;,&quot;_ha_eqh_enable&quot;:false}\">\n\t\t\t\t\t\t<div class=\"elementor-container elementor-column-gap-default\">\n\t\t\t\t\t<div class=\"elementor-column elementor-col-100 elementor-top-column elementor-element elementor-element-da90883\" data-id=\"da90883\" data-element_type=\"column\" data-e-type=\"column\">\n\t\t\t<div class=\"elementor-widget-wrap elementor-element-populated\">\n\t\t\t\t\t\t<div class=\"elementor-element elementor-element-4adf713 elementor-widget elementor-widget-heading\" data-id=\"4adf713\" data-element_type=\"widget\" data-e-type=\"widget\" data-widget_type=\"heading.default\">\n\t\t\t\t<div class=\"elementor-widget-container\">\n\t\t\t\t\t<p class=\"elementor-heading-title elementor-size-default\">Scrap Metal dvs. cu noi ast\u0103zi!\n<\/p>\t\t\t\t<\/div>\n\t\t\t\t<\/div>\n\t\t\t\t<div class=\"elementor-element elementor-element-8f74679 elementor-widget elementor-widget-heading\" data-id=\"8f74679\" data-element_type=\"widget\" data-e-type=\"widget\" data-widget_type=\"heading.default\">\n\t\t\t\t<div class=\"elementor-widget-container\">\n\t\t\t\t\t<h6 class=\"elementor-heading-title elementor-size-default\">Cele mai bune pre\u021buri pentru de\u0219euri metalice.<\/h6>\t\t\t\t<\/div>\n\t\t\t\t<\/div>\n\t\t\t\t<div class=\"elementor-element elementor-element-1477b15 elementor-widget elementor-widget-heading\" data-id=\"1477b15\" data-element_type=\"widget\" data-e-type=\"widget\" data-widget_type=\"heading.default\">\n\t\t\t\t<div class=\"elementor-widget-container\">\n\t\t\t\t\t<p class=\"elementor-heading-title elementor-size-default\">Suna\u021bi-ne la: 077 6363 0404<\/p>\t\t\t\t<\/div>\n\t\t\t\t<\/div>\n\t\t\t\t\t<\/div>\n\t\t<\/div>\n\t\t\t\t\t<\/div>\n\t\t<\/section>\n\t\t\t\t<section class=\"elementor-section elementor-top-section elementor-element elementor-element-b8478c8 elementor-section-boxed elementor-section-height-default elementor-section-height-default\" data-id=\"b8478c8\" data-element_type=\"section\" data-e-type=\"section\" data-settings=\"{&quot;_ha_eqh_enable&quot;:false}\">\n\t\t\t\t\t\t<div class=\"elementor-container elementor-column-gap-default\">\n\t\t\t\t\t<div class=\"elementor-column elementor-col-100 elementor-top-column elementor-element elementor-element-e07e089\" data-id=\"e07e089\" data-element_type=\"column\" data-e-type=\"column\">\n\t\t\t<div class=\"elementor-widget-wrap elementor-element-populated\">\n\t\t\t\t\t\t<div class=\"elementor-element elementor-element-7995d04 elementor-widget elementor-widget-spacer\" data-id=\"7995d04\" data-element_type=\"widget\" data-e-type=\"widget\" data-widget_type=\"spacer.default\">\n\t\t\t\t<div class=\"elementor-widget-container\">\n\t\t\t\t\t\t\t<div class=\"elementor-spacer\">\n\t\t\t<div class=\"elementor-spacer-inner\"><\/div>\n\t\t<\/div>\n\t\t\t\t\t\t<\/div>\n\t\t\t\t<\/div>\n\t\t\t\t<div class=\"elementor-element elementor-element-cc91768 elementor-widget elementor-widget-text-editor\" data-id=\"cc91768\" data-element_type=\"widget\" data-e-type=\"widget\" data-widget_type=\"text-editor.default\">\n\t\t\t\t<div class=\"elementor-widget-container\">\n\t\t\t\t\t\t\t\t\t<p><strong>ACTUALIZARE COVID-19<\/strong>: Asigurarea s\u0103n\u0103t\u0103\u021bii \u0219i siguran\u021bei clien\u021bilor \u0219i membrilor echipei noastre valoroase<\/p>\n<p><strong>Simvic<\/strong> se angajeaz\u0103 s\u0103 asigure s\u0103n\u0103tatea \u0219i siguran\u021ba clien\u021bilor, angaja\u021bilor \u0219i comunit\u0103\u021bii noastre \u00een timpul pandemiei COVID-19. Monitoriz\u0103m \u00eendeaproape situa\u021bia \u0219i ader\u0103m la recomand\u0103rile Organiza\u021biei Mondiale a S\u0103n\u0103t\u0103\u021bii (OMS), ale Centrelor pentru Controlul \u0219i Prevenirea Bolilor (CDC) \u0219i ale autorit\u0103\u021bilor sanitare locale pentru a ne asigura c\u0103 lu\u0103m m\u0103surile de precau\u021bie necesare.<\/p>\n<p>\u00cen\u021belegem importan\u021ba serviciilor noastre de colectare a fierului vechi \u0219i modul \u00een care acestea influen\u021beaz\u0103 via\u021ba clien\u021bilor no\u0219tri. Ca atare, am implementat urm\u0103toarele m\u0103suri pentru a ne proteja clien\u021bii \u0219i membrii echipei noastre:<\/p>\n<p>Cur\u0103\u021bare \u0219i igienizare \u00eembun\u0103t\u0103\u021bit\u0103: Am crescut frecven\u021ba cur\u0103\u021b\u0103rii \u0219i igieniz\u0103rii instala\u021biilor, echipamentelor \u0219i vehiculelor noastre. Suprafe\u021bele cu grad ridicat de atingere, cum ar fi m\u00e2nerele u\u0219ilor, blaturile \u0219i terminalele de plat\u0103, sunt dezinfectate \u00een mod regulat pentru a minimiza riscul de transmitere.<\/p>\n<p>Distan\u021barea social\u0103: Pentru a men\u021bine un mediu sigur, practic\u0103m distan\u021barea social\u0103 at\u00e2t la sediul nostru, c\u00e2t \u0219i \u00een timpul serviciilor de preluare. Rug\u0103m clien\u021bii s\u0103 p\u0103streze o distan\u021b\u0103 de cel pu\u021bin 1,80 m fa\u021b\u0103 de membrii echipei noastre \u00een timpul interac\u021biunilor.<\/p>\n<p>Echipament de protec\u021bie personal\u0103 (PPE): Membrilor echipei noastre li se asigur\u0103 echipamentul de protec\u021bie individual\u0103 adecvat, inclusiv m\u0103\u0219ti \u0219i m\u0103nu\u0219i, pentru a le asigura siguran\u021ba \u0219i pentru a reduce riscul de transmitere. \u00cencuraj\u0103m clien\u021bii no\u0219tri s\u0103 poarte m\u0103\u0219ti de protec\u021bie pentru fa\u021b\u0103 \u0219i \u00een timpul oric\u0103rei interac\u021biuni fa\u021b\u0103 \u00een fa\u021b\u0103.<\/p>\n<p>Pl\u0103\u021bi f\u0103r\u0103 contact \u0219i servicii online: Oferim op\u021biuni de plat\u0103 f\u0103r\u0103 contact \u0219i servicii online pentru a minimiza interac\u021biunile fizice. Clien\u021bii pot programa ridic\u0103ri, pot primi oferte \u0219i pot efectua pl\u0103\u021bi prin intermediul site-ului nostru web sau prin telefon.<\/p>\n<p>S\u0103n\u0103tatea angaja\u021bilor: Monitoriz\u0103m \u00eendeaproape starea de s\u0103n\u0103tate a angaja\u021bilor no\u0219tri \u0219i le cerem s\u0103 r\u0103m\u00e2n\u0103 acas\u0103 dac\u0103 prezint\u0103 orice simptome legate de COVID-19. De asemenea, membrii echipei sunt \u00eencuraja\u021bi s\u0103 se vaccineze \u0219i s\u0103 primeasc\u0103 vaccinuri de rapel, conform recomand\u0103rilor autorit\u0103\u021bilor sanitare.<\/p>\n<p>Comunicare permanent\u0103: Ne angaj\u0103m s\u0103 ne \u021binem clien\u021bii la curent cu orice modificare a opera\u021biunilor sau serviciilor noastre. V\u0103 rug\u0103m s\u0103 vizita\u021bi periodic site-ul nostru web pentru actualiz\u0103ri sau s\u0103 contacta\u021bi echipa noastr\u0103 de asisten\u021b\u0103 pentru clien\u021bi pentru orice \u00eentreb\u0103ri sau preocup\u0103ri.<\/p>\n<p><b>Simvic Limited<\/b> apreciaz\u0103 sprijinul \u0219i \u00een\u021belegerea dumneavoastr\u0103 continu\u0103 \u00een aceste vremuri dificile. R\u0103m\u00e2nem dedica\u021bi s\u0103 oferim cel mai \u00eenalt nivel de servicii, asigur\u00e2nd \u00een acela\u0219i timp s\u0103n\u0103tatea \u0219i siguran\u021ba tuturor celor implica\u021bi. \u00cempreun\u0103, putem naviga \u00een aceste vremuri incerte \u0219i putem ie\u0219i mai puternici ca o comunitate.<\/p>\n<p>Dac\u0103 ave\u021bi \u00eentreb\u0103ri sau nel\u0103muriri, v\u0103 rug\u0103m s\u0103 nu ezita\u021bi s\u0103 ne contacta\u021bi la num\u0103rul de telefon 07763630404.<\/p>\t\t\t\t\t\t\t\t<\/div>\n\t\t\t\t<\/div>\n\t\t\t\t\t<\/div>\n\t\t<\/div>\n\t\t\t\t\t<\/div>\n\t\t<\/section>\n\t\t\t\t<\/div>","protected":false},"excerpt":{"rendered":"<p>Open as usual. Read our COVID-secure safety measures here Scrap Your Metal With Us Today! Best prices for scrap metals. Call us on: 077 6363 0404 COVID-19 UPDATE: Ensuring the Health and Safety of Our Valued Customers and Team Members Simvic is committed to the health and safety of our customers, employees, and community during [&hellip;]<\/p>\n","protected":false},"author":20,"featured_media":0,"parent":0,"menu_order":0,"comment_status":"closed","ping_status":"closed","template":"","meta":{"om_disable_all_campaigns":false,"inline_featured_image":false,"_monsterinsights_skip_tracking":false,"_monsterinsights_sitenote_active":false,"_monsterinsights_sitenote_note":"","_monsterinsights_sitenote_category":0,"footnotes":""},"class_list":["post-10534","page","type-page","status-publish","hentry"],"_links":{"self":[{"href":"https:\/\/simvic.co.uk\/ro\/wp-json\/wp\/v2\/pages\/10534","targetHints":{"allow":["GET"]}}],"collection":[{"href":"https:\/\/simvic.co.uk\/ro\/wp-json\/wp\/v2\/pages"}],"about":[{"href":"https:\/\/simvic.co.uk\/ro\/wp-json\/wp\/v2\/types\/page"}],"author":[{"embeddable":true,"href":"https:\/\/simvic.co.uk\/ro\/wp-json\/wp\/v2\/users\/20"}],"replies":[{"embeddable":true,"href":"https:\/\/simvic.co.uk\/ro\/wp-json\/wp\/v2\/comments?post=10534"}],"version-history":[{"count":0,"href":"https:\/\/simvic.co.uk\/ro\/wp-json\/wp\/v2\/pages\/10534\/revisions"}],"wp:attachment":[{"href":"https:\/\/simvic.co.uk\/ro\/wp-json\/wp\/v2\/media?parent=10534"}],"curies":[{"name":"wp","href":"https:\/\/api.w.org\/{rel}","templated":true}]}}