{"id":1311,"date":"2018-01-10T12:27:20","date_gmt":"2018-01-10T12:27:20","guid":{"rendered":"https:\/\/simvic.co.uk\/?page_id=1311"},"modified":"2026-03-31T10:25:16","modified_gmt":"2026-03-31T10:25:16","slug":"cupru-colectie","status":"publish","type":"page","link":"https:\/\/simvic.co.uk\/ro\/ce-cumparam\/cupru-colectie\/","title":{"rendered":"Cupru"},"content":{"rendered":"<div data-elementor-type=\"wp-page\" data-elementor-id=\"1311\" class=\"elementor elementor-1311\" data-elementor-settings=\"{&quot;ha_cmc_init_switcher&quot;:&quot;no&quot;}\" data-elementor-post-type=\"page\">\n\t\t\t\t\t\t<section class=\"elementor-section elementor-top-section elementor-element elementor-element-c32a385 elementor-section-full_width elementor-section-height-default elementor-section-height-default\" data-id=\"c32a385\" data-element_type=\"section\" data-e-type=\"section\" data-settings=\"{&quot;background_background&quot;:&quot;classic&quot;,&quot;_ha_eqh_enable&quot;:false}\">\n\t\t\t\t\t\t\t<div class=\"elementor-background-overlay\"><\/div>\n\t\t\t\t\t\t\t<div class=\"elementor-container elementor-column-gap-default\">\n\t\t\t\t\t<div class=\"elementor-column elementor-col-100 elementor-top-column elementor-element elementor-element-69b1d89\" data-id=\"69b1d89\" data-element_type=\"column\" data-e-type=\"column\">\n\t\t\t<div class=\"elementor-widget-wrap elementor-element-populated\">\n\t\t\t\t\t\t<div class=\"elementor-element elementor-element-d386657 elementor-icon-list--layout-inline elementor-align-center elementor-list-item-link-full_width elementor-widget elementor-widget-icon-list\" data-id=\"d386657\" data-element_type=\"widget\" data-e-type=\"widget\" data-widget_type=\"icon-list.default\">\n\t\t\t\t<div class=\"elementor-widget-container\">\n\t\t\t\t\t\t\t<ul class=\"elementor-icon-list-items elementor-inline-items\">\n\t\t\t\t\t\t\t<li class=\"elementor-icon-list-item elementor-inline-item\">\n\t\t\t\t\t\t\t\t\t\t\t<a href=\"https:\/\/simvic.co.uk\/ro\/ce-cumparam\/\">\n\n\t\t\t\t\t\t\t\t\t\t\t<span class=\"elementor-icon-list-text\">Ce cump\u0103r\u0103m noi?<\/span>\n\t\t\t\t\t\t\t\t\t\t\t<\/a>\n\t\t\t\t\t\t\t\t\t<\/li>\n\t\t\t\t\t\t\t\t<li class=\"elementor-icon-list-item elementor-inline-item\">\n\t\t\t\t\t\t\t\t\t\t\t<span class=\"elementor-icon-list-icon\">\n\t\t\t\t\t\t\t<svg aria-hidden=\"true\" class=\"e-font-icon-svg e-fas-arrow-right\" viewbox=\"0 0 448 512\" xmlns=\"http:\/\/www.w3.org\/2000\/svg\"><path d=\"M190.5 66.9l22.2-22.2c9.4-9.4 24.6-9.4 33.9 0L441 239c9.4 9.4 9.4 24.6 0 33.9L246.6 467.3c-9.4 9.4-24.6 9.4-33.9 0l-22.2-22.2c-9.5-9.5-9.3-25 .4-34.3L311.4 296H24c-13.3 0-24-10.7-24-24v-32c0-13.3 10.7-24 24-24h287.4L190.9 101.2c-9.8-9.3-10-24.8-.4-34.3z\"><\/path><\/svg>\t\t\t\t\t\t<\/span>\n\t\t\t\t\t\t\t\t\t\t<span class=\"elementor-icon-list-text\"><\/span>\n\t\t\t\t\t\t\t\t\t<\/li>\n\t\t\t\t\t\t<\/ul>\n\t\t\t\t\t\t<\/div>\n\t\t\t\t<\/div>\n\t\t\t\t\t<\/div>\n\t\t<\/div>\n\t\t\t\t\t<\/div>\n\t\t<\/section>\n\t\t\t\t<section class=\"elementor-section elementor-top-section elementor-element elementor-element-db65c5d elementor-section-content-middle elementor-section-boxed elementor-section-height-default elementor-section-height-default\" data-id=\"db65c5d\" data-element_type=\"section\" data-e-type=\"section\" data-settings=\"{&quot;_ha_eqh_enable&quot;:false}\">\n\t\t\t\t\t\t<div class=\"elementor-container elementor-column-gap-default\">\n\t\t\t\t\t<div class=\"elementor-column elementor-col-100 elementor-top-column elementor-element elementor-element-135535a\" data-id=\"135535a\" data-element_type=\"column\" data-e-type=\"column\">\n\t\t\t<div class=\"elementor-widget-wrap elementor-element-populated\">\n\t\t\t\t\t\t<div class=\"elementor-element elementor-element-0c7680d elementor-widget elementor-widget-heading\" data-id=\"0c7680d\" data-element_type=\"widget\" data-e-type=\"widget\" data-widget_type=\"heading.default\">\n\t\t\t\t<div class=\"elementor-widget-container\">\n\t\t\t\t\t<h2 class=\"elementor-heading-title elementor-size-default\">Servicii de reciclare a cuprului: <\/h2>\t\t\t\t<\/div>\n\t\t\t\t<\/div>\n\t\t\t\t<div class=\"elementor-element elementor-element-d1fc32e elementor-widget elementor-widget-heading\" data-id=\"d1fc32e\" data-element_type=\"widget\" data-e-type=\"widget\" data-widget_type=\"heading.default\">\n\t\t\t\t<div class=\"elementor-widget-container\">\n\t\t\t\t\t<h2 class=\"elementor-heading-title elementor-size-default\">Cump\u0103r\u0103m \u0219i colect\u0103m toate tipurile de cupru<\/h2>\t\t\t\t<\/div>\n\t\t\t\t<\/div>\n\t\t\t\t<div class=\"elementor-element elementor-element-81c973e elementor-widget elementor-widget-text-editor\" data-id=\"81c973e\" data-element_type=\"widget\" data-e-type=\"widget\" data-widget_type=\"text-editor.default\">\n\t\t\t\t<div class=\"elementor-widget-container\">\n\t\t\t\t\t\t\t\t\tVre\u021bi s\u0103 vinde\u021bi de\u0219euri de cupru? \u00cen calitate de comercian\u021bi de fier vechi de top, oferim servicii complete de reciclare a cuprului care r\u0103spund tuturor nevoilor dumneavoastr\u0103. Cump\u0103r\u0103m \u0219i colect\u0103m toate tipurile de de\u0219euri de cupru, asigur\u00e2nd o reciclare \u0219i reutilizare eficient\u0103. Descoperi\u021bi modul \u00een care pute\u021bi contribui la sustenabilitate \u0219i pute\u021bi c\u00e2\u0219tiga din eliminarea materialelor de cupru nefolosite.\t\t\t\t\t\t\t\t<\/div>\n\t\t\t\t<\/div>\n\t\t\t\t<div class=\"elementor-element elementor-element-5ca8fdb elementor-widget elementor-widget-heading\" data-id=\"5ca8fdb\" data-element_type=\"widget\" data-e-type=\"widget\" data-widget_type=\"heading.default\">\n\t\t\t\t<div class=\"elementor-widget-container\">\n\t\t\t\t\t<h2 class=\"elementor-heading-title elementor-size-default\">De ce s\u0103 ne alege\u021bi pentru nevoile dumneavoastr\u0103 de reciclare a cuprului?\n<\/h2>\t\t\t\t<\/div>\n\t\t\t\t<\/div>\n\t\t\t\t<div class=\"elementor-element elementor-element-287d33f elementor-widget elementor-widget-text-editor\" data-id=\"287d33f\" data-element_type=\"widget\" data-e-type=\"widget\" data-widget_type=\"text-editor.default\">\n\t\t\t\t<div class=\"elementor-widget-container\">\n\t\t\t\t\t\t\t\t\t<ol><li><strong>Toate gradele de cupru acceptate<\/strong>: Fie c\u0103 ave\u021bi cupru pur, fire de cupru str\u0103lucitoare, cupru galvanizat, \u021bevi de cupru sau de\u0219euri de cupru mixt, accept\u0103m toate gradele. \u00cen calitate de comercian\u021bi de \u00eencredere de fier vechi, gestion\u0103m totul, de la colectare la reciclare, f\u0103r\u0103 a v\u0103 solicita s\u0103 v\u0103 sorta\u021bi de\u0219eurile de cupru.<br \/><br \/><\/li><li><strong>Servicii de colectare a cuprului Expert Copper Collection:<\/strong>\u00a0Oferim servicii fiabile \u0219i convenabile de colectare a cuprului. Echipa noastr\u0103, comercian\u021bi exper\u021bi \u00een fier vechi, este echipat\u0103 cu instrumentele \u0219i cuno\u0219tin\u021bele necesare pentru a se ocupa de de\u0219eurile de cupru \u00een siguran\u021b\u0103 \u0219i \u00een mod eficient.<br \/><br \/><\/li><li><strong>Practici de reciclare durabil\u0103:<\/strong>\u00a0Aleg\u00e2nd serviciile noastre de reciclare a cuprului, contribui\u021bi la reducerea impactului asupra mediului al mineritului de cupru nou. Ne asigur\u0103m c\u0103 tot cuprul este reciclat \u00een mod responsabil, conserv\u00e2nd resursele naturale \u0219i minimiz\u00e2nd amprenta ecologic\u0103.<br \/><br \/><\/li><li><strong>Pre\u021buri competitive pentru de\u0219euri de cupru:<\/strong>\u00a0Ob\u021bine\u021bi cea mai bun\u0103 valoare pentru de\u0219eurile de cupru. Oferim pre\u021buri competitive bazate pe ratele actuale ale pie\u021bei, asigur\u00e2ndu-v\u0103 c\u0103 primi\u021bi o compensa\u021bie corect\u0103 pentru materialele dumneavoastr\u0103.<br \/><br \/><\/li><li><strong>Local \u0219i de \u00eencredere\u00a0<\/strong><a href=\"https:\/\/simvic.co.uk\/ro\/\"><strong>Comercian\u021bi de fier vechi:<\/strong><\/a>\u00a0\u00cen calitate de comercian\u021bi consacra\u021bi de fier vechi, ne m\u00e2ndrim cu construirea \u00eencrederii cu clien\u021bii no\u0219tri prin practici de reciclare transparente \u0219i etice.<\/li><\/ol>\t\t\t\t\t\t\t\t<\/div>\n\t\t\t\t<\/div>\n\t\t\t\t<div class=\"elementor-element elementor-element-c1ba180 elementor-widget elementor-widget-heading\" data-id=\"c1ba180\" data-element_type=\"widget\" data-e-type=\"widget\" data-widget_type=\"heading.default\">\n\t\t\t\t<div class=\"elementor-widget-container\">\n\t\t\t\t\t<h2 class=\"elementor-heading-title elementor-size-default\">Lua\u021bi leg\u0103tura ast\u0103zi\n<\/h2>\t\t\t\t<\/div>\n\t\t\t\t<\/div>\n\t\t\t\t<div class=\"elementor-element elementor-element-6dfb3ec elementor-widget elementor-widget-text-editor\" data-id=\"6dfb3ec\" data-element_type=\"widget\" data-e-type=\"widget\" data-widget_type=\"text-editor.default\">\n\t\t\t\t<div class=\"elementor-widget-container\">\n\t\t\t\t\t\t\t\t\t<p>Nu l\u0103sa\u021bi de\u0219eurile de cupru s\u0103 se iroseasc\u0103. Contacta\u021bi-ne ast\u0103zi pentru a programa o ridicare sau pentru a afla mai multe despre serviciile noastre de cump\u0103rare \u0219i reciclare a cuprului. Al\u0103tura\u021bi-v\u0103 nou\u0103 pentru a avea un impact pozitiv asupra mediului \u00eenconjur\u0103tor, \u00een timp ce c\u00e2\u0219tiga\u021bi din cuprul dvs. nefolosit.<\/p>\t\t\t\t\t\t\t\t<\/div>\n\t\t\t\t<\/div>\n\t\t\t\t<div class=\"elementor-element elementor-element-b998b46 elementor-align-left elementor-widget elementor-widget-button\" data-id=\"b998b46\" data-element_type=\"widget\" data-e-type=\"widget\" data-widget_type=\"button.default\">\n\t\t\t\t<div class=\"elementor-widget-container\">\n\t\t\t\t\t\t\t\t\t<div class=\"elementor-button-wrapper\">\n\t\t\t\t\t<a class=\"elementor-button elementor-button-link elementor-size-xs\" href=\"https:\/\/simvic.co.uk\/ro\/a-lua-legatura\/\">\n\t\t\t\t\t\t<span class=\"elementor-button-content-wrapper\">\n\t\t\t\t\t\t\t\t\t<span class=\"elementor-button-text\">Contacta\u021bi-ne<\/span>\n\t\t\t\t\t<\/span>\n\t\t\t\t\t<\/a>\n\t\t\t\t<\/div>\n\t\t\t\t\t\t\t\t<\/div>\n\t\t\t\t<\/div>\n\t\t\t\t\t<\/div>\n\t\t<\/div>\n\t\t\t\t\t<\/div>\n\t\t<\/section>\n\t\t\t\t<section class=\"elementor-section elementor-top-section elementor-element elementor-element-5b439c7 elementor-section-boxed elementor-section-height-default elementor-section-height-default\" data-id=\"5b439c7\" data-element_type=\"section\" data-e-type=\"section\" data-settings=\"{&quot;_ha_eqh_enable&quot;:false}\">\n\t\t\t\t\t\t<div class=\"elementor-container elementor-column-gap-default\">\n\t\t\t\t\t<div class=\"elementor-column elementor-col-50 elementor-top-column elementor-element elementor-element-0c42cf7\" data-id=\"0c42cf7\" data-element_type=\"column\" data-e-type=\"column\">\n\t\t\t<div class=\"elementor-widget-wrap elementor-element-populated\">\n\t\t\t\t\t\t<div class=\"elementor-element elementor-element-c238980 elementor-widget elementor-widget-image\" data-id=\"c238980\" data-element_type=\"widget\" data-e-type=\"widget\" data-widget_type=\"image.default\">\n\t\t\t\t<div class=\"elementor-widget-container\">\n\t\t\t\t\t\t\t\t\t\t\t\t\t\t\t<img fetchpriority=\"high\" decoding=\"async\" width=\"683\" height=\"1024\" src=\"https:\/\/simvic.co.uk\/wp-content\/uploads\/2026\/03\/Copper-collection-london-683x1024.jpeg\" class=\"attachment-large size-large wp-image-13387\" alt=\"\" srcset=\"https:\/\/simvic.co.uk\/wp-content\/uploads\/2026\/03\/Copper-collection-london-683x1024.jpeg 683w, https:\/\/simvic.co.uk\/wp-content\/uploads\/2026\/03\/Copper-collection-london-200x300.jpeg 200w, https:\/\/simvic.co.uk\/wp-content\/uploads\/2026\/03\/Copper-collection-london-768x1152.jpeg 768w, https:\/\/simvic.co.uk\/wp-content\/uploads\/2026\/03\/Copper-collection-london-8x12.jpeg 8w, https:\/\/simvic.co.uk\/wp-content\/uploads\/2026\/03\/Copper-collection-london.jpeg 1024w\" sizes=\"(max-width: 683px) 100vw, 683px\" title=\"\">\t\t\t\t\t\t\t\t\t\t\t\t\t\t\t<\/div>\n\t\t\t\t<\/div>\n\t\t\t\t\t<\/div>\n\t\t<\/div>\n\t\t\t\t<div class=\"elementor-column elementor-col-50 elementor-top-column elementor-element elementor-element-ed6ed20\" data-id=\"ed6ed20\" data-element_type=\"column\" data-e-type=\"column\">\n\t\t\t<div class=\"elementor-widget-wrap elementor-element-populated\">\n\t\t\t\t\t\t<div class=\"elementor-element elementor-element-29b33a1 elementor-widget elementor-widget-image\" data-id=\"29b33a1\" data-element_type=\"widget\" data-e-type=\"widget\" data-widget_type=\"image.default\">\n\t\t\t\t<div class=\"elementor-widget-container\">\n\t\t\t\t\t\t\t\t\t\t\t\t\t\t\t<img decoding=\"async\" width=\"800\" height=\"800\" src=\"https:\/\/simvic.co.uk\/wp-content\/uploads\/2022\/10\/Copper-1024x1024.png\" class=\"attachment-large size-large wp-image-5131\" alt=\"Colectarea de\u0219eurilor de cupru\" srcset=\"https:\/\/simvic.co.uk\/wp-content\/uploads\/2022\/10\/Copper-1024x1024.png 1024w, https:\/\/simvic.co.uk\/wp-content\/uploads\/2022\/10\/Copper-300x300.png 300w, https:\/\/simvic.co.uk\/wp-content\/uploads\/2022\/10\/Copper-150x150.png 150w, https:\/\/simvic.co.uk\/wp-content\/uploads\/2022\/10\/Copper-768x768.png 768w, https:\/\/simvic.co.uk\/wp-content\/uploads\/2022\/10\/Copper-12x12.png 12w, https:\/\/simvic.co.uk\/wp-content\/uploads\/2022\/10\/Copper-595xh.png 595w, https:\/\/simvic.co.uk\/wp-content\/uploads\/2022\/10\/Copper-125x125.png 125w, https:\/\/simvic.co.uk\/wp-content\/uploads\/2022\/10\/Copper-640x640.png 640w, https:\/\/simvic.co.uk\/wp-content\/uploads\/2022\/10\/Copper.png 1080w\" sizes=\"(max-width: 800px) 100vw, 800px\" title=\"\">\t\t\t\t\t\t\t\t\t\t\t\t\t\t\t<\/div>\n\t\t\t\t<\/div>\n\t\t\t\t\t<\/div>\n\t\t<\/div>\n\t\t\t\t\t<\/div>\n\t\t<\/section>\n\t\t\t\t<section class=\"elementor-section elementor-top-section elementor-element elementor-element-ae6559e elementor-section-content-middle elementor-section-boxed elementor-section-height-default elementor-section-height-default\" data-id=\"ae6559e\" data-element_type=\"section\" data-e-type=\"section\" data-settings=\"{&quot;background_background&quot;:&quot;classic&quot;,&quot;_ha_eqh_enable&quot;:false}\">\n\t\t\t\t\t\t\t<div class=\"elementor-background-overlay\"><\/div>\n\t\t\t\t\t\t\t<div class=\"elementor-container elementor-column-gap-default\">\n\t\t\t\t\t<div class=\"elementor-column elementor-col-100 elementor-top-column elementor-element elementor-element-db91059\" data-id=\"db91059\" data-element_type=\"column\" data-e-type=\"column\">\n\t\t\t<div class=\"elementor-widget-wrap elementor-element-populated\">\n\t\t\t\t\t\t<div class=\"elementor-element elementor-element-c2da4aa elementor-widget elementor-widget-heading\" data-id=\"c2da4aa\" data-element_type=\"widget\" data-e-type=\"widget\" data-widget_type=\"heading.default\">\n\t\t\t\t<div class=\"elementor-widget-container\">\n\t\t\t\t\t<h2 class=\"elementor-heading-title elementor-size-default\">VERIFICA\u021aI CE PUTEM CUMP\u0102R\u0102 DE LA DVS<\/h2>\t\t\t\t<\/div>\n\t\t\t\t<\/div>\n\t\t\t\t<section class=\"elementor-section elementor-inner-section elementor-element elementor-element-f67d8e8 elementor-section-boxed elementor-section-height-default elementor-section-height-default\" data-id=\"f67d8e8\" data-element_type=\"section\" data-e-type=\"section\" data-settings=\"{&quot;_ha_eqh_enable&quot;:false}\">\n\t\t\t\t\t\t<div class=\"elementor-container elementor-column-gap-default\">\n\t\t\t\t\t<div class=\"elementor-column elementor-col-50 elementor-inner-column elementor-element elementor-element-e9f3755\" data-id=\"e9f3755\" data-element_type=\"column\" data-e-type=\"column\">\n\t\t\t<div class=\"elementor-widget-wrap elementor-element-populated\">\n\t\t\t\t\t\t<div class=\"elementor-element elementor-element-c0abe23 elementor-align-justify elementor-widget elementor-widget-button\" data-id=\"c0abe23\" data-element_type=\"widget\" data-e-type=\"widget\" data-widget_type=\"button.default\">\n\t\t\t\t<div class=\"elementor-widget-container\">\n\t\t\t\t\t\t\t\t\t<div class=\"elementor-button-wrapper\">\n\t\t\t\t\t<a class=\"elementor-button elementor-button-link elementor-size-xs\" href=\"tel:07763630404\">\n\t\t\t\t\t\t<span class=\"elementor-button-content-wrapper\">\n\t\t\t\t\t\t<span class=\"elementor-button-icon\">\n\t\t\t\t<svg aria-hidden=\"true\" class=\"e-font-icon-svg e-fas-phone-alt\" viewbox=\"0 0 512 512\" xmlns=\"http:\/\/www.w3.org\/2000\/svg\"><path d=\"M497.39 361.8l-112-48a24 24 0 0 0-28 6.9l-49.6 60.6A370.66 370.66 0 0 1 130.6 204.11l60.6-49.6a23.94 23.94 0 0 0 6.9-28l-48-112A24.16 24.16 0 0 0 122.6.61l-104 24A24 24 0 0 0 0 48c0 256.5 207.9 464 464 464a24 24 0 0 0 23.4-18.6l24-104a24.29 24.29 0 0 0-14.01-27.6z\"><\/path><\/svg>\t\t\t<\/span>\n\t\t\t\t\t\t\t\t\t<span class=\"elementor-button-text\">suna\u021bi acum<\/span>\n\t\t\t\t\t<\/span>\n\t\t\t\t\t<\/a>\n\t\t\t\t<\/div>\n\t\t\t\t\t\t\t\t<\/div>\n\t\t\t\t<\/div>\n\t\t\t\t\t<\/div>\n\t\t<\/div>\n\t\t\t\t<div class=\"elementor-column elementor-col-50 elementor-inner-column elementor-element elementor-element-86380de\" data-id=\"86380de\" data-element_type=\"column\" data-e-type=\"column\">\n\t\t\t<div class=\"elementor-widget-wrap elementor-element-populated\">\n\t\t\t\t\t\t<div class=\"elementor-element elementor-element-d12c8c1 elementor-align-justify elementor-widget elementor-widget-button\" data-id=\"d12c8c1\" data-element_type=\"widget\" data-e-type=\"widget\" data-widget_type=\"button.default\">\n\t\t\t\t<div class=\"elementor-widget-container\">\n\t\t\t\t\t\t\t\t\t<div class=\"elementor-button-wrapper\">\n\t\t\t\t\t<a class=\"elementor-button elementor-button-link elementor-size-xs\" href=\"https:\/\/simvic.co.uk\/ro\/ce-cumparam\/\">\n\t\t\t\t\t\t<span class=\"elementor-button-content-wrapper\">\n\t\t\t\t\t\t\t\t\t<span class=\"elementor-button-text\">Verifica\u021bi alte metale<\/span>\n\t\t\t\t\t<\/span>\n\t\t\t\t\t<\/a>\n\t\t\t\t<\/div>\n\t\t\t\t\t\t\t\t<\/div>\n\t\t\t\t<\/div>\n\t\t\t\t\t<\/div>\n\t\t<\/div>\n\t\t\t\t\t<\/div>\n\t\t<\/section>\n\t\t\t\t\t<\/div>\n\t\t<\/div>\n\t\t\t\t\t<\/div>\n\t\t<\/section>\n\t\t\t\t<\/div>","protected":false},"excerpt":{"rendered":"<p>What we buy? Copper Recycling Services: We Buy and Collect All Grades of Copper Are you looking to sell scrap copper? As leading scrap metal merchants, we offer comprehensive copper recycling services that cater to all your needs. We buy and collect all grades of scrap copper, ensuring efficient recycling and reuse. Discover how you [&hellip;]<\/p>\n","protected":false},"author":8,"featured_media":0,"parent":677,"menu_order":0,"comment_status":"closed","ping_status":"closed","template":"","meta":{"om_disable_all_campaigns":false,"inline_featured_image":false,"_monsterinsights_skip_tracking":false,"_monsterinsights_sitenote_active":false,"_monsterinsights_sitenote_note":"","_monsterinsights_sitenote_category":0,"footnotes":""},"class_list":["post-1311","page","type-page","status-publish","hentry"],"_links":{"self":[{"href":"https:\/\/simvic.co.uk\/ro\/wp-json\/wp\/v2\/pages\/1311","targetHints":{"allow":["GET"]}}],"collection":[{"href":"https:\/\/simvic.co.uk\/ro\/wp-json\/wp\/v2\/pages"}],"about":[{"href":"https:\/\/simvic.co.uk\/ro\/wp-json\/wp\/v2\/types\/page"}],"author":[{"embeddable":true,"href":"https:\/\/simvic.co.uk\/ro\/wp-json\/wp\/v2\/users\/8"}],"replies":[{"embeddable":true,"href":"https:\/\/simvic.co.uk\/ro\/wp-json\/wp\/v2\/comments?post=1311"}],"version-history":[{"count":6,"href":"https:\/\/simvic.co.uk\/ro\/wp-json\/wp\/v2\/pages\/1311\/revisions"}],"predecessor-version":[{"id":13390,"href":"https:\/\/simvic.co.uk\/ro\/wp-json\/wp\/v2\/pages\/1311\/revisions\/13390"}],"up":[{"embeddable":true,"href":"https:\/\/simvic.co.uk\/ro\/wp-json\/wp\/v2\/pages\/677"}],"wp:attachment":[{"href":"https:\/\/simvic.co.uk\/ro\/wp-json\/wp\/v2\/media?parent=1311"}],"curies":[{"name":"wp","href":"https:\/\/api.w.org\/{rel}","templated":true}]}}