{"id":1318,"date":"2018-01-10T12:59:52","date_gmt":"2018-01-10T12:59:52","guid":{"rendered":"https:\/\/simvic.co.uk\/?page_id=1318"},"modified":"2026-02-16T18:42:22","modified_gmt":"2026-02-16T18:42:22","slug":"aluminiu-colectie","status":"publish","type":"page","link":"https:\/\/simvic.co.uk\/ro\/ce-cumparam\/aluminiu-colectie\/","title":{"rendered":"Aluminiu"},"content":{"rendered":"<div data-elementor-type=\"wp-page\" data-elementor-id=\"1318\" class=\"elementor elementor-1318\" data-elementor-settings=\"{&quot;ha_cmc_init_switcher&quot;:&quot;no&quot;}\" data-elementor-post-type=\"page\">\n\t\t\t\t\t\t<section class=\"elementor-section elementor-top-section elementor-element elementor-element-2dff0ad elementor-section-full_width elementor-section-height-default elementor-section-height-default\" data-id=\"2dff0ad\" data-element_type=\"section\" data-e-type=\"section\" data-settings=\"{&quot;background_background&quot;:&quot;classic&quot;,&quot;_ha_eqh_enable&quot;:false}\">\n\t\t\t\t\t\t\t<div class=\"elementor-background-overlay\"><\/div>\n\t\t\t\t\t\t\t<div class=\"elementor-container elementor-column-gap-default\">\n\t\t\t\t\t<div class=\"elementor-column elementor-col-100 elementor-top-column elementor-element elementor-element-e58fe12\" data-id=\"e58fe12\" data-element_type=\"column\" data-e-type=\"column\">\n\t\t\t<div class=\"elementor-widget-wrap elementor-element-populated\">\n\t\t\t\t\t\t<div class=\"elementor-element elementor-element-61b7e95 elementor-icon-list--layout-inline elementor-align-center elementor-list-item-link-full_width elementor-widget elementor-widget-icon-list\" data-id=\"61b7e95\" data-element_type=\"widget\" data-e-type=\"widget\" data-widget_type=\"icon-list.default\">\n\t\t\t\t<div class=\"elementor-widget-container\">\n\t\t\t\t\t\t\t<ul class=\"elementor-icon-list-items elementor-inline-items\">\n\t\t\t\t\t\t\t<li class=\"elementor-icon-list-item elementor-inline-item\">\n\t\t\t\t\t\t\t\t\t\t\t<a href=\"https:\/\/simvic.co.uk\/ro\/ce-cumparam\/\">\n\n\t\t\t\t\t\t\t\t\t\t\t<span class=\"elementor-icon-list-text\">Ce cump\u0103r\u0103m noi?<\/span>\n\t\t\t\t\t\t\t\t\t\t\t<\/a>\n\t\t\t\t\t\t\t\t\t<\/li>\n\t\t\t\t\t\t\t\t<li class=\"elementor-icon-list-item elementor-inline-item\">\n\t\t\t\t\t\t\t\t\t\t\t<span class=\"elementor-icon-list-icon\">\n\t\t\t\t\t\t\t<svg aria-hidden=\"true\" class=\"e-font-icon-svg e-fas-arrow-right\" viewbox=\"0 0 448 512\" xmlns=\"http:\/\/www.w3.org\/2000\/svg\"><path d=\"M190.5 66.9l22.2-22.2c9.4-9.4 24.6-9.4 33.9 0L441 239c9.4 9.4 9.4 24.6 0 33.9L246.6 467.3c-9.4 9.4-24.6 9.4-33.9 0l-22.2-22.2c-9.5-9.5-9.3-25 .4-34.3L311.4 296H24c-13.3 0-24-10.7-24-24v-32c0-13.3 10.7-24 24-24h287.4L190.9 101.2c-9.8-9.3-10-24.8-.4-34.3z\"><\/path><\/svg>\t\t\t\t\t\t<\/span>\n\t\t\t\t\t\t\t\t\t\t<span class=\"elementor-icon-list-text\"><\/span>\n\t\t\t\t\t\t\t\t\t<\/li>\n\t\t\t\t\t\t<\/ul>\n\t\t\t\t\t\t<\/div>\n\t\t\t\t<\/div>\n\t\t\t\t\t<\/div>\n\t\t<\/div>\n\t\t\t\t\t<\/div>\n\t\t<\/section>\n\t\t\t\t<section class=\"elementor-section elementor-top-section elementor-element elementor-element-6d9c9e1 elementor-section-content-middle elementor-section-boxed elementor-section-height-default elementor-section-height-default\" data-id=\"6d9c9e1\" data-element_type=\"section\" data-e-type=\"section\" data-settings=\"{&quot;_ha_eqh_enable&quot;:false}\">\n\t\t\t\t\t\t<div class=\"elementor-container elementor-column-gap-default\">\n\t\t\t\t\t<div class=\"elementor-column elementor-col-100 elementor-top-column elementor-element elementor-element-4754c57\" data-id=\"4754c57\" data-element_type=\"column\" data-e-type=\"column\">\n\t\t\t<div class=\"elementor-widget-wrap elementor-element-populated\">\n\t\t\t\t\t\t<div class=\"elementor-element elementor-element-0d7988f elementor-widget elementor-widget-heading\" data-id=\"0d7988f\" data-element_type=\"widget\" data-e-type=\"widget\" data-widget_type=\"heading.default\">\n\t\t\t\t<div class=\"elementor-widget-container\">\n\t\t\t\t\t<h2 class=\"elementor-heading-title elementor-size-default\">resturi de aluminiu\n<\/h2>\t\t\t\t<\/div>\n\t\t\t\t<\/div>\n\t\t\t\t<div class=\"elementor-element elementor-element-dc2df00 elementor-widget elementor-widget-text-editor\" data-id=\"dc2df00\" data-element_type=\"widget\" data-e-type=\"widget\" data-widget_type=\"text-editor.default\">\n\t\t\t\t<div class=\"elementor-widget-container\">\n\t\t\t\t\t\t\t\t\t<p><b>resturi de aluminiu<\/b>\u00a0este unul dintre cele mai comune elemente care se g\u0103sesc \u00een scoar\u021ba terestr\u0103. Este considerat un metal u\u0219or - este de aproape trei ori mai u\u0219or dec\u00e2t fierul, ceea ce \u00eei confer\u0103 un mare avantaj \u00een produc\u021bia de obiecte metalice de uz zilnic. Din p\u0103cate, aluminiul pur nu este deloc durabil. Cu toate acestea, este posibil s\u0103 fie \u00eent\u0103rit cu ajutorul altor elemente, de exemplu cupru, fier, siliciu, prin tratare termic\u0103. Aliajele de aluminiu create \u00een acest mod sunt at\u00e2t u\u0219oare, c\u00e2t \u0219i rezistente, ceea ce le confer\u0103 o gam\u0103 larg\u0103 de aplica\u021bii posibile. Durabilitatea lor este ridicat\u0103, spre deosebire de limita lor de oboseal\u0103. La fel ca \u0219i cuprul, aluminiul este imun la coroziune \u0219i se acoper\u0103 cu oxizi proprii prin contactul cu aerul (acest lucru se nume\u0219te proces de pasivare). De asemenea, aluminiul este un bun conductor de c\u0103ldur\u0103 \u0219i electricitate.<\/p><p>Datorit\u0103 plasticit\u0103\u021bii sale, aluminiul este frecvent folosit pentru u\u0219i, geamuri, ma\u0219ini, avioane etc. Din acest motiv, exist\u0103 o mare probabilitate s\u0103 ave\u021bi aluminiu pe care dori\u021bi s\u0103-l arunca\u021bi. V\u0103 putem ajuta s\u0103 elimina\u021bi el \u00eentr-un mod sigur, legal.<\/p><p>La fel de\u00a0<a href=\"https:\/\/simvic.co.uk\/ro\">comercianti de fier vechi<\/a>\u00a0Cump\u0103r\u0103m:<\/p><ul><li>Jante din aluminiu<\/li><li>Cabluri din aluminiu<\/li><li>Curele de ceas<\/li><li>Aluminiu pur<\/li><\/ul><p>\u0218i mult mai mult.<\/p>\t\t\t\t\t\t\t\t<\/div>\n\t\t\t\t<\/div>\n\t\t\t\t\t<\/div>\n\t\t<\/div>\n\t\t\t\t\t<\/div>\n\t\t<\/section>\n\t\t\t\t<section class=\"elementor-section elementor-top-section elementor-element elementor-element-35986d4 elementor-section-boxed elementor-section-height-default elementor-section-height-default\" data-id=\"35986d4\" data-element_type=\"section\" data-e-type=\"section\" data-settings=\"{&quot;_ha_eqh_enable&quot;:false}\">\n\t\t\t\t\t\t<div class=\"elementor-container elementor-column-gap-default\">\n\t\t\t\t\t<div class=\"elementor-column elementor-col-50 elementor-top-column elementor-element elementor-element-8dcd399\" data-id=\"8dcd399\" data-element_type=\"column\" data-e-type=\"column\">\n\t\t\t<div class=\"elementor-widget-wrap elementor-element-populated\">\n\t\t\t\t\t\t<div class=\"elementor-element elementor-element-8d598bd elementor-widget elementor-widget-image\" data-id=\"8d598bd\" data-element_type=\"widget\" data-e-type=\"widget\" data-widget_type=\"image.default\">\n\t\t\t\t<div class=\"elementor-widget-container\">\n\t\t\t\t\t\t\t\t\t\t\t\t\t\t\t<img fetchpriority=\"high\" decoding=\"async\" width=\"800\" height=\"800\" src=\"https:\/\/simvic.co.uk\/wp-content\/uploads\/2022\/10\/Aluminium-copper-radiators-1-1024x1024.png\" class=\"attachment-large size-large wp-image-5112\" alt=\"Radiatoare din aluminiu \u0219i cupru\" srcset=\"https:\/\/simvic.co.uk\/wp-content\/uploads\/2022\/10\/Aluminium-copper-radiators-1-1024x1024.png 1024w, https:\/\/simvic.co.uk\/wp-content\/uploads\/2022\/10\/Aluminium-copper-radiators-1-300x300.png 300w, https:\/\/simvic.co.uk\/wp-content\/uploads\/2022\/10\/Aluminium-copper-radiators-1-150x150.png 150w, https:\/\/simvic.co.uk\/wp-content\/uploads\/2022\/10\/Aluminium-copper-radiators-1-768x768.png 768w, https:\/\/simvic.co.uk\/wp-content\/uploads\/2022\/10\/Aluminium-copper-radiators-1-12x12.png 12w, https:\/\/simvic.co.uk\/wp-content\/uploads\/2022\/10\/Aluminium-copper-radiators-1-595xh.png 595w, https:\/\/simvic.co.uk\/wp-content\/uploads\/2022\/10\/Aluminium-copper-radiators-1-125x125.png 125w, https:\/\/simvic.co.uk\/wp-content\/uploads\/2022\/10\/Aluminium-copper-radiators-1-640x640.png 640w, https:\/\/simvic.co.uk\/wp-content\/uploads\/2022\/10\/Aluminium-copper-radiators-1.png 1080w\" sizes=\"(max-width: 800px) 100vw, 800px\" title=\"\">\t\t\t\t\t\t\t\t\t\t\t\t\t\t\t<\/div>\n\t\t\t\t<\/div>\n\t\t\t\t\t<\/div>\n\t\t<\/div>\n\t\t\t\t<div class=\"elementor-column elementor-col-50 elementor-top-column elementor-element elementor-element-f646163\" data-id=\"f646163\" data-element_type=\"column\" data-e-type=\"column\">\n\t\t\t<div class=\"elementor-widget-wrap elementor-element-populated\">\n\t\t\t\t\t\t<div class=\"elementor-element elementor-element-5a7a326 elementor-widget elementor-widget-image\" data-id=\"5a7a326\" data-element_type=\"widget\" data-e-type=\"widget\" data-widget_type=\"image.default\">\n\t\t\t\t<div class=\"elementor-widget-container\">\n\t\t\t\t\t\t\t\t\t\t\t\t\t\t\t<img decoding=\"async\" width=\"800\" height=\"800\" src=\"https:\/\/simvic.co.uk\/wp-content\/uploads\/2022\/10\/aluminum-1024x1024.png\" class=\"attachment-large size-large wp-image-5111\" alt=\"Resturi de aluminiu\" srcset=\"https:\/\/simvic.co.uk\/wp-content\/uploads\/2022\/10\/aluminum-1024x1024.png 1024w, https:\/\/simvic.co.uk\/wp-content\/uploads\/2022\/10\/aluminum-300x300.png 300w, https:\/\/simvic.co.uk\/wp-content\/uploads\/2022\/10\/aluminum-150x150.png 150w, https:\/\/simvic.co.uk\/wp-content\/uploads\/2022\/10\/aluminum-768x768.png 768w, https:\/\/simvic.co.uk\/wp-content\/uploads\/2022\/10\/aluminum-12x12.png 12w, https:\/\/simvic.co.uk\/wp-content\/uploads\/2022\/10\/aluminum-595xh.png 595w, https:\/\/simvic.co.uk\/wp-content\/uploads\/2022\/10\/aluminum-125x125.png 125w, https:\/\/simvic.co.uk\/wp-content\/uploads\/2022\/10\/aluminum-640x640.png 640w, https:\/\/simvic.co.uk\/wp-content\/uploads\/2022\/10\/aluminum.png 1080w\" sizes=\"(max-width: 800px) 100vw, 800px\" title=\"\">\t\t\t\t\t\t\t\t\t\t\t\t\t\t\t<\/div>\n\t\t\t\t<\/div>\n\t\t\t\t\t<\/div>\n\t\t<\/div>\n\t\t\t\t\t<\/div>\n\t\t<\/section>\n\t\t\t\t<section class=\"elementor-section elementor-top-section elementor-element elementor-element-3b05577 elementor-section-content-middle elementor-section-boxed elementor-section-height-default elementor-section-height-default\" data-id=\"3b05577\" data-element_type=\"section\" data-e-type=\"section\" data-settings=\"{&quot;background_background&quot;:&quot;classic&quot;,&quot;_ha_eqh_enable&quot;:false}\">\n\t\t\t\t\t\t\t<div class=\"elementor-background-overlay\"><\/div>\n\t\t\t\t\t\t\t<div class=\"elementor-container elementor-column-gap-default\">\n\t\t\t\t\t<div class=\"elementor-column elementor-col-100 elementor-top-column elementor-element elementor-element-a58652b\" data-id=\"a58652b\" data-element_type=\"column\" data-e-type=\"column\">\n\t\t\t<div class=\"elementor-widget-wrap elementor-element-populated\">\n\t\t\t\t\t\t<div class=\"elementor-element elementor-element-f949706 elementor-widget elementor-widget-heading\" data-id=\"f949706\" data-element_type=\"widget\" data-e-type=\"widget\" data-widget_type=\"heading.default\">\n\t\t\t\t<div class=\"elementor-widget-container\">\n\t\t\t\t\t<h2 class=\"elementor-heading-title elementor-size-default\">VERIFICA\u021aI CE PUTEM CUMP\u0102R\u0102 DE LA DVS<\/h2>\t\t\t\t<\/div>\n\t\t\t\t<\/div>\n\t\t\t\t<div class=\"elementor-element elementor-element-c10540c elementor-widget elementor-widget-heading\" data-id=\"c10540c\" data-element_type=\"widget\" data-e-type=\"widget\" data-widget_type=\"heading.default\">\n\t\t\t\t<div class=\"elementor-widget-container\">\n\t\t\t\t\t<p class=\"elementor-heading-title elementor-size-default\"><a href=\"https:\/\/en.wikipedia.org\/wiki\/Scrap\" target=\"_blank\" rel=\"noopener\">Informa\u021bii despre fier vechi<\/a><\/p>\t\t\t\t<\/div>\n\t\t\t\t<\/div>\n\t\t\t\t<section class=\"elementor-section elementor-inner-section elementor-element elementor-element-072334f elementor-section-boxed elementor-section-height-default elementor-section-height-default\" data-id=\"072334f\" data-element_type=\"section\" data-e-type=\"section\" data-settings=\"{&quot;_ha_eqh_enable&quot;:false}\">\n\t\t\t\t\t\t<div class=\"elementor-container elementor-column-gap-default\">\n\t\t\t\t\t<div class=\"elementor-column elementor-col-50 elementor-inner-column elementor-element elementor-element-d92d0c6\" data-id=\"d92d0c6\" data-element_type=\"column\" data-e-type=\"column\">\n\t\t\t<div class=\"elementor-widget-wrap elementor-element-populated\">\n\t\t\t\t\t\t<div class=\"elementor-element elementor-element-bca3c9b elementor-align-justify elementor-widget elementor-widget-button\" data-id=\"bca3c9b\" data-element_type=\"widget\" data-e-type=\"widget\" data-widget_type=\"button.default\">\n\t\t\t\t<div class=\"elementor-widget-container\">\n\t\t\t\t\t\t\t\t\t<div class=\"elementor-button-wrapper\">\n\t\t\t\t\t<a class=\"elementor-button elementor-button-link elementor-size-xs\" href=\"tel:07763630404\">\n\t\t\t\t\t\t<span class=\"elementor-button-content-wrapper\">\n\t\t\t\t\t\t<span class=\"elementor-button-icon\">\n\t\t\t\t<svg aria-hidden=\"true\" class=\"e-font-icon-svg e-fas-phone-alt\" viewbox=\"0 0 512 512\" xmlns=\"http:\/\/www.w3.org\/2000\/svg\"><path d=\"M497.39 361.8l-112-48a24 24 0 0 0-28 6.9l-49.6 60.6A370.66 370.66 0 0 1 130.6 204.11l60.6-49.6a23.94 23.94 0 0 0 6.9-28l-48-112A24.16 24.16 0 0 0 122.6.61l-104 24A24 24 0 0 0 0 48c0 256.5 207.9 464 464 464a24 24 0 0 0 23.4-18.6l24-104a24.29 24.29 0 0 0-14.01-27.6z\"><\/path><\/svg>\t\t\t<\/span>\n\t\t\t\t\t\t\t\t\t<span class=\"elementor-button-text\">suna\u021bi acum<\/span>\n\t\t\t\t\t<\/span>\n\t\t\t\t\t<\/a>\n\t\t\t\t<\/div>\n\t\t\t\t\t\t\t\t<\/div>\n\t\t\t\t<\/div>\n\t\t\t\t\t<\/div>\n\t\t<\/div>\n\t\t\t\t<div class=\"elementor-column elementor-col-50 elementor-inner-column elementor-element elementor-element-89f3cea\" data-id=\"89f3cea\" data-element_type=\"column\" data-e-type=\"column\">\n\t\t\t<div class=\"elementor-widget-wrap elementor-element-populated\">\n\t\t\t\t\t\t<div class=\"elementor-element elementor-element-caebaff elementor-align-justify elementor-widget elementor-widget-button\" data-id=\"caebaff\" data-element_type=\"widget\" data-e-type=\"widget\" data-widget_type=\"button.default\">\n\t\t\t\t<div class=\"elementor-widget-container\">\n\t\t\t\t\t\t\t\t\t<div class=\"elementor-button-wrapper\">\n\t\t\t\t\t<a class=\"elementor-button elementor-button-link elementor-size-xs\" href=\"https:\/\/simvic.co.uk\/ro\/ce-cumparam\/\">\n\t\t\t\t\t\t<span class=\"elementor-button-content-wrapper\">\n\t\t\t\t\t\t\t\t\t<span class=\"elementor-button-text\">Verifica\u021bi alte metale<\/span>\n\t\t\t\t\t<\/span>\n\t\t\t\t\t<\/a>\n\t\t\t\t<\/div>\n\t\t\t\t\t\t\t\t<\/div>\n\t\t\t\t<\/div>\n\t\t\t\t\t<\/div>\n\t\t<\/div>\n\t\t\t\t\t<\/div>\n\t\t<\/section>\n\t\t\t\t\t<\/div>\n\t\t<\/div>\n\t\t\t\t\t<\/div>\n\t\t<\/section>\n\t\t\t\t<\/div>","protected":false},"excerpt":{"rendered":"<p>What we buy? Scrap Aluminium Scrap Aluminium\u00a0is one of the most common elements found in the Earth\u2019s crust. It is considered a light metal \u2013 it\u2019s nearly three times lighter than iron, which gives it a great advantage in the production of metal objects for everyday use. Unfortunately, pure aluminium is not at all durable. [&hellip;]<\/p>\n","protected":false},"author":8,"featured_media":0,"parent":677,"menu_order":0,"comment_status":"closed","ping_status":"closed","template":"","meta":{"om_disable_all_campaigns":false,"inline_featured_image":false,"_monsterinsights_skip_tracking":false,"_monsterinsights_sitenote_active":false,"_monsterinsights_sitenote_note":"","_monsterinsights_sitenote_category":0,"footnotes":""},"class_list":["post-1318","page","type-page","status-publish","hentry"],"_links":{"self":[{"href":"https:\/\/simvic.co.uk\/ro\/wp-json\/wp\/v2\/pages\/1318","targetHints":{"allow":["GET"]}}],"collection":[{"href":"https:\/\/simvic.co.uk\/ro\/wp-json\/wp\/v2\/pages"}],"about":[{"href":"https:\/\/simvic.co.uk\/ro\/wp-json\/wp\/v2\/types\/page"}],"author":[{"embeddable":true,"href":"https:\/\/simvic.co.uk\/ro\/wp-json\/wp\/v2\/users\/8"}],"replies":[{"embeddable":true,"href":"https:\/\/simvic.co.uk\/ro\/wp-json\/wp\/v2\/comments?post=1318"}],"version-history":[{"count":0,"href":"https:\/\/simvic.co.uk\/ro\/wp-json\/wp\/v2\/pages\/1318\/revisions"}],"up":[{"embeddable":true,"href":"https:\/\/simvic.co.uk\/ro\/wp-json\/wp\/v2\/pages\/677"}],"wp:attachment":[{"href":"https:\/\/simvic.co.uk\/ro\/wp-json\/wp\/v2\/media?parent=1318"}],"curies":[{"name":"wp","href":"https:\/\/api.w.org\/{rel}","templated":true}]}}