{"id":1416,"date":"2018-06-05T13:25:00","date_gmt":"2018-06-05T13:25:00","guid":{"rendered":"https:\/\/simvic.co.uk\/?page_id=1416"},"modified":"2023-02-24T19:35:18","modified_gmt":"2023-02-24T19:35:18","slug":"politica-de-confidentialitate","status":"publish","type":"page","link":"https:\/\/simvic.co.uk\/ro\/politica-de-confidentialitate\/","title":{"rendered":"Politica de Confiden\u021bialitate"},"content":{"rendered":"<div data-elementor-type=\"wp-page\" data-elementor-id=\"1416\" class=\"elementor elementor-1416\" data-elementor-settings=\"{&quot;ha_cmc_init_switcher&quot;:&quot;no&quot;}\" data-elementor-post-type=\"page\">\n\t\t\t\t\t\t<section class=\"elementor-section elementor-top-section elementor-element elementor-element-7e7d5cc3 elementor-section-boxed elementor-section-height-default elementor-section-height-default\" data-id=\"7e7d5cc3\" data-element_type=\"section\" data-e-type=\"section\" data-settings=\"{&quot;_ha_eqh_enable&quot;:false}\">\n\t\t\t\t\t\t<div class=\"elementor-container elementor-column-gap-default\">\n\t\t\t\t\t<div class=\"elementor-column elementor-col-100 elementor-top-column elementor-element elementor-element-13b1585c\" data-id=\"13b1585c\" data-element_type=\"column\" data-e-type=\"column\">\n\t\t\t<div class=\"elementor-widget-wrap elementor-element-populated\">\n\t\t\t\t\t\t<div class=\"elementor-element elementor-element-7ceca153 elementor-widget elementor-widget-text-editor\" data-id=\"7ceca153\" data-element_type=\"widget\" data-e-type=\"widget\" data-widget_type=\"text-editor.default\">\n\t\t\t\t<div class=\"elementor-widget-container\">\n\t\t\t\t\t\t\t\t\tAceast\u0103 not\u0103 de confiden\u021bialitate ofer\u0103 informa\u021bii cu privire la informa\u021biile\/datele personale pe care Simvic SRL le proceseaz\u0103 despre dumneavoastr\u0103. Toate informa\u021biile pe care le prelucr\u0103m sunt conforme cu Regulamentul general privind protec\u021bia datelor (GDPR).\r\n\r\nSimvic Ltd este o instala\u021bie de reciclare licen\u021biat\u0103 situat\u0103 la adresa <strong>Unitatea 4 Fordwater Trading Estate, Chertsey, KT16 8HG.<\/strong>\r\n\r\n&nbsp;\r\n<h4>De ce \u00eemi stoca\u021bi datele?<\/h4>\r\nSimvic Ltd are obliga\u021bia legal\u0103 de a stoca datele cu caracter personal \u00een condi\u021bii de siguran\u021b\u0103 pentru a ne conforma cu Legea privind comercian\u021bii de de\u0219euri metalice (SMDA) din 2013.\r\n\r\nPentru mai multe informa\u021bii despre motivele pentru care suntem obliga\u021bi din punct de vedere legal s\u0103 stoc\u0103m datele dumneavoastr\u0103, v\u0103 rug\u0103m s\u0103 vizita\u021bi urm\u0103toarele site-uri:\r\n\r\nhttp:\/\/www.legislation.gov.uk\/ukpga\/2013\/10\/enacted\r\nhttps:\/\/www.recyclemetals.org\/rules-regulations\/scrap-metal-dealer-s-act.html\r\n\r\n&nbsp;\r\n<h4>Ce informa\u021bii stoc\u0103m?<\/h4>\r\nClien\u021bi - Stoc\u0103m informa\u021bii personale, inclusiv numele de contact, adresa, adresa de e-mail, num\u0103rul de telefon \u0219i detaliile contului bancar.\r\n\r\nFurnizori - Stoc\u0103m informa\u021bii personale, inclusiv numele de contact, adresa, adresa de e-mail, num\u0103rul de telefon, detaliile contului bancar \u0219i datele de identificare cu fotografie (pa\u0219aport sau permis de conducere).\r\npermis de conducere.\r\n\r\n&nbsp;\r\n<h4>Cine poate accesa datele mele?<\/h4>\r\nNu \u00eemp\u0103rt\u0103\u0219im nicio informa\u021bie cu nimeni din afara organiza\u021biei. Datele nu vor fi niciodat\u0103 transmise unor ter\u021bi f\u0103r\u0103 ob\u021binerea \u00een prealabil a consim\u021b\u0103m\u00e2ntului.\r\n\r\n&nbsp;\r\n<h4>Drepturile tale<\/h4>\r\n<em>(1) Dreptul de a ob\u021bine informa\u021bii<\/em> \u2013 Toate persoanele au dreptul de a vizualiza copii ale tuturor datelor pe care le stoc\u0103m. Pute\u021bi solicita \u00een orice moment copii ale datelor dvs. Simvic Ltd va furniza aceste informa\u021bii \u00een termen de 28 de zile de la solicitarea ini\u021bial\u0103.\r\n\r\n<em>(2) Dreptul de a fi informat cu privire la datele pe care le stoc\u0103m<\/em> \u2013 Toate persoanele au dreptul de a \u00een\u021belege de ce, cum \u0219i unde stoc\u0103m informa\u021biile noastre. Toate aceste informa\u021bii sunt detaliate \u00een acest document, totu\u0219i, dac\u0103 ave\u021bi nevoie de informa\u021bii suplimentare, operatorul nostru de date v\u0103 va furniza acest lucru la cerere.\r\n\r\n<em>(3) Dreptul la rectificare<\/em> \u2013 Dac\u0103 datele sunt inexacte, ave\u021bi dreptul s\u0103 modifica\u021bi informa\u021biile, totu\u0219i, din cauza naturii afacerii noastre, ne-am cerut s\u0103 ob\u021binem anumite \u00eenregistr\u0103ri timp de p\u00e2n\u0103 la 7 ani.\r\n\r\n<em>(4) Dreptul de a ne opune stocarea de informa\u021bii<\/em> \u2013 Ave\u021bi dreptul s\u0103 v\u0103 opune\u021bi lu\u0103rii datelor dumneavoastr\u0103 cu caracter personal, cu toate acestea, dac\u0103 face\u021bi acest lucru, nu pute\u021bi utiliza serviciile noastre. Simvic Ltd se conformeaz\u0103 cu Scrap Metal Dealers Act 2013 (SMDA), care ne impune s\u0103 stoc\u0103m date pentru a asigura conformitatea de la to\u021bi furnizorii \u0219i clien\u021bii.\r\n\r\n<em>(5) Dreptul de a fi notificat cu privire la o \u00eenc\u0103lcare a datelor<\/em> \u2013 \u00cen cazul rar al unei \u00eenc\u0103lc\u0103ri a securit\u0103\u021bii datelor, toate persoanele vor fi informate \u00een termen de 72 de ore f\u0103r\u0103 \u00eent\u00e2rzieri nejustificate. Procesatorul de date trebuie s\u0103 dezv\u0103luie natura \u00eenc\u0103lc\u0103rii, s\u0103 descrie consecin\u021bele probabile \u0219i s\u0103 se asigure c\u0103 toate persoanele sunt informate cu privire la m\u0103surile luate pentru a controla \u00eenc\u0103lcarea.\r\n\r\n&nbsp;\r\n<h4>Care sunt obliga\u021biile legitime pentru prelucrarea datelor?<\/h4>\r\nSimvic SRL este procesatorul de date pentru to\u021bi clien\u021bii, furnizorii \u0219i angaja\u021bii. Persoana \u00eemputernicit\u0103 de operator r\u0103spunde pentru toate prelucr\u0103rile de date contractate de un operator principal de date care este responsabil.\r\nProcesatorii de informa\u021bii sunt obliga\u021bi s\u0103 stocheze informa\u021biile \u00een conformitate at\u00e2t cu GDPR (2018), c\u00e2t \u0219i cu SMDA (2013).\r\n\r\n&nbsp;\r\n<h4>Date despre angaja\u021bi<\/h4>\r\n\u00cen calitate de angajator, prelucr\u0103m \u0219i stoc\u0103m \u00een siguran\u021b\u0103 toate datele angaja\u021bilor, pe care suntem obliga\u021bi prin lege s\u0103 le p\u0103str\u0103m timp de 6 ani. Acestea includ:\r\n<ul>\r\n \t<li>Nume, adres\u0103, date de contact.<\/li>\r\n \t<li>Detaliile din statul de plat\u0103 (num\u0103r de asigurare na\u021bional\u0103, num\u0103r de identificare fiscal\u0103, detalii privind pensia).<\/li>\r\n \t<li>Detalii privind contul bancar.<\/li>\r\n \t<li>Informa\u021bii medicale.<\/li>\r\n \t<li>Detalii de contact \u00een caz de urgen\u021b\u0103.<\/li>\r\n<\/ul>\r\nToate datele angaja\u021bilor sunt stocate \u00een siguran\u021b\u0103 prin intermediul unor copii pe suport de h\u00e2rtie arhivate \u00een mod tradi\u021bional, precum \u0219i prin copii arhivate electronic. Toate datele stocate \u00een format electronic sunt protejate \u0219i criptate.\r\n\r\nNumai angajatorul \u0219i registrul de salarii au acces la aceste date \u0219i nu au permisiunea de a \u00eemp\u0103rt\u0103\u0219i aceste date \u00een afara organiza\u021biei, cu excep\u021bia:\r\n<ul>\r\n \t<li>Autorit\u0103\u021bile locale (HMRC, TVA).<\/li>\r\n \t<li>Autorit\u0103\u021bile de poli\u021bie (Investigarea infrac\u021biunilor).<\/li>\r\n<\/ul>\r\n&nbsp;\r\n<h4>Ce m\u0103suri de securitate exist\u0103 pentru a proteja datele?<\/h4>\r\nSuntem \u00een parteneriat cu Tornado Recycling Ltd., care este autorizat\u0103 s\u0103 se ocupe de conformitatea software-ului \u0219i de gestionarea datelor. Am schimbat \u0219i aprobat politicile GDPR \u0219i ne putem asigura c\u0103 datele dvs. sunt stocate \u00een siguran\u021b\u0103 prin intermediul serverelor noastre bazate pe cloud.\r\n\r\nToate informa\u021biile stocate prin intermediul Tornado Software sunt criptate \u00eenainte de a avea loc \u00eenc\u0103rcarea \u00een cloud.\r\n\r\nActualiz\u0103rile de securitate sunt efectuate \u00een mod constant pentru a ne asigura c\u0103 viru\u0219ii, bug-urile \u0219i programele malware sunt interceptate \u00een mod constant.\r\n\r\n&nbsp;\r\n<h4>Contactarea noastr\u0103 \u00een leg\u0103tur\u0103 cu GDPR:<\/h4>\r\nDac\u0103 dori\u021bi s\u0103 discuta\u021bi \u00een continuare despre drepturile dumneavoastr\u0103 privind datele cu caracter personal, nu ezita\u021bi s\u0103 ne contacta\u021bi prin intermediul detaliilor de mai jos.\r\n\r\n<strong>Email:<\/strong> info@simvic.co.uk\r\n\r\n<strong>Post:<\/strong> Unitatea 4 Fordwater Trading Estate, Chertsey, KT16 8HG.\r\n\r\n<strong>Telefon:<\/strong> 01932 570757.\r\n\r\n\u00cen cazul \u00een care ave\u021bi nel\u0103muriri cu privire la modul \u00een care datele dumneavoastr\u0103 sunt gestionate, prelucrate sau stocate, ave\u021bi dreptul de a contacta Biroul Comisarului pentru Informa\u021bii (ICO) la num\u0103rul de telefon 0303 123 1113.\r\n\r\n<a href=\"https:\/\/simvic.co.uk\/ro\/cerere-acces-date\/\">Cerere de acces la date<\/a>\t\t\t\t\t\t\t\t<\/div>\n\t\t\t\t<\/div>\n\t\t\t\t<div class=\"elementor-element elementor-element-7815c9d elementor-widget elementor-widget-heading\" data-id=\"7815c9d\" data-element_type=\"widget\" data-e-type=\"widget\" data-widget_type=\"heading.default\">\n\t\t\t\t<div class=\"elementor-widget-container\">\n\t\t\t\t\t<p class=\"elementor-heading-title elementor-size-default\"><a href=\"https:\/\/www.askthe.police.uk\/\" target=\"_blank\" rel=\"noopener\">Legea referitoare la fier vechi<\/a><\/p>\t\t\t\t<\/div>\n\t\t\t\t<\/div>\n\t\t\t\t\t<\/div>\n\t\t<\/div>\n\t\t\t\t\t<\/div>\n\t\t<\/section>\n\t\t\t\t<\/div>","protected":false},"excerpt":{"rendered":"<p>This privacy notice provides information regarding personal information\/data that Simvic Ltd processes about you. All information we process complies with the General Data Protection Regulation (GDPR). Simvic Ltd is a licenced recycling facility located at Unit 4 Fordwater Trading Estate, Chertsey, KT16 8HG. &nbsp; Why do you store my data? Simvic Ltd has a legal [&hellip;]<\/p>\n","protected":false},"author":8,"featured_media":0,"parent":0,"menu_order":0,"comment_status":"closed","ping_status":"closed","template":"","meta":{"om_disable_all_campaigns":false,"inline_featured_image":false,"_monsterinsights_skip_tracking":false,"_monsterinsights_sitenote_active":false,"_monsterinsights_sitenote_note":"","_monsterinsights_sitenote_category":0,"footnotes":""},"class_list":["post-1416","page","type-page","status-publish","hentry"],"_links":{"self":[{"href":"https:\/\/simvic.co.uk\/ro\/wp-json\/wp\/v2\/pages\/1416","targetHints":{"allow":["GET"]}}],"collection":[{"href":"https:\/\/simvic.co.uk\/ro\/wp-json\/wp\/v2\/pages"}],"about":[{"href":"https:\/\/simvic.co.uk\/ro\/wp-json\/wp\/v2\/types\/page"}],"author":[{"embeddable":true,"href":"https:\/\/simvic.co.uk\/ro\/wp-json\/wp\/v2\/users\/8"}],"replies":[{"embeddable":true,"href":"https:\/\/simvic.co.uk\/ro\/wp-json\/wp\/v2\/comments?post=1416"}],"version-history":[{"count":0,"href":"https:\/\/simvic.co.uk\/ro\/wp-json\/wp\/v2\/pages\/1416\/revisions"}],"wp:attachment":[{"href":"https:\/\/simvic.co.uk\/ro\/wp-json\/wp\/v2\/media?parent=1416"}],"curies":[{"name":"wp","href":"https:\/\/api.w.org\/{rel}","templated":true}]}}