{"id":1521,"date":"2022-03-31T22:51:36","date_gmt":"2022-03-31T22:51:36","guid":{"rendered":"https:\/\/simvic.co.uk\/?page_id=1521"},"modified":"2023-02-20T23:10:11","modified_gmt":"2023-02-20T23:10:11","slug":"resturi-colectie-cupru-londra-si-surrey","status":"publish","type":"page","link":"https:\/\/simvic.co.uk\/ro\/resturi-colectie-cupru-londra-si-surrey\/","title":{"rendered":"Colectare resturi de cupru"},"content":{"rendered":"<div data-elementor-type=\"wp-page\" data-elementor-id=\"1521\" class=\"elementor elementor-1521\" data-elementor-settings=\"{&quot;ha_cmc_init_switcher&quot;:&quot;no&quot;}\" data-elementor-post-type=\"page\">\n\t\t\t\t\t\t<section class=\"elementor-section elementor-top-section elementor-element elementor-element-f2dfe70 elementor-section-boxed elementor-section-height-default elementor-section-height-default\" data-id=\"f2dfe70\" data-element_type=\"section\" data-e-type=\"section\" data-settings=\"{&quot;_ha_eqh_enable&quot;:false}\">\n\t\t\t\t\t\t<div class=\"elementor-container elementor-column-gap-default\">\n\t\t\t\t\t<div class=\"elementor-column elementor-col-100 elementor-top-column elementor-element elementor-element-1859908\" data-id=\"1859908\" data-element_type=\"column\" data-e-type=\"column\">\n\t\t\t<div class=\"elementor-widget-wrap elementor-element-populated\">\n\t\t\t\t\t\t<div class=\"elementor-element elementor-element-ad88360 elementor-widget elementor-widget-text-editor\" data-id=\"ad88360\" data-element_type=\"widget\" data-e-type=\"widget\" data-widget_type=\"text-editor.default\">\n\t\t\t\t<div class=\"elementor-widget-container\">\n\t\t\t\t\t\t\t\t\t<p dir=\"auto\" data-pm-slice=\"1 1 []\">Colec\u021bia de de\u0219euri de cupru vine \u00een multe forme, forme \u0219i dimensiuni. Este un produs secundar al procesului de produc\u021bie a metalelor \u0219i poate fi g\u0103sit \u00een diferite calit\u0103\u021bi. Exist\u0103 dou\u0103 tipuri principale de de\u0219euri de cupru:<\/p><p dir=\"auto\">-De\u0219euri de cupru feros (o\u021bel).<\/p><p dir=\"auto\">-De\u0219euri de cupru neferoase (cupru).<\/p><p dir=\"auto\">Restul de cupru feros este fabricat din o\u021bel care este acoperit cu un strat sub\u021bire de cupru pentru a preveni coroziunea. Tipul neferus este alc\u0103tuit \u00een \u00eentregime din cupru \u0219i nu are con\u021binut de o\u021bel.<\/p>\t\t\t\t\t\t\t\t<\/div>\n\t\t\t\t<\/div>\n\t\t\t\t\t<\/div>\n\t\t<\/div>\n\t\t\t\t\t<\/div>\n\t\t<\/section>\n\t\t\t\t<section class=\"elementor-section elementor-top-section elementor-element elementor-element-86d3dd7 elementor-section-boxed elementor-section-height-default elementor-section-height-default\" data-id=\"86d3dd7\" data-element_type=\"section\" data-e-type=\"section\" data-settings=\"{&quot;_ha_eqh_enable&quot;:false}\">\n\t\t\t\t\t\t<div class=\"elementor-container elementor-column-gap-default\">\n\t\t\t\t\t<div class=\"elementor-column elementor-col-50 elementor-top-column elementor-element elementor-element-89f37bb\" data-id=\"89f37bb\" data-element_type=\"column\" data-e-type=\"column\">\n\t\t\t<div class=\"elementor-widget-wrap elementor-element-populated\">\n\t\t\t\t\t\t<div class=\"elementor-element elementor-element-24a226b elementor-widget elementor-widget-image\" data-id=\"24a226b\" data-element_type=\"widget\" data-e-type=\"widget\" data-widget_type=\"image.default\">\n\t\t\t\t<div class=\"elementor-widget-container\">\n\t\t\t\t\t\t\t\t\t\t\t\t\t\t\t<img fetchpriority=\"high\" decoding=\"async\" width=\"1080\" height=\"1080\" src=\"https:\/\/simvic.co.uk\/wp-content\/uploads\/2022\/10\/copper-tubes-1.png\" class=\"attachment-full size-full wp-image-5121\" alt=\"tuburi de cupru\" srcset=\"https:\/\/simvic.co.uk\/wp-content\/uploads\/2022\/10\/copper-tubes-1.png 1080w, https:\/\/simvic.co.uk\/wp-content\/uploads\/2022\/10\/copper-tubes-1-300x300.png 300w, https:\/\/simvic.co.uk\/wp-content\/uploads\/2022\/10\/copper-tubes-1-1024x1024.png 1024w, https:\/\/simvic.co.uk\/wp-content\/uploads\/2022\/10\/copper-tubes-1-150x150.png 150w, https:\/\/simvic.co.uk\/wp-content\/uploads\/2022\/10\/copper-tubes-1-768x768.png 768w, https:\/\/simvic.co.uk\/wp-content\/uploads\/2022\/10\/copper-tubes-1-12x12.png 12w, https:\/\/simvic.co.uk\/wp-content\/uploads\/2022\/10\/copper-tubes-1-595xh.png 595w, https:\/\/simvic.co.uk\/wp-content\/uploads\/2022\/10\/copper-tubes-1-125x125.png 125w, https:\/\/simvic.co.uk\/wp-content\/uploads\/2022\/10\/copper-tubes-1-640x640.png 640w\" sizes=\"(max-width: 1080px) 100vw, 1080px\" title=\"\">\t\t\t\t\t\t\t\t\t\t\t\t\t\t\t<\/div>\n\t\t\t\t<\/div>\n\t\t\t\t\t<\/div>\n\t\t<\/div>\n\t\t\t\t<div class=\"elementor-column elementor-col-50 elementor-top-column elementor-element elementor-element-479ba54\" data-id=\"479ba54\" data-element_type=\"column\" data-e-type=\"column\">\n\t\t\t<div class=\"elementor-widget-wrap elementor-element-populated\">\n\t\t\t\t\t\t<div class=\"elementor-element elementor-element-dc15930 elementor-widget elementor-widget-image\" data-id=\"dc15930\" data-element_type=\"widget\" data-e-type=\"widget\" data-widget_type=\"image.default\">\n\t\t\t\t<div class=\"elementor-widget-container\">\n\t\t\t\t\t\t\t\t\t\t\t\t\t\t\t<img decoding=\"async\" width=\"1080\" height=\"1080\" src=\"https:\/\/simvic.co.uk\/wp-content\/uploads\/2022\/10\/Copper.png\" class=\"attachment-full size-full wp-image-5131\" alt=\"Colectarea de\u0219eurilor de cupru\" srcset=\"https:\/\/simvic.co.uk\/wp-content\/uploads\/2022\/10\/Copper.png 1080w, https:\/\/simvic.co.uk\/wp-content\/uploads\/2022\/10\/Copper-300x300.png 300w, https:\/\/simvic.co.uk\/wp-content\/uploads\/2022\/10\/Copper-1024x1024.png 1024w, https:\/\/simvic.co.uk\/wp-content\/uploads\/2022\/10\/Copper-150x150.png 150w, https:\/\/simvic.co.uk\/wp-content\/uploads\/2022\/10\/Copper-768x768.png 768w, https:\/\/simvic.co.uk\/wp-content\/uploads\/2022\/10\/Copper-12x12.png 12w, https:\/\/simvic.co.uk\/wp-content\/uploads\/2022\/10\/Copper-595xh.png 595w, https:\/\/simvic.co.uk\/wp-content\/uploads\/2022\/10\/Copper-125x125.png 125w, https:\/\/simvic.co.uk\/wp-content\/uploads\/2022\/10\/Copper-640x640.png 640w\" sizes=\"(max-width: 1080px) 100vw, 1080px\" title=\"\">\t\t\t\t\t\t\t\t\t\t\t\t\t\t\t<\/div>\n\t\t\t\t<\/div>\n\t\t\t\t\t<\/div>\n\t\t<\/div>\n\t\t\t\t\t<\/div>\n\t\t<\/section>\n\t\t\t\t<\/div>","protected":false},"excerpt":{"rendered":"<p>Scrap Copper Collection comes in many forms, shapes and sizes. It is a byproduct of the metal production process and can be found in different grades. There are two main types of copper scrap: -Ferrous (steel) copper scrap -Nonferrous (copper) copper scrap The ferrous copper scrap is made of steel that is coated with a [&hellip;]<\/p>\n","protected":false},"author":8,"featured_media":1533,"parent":0,"menu_order":0,"comment_status":"closed","ping_status":"closed","template":"","meta":{"om_disable_all_campaigns":false,"inline_featured_image":false,"_monsterinsights_skip_tracking":false,"_monsterinsights_sitenote_active":false,"_monsterinsights_sitenote_note":"","_monsterinsights_sitenote_category":0,"footnotes":""},"class_list":["post-1521","page","type-page","status-publish","has-post-thumbnail","hentry"],"_links":{"self":[{"href":"https:\/\/simvic.co.uk\/ro\/wp-json\/wp\/v2\/pages\/1521","targetHints":{"allow":["GET"]}}],"collection":[{"href":"https:\/\/simvic.co.uk\/ro\/wp-json\/wp\/v2\/pages"}],"about":[{"href":"https:\/\/simvic.co.uk\/ro\/wp-json\/wp\/v2\/types\/page"}],"author":[{"embeddable":true,"href":"https:\/\/simvic.co.uk\/ro\/wp-json\/wp\/v2\/users\/8"}],"replies":[{"embeddable":true,"href":"https:\/\/simvic.co.uk\/ro\/wp-json\/wp\/v2\/comments?post=1521"}],"version-history":[{"count":0,"href":"https:\/\/simvic.co.uk\/ro\/wp-json\/wp\/v2\/pages\/1521\/revisions"}],"wp:featuredmedia":[{"embeddable":true,"href":"https:\/\/simvic.co.uk\/ro\/wp-json\/wp\/v2\/media\/1533"}],"wp:attachment":[{"href":"https:\/\/simvic.co.uk\/ro\/wp-json\/wp\/v2\/media?parent=1521"}],"curies":[{"name":"wp","href":"https:\/\/api.w.org\/{rel}","templated":true}]}}