{"id":2059,"date":"2022-05-27T14:08:39","date_gmt":"2022-05-27T14:08:39","guid":{"rendered":"https:\/\/simvic.co.uk\/?page_id=2059"},"modified":"2022-10-17T03:06:30","modified_gmt":"2022-10-17T03:06:30","slug":"colectie-de-fier-vechi-marea-londra","status":"publish","type":"page","link":"https:\/\/simvic.co.uk\/ro\/colectie-de-fier-vechi-marea-londra\/","title":{"rendered":"Colec\u021bionare de fier vechi Greater London"},"content":{"rendered":"<div data-elementor-type=\"wp-page\" data-elementor-id=\"2059\" class=\"elementor elementor-2059\" data-elementor-settings=\"{&quot;ha_cmc_init_switcher&quot;:&quot;no&quot;}\" data-elementor-post-type=\"page\">\n\t\t\t\t\t\t<section class=\"elementor-section elementor-top-section elementor-element elementor-element-54590b0 elementor-section-boxed elementor-section-height-default elementor-section-height-default\" data-id=\"54590b0\" data-element_type=\"section\" data-e-type=\"section\" data-settings=\"{&quot;_ha_eqh_enable&quot;:false}\">\n\t\t\t\t\t\t<div class=\"elementor-container elementor-column-gap-default\">\n\t\t\t\t\t<div class=\"elementor-column elementor-col-100 elementor-top-column elementor-element elementor-element-0eb8067\" data-id=\"0eb8067\" data-element_type=\"column\" data-e-type=\"column\">\n\t\t\t<div class=\"elementor-widget-wrap elementor-element-populated\">\n\t\t\t\t\t\t<div class=\"elementor-element elementor-element-c0287e8 elementor-widget elementor-widget-heading\" data-id=\"c0287e8\" data-element_type=\"widget\" data-e-type=\"widget\" data-widget_type=\"heading.default\">\n\t\t\t\t<div class=\"elementor-widget-container\">\n\t\t\t\t\t<h2 class=\"elementor-heading-title elementor-size-default\">Cump\u0103r\u0103tor de fier vechi<\/h2>\t\t\t\t<\/div>\n\t\t\t\t<\/div>\n\t\t\t\t\t<\/div>\n\t\t<\/div>\n\t\t\t\t\t<\/div>\n\t\t<\/section>\n\t\t\t\t<section class=\"elementor-section elementor-top-section elementor-element elementor-element-7b0cbea elementor-section-boxed elementor-section-height-default elementor-section-height-default\" data-id=\"7b0cbea\" data-element_type=\"section\" data-e-type=\"section\" data-settings=\"{&quot;_ha_eqh_enable&quot;:false}\">\n\t\t\t\t\t\t<div class=\"elementor-container elementor-column-gap-default\">\n\t\t\t\t\t<div class=\"elementor-column elementor-col-50 elementor-top-column elementor-element elementor-element-17387b9\" data-id=\"17387b9\" data-element_type=\"column\" data-e-type=\"column\">\n\t\t\t<div class=\"elementor-widget-wrap elementor-element-populated\">\n\t\t\t\t\t\t<div class=\"elementor-element elementor-element-e249d89 elementor-widget elementor-widget-image\" data-id=\"e249d89\" data-element_type=\"widget\" data-e-type=\"widget\" data-widget_type=\"image.default\">\n\t\t\t\t<div class=\"elementor-widget-container\">\n\t\t\t\t\t\t\t\t\t\t\t\t\t\t\t<img fetchpriority=\"high\" decoding=\"async\" width=\"800\" height=\"800\" src=\"https:\/\/simvic.co.uk\/wp-content\/uploads\/2022\/04\/Scrap-metal-collection-1-1024x1024.png\" class=\"attachment-large size-large wp-image-1533\" alt=\"Resturi de metal Londra\" srcset=\"https:\/\/simvic.co.uk\/wp-content\/uploads\/2022\/04\/Scrap-metal-collection-1-1024x1024.png 1024w, https:\/\/simvic.co.uk\/wp-content\/uploads\/2022\/04\/Scrap-metal-collection-1-300x300.png 300w, https:\/\/simvic.co.uk\/wp-content\/uploads\/2022\/04\/Scrap-metal-collection-1-150x150.png 150w, https:\/\/simvic.co.uk\/wp-content\/uploads\/2022\/04\/Scrap-metal-collection-1-768x768.png 768w, https:\/\/simvic.co.uk\/wp-content\/uploads\/2022\/04\/Scrap-metal-collection-1-12x12.png 12w, https:\/\/simvic.co.uk\/wp-content\/uploads\/2022\/04\/Scrap-metal-collection-1-595xh.png 595w, https:\/\/simvic.co.uk\/wp-content\/uploads\/2022\/04\/Scrap-metal-collection-1-125x125.png 125w, https:\/\/simvic.co.uk\/wp-content\/uploads\/2022\/04\/Scrap-metal-collection-1-640x640.png 640w, https:\/\/simvic.co.uk\/wp-content\/uploads\/2022\/04\/Scrap-metal-collection-1.png 1080w\" sizes=\"(max-width: 800px) 100vw, 800px\" title=\"\">\t\t\t\t\t\t\t\t\t\t\t\t\t\t\t<\/div>\n\t\t\t\t<\/div>\n\t\t\t\t\t<\/div>\n\t\t<\/div>\n\t\t\t\t<div class=\"elementor-column elementor-col-50 elementor-top-column elementor-element elementor-element-a72cd39\" data-id=\"a72cd39\" data-element_type=\"column\" data-e-type=\"column\">\n\t\t\t<div class=\"elementor-widget-wrap elementor-element-populated\">\n\t\t\t\t\t\t<div class=\"elementor-element elementor-element-47af52f elementor-widget elementor-widget-text-editor\" data-id=\"47af52f\" data-element_type=\"widget\" data-e-type=\"widget\" data-widget_type=\"text-editor.default\">\n\t\t\t\t<div class=\"elementor-widget-container\">\n\t\t\t\t\t\t\t\t\t<p lang=\"en-US\"><span style=\"font-family: Times New Roman, serif;\"><span style=\"font-size: medium;\"><span style=\"font-family: Calibri, serif;\">C\u0103uta\u021bi o colec\u021bie de resturi \u00een East London? Dac\u0103 da, acest articol este doar pentru tine, dar \u00eenainte de aceasta, trebuie s\u0103 \u0219tim despre fier vechi.<\/span><\/span><\/span><\/p><p lang=\"en-US\"><span style=\"font-family: Times New Roman, serif;\"><span style=\"font-size: medium;\"><span style=\"font-family: Calibri, serif;\">Deci, s\u0103 \u00eencepem, fier vechi este un amestec de de\u0219euri de metal \u0219i metal metalic. Orice produs care const\u0103 din metal este reciclat <\/span><em><span style=\"font-family: Calibri, serif;\">de exemplu<\/span><\/em><span style=\"font-family: Calibri, serif;\">. Nu conteaz\u0103 c\u0103 este vorba de piese de vehicule sau materiale de construc\u021bie. Resturile au o mare valoare monetar\u0103. Ca rezultat, fier vechi au provenit din uz comercial \u0219i reziden\u021bial. Este format din toate tipurile de metal.<\/span><\/span><\/span><\/p><p lang=\"en-US\"><span style=\"font-family: Times New Roman, serif;\"><span style=\"font-size: medium;\"><span style=\"font-family: Calibri, serif;\">Fierele vechi au o valoare de pia\u021b\u0103 considerabil\u0103. Are, de asemenea, o valoare extraordinar\u0103 a m\u0103rcii. De\u0219eurile de metal pot fi reutilizate. Mul\u021bi dintre noi nu cunosc utilizarea metalului. Acesta este motivul pentru care este aruncat. Din cauza lipsei de cuno\u0219tin\u021be despre metal, oamenii nu pot s\u0103-l refoloseasc\u0103.<\/span><\/span><\/span><\/p>\t\t\t\t\t\t\t\t<\/div>\n\t\t\t\t<\/div>\n\t\t\t\t\t<\/div>\n\t\t<\/div>\n\t\t\t\t\t<\/div>\n\t\t<\/section>\n\t\t\t\t<section class=\"elementor-section elementor-top-section elementor-element elementor-element-51061bc elementor-section-boxed elementor-section-height-default elementor-section-height-default\" data-id=\"51061bc\" data-element_type=\"section\" data-e-type=\"section\" data-settings=\"{&quot;_ha_eqh_enable&quot;:false}\">\n\t\t\t\t\t\t<div class=\"elementor-container elementor-column-gap-default\">\n\t\t\t\t\t<div class=\"elementor-column elementor-col-100 elementor-top-column elementor-element elementor-element-c689641\" data-id=\"c689641\" data-element_type=\"column\" data-e-type=\"column\">\n\t\t\t<div class=\"elementor-widget-wrap elementor-element-populated\">\n\t\t\t\t\t\t<div class=\"elementor-element elementor-element-27ee9c3 elementor-widget elementor-widget-text-editor\" data-id=\"27ee9c3\" data-element_type=\"widget\" data-e-type=\"widget\" data-widget_type=\"text-editor.default\">\n\t\t\t\t<div class=\"elementor-widget-container\">\n\t\t\t\t\t\t\t\t\t<h2 class=\"western\" lang=\"en-IN\"><b><span style=\"font-family: Calibri, serif;\">Tipuri de fier vechi?<\/span><\/b><\/h2><p lang=\"en-US\"><span style=\"font-family: Times New Roman, serif;\"><span style=\"font-size: medium;\"><b><span style=\"font-family: Calibri, serif;\">1. Metal feros \u2013<\/span><\/b><span style=\"font-family: Calibri, serif;\">\u00a0Acestea sunt de obicei magnetice. Metalele feroase sunt foarte susceptibile la coroziune. deoarece acestea sunt de unic\u0103 folosin\u021b\u0103 \u00een natur\u0103. Exemplu \u2013 Vehicule din fier, o\u021bel, vechi etc.<\/span><\/span><\/span><\/p><p lang=\"en-US\"><span style=\"font-family: Times New Roman, serif;\"><span style=\"font-size: medium;\"><b><span style=\"font-family: Calibri, serif;\">2. Metale neferoase \u2013<\/span><\/b><span style=\"font-family: Calibri, serif;\">\u00a0Acestea nu sunt de obicei magnetice. Deci sunt foarte rezistente la coroziune. Nu tot timpul; acestea sunt reutilizabile. Acesta are mai mult\u0103 greutate dec\u00e2t metalul feros. Exemplu \u2013 Aluminiu, cupru, staniu etc.<\/span><\/span><\/span><\/p><h2 class=\"western\" lang=\"en-IN\"><b><span style=\"font-family: Calibri, serif;\">Vehicule care colecteaz\u0103 de\u0219euri din estul Londrei?<\/span><\/b><\/h2><p lang=\"en-US\"><span style=\"font-family: Times New Roman, serif;\"><span style=\"font-size: medium;\"><span style=\"font-family: Calibri, serif;\">1. Roll-on-Roll-Off (RORO)<\/span><\/span><\/span><\/p><p lang=\"en-US\"><span style=\"font-family: Times New Roman, serif;\"><span style=\"font-size: medium;\"><span style=\"font-family: Calibri, serif;\">2. Ridicator \u00eenalt de basculant<\/span><\/span><\/span><\/p><p lang=\"en-US\"><span style=\"font-family: Times New Roman, serif;\"><span style=\"font-size: medium;\"><span style=\"font-family: Calibri, serif;\">3. Ampat lung pentru ro\u021bi<\/span><\/span><\/span><\/p><p lang=\"en-US\"><span style=\"font-family: Times New Roman, serif;\"><span style=\"font-size: medium;\"><span style=\"font-family: Calibri, serif;\">4. Ampat scurt \u0219i<\/span><\/span><\/span><\/p><p lang=\"en-US\"><span style=\"font-family: Times New Roman, serif;\"><span style=\"font-size: medium;\"><span style=\"font-family: Calibri, serif;\">5. Mic VW Caddy Van<\/span><\/span><\/span><\/p><h2 class=\"western\" lang=\"en-IN\"><b><span style=\"font-family: Calibri, serif;\">De ce ar trebui s\u0103 ai o firm\u0103 de colectare a metalelor?<\/span><\/b><\/h2><p lang=\"en-US\"><span style=\"font-family: Times New Roman, serif;\"><span style=\"font-size: medium;\"><span style=\"font-family: Calibri, serif;\">Ar trebui s\u0103 selecta\u021bi o companie pentru c\u0103 sunt foarte profesioni\u0219ti. Poate sc\u0103pa de fier vechi. De asemenea, poate sc\u0103pa de lingura de metal. De asemenea, poate sc\u0103pa de lingura de metal. \u0218i, pute\u021bi sc\u0103pa de fier vechi complet gratuit.<\/span><\/span><\/span><\/p><h2 class=\"western\" lang=\"en-IN\"><b><span style=\"font-family: Calibri, serif;\">O colec\u021bie de resturi din East London recicleaz\u0103 fier vechi?<\/span><\/b><\/h2><p lang=\"en-US\"><span style=\"font-family: Times New Roman, serif;\"><span style=\"font-size: medium;\"><span style=\"font-family: Calibri, serif;\">O colec\u021bie de resturi din East London recicleaz\u0103 fier vechi?<\/span><\/span><\/span><\/p><h2 class=\"western\" lang=\"en-IN\"><b><span style=\"font-family: Calibri, serif;\">Ce tip de resturi colecteaz\u0103 o companie?<\/span><\/b><\/h2><p lang=\"en-US\"><span style=\"font-family: Times New Roman, serif;\"><span style=\"font-size: medium;\"><span style=\"font-family: Calibri, serif;\">Deci, iat\u0103 o list\u0103 pe care o colecteaz\u0103-<\/span><\/span><\/span><\/p><p lang=\"en-US\"><span style=\"font-family: Times New Roman, serif;\"><span style=\"font-size: medium;\"><span style=\"font-family: Calibri, serif;\">1. De\u0219euri de ma\u0219ini<\/span><\/span><\/span><\/p><p lang=\"en-US\"><span style=\"font-family: Times New Roman, serif;\"><span style=\"font-size: medium;\"><span style=\"font-family: Calibri, serif;\">2. Piese auto second-hand<\/span><\/span><\/span><\/p><p lang=\"en-US\"><span style=\"font-family: Times New Roman, serif;\"><span style=\"font-size: medium;\"><span style=\"font-family: Calibri, serif;\">3. Metale purificate etc.<\/span><\/span><\/span><\/p><h2 class=\"western\" lang=\"en-IN\"><b><span style=\"font-family: Calibri, serif;\">Cine colecteaz\u0103 resturi?<\/span><\/b><\/h2><p lang=\"en-US\"><span style=\"font-family: Times New Roman, serif;\"><span style=\"font-size: medium;\"><span style=\"font-family: Calibri, serif;\">Pentru c\u0103 persoana care colecteaz\u0103 resturi \u00een numele unei companii este un dealer de fier vechi sau un colector de fier vechi. Deci persoana care a adus sau adun\u0103 resturi \u0219i le vinde pentru a ob\u021bine profit.<\/span><\/span><\/span><\/p><h2 class=\"western\" lang=\"en-IN\"><b><span style=\"font-family: Calibri, serif;\">Unde g\u0103sim fier vechi?<\/span><\/b><\/h2><p lang=\"en-US\"><span style=\"font-family: Times New Roman, serif;\"><span style=\"font-size: medium;\"><span style=\"font-family: Calibri, serif;\">A\u0219a c\u0103 aici vorbim despre locurile de unde putem g\u0103si colec\u021bia de resturi din estul Londrei \u2013<\/span><\/span><\/span><\/p><p lang=\"en-US\"><span style=\"font-family: Times New Roman, serif;\"><span style=\"font-size: medium;\"><span style=\"font-family: Calibri, serif;\">\u00centreprinderi mici, ateliere de repara\u021bii auto, \u0219antiere de demolare, \u00eentreprinderi de instala\u021bii sanitare \u0219i colec\u021bii reziden\u021biale. De asemenea, putem g\u0103si fier vechi \u00een pia\u021ba Facebook \u0219i \u00een alte locuri sociale.<\/span><\/span><\/span><\/p><h2 class=\"western\" lang=\"en-IN\"><b><span style=\"font-family: Calibri, serif;\">Cum beneficiaz\u0103 colectarea fierului vechi pentru mediu?<\/span><\/b><\/h2><p lang=\"en-US\"><span style=\"font-family: Times New Roman, serif;\"><span style=\"font-size: medium;\"><span style=\"font-family: Calibri, serif;\">Colectarea fierului vechi se transform\u0103 \u00een reciclare. Dar metalele nefolosite sunt colectate din locurile unde putem g\u0103si fier vechi.<\/span><\/span><\/span><\/p><p lang=\"en-US\"><span style=\"font-family: Times New Roman, serif;\"><span style=\"font-size: medium;\"><span style=\"font-family: Calibri, serif;\">\u0218tim cu to\u021bii c\u0103 aluminiul necesit\u0103 cu 95% mai pu\u021bin\u0103 energie atunci c\u00e2nd este reciclat. Producerea materiilor prime necesit\u0103 mai mult\u0103 energie. Trebuie s\u0103 recicla\u021bi de\u0219eurile de metal colectate. Deci, resturi colectate sunt adesea duse \u00eentr-o curte numit\u0103 curte de distrugere sau depozit de de\u0219euri. Tocatorul de fier vechi este folosit pentru a arunca metalul colectat \u00een estul Londrei.<\/span><\/span><\/span><\/p><p lang=\"en-US\"><span style=\"font-family: Times New Roman, serif;\"><span style=\"font-size: medium;\"><span style=\"font-family: Calibri, serif;\">Daca si tu cauti cea mai buna companie pt <\/span><span style=\"color: #0000ff;\"><u><a href=\"https:\/\/simvic.co.uk\/ro\"><span style=\"font-family: Calibri, serif;\">colectare de resturi din estul Londrei<\/span><\/a><\/u><\/span><span style=\"font-family: Calibri, serif;\">\u00a0atunci v\u0103 vom recomanda s\u0103 alege\u021bi Simvic Ltd.<\/span><\/span><\/span><\/p>\t\t\t\t\t\t\t\t<\/div>\n\t\t\t\t<\/div>\n\t\t\t\t\t<\/div>\n\t\t<\/div>\n\t\t\t\t\t<\/div>\n\t\t<\/section>\n\t\t\t\t<section class=\"elementor-section elementor-top-section elementor-element elementor-element-c3496dc elementor-section-boxed elementor-section-height-default elementor-section-height-default\" data-id=\"c3496dc\" data-element_type=\"section\" data-e-type=\"section\" data-settings=\"{&quot;_ha_eqh_enable&quot;:false}\">\n\t\t\t\t\t\t<div class=\"elementor-container elementor-column-gap-default\">\n\t\t\t\t\t<div class=\"elementor-column elementor-col-100 elementor-top-column elementor-element elementor-element-093447d\" data-id=\"093447d\" data-element_type=\"column\" data-e-type=\"column\">\n\t\t\t<div class=\"elementor-widget-wrap elementor-element-populated\">\n\t\t\t\t\t\t<div class=\"elementor-element elementor-element-5910e4f elementor-widget elementor-widget-heading\" data-id=\"5910e4f\" data-element_type=\"widget\" data-e-type=\"widget\" data-widget_type=\"heading.default\">\n\t\t\t\t<div class=\"elementor-widget-container\">\n\t\t\t\t\t<h2 class=\"elementor-heading-title elementor-size-default\">atunci v\u0103 vom recomanda s\u0103 alege\u021bi Simvic Ltd.<\/h2>\t\t\t\t<\/div>\n\t\t\t\t<\/div>\n\t\t\t\t\t<\/div>\n\t\t<\/div>\n\t\t\t\t\t<\/div>\n\t\t<\/section>\n\t\t\t\t<section class=\"elementor-section elementor-top-section elementor-element elementor-element-cf1bc80 elementor-section-boxed elementor-section-height-default elementor-section-height-default\" data-id=\"cf1bc80\" data-element_type=\"section\" data-e-type=\"section\" data-settings=\"{&quot;_ha_eqh_enable&quot;:false}\">\n\t\t\t\t\t\t<div class=\"elementor-container elementor-column-gap-default\">\n\t\t\t\t\t<div class=\"elementor-column elementor-col-50 elementor-top-column elementor-element elementor-element-6e15bd9\" data-id=\"6e15bd9\" data-element_type=\"column\" data-e-type=\"column\">\n\t\t\t<div class=\"elementor-widget-wrap elementor-element-populated\">\n\t\t\t\t\t\t<div class=\"elementor-element elementor-element-631f09a elementor-widget elementor-widget-text-editor\" data-id=\"631f09a\" data-element_type=\"widget\" data-e-type=\"widget\" data-widget_type=\"text-editor.default\">\n\t\t\t\t<div class=\"elementor-widget-container\">\n\t\t\t\t\t\t\t\t\t<p>E1 Whitechapel, Stepney, Mile End, Spitalfields, Wapping<br \/>E2 Bethnal Green, Shoreditch, Haggerston<br \/>E3 Bow, Bromley, Bow Common<br \/>E4 Chingford, Highams Park, South Chingford<br \/>E5 Clapton<br \/>E6 East Ham, Beckton<br \/>E7 Forest Gate, Upton<br \/>E8 Hackney, Dalston<br \/>E9 Hackney, Homerton, South Hackney, Victoria Park<br \/>E10 Leyton<br \/>E11 Leytonstone, Wanstead, Snaresbrook<br \/>E12 Manor Park, Aldersbrook, Little Ilford<br \/>E13 Plaistow<br \/>E14 Poplar, Millwall, Isle of Dogs, Docklands, Limehouse<br \/>E15 Stratford, West Ham<br \/>E16 Canning Town, North Woolwich, Custom House, Silvertown<br \/>E17 Walthamstow<br \/>E18 South Woodford<\/p>\t\t\t\t\t\t\t\t<\/div>\n\t\t\t\t<\/div>\n\t\t\t\t\t<\/div>\n\t\t<\/div>\n\t\t\t\t<div class=\"elementor-column elementor-col-50 elementor-top-column elementor-element elementor-element-365c352\" data-id=\"365c352\" data-element_type=\"column\" data-e-type=\"column\">\n\t\t\t<div class=\"elementor-widget-wrap elementor-element-populated\">\n\t\t\t\t\t\t<div class=\"elementor-element elementor-element-cb6e575 elementor-widget elementor-widget-google_maps\" data-id=\"cb6e575\" data-element_type=\"widget\" data-e-type=\"widget\" data-widget_type=\"google_maps.default\">\n\t\t\t\t<div class=\"elementor-widget-container\">\n\t\t\t\t\t\t\t<div class=\"elementor-custom-embed\">\n\t\t\t<iframe loading=\"lazy\"\n\t\t\t\t\tsrc=\"https:\/\/maps.google.com\/maps?q=East%20London%2C%20United%20Kingdom&#038;t=m&#038;z=11&#038;output=embed&#038;iwloc=near\"\n\t\t\t\t\ttitle=\"East London, Regatul Unit\"\n\t\t\t\t\taria-label=\"East London, Regatul Unit\"\n\t\t\t><\/iframe>\n\t\t<\/div>\n\t\t\t\t\t\t<\/div>\n\t\t\t\t<\/div>\n\t\t\t\t\t<\/div>\n\t\t<\/div>\n\t\t\t\t\t<\/div>\n\t\t<\/section>\n\t\t\t\t<section class=\"elementor-section elementor-top-section elementor-element elementor-element-4be10a7 elementor-section-boxed elementor-section-height-default elementor-section-height-default\" data-id=\"4be10a7\" data-element_type=\"section\" data-e-type=\"section\" data-settings=\"{&quot;_ha_eqh_enable&quot;:false}\">\n\t\t\t\t\t\t<div class=\"elementor-container elementor-column-gap-default\">\n\t\t\t\t\t<div class=\"elementor-column elementor-col-100 elementor-top-column elementor-element elementor-element-0f69743\" data-id=\"0f69743\" data-element_type=\"column\" data-e-type=\"column\">\n\t\t\t<div class=\"elementor-widget-wrap\">\n\t\t\t\t\t\t\t<\/div>\n\t\t<\/div>\n\t\t\t\t\t<\/div>\n\t\t<\/section>\n\t\t\t\t<section class=\"elementor-section elementor-top-section elementor-element elementor-element-5dc48a5 elementor-section-boxed elementor-section-height-default elementor-section-height-default\" data-id=\"5dc48a5\" data-element_type=\"section\" data-e-type=\"section\" data-settings=\"{&quot;_ha_eqh_enable&quot;:false}\">\n\t\t\t\t\t\t<div class=\"elementor-container elementor-column-gap-default\">\n\t\t\t\t\t<div class=\"elementor-column elementor-col-100 elementor-top-column elementor-element elementor-element-7eadb45\" data-id=\"7eadb45\" data-element_type=\"column\" data-e-type=\"column\">\n\t\t\t<div class=\"elementor-widget-wrap\">\n\t\t\t\t\t\t\t<\/div>\n\t\t<\/div>\n\t\t\t\t\t<\/div>\n\t\t<\/section>\n\t\t\t\t<\/div>","protected":false},"excerpt":{"rendered":"<p>Scrap metal buyer Are you looking for a scrap collection in East London? If yes, this article is only for you but before this, we have to know about the scrap metal. So let&#8217;s start, the Scrap Metal is a mixture of waste metal and metallic metal. Any product which consists of metal is recycled [&hellip;]<\/p>\n","protected":false},"author":8,"featured_media":4631,"parent":0,"menu_order":0,"comment_status":"closed","ping_status":"closed","template":"elementor_header_footer","meta":{"om_disable_all_campaigns":false,"inline_featured_image":false,"_monsterinsights_skip_tracking":false,"_monsterinsights_sitenote_active":false,"_monsterinsights_sitenote_note":"","_monsterinsights_sitenote_category":0,"footnotes":""},"class_list":["post-2059","page","type-page","status-publish","has-post-thumbnail","hentry"],"_links":{"self":[{"href":"https:\/\/simvic.co.uk\/ro\/wp-json\/wp\/v2\/pages\/2059","targetHints":{"allow":["GET"]}}],"collection":[{"href":"https:\/\/simvic.co.uk\/ro\/wp-json\/wp\/v2\/pages"}],"about":[{"href":"https:\/\/simvic.co.uk\/ro\/wp-json\/wp\/v2\/types\/page"}],"author":[{"embeddable":true,"href":"https:\/\/simvic.co.uk\/ro\/wp-json\/wp\/v2\/users\/8"}],"replies":[{"embeddable":true,"href":"https:\/\/simvic.co.uk\/ro\/wp-json\/wp\/v2\/comments?post=2059"}],"version-history":[{"count":0,"href":"https:\/\/simvic.co.uk\/ro\/wp-json\/wp\/v2\/pages\/2059\/revisions"}],"wp:featuredmedia":[{"embeddable":true,"href":"https:\/\/simvic.co.uk\/ro\/wp-json\/wp\/v2\/media\/4631"}],"wp:attachment":[{"href":"https:\/\/simvic.co.uk\/ro\/wp-json\/wp\/v2\/media?parent=2059"}],"curies":[{"name":"wp","href":"https:\/\/api.w.org\/{rel}","templated":true}]}}