{"id":3589,"date":"2022-07-20T10:54:04","date_gmt":"2022-07-20T10:54:04","guid":{"rendered":"https:\/\/simvic.co.uk\/scrap-metal-collection-sheerwater\/"},"modified":"2023-02-21T20:53:19","modified_gmt":"2023-02-21T20:53:19","slug":"fier-vechi-colectare-apa-pura","status":"publish","type":"page","link":"https:\/\/simvic.co.uk\/ro\/fier-vechi-colectare-apa-pura\/","title":{"rendered":"Colectarea de\u0219eurilor metalice Sheerwater"},"content":{"rendered":"<h1>Profita\u021bi de avantajul de afaceri<\/h1>\n<p>Colectarea de\u0219eurilor metalice Sheerwater - Noi, cei de la SIMVIC, suntem gata s\u0103 v\u0103 colect\u0103m gratuit metalele. Resturile de metal pot include cupru, aluminiu, alam\u0103, bronz, zinc, plumb, cabluri, o\u021bel \u0219i multe altele. \u00centre timp, cea mai bun\u0103 parte este c\u0103, suntem o companie de reciclare a de\u0219eurilor metalice care crede \u00een salvarea mediului \u00eenconjur\u0103tor.<\/p>\n<h3><strong>Colectarea metalelor este o sarcin\u0103 complicat\u0103? Deloc<\/strong><\/h3>\n<p>Atunci c\u00e2nd sim\u021bi\u021bi c\u0103 colectarea de\u0219eurilor metalice \u00een Sheerwater v-ar da b\u0103t\u0103i de cap, uita\u021bi de asta. SIMVIC v\u0103 asigur\u0103 c\u0103 va avea grij\u0103 de de\u0219eurile metalice. \u00centre timp, exper\u021bii no\u0219tri se asigur\u0103 c\u0103 vor cur\u0103\u021ba rapid zona.<\/p>\n<p align=\"justify\">Nu v\u0103 face\u021bi griji cu privire la taxele de colectare. SIMVIC v\u0103 va pl\u0103ti pentru colectarea fierului vechi. \u00cen plus, depinde de greutatea \u00eenc\u0103rc\u0103turii pe care o lu\u0103m. \u00cen plus, nu vei ajunge s\u0103 te confrun\u021bi cu b\u0103t\u0103i de cap \u00een viitor.<\/p>\n<h3><strong>Colectarea de\u0219eurilor metalice Sheerwater - Pa\u0219ii pe care \u00eei urm\u0103m<\/strong><\/h3>\n<ol style=\"color: #000000;\">\n<li>V\u0103 recomand\u0103m s\u0103 organiza\u021bi corect fierul vechi. \u00centre timp, diferite loturi de resturi ne vor face mai u\u0219or de colectat \u0219i mai rapid va fi munca.<\/li>\n<li>Odat\u0103 ce a\u021bi organizat fierul vechi conform recomand\u0103rii noastre, suna\u021bi-ne pentru \u00eendep\u0103rtarea de\u0219eurilor.<\/li>\n<li>Asigura\u021bi-v\u0103 c\u0103 ave\u021bi o carte de identitate pentru a confirma cu noi pentru a colecta fier vechi la fa\u021ba locului.<\/li>\n<li>Echipa noastr\u0103 va ajunge la tine cu echipamentul \u0219i scara modern\u0103. M\u0103sur\u0103m citirea \u00eenc\u0103rc\u0103turii metalice \u0219i v\u0103 oferim detalii precise.<\/li>\n<li>Odat\u0103 ce metalul este c\u00e2nt\u0103rit corect, \u00eencepem procesul de colectare a fier vechi. \u00centre timp, putem folosi dispozitivele necesare \u0219i chiar macarale \u00een func\u021bie de dimensiunea \u0219i cantitatea de fier vechi.<\/li>\n<li>Colectarea fierului vechi este f\u0103cut\u0103 \u0219i \u00eenc\u0103rcat\u0103 complet \u00een vehiculul nostru. Acum este timpul s\u0103 pl\u0103ti\u021bi \u00een func\u021bie de greutatea fierului vechi colectat.<\/li>\n<li>Pl\u0103tim pre\u021bul corespunz\u0103tor \u0219i lu\u0103m fier vechi pentru reciclare.<\/li>\n<\/ol>\n<h3><strong>SIMVIC ofer\u0103 servicii accesibile \u0219i eficiente<\/strong><\/h3>\n<p>\u0218tim c\u0103 ave\u021bi nevoie de un serviciu rapid, accesibil \u0219i eficient. Oferim servicii de colectare personalizate pentru a se potrivi nevoilor dumneavoastr\u0103. Eliminarea de\u0219eurilor de metal nu a fost niciodat\u0103 eficient\u0103 \u0219i f\u0103r\u0103 probleme. \u00centre timp, SIMVIC v\u0103 ofer\u0103 un serviciu de colectare \u00een aceea\u0219i zi f\u0103r\u0103 costuri suplimentare.<\/p>\n<h3><strong>Cau\u021bi pe cineva care s\u0103 colecteze fier vechi la tine?<\/strong><\/h3>\n<p><strong>V\u0103 \u00eengrijora\u021bi prea mult de costurile pe care le-a\u021bi suporta?<\/strong><\/p>\n<p align=\"justify\">V\u0103 \u00eengrijora\u021bi prea mult de costurile pe care le-a\u021bi suporta?<\/p>\n<p>Nu v\u0103 face\u021bi griji!\u00a0<a href=\"https:\/\/simvic.co.uk\/ro\">SIMVIC<\/a>\u00a0este aici pentru a oferi colectare gratuit\u0103 de fier vechi. Lucr\u0103m f\u0103r\u0103 a v\u0103 pune \u00een formalit\u0103\u021bi, iar echipa noastr\u0103 este responsabil\u0103 de colectarea fierului vechi. Mai mult, arunca\u021bi o privire asupra punctelor cheie de luat \u00een considerare despre echipa SIMVIC.<\/p>\n<ul>\n<li>Recicl\u0103m fierul vechi colectat<\/li>\n<li>Colect\u0103m fier vechi gratuit<\/li>\n<li>Suna\u021bi-ne pentru o cota\u021bie GRATUIT\u0102<\/li>\n<li>SIMVIC are peste nou\u0103 ani de experien\u021b\u0103 pe pia\u021b\u0103<\/li>\n<\/ul>\n<p>Sper\u0103m c\u0103 v-a\u021bi convins p\u00e2n\u0103 acum, nu-i a\u0219a? Da\u021bi-ne un telefon pentru a discuta detaliile colect\u0103rii de\u0219eurilor metalice Sheerwater.<\/p>\n<h3><a href=\"tel:+447763630404\">Pentru a aranja colectarea sun\u0103-ne: 0776 363 04 04<\/a><\/h3>\n<p><img fetchpriority=\"high\" decoding=\"async\" src=\"https:\/\/simvic.co.uk\/wp-content\/uploads\/2022\/04\/Scrap-metal-collection-1-768x768.png\" sizes=\"(max-width: 768px) 100vw, 768px\" srcset=\"https:\/\/simvic.co.uk\/wp-content\/uploads\/2022\/04\/Scrap-metal-collection-1-768x768.png 768w, https:\/\/simvic.co.uk\/wp-content\/uploads\/2022\/04\/Scrap-metal-collection-1-300x300.png 300w, https:\/\/simvic.co.uk\/wp-content\/uploads\/2022\/04\/Scrap-metal-collection-1-1024x1024.png 1024w, https:\/\/simvic.co.uk\/wp-content\/uploads\/2022\/04\/Scrap-metal-collection-1-150x150.png 150w, https:\/\/simvic.co.uk\/wp-content\/uploads\/2022\/04\/Scrap-metal-collection-1-125x125.png 125w, https:\/\/simvic.co.uk\/wp-content\/uploads\/2022\/04\/Scrap-metal-collection-1-640x640.png 640w, https:\/\/simvic.co.uk\/wp-content\/uploads\/2022\/04\/Scrap-metal-collection-1.png 1080w\" alt=\"Resturi de metal Londra\" width=\"768\" height=\"768\" title=\"\"><br \/>\n<a role=\"button\" href=\"https:\/\/simvic.co.uk\/ro\/a-lua-legatura\/\"><br \/>\nCota\u021bie gratuit\u0103 pentru fier vechi<br \/>\n<\/a><\/p>\n<h2 class=\"elementor-heading-title elementor-size-default\">Acoperim toate loca\u021biile din Surrey:<\/h2>\n<p><iframe style=\"border: 0;\" src=\"https:\/\/www.google.com\/maps\/embed?pb=!1m18!1m12!1m3!1d639093.2138258669!2d-1.5444222788859296!3d51.26589047574388!2m3!1f0!2f0!3f0!3m2!1i1024!2i768!4f13.1!3m3!1m2!1s0x47df555ad5122581%3A0xd55283445c034277!2sSurrey%2C%20UK!5e0!3m2!1sen!2s!4v1658314056187!5m2!1sen!2s\" width=\"600\" height=\"450\" allowfullscreen=\"allowfullscreen\"><\/iframe><\/p>","protected":false},"excerpt":{"rendered":"<p>Grab Business Advantage Scrap metal collection Sheerwater &#8211; We at SIMVIC are ready to collect your metals for free. The scrap metal can include copper, aluminium, brass, bronze, zinc, lead, cables, steel, and much more. Meanwhile, the best part is that, we are a scrap metal recycling company that believes in saving the environment. Is [&hellip;]<\/p>\n","protected":false},"author":20,"featured_media":0,"parent":0,"menu_order":0,"comment_status":"closed","ping_status":"closed","template":"","meta":{"om_disable_all_campaigns":false,"inline_featured_image":false,"_monsterinsights_skip_tracking":false,"_monsterinsights_sitenote_active":false,"_monsterinsights_sitenote_note":"","_monsterinsights_sitenote_category":0,"footnotes":""},"class_list":["post-3589","page","type-page","status-publish","hentry"],"_links":{"self":[{"href":"https:\/\/simvic.co.uk\/ro\/wp-json\/wp\/v2\/pages\/3589","targetHints":{"allow":["GET"]}}],"collection":[{"href":"https:\/\/simvic.co.uk\/ro\/wp-json\/wp\/v2\/pages"}],"about":[{"href":"https:\/\/simvic.co.uk\/ro\/wp-json\/wp\/v2\/types\/page"}],"author":[{"embeddable":true,"href":"https:\/\/simvic.co.uk\/ro\/wp-json\/wp\/v2\/users\/20"}],"replies":[{"embeddable":true,"href":"https:\/\/simvic.co.uk\/ro\/wp-json\/wp\/v2\/comments?post=3589"}],"version-history":[{"count":0,"href":"https:\/\/simvic.co.uk\/ro\/wp-json\/wp\/v2\/pages\/3589\/revisions"}],"wp:attachment":[{"href":"https:\/\/simvic.co.uk\/ro\/wp-json\/wp\/v2\/media?parent=3589"}],"curies":[{"name":"wp","href":"https:\/\/api.w.org\/{rel}","templated":true}]}}