{"id":3837,"date":"2022-09-05T10:52:38","date_gmt":"2022-09-05T10:52:38","guid":{"rendered":"https:\/\/simvic.co.uk\/?page_id=3837"},"modified":"2023-02-21T12:05:11","modified_gmt":"2023-02-21T12:05:11","slug":"resturi-de-masini-londra","status":"publish","type":"page","link":"https:\/\/simvic.co.uk\/ro\/resturi-de-masini-londra\/","title":{"rendered":"De\u0219euri de ma\u0219ini Londra"},"content":{"rendered":"<div data-elementor-type=\"wp-page\" data-elementor-id=\"3837\" class=\"elementor elementor-3837\" data-elementor-settings=\"{&quot;ha_cmc_init_switcher&quot;:&quot;no&quot;}\" data-elementor-post-type=\"page\">\n\t\t\t\t\t\t<section class=\"elementor-section elementor-top-section elementor-element elementor-element-4533638 elementor-section-boxed elementor-section-height-default elementor-section-height-default\" data-id=\"4533638\" data-element_type=\"section\" data-e-type=\"section\" data-settings=\"{&quot;_ha_eqh_enable&quot;:false}\">\n\t\t\t\t\t\t<div class=\"elementor-container elementor-column-gap-default\">\n\t\t\t\t\t<div class=\"elementor-column elementor-col-100 elementor-top-column elementor-element elementor-element-d39ab2d\" data-id=\"d39ab2d\" data-element_type=\"column\" data-e-type=\"column\">\n\t\t\t<div class=\"elementor-widget-wrap elementor-element-populated\">\n\t\t\t\t\t\t<div class=\"elementor-element elementor-element-f618f71 elementor-widget elementor-widget-spacer\" data-id=\"f618f71\" data-element_type=\"widget\" data-e-type=\"widget\" data-widget_type=\"spacer.default\">\n\t\t\t\t<div class=\"elementor-widget-container\">\n\t\t\t\t\t\t\t<div class=\"elementor-spacer\">\n\t\t\t<div class=\"elementor-spacer-inner\"><\/div>\n\t\t<\/div>\n\t\t\t\t\t\t<\/div>\n\t\t\t\t<\/div>\n\t\t\t\t\t<\/div>\n\t\t<\/div>\n\t\t\t\t\t<\/div>\n\t\t<\/section>\n\t\t\t\t<section class=\"elementor-section elementor-top-section elementor-element elementor-element-2c61078 elementor-section-boxed elementor-section-height-default elementor-section-height-default\" data-id=\"2c61078\" data-element_type=\"section\" data-e-type=\"section\" data-settings=\"{&quot;_ha_eqh_enable&quot;:false}\">\n\t\t\t\t\t\t<div class=\"elementor-container elementor-column-gap-default\">\n\t\t\t\t\t<div class=\"elementor-column elementor-col-50 elementor-top-column elementor-element elementor-element-ebd9c46\" data-id=\"ebd9c46\" data-element_type=\"column\" data-e-type=\"column\">\n\t\t\t<div class=\"elementor-widget-wrap elementor-element-populated\">\n\t\t\t\t\t\t<div class=\"elementor-element elementor-element-ca66825 elementor-widget elementor-widget-heading\" data-id=\"ca66825\" data-element_type=\"widget\" data-e-type=\"widget\" data-widget_type=\"heading.default\">\n\t\t\t\t<div class=\"elementor-widget-container\">\n\t\t\t\t\t<h1 class=\"elementor-heading-title elementor-size-default\"><b>De\u0219euri de ma\u0219ini Londra<\/b><\/h1>\t\t\t\t<\/div>\n\t\t\t\t<\/div>\n\t\t\t\t<div class=\"elementor-element elementor-element-e7a9600 elementor-widget elementor-widget-text-editor\" data-id=\"e7a9600\" data-element_type=\"widget\" data-e-type=\"widget\" data-widget_type=\"text-editor.default\">\n\t\t\t\t<div class=\"elementor-widget-container\">\n\t\t\t\t\t\t\t\t\t<p>Dac\u0103 ma\u0219ina dvs. veche nu mai este de \u00eencredere pentru a ie\u0219i la drum \u0219i v\u0103 ofer\u0103 performan\u021be slabe, trebuie s\u0103 o considera\u021bi o mizerie. Este o problem\u0103 pentru tine ce s\u0103 faci cu ma\u0219ina. Aici, v\u0103 pute\u021bi casa ma\u0219ina \u0219i ob\u021bine cele mai mari valori preferate. \u00cen acest scop, trebuie s\u0103 explora\u021bi Casa vechi din Londra pentru a ob\u021bine suficient\u0103 sum\u0103 de bani \u00een schimbul ma\u0219inii vechi prin op\u021biunea de casare.<br \/>Pentru a ob\u021bine o sum\u0103 bun\u0103 de bani, trebuie s\u0103 renun\u021ba\u021bi la unele lucruri necesare pentru ca ma\u0219ina dvs. veche s\u0103 primeasc\u0103 o valoare de casare frumoas\u0103. A\u0219adar, \u00eencerca\u021bi s\u0103 urm\u0103ri\u021bi totul, astfel \u00eenc\u00e2t s\u0103 v\u0103 pute\u021bi conecta cu u\u0219urin\u021b\u0103 cu dealer-ul de fier vechi.<\/p>\t\t\t\t\t\t\t\t<\/div>\n\t\t\t\t<\/div>\n\t\t\t\t<section class=\"elementor-section elementor-inner-section elementor-element elementor-element-c415fc4 elementor-section-boxed elementor-section-height-default elementor-section-height-default\" data-id=\"c415fc4\" data-element_type=\"section\" data-e-type=\"section\" data-settings=\"{&quot;_ha_eqh_enable&quot;:false}\">\n\t\t\t\t\t\t<div class=\"elementor-container elementor-column-gap-default\">\n\t\t\t\t\t<div class=\"elementor-column elementor-col-50 elementor-inner-column elementor-element elementor-element-7b48c92\" data-id=\"7b48c92\" data-element_type=\"column\" data-e-type=\"column\">\n\t\t\t<div class=\"elementor-widget-wrap elementor-element-populated\">\n\t\t\t\t\t\t<div class=\"elementor-element elementor-element-43bf9fd elementor-widget elementor-widget-image\" data-id=\"43bf9fd\" data-element_type=\"widget\" data-e-type=\"widget\" data-widget_type=\"image.default\">\n\t\t\t\t<div class=\"elementor-widget-container\">\n\t\t\t\t\t\t\t\t\t\t\t\t\t\t\t<img fetchpriority=\"high\" decoding=\"async\" width=\"300\" height=\"300\" src=\"https:\/\/simvic.co.uk\/wp-content\/uploads\/2022\/10\/scrap-car-300x300.png\" class=\"attachment-medium size-medium wp-image-4472\" alt=\"ma\u0219in\u0103 de fier vechi londra\" srcset=\"https:\/\/simvic.co.uk\/wp-content\/uploads\/2022\/10\/scrap-car-300x300.png 300w, https:\/\/simvic.co.uk\/wp-content\/uploads\/2022\/10\/scrap-car-1024x1024.png 1024w, https:\/\/simvic.co.uk\/wp-content\/uploads\/2022\/10\/scrap-car-150x150.png 150w, https:\/\/simvic.co.uk\/wp-content\/uploads\/2022\/10\/scrap-car-768x768.png 768w, https:\/\/simvic.co.uk\/wp-content\/uploads\/2022\/10\/scrap-car-12x12.png 12w, https:\/\/simvic.co.uk\/wp-content\/uploads\/2022\/10\/scrap-car-595xh.png 595w, https:\/\/simvic.co.uk\/wp-content\/uploads\/2022\/10\/scrap-car-125x125.png 125w, https:\/\/simvic.co.uk\/wp-content\/uploads\/2022\/10\/scrap-car-640x640.png 640w, https:\/\/simvic.co.uk\/wp-content\/uploads\/2022\/10\/scrap-car.png 1080w\" sizes=\"(max-width: 300px) 100vw, 300px\" title=\"\">\t\t\t\t\t\t\t\t\t\t\t\t\t\t\t<\/div>\n\t\t\t\t<\/div>\n\t\t\t\t\t<\/div>\n\t\t<\/div>\n\t\t\t\t<div class=\"elementor-column elementor-col-50 elementor-inner-column elementor-element elementor-element-5daff5e\" data-id=\"5daff5e\" data-element_type=\"column\" data-e-type=\"column\">\n\t\t\t<div class=\"elementor-widget-wrap elementor-element-populated\">\n\t\t\t\t\t\t<div class=\"elementor-element elementor-element-365866b elementor-widget elementor-widget-image\" data-id=\"365866b\" data-element_type=\"widget\" data-e-type=\"widget\" data-widget_type=\"image.default\">\n\t\t\t\t<div class=\"elementor-widget-container\">\n\t\t\t\t\t\t\t\t\t\t\t\t\t\t\t<img decoding=\"async\" width=\"300\" height=\"300\" src=\"https:\/\/simvic.co.uk\/wp-content\/uploads\/2022\/10\/Untitled-design-44-300x300.png\" class=\"attachment-medium size-medium wp-image-4171\" alt=\"Specialisti in spargere auto\" srcset=\"https:\/\/simvic.co.uk\/wp-content\/uploads\/2022\/10\/Untitled-design-44-300x300.png 300w, https:\/\/simvic.co.uk\/wp-content\/uploads\/2022\/10\/Untitled-design-44-1024x1024.png 1024w, https:\/\/simvic.co.uk\/wp-content\/uploads\/2022\/10\/Untitled-design-44-150x150.png 150w, https:\/\/simvic.co.uk\/wp-content\/uploads\/2022\/10\/Untitled-design-44-768x768.png 768w, https:\/\/simvic.co.uk\/wp-content\/uploads\/2022\/10\/Untitled-design-44-12x12.png 12w, https:\/\/simvic.co.uk\/wp-content\/uploads\/2022\/10\/Untitled-design-44-595xh.png 595w, https:\/\/simvic.co.uk\/wp-content\/uploads\/2022\/10\/Untitled-design-44-125x125.png 125w, https:\/\/simvic.co.uk\/wp-content\/uploads\/2022\/10\/Untitled-design-44-640x640.png 640w, https:\/\/simvic.co.uk\/wp-content\/uploads\/2022\/10\/Untitled-design-44.png 1080w\" sizes=\"(max-width: 300px) 100vw, 300px\" title=\"\">\t\t\t\t\t\t\t\t\t\t\t\t\t\t\t<\/div>\n\t\t\t\t<\/div>\n\t\t\t\t\t<\/div>\n\t\t<\/div>\n\t\t\t\t\t<\/div>\n\t\t<\/section>\n\t\t\t\t\t<\/div>\n\t\t<\/div>\n\t\t\t\t<div class=\"elementor-column elementor-col-50 elementor-top-column elementor-element elementor-element-8c6cd97\" data-id=\"8c6cd97\" data-element_type=\"column\" data-e-type=\"column\">\n\t\t\t<div class=\"elementor-widget-wrap elementor-element-populated\">\n\t\t\t\t\t\t<div class=\"elementor-element elementor-element-aa4ce45 elementor-widget elementor-widget-image\" data-id=\"aa4ce45\" data-element_type=\"widget\" data-e-type=\"widget\" data-widget_type=\"image.default\">\n\t\t\t\t<div class=\"elementor-widget-container\">\n\t\t\t\t\t\t\t\t\t\t\t\t\t\t\t<img decoding=\"async\" width=\"800\" height=\"800\" src=\"https:\/\/simvic.co.uk\/wp-content\/uploads\/2022\/09\/Untitled-design-2022-09-05T215209.548-1024x1024.png\" class=\"attachment-large size-large wp-image-3877\" alt=\"Ma\u0219in\u0103 veche pentru fier vechi\" srcset=\"https:\/\/simvic.co.uk\/wp-content\/uploads\/2022\/09\/Untitled-design-2022-09-05T215209.548-1024x1024.png 1024w, https:\/\/simvic.co.uk\/wp-content\/uploads\/2022\/09\/Untitled-design-2022-09-05T215209.548-300x300.png 300w, https:\/\/simvic.co.uk\/wp-content\/uploads\/2022\/09\/Untitled-design-2022-09-05T215209.548-150x150.png 150w, https:\/\/simvic.co.uk\/wp-content\/uploads\/2022\/09\/Untitled-design-2022-09-05T215209.548-768x768.png 768w, https:\/\/simvic.co.uk\/wp-content\/uploads\/2022\/09\/Untitled-design-2022-09-05T215209.548-12x12.png 12w, https:\/\/simvic.co.uk\/wp-content\/uploads\/2022\/09\/Untitled-design-2022-09-05T215209.548-595xh.png 595w, https:\/\/simvic.co.uk\/wp-content\/uploads\/2022\/09\/Untitled-design-2022-09-05T215209.548-125x125.png 125w, https:\/\/simvic.co.uk\/wp-content\/uploads\/2022\/09\/Untitled-design-2022-09-05T215209.548-640x640.png 640w, https:\/\/simvic.co.uk\/wp-content\/uploads\/2022\/09\/Untitled-design-2022-09-05T215209.548.png 1080w\" sizes=\"(max-width: 800px) 100vw, 800px\" title=\"\">\t\t\t\t\t\t\t\t\t\t\t\t\t\t\t<\/div>\n\t\t\t\t<\/div>\n\t\t\t\t\t<\/div>\n\t\t<\/div>\n\t\t\t\t\t<\/div>\n\t\t<\/section>\n\t\t\t\t<section class=\"elementor-section elementor-top-section elementor-element elementor-element-f09e9a7 elementor-section-boxed elementor-section-height-default elementor-section-height-default\" data-id=\"f09e9a7\" data-element_type=\"section\" data-e-type=\"section\" data-settings=\"{&quot;_ha_eqh_enable&quot;:false}\">\n\t\t\t\t\t\t<div class=\"elementor-container elementor-column-gap-default\">\n\t\t\t\t\t<div class=\"elementor-column elementor-col-50 elementor-top-column elementor-element elementor-element-74e2025\" data-id=\"74e2025\" data-element_type=\"column\" data-e-type=\"column\">\n\t\t\t<div class=\"elementor-widget-wrap elementor-element-populated\">\n\t\t\t\t\t\t<div class=\"elementor-element elementor-element-0d03cfd elementor-widget elementor-widget-image\" data-id=\"0d03cfd\" data-element_type=\"widget\" data-e-type=\"widget\" data-widget_type=\"image.default\">\n\t\t\t\t<div class=\"elementor-widget-container\">\n\t\t\t\t\t\t\t\t\t\t\t\t\t\t\t<img loading=\"lazy\" decoding=\"async\" width=\"800\" height=\"800\" src=\"https:\/\/simvic.co.uk\/wp-content\/uploads\/2022\/10\/car-scrap-1024x1024.png\" class=\"attachment-large size-large wp-image-4478\" alt=\"fier vechi auto\" srcset=\"https:\/\/simvic.co.uk\/wp-content\/uploads\/2022\/10\/car-scrap-1024x1024.png 1024w, https:\/\/simvic.co.uk\/wp-content\/uploads\/2022\/10\/car-scrap-300x300.png 300w, https:\/\/simvic.co.uk\/wp-content\/uploads\/2022\/10\/car-scrap-150x150.png 150w, https:\/\/simvic.co.uk\/wp-content\/uploads\/2022\/10\/car-scrap-768x768.png 768w, https:\/\/simvic.co.uk\/wp-content\/uploads\/2022\/10\/car-scrap-12x12.png 12w, https:\/\/simvic.co.uk\/wp-content\/uploads\/2022\/10\/car-scrap-595xh.png 595w, https:\/\/simvic.co.uk\/wp-content\/uploads\/2022\/10\/car-scrap-125x125.png 125w, https:\/\/simvic.co.uk\/wp-content\/uploads\/2022\/10\/car-scrap-640x640.png 640w, https:\/\/simvic.co.uk\/wp-content\/uploads\/2022\/10\/car-scrap.png 1080w\" sizes=\"(max-width: 800px) 100vw, 800px\" title=\"\">\t\t\t\t\t\t\t\t\t\t\t\t\t\t\t<\/div>\n\t\t\t\t<\/div>\n\t\t\t\t<section class=\"elementor-section elementor-inner-section elementor-element elementor-element-4a6da3d elementor-section-boxed elementor-section-height-default elementor-section-height-default\" data-id=\"4a6da3d\" data-element_type=\"section\" data-e-type=\"section\" data-settings=\"{&quot;_ha_eqh_enable&quot;:false}\">\n\t\t\t\t\t\t<div class=\"elementor-container elementor-column-gap-default\">\n\t\t\t\t\t<div class=\"elementor-column elementor-col-50 elementor-inner-column elementor-element elementor-element-ce373c0\" data-id=\"ce373c0\" data-element_type=\"column\" data-e-type=\"column\">\n\t\t\t<div class=\"elementor-widget-wrap elementor-element-populated\">\n\t\t\t\t\t\t<div class=\"elementor-element elementor-element-aacc122 elementor-widget elementor-widget-image\" data-id=\"aacc122\" data-element_type=\"widget\" data-e-type=\"widget\" data-widget_type=\"image.default\">\n\t\t\t\t<div class=\"elementor-widget-container\">\n\t\t\t\t\t\t\t\t\t\t\t\t\t\t\t<img loading=\"lazy\" decoding=\"async\" width=\"800\" height=\"800\" src=\"https:\/\/simvic.co.uk\/wp-content\/uploads\/2022\/09\/Untitled-design-2022-09-05T163938.854-1024x1024.png\" class=\"attachment-large size-large wp-image-3843\" alt=\"Resturi de metal Ma\u0219in\u0103 veche\" srcset=\"https:\/\/simvic.co.uk\/wp-content\/uploads\/2022\/09\/Untitled-design-2022-09-05T163938.854-1024x1024.png 1024w, https:\/\/simvic.co.uk\/wp-content\/uploads\/2022\/09\/Untitled-design-2022-09-05T163938.854-300x300.png 300w, https:\/\/simvic.co.uk\/wp-content\/uploads\/2022\/09\/Untitled-design-2022-09-05T163938.854-150x150.png 150w, https:\/\/simvic.co.uk\/wp-content\/uploads\/2022\/09\/Untitled-design-2022-09-05T163938.854-768x768.png 768w, https:\/\/simvic.co.uk\/wp-content\/uploads\/2022\/09\/Untitled-design-2022-09-05T163938.854-12x12.png 12w, https:\/\/simvic.co.uk\/wp-content\/uploads\/2022\/09\/Untitled-design-2022-09-05T163938.854-595xh.png 595w, https:\/\/simvic.co.uk\/wp-content\/uploads\/2022\/09\/Untitled-design-2022-09-05T163938.854-125x125.png 125w, https:\/\/simvic.co.uk\/wp-content\/uploads\/2022\/09\/Untitled-design-2022-09-05T163938.854-640x640.png 640w, https:\/\/simvic.co.uk\/wp-content\/uploads\/2022\/09\/Untitled-design-2022-09-05T163938.854.png 1080w\" sizes=\"(max-width: 800px) 100vw, 800px\" title=\"\">\t\t\t\t\t\t\t\t\t\t\t\t\t\t\t<\/div>\n\t\t\t\t<\/div>\n\t\t\t\t\t<\/div>\n\t\t<\/div>\n\t\t\t\t<div class=\"elementor-column elementor-col-50 elementor-inner-column elementor-element elementor-element-7a7b4cd\" data-id=\"7a7b4cd\" data-element_type=\"column\" data-e-type=\"column\">\n\t\t\t<div class=\"elementor-widget-wrap elementor-element-populated\">\n\t\t\t\t\t\t<div class=\"elementor-element elementor-element-635ee6e elementor-widget elementor-widget-image\" data-id=\"635ee6e\" data-element_type=\"widget\" data-e-type=\"widget\" data-widget_type=\"image.default\">\n\t\t\t\t<div class=\"elementor-widget-container\">\n\t\t\t\t\t\t\t\t\t\t\t\t\t\t\t<img loading=\"lazy\" decoding=\"async\" width=\"800\" height=\"800\" src=\"https:\/\/simvic.co.uk\/wp-content\/uploads\/2022\/10\/car-scrap-uk-1024x1024.png\" class=\"attachment-large size-large wp-image-4474\" alt=\"autoturisme la fier vechi londra\" srcset=\"https:\/\/simvic.co.uk\/wp-content\/uploads\/2022\/10\/car-scrap-uk-1024x1024.png 1024w, https:\/\/simvic.co.uk\/wp-content\/uploads\/2022\/10\/car-scrap-uk-300x300.png 300w, https:\/\/simvic.co.uk\/wp-content\/uploads\/2022\/10\/car-scrap-uk-150x150.png 150w, https:\/\/simvic.co.uk\/wp-content\/uploads\/2022\/10\/car-scrap-uk-768x768.png 768w, https:\/\/simvic.co.uk\/wp-content\/uploads\/2022\/10\/car-scrap-uk-12x12.png 12w, https:\/\/simvic.co.uk\/wp-content\/uploads\/2022\/10\/car-scrap-uk-595xh.png 595w, https:\/\/simvic.co.uk\/wp-content\/uploads\/2022\/10\/car-scrap-uk-125x125.png 125w, https:\/\/simvic.co.uk\/wp-content\/uploads\/2022\/10\/car-scrap-uk-640x640.png 640w, https:\/\/simvic.co.uk\/wp-content\/uploads\/2022\/10\/car-scrap-uk.png 1080w\" sizes=\"(max-width: 800px) 100vw, 800px\" title=\"\">\t\t\t\t\t\t\t\t\t\t\t\t\t\t\t<\/div>\n\t\t\t\t<\/div>\n\t\t\t\t\t<\/div>\n\t\t<\/div>\n\t\t\t\t\t<\/div>\n\t\t<\/section>\n\t\t\t\t\t<\/div>\n\t\t<\/div>\n\t\t\t\t<div class=\"elementor-column elementor-col-50 elementor-top-column elementor-element elementor-element-032fbe5\" data-id=\"032fbe5\" data-element_type=\"column\" data-e-type=\"column\">\n\t\t\t<div class=\"elementor-widget-wrap elementor-element-populated\">\n\t\t\t\t\t\t<div class=\"elementor-element elementor-element-eb8c496 elementor-widget elementor-widget-heading\" data-id=\"eb8c496\" data-element_type=\"widget\" data-e-type=\"widget\" data-widget_type=\"heading.default\">\n\t\t\t\t<div class=\"elementor-widget-container\">\n\t\t\t\t\t<h1 class=\"elementor-heading-title elementor-size-default\">Procesul de de\u0219euri de ma\u0219ini London Scratch p\u00e2n\u0103 la sf\u00e2r\u0219it\n<\/h1>\t\t\t\t<\/div>\n\t\t\t\t<\/div>\n\t\t\t\t<div class=\"elementor-element elementor-element-b2cc96a elementor-widget elementor-widget-text-editor\" data-id=\"b2cc96a\" data-element_type=\"widget\" data-e-type=\"widget\" data-widget_type=\"text-editor.default\">\n\t\t\t\t<div class=\"elementor-widget-container\">\n\t\t\t\t\t\t\t\t\t<p>Chiar dac\u0103 ma\u0219ina ta este prea veche, trebuie totu\u0219i s\u0103 o \u00eengrije\u0219ti ca pe una nou\u0103 dac\u0103 vrei s\u0103 fii pl\u0103tit o sum\u0103 bun\u0103 de bani. \u00cen acest articol, vom discuta c\u00e2teva lucruri necesare pe care ar trebui s\u0103 le adopta\u021bi pentru ca ma\u0219ina dvs. s\u0103 ob\u021bine\u021bi cele mai mari valori de casare:<\/p><ul><li><strong>P\u0103stra\u021bi ma\u0219ina \u00eengrijit\u0103 \u0219i curat\u0103 pentru a se vinde:<\/strong><br \/>Este primul pas \u00een casarea unei ma\u0219ini cu mare valoare. Asigura\u021bi-v\u0103 c\u0103 ma\u0219ina dumneavoastr\u0103 este \u00een stare bun\u0103 din interior spre exterior. Dac\u0103 ma\u0219ina dvs. este \u00een cea mai bun\u0103 stare, pute\u021bi ob\u021bine cu u\u0219urin\u021b\u0103 suma dorit\u0103.<\/li><li><strong>Ai grija de piesele auto:<br \/><\/strong>C\u00e2nd a\u021bi decis s\u0103 v\u0103 casa\u021bi ma\u0219ina veche, nu \u00eendep\u0103rta\u021bi nicio parte a ma\u0219inii. Aceast\u0103 practic\u0103 v\u0103 poate permite s\u0103 c\u00e2\u0219tiga\u021bi cei mai mul\u021bi bani \u00een schimbul ma\u0219inii dvs. vechi.<strong><br \/><\/strong><\/li><li><strong>Folose\u0219te-\u021bi tot combustibilul:<\/strong><br \/>Da, \u00eencerca\u021bi s\u0103 folosi\u021bi tot combustibilul \u00eenainte de a casa ma\u0219ina. S-ar putea s\u0103 nu-\u021bi dea nimic dac\u0103 ai l\u0103sat vreo pic\u0103tur\u0103 de combustibil \u00een rezervorul ma\u0219inii, \u00een loc s\u0103-l irose\u0219ti. P\u0103stra\u021bi pu\u021bin combustibil pentru a ajunge la depozitul de de\u0219euri.<\/li><li><strong>Compara\u021bi cu al\u021bi dealeri:<\/strong><br \/>Este pasul fundamental pentru a fi pl\u0103tit frumos, deoarece fiecare dealer are propria sa politic\u0103 de pre\u021b. A\u0219adar, trebuie s\u0103 contacta\u021bi toate cele mai apropiate depozite din localitate pentru a ob\u021bine cele mai bune oferte. \u00cen acest fel, pute\u021bi compara pre\u021bul tuturor dealerilor \u0219i pute\u021bi ob\u021bine o sum\u0103 bun\u0103 de bani.<\/li><li><strong>Fii sincer:<\/strong><br \/>\u00cencerca\u021bi s\u0103 fi\u021bi autentic \u00een procesul de casare a unei ma\u0219ini vechi. Este cel mai bun mod de a sc\u0103pa de pre\u021burile mai mici \u0219i, ar\u0103t\u00e2ndu-\u021bi loialitatea, po\u021bi s\u0103 faci un pas \u00eenainte pentru a ob\u021bine suficien\u021bi bani doriti.<\/li><\/ul>\t\t\t\t\t\t\t\t<\/div>\n\t\t\t\t<\/div>\n\t\t\t\t\t<\/div>\n\t\t<\/div>\n\t\t\t\t\t<\/div>\n\t\t<\/section>\n\t\t\t\t<section class=\"elementor-section elementor-top-section elementor-element elementor-element-5fa3282f elementor-section-boxed elementor-section-height-default elementor-section-height-default\" data-id=\"5fa3282f\" data-element_type=\"section\" data-e-type=\"section\" data-settings=\"{&quot;_ha_eqh_enable&quot;:false}\">\n\t\t\t\t\t\t<div class=\"elementor-container elementor-column-gap-default\">\n\t\t\t\t\t<div class=\"elementor-column elementor-col-100 elementor-top-column elementor-element elementor-element-3a882a34\" data-id=\"3a882a34\" data-element_type=\"column\" data-e-type=\"column\">\n\t\t\t<div class=\"elementor-widget-wrap elementor-element-populated\">\n\t\t\t\t\t\t<div class=\"elementor-element elementor-element-20bf9df elementor-widget elementor-widget-heading\" data-id=\"20bf9df\" data-element_type=\"widget\" data-e-type=\"widget\" data-widget_type=\"heading.default\">\n\t\t\t\t<div class=\"elementor-widget-container\">\n\t\t\t\t\t<h1 class=\"elementor-heading-title elementor-size-default\"><b>\u00centreb\u0103ri frecvente:<\/b><\/h1>\t\t\t\t<\/div>\n\t\t\t\t<\/div>\n\t\t\t\t<div class=\"elementor-element elementor-element-687dc71 elementor-widget elementor-widget-text-editor\" data-id=\"687dc71\" data-element_type=\"widget\" data-e-type=\"widget\" data-widget_type=\"text-editor.default\">\n\t\t\t\t<div class=\"elementor-widget-container\">\n\t\t\t\t\t\t\t\t\t<p><strong>Este necesar s\u0103 preg\u0103ti\u021bi documente legale \u00eenainte de casarea unei ma\u0219ini?<\/strong><br \/>Pentru a v\u0103 casa vechea ma\u0219in\u0103. Ai nevoie doar de dovada de identitate \u0219i nimic altceva. Aici, nu trebuie s\u0103 ata\u0219a\u021bi documente legale pentru a sc\u0103pa de ma\u0219in\u0103.<\/p><p><strong>De ce alegem Simvic pentru de\u0219eurile auto din Londra?<\/strong><br \/>Simvic este cel mai bun loc de contact cu cel mai de \u00eencredere serviciu pentru clien\u021bi \u0219i cu o experien\u021b\u0103 excelent\u0103 de r\u0103zuire. Oricine poate ob\u021bine valori mai mari ale de\u0219eurilor de ma\u0219ini, \u00eempreun\u0103 cu ospitalitate cald\u0103 \u0219i detalii relative complete, dac\u0103 ai de-a face cu noi.<\/p><ul><li><strong>9+ ani \u00een pia\u021b\u0103<\/strong><\/li><li><strong>Cele mai bune preturi<\/strong><\/li><li><strong>Casarea ma\u0219inii<\/strong><\/li><li><strong>Citeste mai mult<\/strong><\/li><li><strong>Recicl\u0103m<\/strong><\/li><\/ul><p><strong>Concluzie:<\/strong><\/p><p>Discu\u021bia de mai sus prezint\u0103 c\u00e2\u021biva pa\u0219i esen\u021biali prin care oricine poate casa o ma\u0219in\u0103 la un pre\u021b bun pentru de\u0219euri de ma\u0219ini Londra.<br \/>Pute\u021bi s\u0103 v\u0103 conecta\u021bi cu cimitirul de fier vechi simvic, deoarece oferim cele mai bune experien\u021be de tranzac\u021bionare \u0219i asigurate de sumele noastre frumoase \u00een schimbul de\u0219eurilor.<\/p>\t\t\t\t\t\t\t\t<\/div>\n\t\t\t\t<\/div>\n\t\t\t\t<div class=\"elementor-element elementor-element-8b24347 elementor-widget elementor-widget-heading\" data-id=\"8b24347\" data-element_type=\"widget\" data-e-type=\"widget\" data-widget_type=\"heading.default\">\n\t\t\t\t<div class=\"elementor-widget-container\">\n\t\t\t\t\t<h2 class=\"elementor-heading-title elementor-size-default\"><a href=\"https:\/\/en.wikipedia.org\/wiki\/Scrap\" target=\"_blank\" rel=\"noopener\">Informa\u021bii despre fier vechi<\/a><\/h2>\t\t\t\t<\/div>\n\t\t\t\t<\/div>\n\t\t\t\t<div class=\"elementor-element elementor-element-5e403e5 elementor-align-left elementor-widget elementor-widget-button\" data-id=\"5e403e5\" data-element_type=\"widget\" data-e-type=\"widget\" data-widget_type=\"button.default\">\n\t\t\t\t<div class=\"elementor-widget-container\">\n\t\t\t\t\t\t\t\t\t<div class=\"elementor-button-wrapper\">\n\t\t\t\t\t<a class=\"elementor-button elementor-button-link elementor-size-lg\" href=\"https:\/\/simvic.co.uk\/ro\/contactati-ne\/\">\n\t\t\t\t\t\t<span class=\"elementor-button-content-wrapper\">\n\t\t\t\t\t\t\t\t\t<span class=\"elementor-button-text\">Contacta\u0163i-ne<\/span>\n\t\t\t\t\t<\/span>\n\t\t\t\t\t<\/a>\n\t\t\t\t<\/div>\n\t\t\t\t\t\t\t\t<\/div>\n\t\t\t\t<\/div>\n\t\t\t\t<div class=\"elementor-element elementor-element-a1cf34d elementor-widget elementor-widget-spacer\" data-id=\"a1cf34d\" data-element_type=\"widget\" data-e-type=\"widget\" data-widget_type=\"spacer.default\">\n\t\t\t\t<div class=\"elementor-widget-container\">\n\t\t\t\t\t\t\t<div class=\"elementor-spacer\">\n\t\t\t<div class=\"elementor-spacer-inner\"><\/div>\n\t\t<\/div>\n\t\t\t\t\t\t<\/div>\n\t\t\t\t<\/div>\n\t\t\t\t\t<\/div>\n\t\t<\/div>\n\t\t\t\t\t<\/div>\n\t\t<\/section>\n\t\t\t\t<section class=\"elementor-section elementor-top-section elementor-element elementor-element-bd4394f elementor-section-boxed elementor-section-height-default elementor-section-height-default\" data-id=\"bd4394f\" data-element_type=\"section\" data-e-type=\"section\" data-settings=\"{&quot;_ha_eqh_enable&quot;:false}\">\n\t\t\t\t\t\t<div class=\"elementor-container elementor-column-gap-default\">\n\t\t\t\t\t<div class=\"elementor-column elementor-col-100 elementor-top-column elementor-element elementor-element-76b8ece\" data-id=\"76b8ece\" data-element_type=\"column\" data-e-type=\"column\">\n\t\t\t<div class=\"elementor-widget-wrap elementor-element-populated\">\n\t\t\t\t\t\t<div class=\"elementor-element elementor-element-457317e elementor-widget elementor-widget-spacer\" data-id=\"457317e\" data-element_type=\"widget\" data-e-type=\"widget\" data-widget_type=\"spacer.default\">\n\t\t\t\t<div class=\"elementor-widget-container\">\n\t\t\t\t\t\t\t<div class=\"elementor-spacer\">\n\t\t\t<div class=\"elementor-spacer-inner\"><\/div>\n\t\t<\/div>\n\t\t\t\t\t\t<\/div>\n\t\t\t\t<\/div>\n\t\t\t\t\t<\/div>\n\t\t<\/div>\n\t\t\t\t\t<\/div>\n\t\t<\/section>\n\t\t\t\t<\/div>","protected":false},"excerpt":{"rendered":"<p>Car Scrap London If your old car is no longer trustworthy to hit the road and gives you poor performance, you need to consider it a scrap. It is a matter of concern for you what to do with the car. Here, you can scrap your car and get the preferred highest values. For this [&hellip;]<\/p>\n","protected":false},"author":20,"featured_media":0,"parent":0,"menu_order":0,"comment_status":"closed","ping_status":"closed","template":"elementor_header_footer","meta":{"om_disable_all_campaigns":false,"inline_featured_image":false,"_monsterinsights_skip_tracking":false,"_monsterinsights_sitenote_active":false,"_monsterinsights_sitenote_note":"","_monsterinsights_sitenote_category":0,"footnotes":""},"class_list":["post-3837","page","type-page","status-publish","hentry"],"_links":{"self":[{"href":"https:\/\/simvic.co.uk\/ro\/wp-json\/wp\/v2\/pages\/3837","targetHints":{"allow":["GET"]}}],"collection":[{"href":"https:\/\/simvic.co.uk\/ro\/wp-json\/wp\/v2\/pages"}],"about":[{"href":"https:\/\/simvic.co.uk\/ro\/wp-json\/wp\/v2\/types\/page"}],"author":[{"embeddable":true,"href":"https:\/\/simvic.co.uk\/ro\/wp-json\/wp\/v2\/users\/20"}],"replies":[{"embeddable":true,"href":"https:\/\/simvic.co.uk\/ro\/wp-json\/wp\/v2\/comments?post=3837"}],"version-history":[{"count":0,"href":"https:\/\/simvic.co.uk\/ro\/wp-json\/wp\/v2\/pages\/3837\/revisions"}],"wp:attachment":[{"href":"https:\/\/simvic.co.uk\/ro\/wp-json\/wp\/v2\/media?parent=3837"}],"curies":[{"name":"wp","href":"https:\/\/api.w.org\/{rel}","templated":true}]}}